{"id":1528,"date":"2014-02-07T19:45:28","date_gmt":"2014-02-07T18:45:28","guid":{"rendered":"http:\/\/rosenholm.se\/?page_id=1528"},"modified":"2017-12-03T10:22:26","modified_gmt":"2017-12-03T09:22:26","slug":"attraktiva-blad","status":"publish","type":"page","link":"https:\/\/rosenholm.se\/?page_id=1528","title":{"rendered":"Attraktiva blad"},"content":{"rendered":"<p>Bladens form och storlek p\u00e5verkar i h\u00f6gsta grad vilket intryck en v\u00e4xt ger. P\u00e5 samma s\u00e4tt som man komponerar rabatter med blommor av olika form kan man skapa kompositioner d\u00e4r bladen har huvudrollen. En del perenner har s\u00e5 speciella blad att de, och inte blomningen, \u00e4r sj\u00e4lva beh\u00e5llningen.<\/p>\n<p>\u00c4ven f\u00f6r de perenner man fr\u00e4mst har f\u00f6r blomning och v\u00e4xts\u00e4tt \u00e4r bladen viktiga. F\u00f6r att den ska f\u00f6rsvara sin plats i rabatten b\u00f6r de h\u00e5lla sin fr\u00e4sch\u00f6r under hela s\u00e4songen och helst ocks\u00e5 ha en form som passar ihop med s\u00e5v\u00e4l blommor som andra blad i omgivningen.\u00a0Bladformer kan ocks\u00e5 balanseras mot blomformer p\u00e5 samma s\u00e4tt som olika blomformer kan kontrasteras mot varandra. Till exempel ger stora horisontellt utbredda blad en effektfull kontrast gentemot vertikala blomspiror.<\/p>\n<p>Perenner med stora blad \u00e4r vanliga intill vatten d\u00e4r jorden \u00e4r fuktig och vi associerar automatiskt dem med s\u00e5na milj\u00f6er. N\u00e5got man kan utnyttja f\u00f6r att skapa en k\u00e4nsla av fukt och vattenn\u00e4ra l\u00e4ge om man vill. Med stora blad, som hos parasollblad eller bronsrodgersia, infinner sig den k\u00e4nslan som p\u00e5 best\u00e4llning \u00e4ven n\u00e4r det inte finns tillstymmelse till vatten i n\u00e4rheten. Naturligtvis fungerar de lika bra f\u00f6r att f\u00f6rst\u00e4rka atmosf\u00e4ren runt riktigt vatten.<\/p>\n<p>Stora blad st\u00e5r ut fr\u00e5n omgivningen och upplevs vara n\u00e4rmare, medan sm\u00e5 blad sjunker in i bakgrunden. Det kan man anv\u00e4nda sig av f\u00f6r att f\u00f6rst\u00e4rka djupet i en rabatt. Genom att placera storbladiga v\u00e4xterna i f\u00f6rgrunden och mindre blad l\u00e4ngre bak skapas en visuell illusion av \u00f6kat djup.<\/p>\n<p>De stora bladen syns redan p\u00e5 l\u00e5ngt h\u00e5ll och fungerar som h\u00e5llpunkter f\u00f6r blicken. De \u00e4r dominanta, kan bidra till att skapa lugn och en avslappnad st\u00e4mning om de anv\u00e4nds i lagom omfattning. Sm\u00e5- eller finflikiga blad d\u00e4remot f\u00e5ngar v\u00e5r uppm\u00e4rksamhet f\u00f6rst p\u00e5 n\u00e4rmre h\u00e5ll. D\u00e4r kan de \u00e5 andra sidan vara intressanta att titta p\u00e5 en bra stund om de h\u00e5ller tillr\u00e4ckligt h\u00f6g kvalitet. Blad som varken \u00e4r sm\u00e5 eller stora utan mittemellan har de h\u00e4r egenskaperna i olika grad dels beroende p\u00e5 storlek och dels p\u00e5 om de s\u00e4tts ihop med storbladiga eller sm\u00e5bladiga v\u00e4xter.<\/p>\n<p>Att enbart anv\u00e4nda stora blad eller sm\u00e5 blad i en rabatt blir s\u00e4llan lyckat. De dominanta stora bladen kommer alla att t\u00e4vla med varandra om att f\u00e5nga v\u00e5r uppm\u00e4rksamhet och vi kommer att uppleva kompositionen som p\u00e5tr\u00e4ngande och jobbig. Med bara sm\u00e5 blad blir intrycket p\u00e5 motsvarande s\u00e4tt alldeles f\u00f6r detaljrikt och ostrukturerat.<\/p>\n<div id=\"attachment_1530\" style=\"width: 1010px\" class=\"wp-caption alignnone\"><a href=\"http:\/\/rosenholm.se\/wp-content\/uploads\/2014\/02\/D2X_6993.jpg\"><img loading=\"lazy\" decoding=\"async\" aria-describedby=\"caption-attachment-1530\" class=\"size-full wp-image-1530\" src=\"http:\/\/rosenholm.se\/wp-content\/uploads\/2014\/02\/D2X_6993.jpg\" alt=\"Rabattiris, Iris \u2019Silver Edge\u2019 som blommar bed\u00e5rande i bl\u00e5tt under juni. Irisar f\u00e5r effektfulla linj\u00e4ra blad. Vill v\u00e4xa i sol och blir ca 70 cm h\u00f6g. Mycket h\u00e4rdig. C\/c-avst\u00e5nd: 35 cm. Bl\u00e5 tr\u00e4dg\u00e5rd.\" width=\"1000\" height=\"667\" srcset=\"https:\/\/rosenholm.se\/wp-content\/uploads\/2014\/02\/D2X_6993.jpg 1000w, https:\/\/rosenholm.se\/wp-content\/uploads\/2014\/02\/D2X_6993-250x166.jpg 250w, https:\/\/rosenholm.se\/wp-content\/uploads\/2014\/02\/D2X_6993-320x213.jpg 320w, https:\/\/rosenholm.se\/wp-content\/uploads\/2014\/02\/D2X_6993-520x346.jpg 520w, https:\/\/rosenholm.se\/wp-content\/uploads\/2014\/02\/D2X_6993-250x166@2x.jpg 500w, https:\/\/rosenholm.se\/wp-content\/uploads\/2014\/02\/D2X_6993-320x213@2x.jpg 640w\" sizes=\"auto, (max-width: 1000px) 100vw, 1000px\" \/><\/a><p id=\"caption-attachment-1530\" class=\"wp-caption-text\">Rabattiris, Iris \u2019Silver Edge\u2019 som blommar bed\u00e5rande i bl\u00e5tt under juni. Irisar f\u00e5r effektfulla linj\u00e4ra blad. Vill v\u00e4xa i sol och blir ca 70 cm h\u00f6g. Mycket h\u00e4rdig. C\/c-avst\u00e5nd: 35 cm. Bl\u00e5 tr\u00e4dg\u00e5rd.<\/p><\/div>\n<p><span style=\"line-height: 1.5em;\">En del v\u00e4xter har blad som ger ett linj\u00e4rt intryck. H\u00e4r \u00e5terfinner vi till exempel alla prydnadsgr\u00e4sen, irisarna och dagliljorna. Linj\u00e4ra blad ger fin kontrast mot de flesta andra blad- och blomformer. N\u00e4r bladen huvudsakligen pekar upp\u00e5t ger de samma vertikala effekt som blomspiror. Mot l\u00e4gre v\u00e4xter med lite fluffigare blad- eller blomform blir det en effektfull kontrast mellan en distinkt- respektive l\u00f6sare form, mellan h\u00e5rt och mjukt, samtidigt som det ocks\u00e5 blir en kontrast mellan vertikalt och horisontellt.<\/span><\/p>\n<p>Linj\u00e4ra blad som faller ut \u00e5t sidorna ger ett mjukare intryck \u00e4n de uppr\u00e4ttst\u00e5ende. De kan ge ett s\u00e5v\u00e4l horisontellt som vertikalt intryck beroende p\u00e5 hur mycket bladen faller ut och i vilket sammanhang de anv\u00e4nds. Det h\u00e4r \u00e4r en bladform som g\u00f6r sig mycket bra i framkanten av en rabatt.<\/p>\n<p>N\u00e4r man skapar bladkompositioner g\u00e4ller det att balansera blad av olika form och storlek mot varandra. Stora blad mot sm\u00e5, finlemmat mot rustikt och horisontellt mot vertikalt. Det beh\u00f6vs variation f\u00f6r att intrycket ska bli bra, men det g\u00e4ller samtidigt att se till s\u00e5 att variationen inte blir s\u00e5 stor att det blir r\u00f6rigt. Att prova sig fram eller att titta p\u00e5 vad andra gjort \u00e4r b\u00e4sta l\u00f6sningen. Och vill man se vad andra gjort \u00e4r Enk\u00f6ping en guldgruva att \u00f6sa ur.<\/p>\n<div id=\"attachment_1532\" style=\"width: 1010px\" class=\"wp-caption alignnone\"><a href=\"http:\/\/rosenholm.se\/wp-content\/uploads\/2014\/02\/D2X_5711.jpg\"><img loading=\"lazy\" decoding=\"async\" aria-describedby=\"caption-attachment-1532\" class=\"size-full wp-image-1532\" src=\"http:\/\/rosenholm.se\/wp-content\/uploads\/2014\/02\/D2X_5711.jpg\" alt=\"Tr\u00e4jon, Dryopteris filix-mas 'Linearis Polydactyla'\" width=\"1000\" height=\"667\" srcset=\"https:\/\/rosenholm.se\/wp-content\/uploads\/2014\/02\/D2X_5711.jpg 1000w, https:\/\/rosenholm.se\/wp-content\/uploads\/2014\/02\/D2X_5711-250x166.jpg 250w, https:\/\/rosenholm.se\/wp-content\/uploads\/2014\/02\/D2X_5711-320x213.jpg 320w, https:\/\/rosenholm.se\/wp-content\/uploads\/2014\/02\/D2X_5711-520x346.jpg 520w, https:\/\/rosenholm.se\/wp-content\/uploads\/2014\/02\/D2X_5711-250x166@2x.jpg 500w, https:\/\/rosenholm.se\/wp-content\/uploads\/2014\/02\/D2X_5711-320x213@2x.jpg 640w\" sizes=\"auto, (max-width: 1000px) 100vw, 1000px\" \/><\/a><p id=\"caption-attachment-1532\" class=\"wp-caption-text\">Tr\u00e4jon, Dryopteris filix-mas &#8217;Linearis Polydactyla&#8217;<\/p><\/div>\n<p><span style=\"line-height: 1.5em;\">Tr\u00e4jon, <\/span><em style=\"line-height: 1.5em;\">Dryopteris filix-mas<\/em><span style=\"line-height: 1.5em;\"> &#8217;Linearis Polydactyla&#8217;, ger ett linj\u00e4rt intryck n\u00e4r de f\u00f6rst sticker upp sina bladstrutar ur marken p\u00e5 v\u00e5ren. L\u00e4ngre fram f\u00e5r de ett mera \u00f6verh\u00e4ngande v\u00e4xts\u00e4tt som ser frodigt och mjukt ut. Det h\u00e4r \u00e4r en pampig bladv\u00e4xt som ger trollskogsatmosf\u00e4r till tr\u00e4dg\u00e5rden. I h\u00f6gra kanten sticker de skira bladen fr\u00e5n en bok fram och borta vid bron \u00f6ver Enk\u00f6pings\u00e5n blommar en Magnolia i vitt flor. Tr\u00e4jon vill v\u00e4xa i fuktighetsh\u00e5llande jord i halvskugga \u2013 skugga och g\u00f6r sig v\u00e4ldigt bra intill vattenanl\u00e4ggningar. Kan efter l\u00e5ng tid p\u00e5 samma plats bli 1,5 m h\u00f6g. Sprider sig i maklig takt med utl\u00f6pare. Mycket h\u00e4rdig. C\/c-avst\u00e5nd: 50 cm. Str\u00f6mparterren.<\/span><\/p>\n<div id=\"attachment_1537\" style=\"width: 330px\" class=\"wp-caption alignright\"><a href=\"http:\/\/rosenholm.se\/wp-content\/uploads\/2014\/02\/D2X_7255.jpg\"><img loading=\"lazy\" decoding=\"async\" aria-describedby=\"caption-attachment-1537\" class=\"size-medium wp-image-1537\" src=\"http:\/\/rosenholm.se\/wp-content\/uploads\/2014\/02\/D2X_7255-320x479.jpg\" alt=\"Parasollblad, Astilboides tabularis\" width=\"320\" height=\"479\" srcset=\"https:\/\/rosenholm.se\/wp-content\/uploads\/2014\/02\/D2X_7255-320x479.jpg 320w, https:\/\/rosenholm.se\/wp-content\/uploads\/2014\/02\/D2X_7255.jpg 667w, https:\/\/rosenholm.se\/wp-content\/uploads\/2014\/02\/D2X_7255-320x479@2x.jpg 640w\" sizes=\"auto, (max-width: 320px) 100vw, 320px\" \/><\/a><p id=\"caption-attachment-1537\" class=\"wp-caption-text\">Parasollblad, Astilboides tabularis<\/p><\/div>\n<p><span style=\"line-height: 1.5em;\">Parasollblad,<em> Astilboides tabularis<\/em>, har rej\u00e4lt stora blad, tallriksrunda med tydliga nerver och s\u00e5 h\u00e4r i maj med en l\u00e4ckert ljusgr\u00f6n f\u00e4rg. Framp\u00e5 sommaren m\u00f6rknar de och kan gott och v\u00e4l n\u00e5 en diameter p\u00e5 50 cm. Ger d\u00e5 ett mycket frodigt intryck och en k\u00e4nsla av n\u00e4rheten till vatten. Vill v\u00e4xa i fuktighetsh\u00e5llande jord i halvskugga\u2013skugga, blir 100\u2013150 cm h\u00f6ga. F\u00e5r sm\u00e5, gr\u00e4ddvita blommor i plymer i juli\u2013augusti, \u00e4r halvh\u00e4rdig och ska planteras p\u00e5 c\/c-avst\u00e5ndet 75 cm. De rosa blommorna tillh\u00f6r sk\u00f6ldbr\u00e4cka, <em>Darmera peltata<\/em>, som f\u00e5r stora, rundade blad senare p\u00e5 s\u00e4songen. \u00c4nnu l\u00e4ngre bak v\u00e4xer, bronsrodgersia, <em>Rodgersia podophylla<\/em>, ocks\u00e5 med rej\u00e4la blad men r\u00f6daktiga i f\u00e4rgen tidigt p\u00e5 s\u00e4songen. Med sm\u00e5bladiga buskar och tr\u00e4d i bakgrunden, h\u00e4r i Klosterparken, f\u00f6rst\u00e4rks djupet.<\/span><\/p>\n<div id=\"attachment_1540\" style=\"width: 1010px\" class=\"wp-caption alignnone\"><a href=\"http:\/\/rosenholm.se\/wp-content\/uploads\/2014\/02\/D2X_7346.jpg\"><img loading=\"lazy\" decoding=\"async\" aria-describedby=\"caption-attachment-1540\" class=\"size-full wp-image-1540\" src=\"http:\/\/rosenholm.se\/wp-content\/uploads\/2014\/02\/D2X_7346.jpg\" alt=\"J\u00e4ttearalia, Kalopanax septemlobus\" width=\"1000\" height=\"667\" srcset=\"https:\/\/rosenholm.se\/wp-content\/uploads\/2014\/02\/D2X_7346.jpg 1000w, https:\/\/rosenholm.se\/wp-content\/uploads\/2014\/02\/D2X_7346-250x166.jpg 250w, https:\/\/rosenholm.se\/wp-content\/uploads\/2014\/02\/D2X_7346-320x213.jpg 320w, https:\/\/rosenholm.se\/wp-content\/uploads\/2014\/02\/D2X_7346-520x346.jpg 520w, https:\/\/rosenholm.se\/wp-content\/uploads\/2014\/02\/D2X_7346-250x166@2x.jpg 500w, https:\/\/rosenholm.se\/wp-content\/uploads\/2014\/02\/D2X_7346-320x213@2x.jpg 640w\" sizes=\"auto, (max-width: 1000px) 100vw, 1000px\" \/><\/a><p id=\"caption-attachment-1540\" class=\"wp-caption-text\">J\u00e4ttearalia, Kalopanax septemlobus och sk\u00f6ldb\u00e4cka, Darmera peltata<\/p><\/div>\n<p>J\u00e4ttearalia, <em>Kalopanax septemlobus<\/em>, \u00e4r ett tr\u00e4d med l\u00f6nnlika blad som kontrasterar effektfullt mot sk\u00f6ldbr\u00e4ckans,<em> Darmera peltata<\/em>, stora, runda och nerviga blad. En komposition fr\u00e5n Klosterparken i juni som h\u00e5ller m\u00e5ttet m\u00e5nga m\u00e5nader. J\u00e4ttearalia har en utmanande taggig stam som sommartid delvis d\u00f6ljs av l\u00f6ven, men kommer v\u00e4l till sin r\u00e4tt p\u00e5 vintern. Den blir 3\u20136 m h\u00f6g och g\u00e5r bra i sol\u2013halvskugga. Zon 4. Sk\u00f6ldbr\u00e4cka f\u00e5r allts\u00e5 sm\u00e5, blekrosa blommor samlade i parasollform tidigt p\u00e5 v\u00e5ren innan bladen har utvecklats. De \u00e4r snygga, men bladen \u00e4r den stora beh\u00e5llningen med sina ca 50 cm i diameter. H\u00f6jd 70\u2013100 cm. Sol\u2013halvskugga. H\u00e4rdig. C\/c-avst\u00e5nd: 40 cm.<\/p>\n<h5><a title=\"F\u00c4RG\" href=\"http:\/\/rosenholm.se\/?page_id=1905\">F\u00c4RG OCH TEXTUR<\/a><\/h5>\n","protected":false},"excerpt":{"rendered":"<p>Bladens form och storlek p\u00e5verkar i h\u00f6gsta grad vilket intryck en v\u00e4xt ger. P\u00e5 samma s\u00e4tt som man komponerar rabatter med blommor av olika form kan man skapa kompositioner d\u00e4r&hellip; <\/p>\n","protected":false},"author":1,"featured_media":0,"parent":670,"menu_order":0,"comment_status":"closed","ping_status":"closed","template":"","meta":{"footnotes":""},"class_list":["post-1528","page","type-page","status-publish","hentry"],"_links":{"self":[{"href":"https:\/\/rosenholm.se\/index.php?rest_route=\/wp\/v2\/pages\/1528","targetHints":{"allow":["GET"]}}],"collection":[{"href":"https:\/\/rosenholm.se\/index.php?rest_route=\/wp\/v2\/pages"}],"about":[{"href":"https:\/\/rosenholm.se\/index.php?rest_route=\/wp\/v2\/types\/page"}],"author":[{"embeddable":true,"href":"https:\/\/rosenholm.se\/index.php?rest_route=\/wp\/v2\/users\/1"}],"replies":[{"embeddable":true,"href":"https:\/\/rosenholm.se\/index.php?rest_route=%2Fwp%2Fv2%2Fcomments&post=1528"}],"version-history":[{"count":15,"href":"https:\/\/rosenholm.se\/index.php?rest_route=\/wp\/v2\/pages\/1528\/revisions"}],"predecessor-version":[{"id":11605,"href":"https:\/\/rosenholm.se\/index.php?rest_route=\/wp\/v2\/pages\/1528\/revisions\/11605"}],"up":[{"embeddable":true,"href":"https:\/\/rosenholm.se\/index.php?rest_route=\/wp\/v2\/pages\/670"}],"wp:attachment":[{"href":"https:\/\/rosenholm.se\/index.php?rest_route=%2Fwp%2Fv2%2Fmedia&parent=1528"}],"curies":[{"name":"wp","href":"https:\/\/api.w.org\/{rel}","templated":true}]}}