{"id":14455,"date":"2025-06-17T21:46:42","date_gmt":"2025-06-17T19:46:42","guid":{"rendered":"https:\/\/rosenholm.se\/?page_id=14455"},"modified":"2025-08-12T21:13:00","modified_gmt":"2025-08-12T19:13:00","slug":"det-lilla-extra-uterummet","status":"publish","type":"page","link":"https:\/\/rosenholm.se\/?page_id=14455","title":{"rendered":"DET LILLA EXTRA \u2013\u00a0UTERUMMET"},"content":{"rendered":"\n<p>Det \u00e4r roligt att ha n\u00e5got lite extra i sin tr\u00e4dg\u00e5rd, n\u00e5got som f\u00f6rh\u00f6jer st\u00e4mningen och sp\u00e4r p\u00e5 mysfaktorn. Det kan vara allt fr\u00e5n l\u00e4ckra arrangemang i krukor till arbetskr\u00e4vande projekt som uterum. Allt beror p\u00e5 tid, smak, lust och inte minst vad som passar in.<\/p>\n\n\n\n<figure class=\"wp-block-image size-large\"><img loading=\"lazy\" decoding=\"async\" width=\"700\" height=\"471\" src=\"https:\/\/rosenholm.se\/wp-content\/uploads\/2025\/06\/DSC_2842-700x471.jpg\" alt=\"Orangeriet hemma hos Gunilla och Tore Bremer i V\u00e4ster\u00e5s\" class=\"wp-image-14461\" srcset=\"https:\/\/rosenholm.se\/wp-content\/uploads\/2025\/06\/DSC_2842-700x471.jpg 700w, https:\/\/rosenholm.se\/wp-content\/uploads\/2025\/06\/DSC_2842-410x276.jpg 410w, https:\/\/rosenholm.se\/wp-content\/uploads\/2025\/06\/DSC_2842-390x262.jpg 390w, https:\/\/rosenholm.se\/wp-content\/uploads\/2025\/06\/DSC_2842.jpg 1024w, https:\/\/rosenholm.se\/wp-content\/uploads\/2025\/06\/DSC_2842-410x276@2x.jpg 820w, https:\/\/rosenholm.se\/wp-content\/uploads\/2025\/06\/DSC_2842-390x262@2x.jpg 780w\" sizes=\"auto, (max-width: 700px) 100vw, 700px\" \/><figcaption class=\"wp-element-caption\"><em>\u00c4r det inte s\u00e5h\u00e4r mysigt man vill ha i ett uterum, innesluten av v\u00e4xter utifr\u00e5n och inne? Orangeriet hos Gunilla och Tore Bremer i V\u00e4ster\u00e5s kan anv\u00e4ndas f\u00f6r att prata, l\u00e4sa, dricka kaffe eller ta en kort tupplur.<\/em><\/figcaption><\/figure>\n\n\n\n<p><strong>Rum mellan ute och inne<\/strong><\/p>\n\n\n\n<p>Uterum, vare sig de \u00e4r frist\u00e5ende eller byggda mot hus, \u00e4r dr\u00f6mmen f\u00f6r m\u00e5nga tr\u00e4dg\u00e5rdsentusiaster. De ger m\u00f6jlighet att b\u00e5de f\u00f6rl\u00e4nga s\u00e4songen och njuta av tr\u00e4dg\u00e5rden \u00e4ven n\u00e4r regnet \u00f6ser ner. Det finns o\u00e4ndligt m\u00e5nga s\u00e4tt att utforma uterum p\u00e5, det beror p\u00e5 vad man vill och vad som passar in. De kan vara helglasade eller byggda som en veranda med vanligt tak men med stora f\u00f6nsterytor. Man kan bygga dem sj\u00e4lv eller k\u00f6pa monteringsf\u00e4rdigt. De kan g\u00f6ras originella eller gulliga om man det vill.<\/p>\n\n\n\n<figure class=\"wp-block-image size-large\"><img loading=\"lazy\" decoding=\"async\" width=\"700\" height=\"482\" src=\"https:\/\/rosenholm.se\/wp-content\/uploads\/2025\/06\/D2X_7621-700x482.jpg\" alt=\"F\u00f6nster av riktigt glas, blandat gamla och moderna, har de f\u00e5tt tag i genom sl\u00e4ktingar.\" class=\"wp-image-14459\" srcset=\"https:\/\/rosenholm.se\/wp-content\/uploads\/2025\/06\/D2X_7621-700x482.jpg 700w, https:\/\/rosenholm.se\/wp-content\/uploads\/2025\/06\/D2X_7621-410x282.jpg 410w, https:\/\/rosenholm.se\/wp-content\/uploads\/2025\/06\/D2X_7621-390x269.jpg 390w, https:\/\/rosenholm.se\/wp-content\/uploads\/2025\/06\/D2X_7621.jpg 1024w, https:\/\/rosenholm.se\/wp-content\/uploads\/2025\/06\/D2X_7621-410x282@2x.jpg 820w, https:\/\/rosenholm.se\/wp-content\/uploads\/2025\/06\/D2X_7621-390x269@2x.jpg 780w\" sizes=\"auto, (max-width: 700px) 100vw, 700px\" \/><figcaption class=\"wp-element-caption\"><em>Charmigast blir uterummen n\u00e4r man bygger sj\u00e4lv som G\u00f6ran Persson och Astrid Pettersson i Hudiksvall gjort. Snickargl\u00e4djen p\u00e5 taket ansvarade G\u00f6ran f\u00f6r.<\/em><\/figcaption><\/figure>\n\n\n\n<p>Vanligt, speciellt i Danmark, \u00e4r att bygga uterum som en tillbyggnad utanf\u00f6r vardagsrummets f\u00f6nsterv\u00e4gg. D\u00e5 m\u00e5ste de vara helglasade f\u00f6r det inte ska bli f\u00f6r m\u00f6rkt inomhus. Uterum kan placeras vid husets gavel likv\u00e4l som l\u00e5ngsida, beroende vad som passar och vilket som \u00e4r det mest gynsamma v\u00e4derstrecket, men det \u00e4r ofta l\u00e4ttare att f\u00e5 uterum mot gaveln att sm\u00e4lta in mot huset.&nbsp;<\/p>\n\n\n\n<p>Ett annat bra alternativ som ofta rekommenderas av de som arbetar professionellt inom omr\u00e5det \u00e4r frist\u00e5ende uterum, g\u00e4rna placerade i n\u00e4rheten av tr\u00e4d eller buskage som skuggar.<\/p>\n\n\n\n<h5 class=\"wp-block-heading\">V\u00e4derstreck<\/h5>\n\n\n\n<p>Placerar man uterum direkt mot s\u00f6der kan det bli olidligt hett och kvalmigt under soliga sommardagar. D\u00e5 m\u00e5ste det skapas skydd mot solen med persienner, jalusier eller liknande, eller genom att plantera tr\u00e4d. Med ett nordligt l\u00e4ge f\u00e5r man ett j\u00e4mnare klimat under dagen men ist\u00e4llet kan det bli f\u00f6r m\u00f6rkt, speciellt p\u00e5 kv\u00e4llarna under v\u00e5r och h\u00f6st. Ett uterum med glaspartier mot v\u00e4st \u00e4r det mest idealiska om man vill ha kv\u00e4llssol, medan \u00f6ster ger morgonsol.<\/p>\n\n\n\n<figure class=\"wp-block-image size-large\"><img loading=\"lazy\" decoding=\"async\" width=\"700\" height=\"467\" src=\"https:\/\/rosenholm.se\/wp-content\/uploads\/2025\/06\/D3X_5093-700x467.jpg\" alt=\"Katrin och Erik Lundgren p\u00e5 Aln\u00f6 anv\u00e4nde det glasade uterummet som extra allrum\" class=\"wp-image-14460\" srcset=\"https:\/\/rosenholm.se\/wp-content\/uploads\/2025\/06\/D3X_5093-700x467.jpg 700w, https:\/\/rosenholm.se\/wp-content\/uploads\/2025\/06\/D3X_5093-410x273.jpg 410w, https:\/\/rosenholm.se\/wp-content\/uploads\/2025\/06\/D3X_5093-390x260.jpg 390w, https:\/\/rosenholm.se\/wp-content\/uploads\/2025\/06\/D3X_5093.jpg 1024w, https:\/\/rosenholm.se\/wp-content\/uploads\/2025\/06\/D3X_5093-410x273@2x.jpg 820w, https:\/\/rosenholm.se\/wp-content\/uploads\/2025\/06\/D3X_5093-390x260@2x.jpg 780w\" sizes=\"auto, (max-width: 700px) 100vw, 700px\" \/><figcaption class=\"wp-element-caption\"><em>Inte bara ett v\u00e4xthus. G\u00f6r som Katrin och Erik Lundgren p\u00e5 Aln\u00f6 och anv\u00e4nd det glasade uterummet som extra allrum f\u00f6r arbete, fika och, inte minst, vila. Perfekt n\u00e4r det inte \u00e4r tillr\u00e4ckligt varmt utomhus.<\/em><\/figcaption><\/figure>\n\n\n\n<p>Det brukar vara lagom att g\u00f6ra uterum 20 till 40 kvadratmeter stora, d\u00e5 f\u00e5r man plats och det blir inte lika kvalmigt varma sommardagar. Har man glas eller transparent plast till tak f\u00e5r man en stark utomhusk\u00e4nsla. Vanliga ogenomskinliga tak ger mer karakt\u00e4r av veranda, d\u00e5 \u00e4r det klokt att anv\u00e4nda samma takmaterial som p\u00e5 huset.<\/p>\n\n\n\n<p>Med en isolerad grund och tv\u00e5glasf\u00f6nster f\u00e5r man ett uterum som kan anv\u00e4ndas i stort sett hela \u00e5ret, medan de med enkelglas p\u00e5 oisolerad grund anv\u00e4nds f\u00f6r att f\u00f6rl\u00e4nga sommaren. En stor f\u00f6rdel med isolerade uterum \u00e4r att de passar f\u00f6r \u00f6vervintring av icke h\u00e4rdiga v\u00e4xter och krukv\u00e4xter som vill ha l\u00e5ga vintertemperaturer, det som brukar kallas orangeri eller vintertr\u00e4dg\u00e5rd beroende p\u00e5 hur det anv\u00e4nds.<\/p>\n\n\n\n<figure class=\"wp-block-image size-large\"><img loading=\"lazy\" decoding=\"async\" width=\"700\" height=\"465\" src=\"https:\/\/rosenholm.se\/wp-content\/uploads\/2025\/06\/D2X_5310-700x465.jpg\" alt=\"ett h\u00f6rn av Anna-Lisa och Thomas Juhlins vintertr\u00e4dg\u00e5rd i H\u00e4lsingland\" class=\"wp-image-14458\" srcset=\"https:\/\/rosenholm.se\/wp-content\/uploads\/2025\/06\/D2X_5310-700x465.jpg 700w, https:\/\/rosenholm.se\/wp-content\/uploads\/2025\/06\/D2X_5310-410x272.jpg 410w, https:\/\/rosenholm.se\/wp-content\/uploads\/2025\/06\/D2X_5310-390x259.jpg 390w, https:\/\/rosenholm.se\/wp-content\/uploads\/2025\/06\/D2X_5310.jpg 1024w, https:\/\/rosenholm.se\/wp-content\/uploads\/2025\/06\/D2X_5310-410x272@2x.jpg 820w, https:\/\/rosenholm.se\/wp-content\/uploads\/2025\/06\/D2X_5310-390x259@2x.jpg 780w\" sizes=\"auto, (max-width: 700px) 100vw, 700px\" \/><figcaption class=\"wp-element-caption\"><em>Stora \u00f6ppna uterum skapar m\u00f6jligheter. I ett h\u00f6rn av Anna-Lisa och Thomas Juhlins vintertr\u00e4dg\u00e5rd i H\u00e4lsingland st\u00e5r en v\u00e4lm\u00e5ende vindruva direkt i marken med en bronsstaty som s\u00e4llskapsdam. Vilstolen g\u00f6r det till ett bra st\u00e4lle f\u00f6r oss m\u00e4nniskor.<\/em><\/figcaption><\/figure>\n\n\n\n<p>Golvet i uterummet b\u00f6r vara t\u00e5ligt och l\u00e4tt att st\u00e4da. Klinker, marktegel, natur- eller betongsten \u00e4r utm\u00e4rkta f\u00f6r \u00e4ndam\u00e5let. Anv\u00e4nder man samma markbel\u00e4ggning som p\u00e5 uteplatsen skapas en k\u00e4nsla av att uterummet forts\u00e4tter ut i tr\u00e4dg\u00e5rden.<\/p>\n\n\n\n<p><strong>Walder\u00f6 i Uppland<\/strong><\/p>\n\n\n\n<figure class=\"wp-block-image size-large\"><img loading=\"lazy\" decoding=\"async\" width=\"700\" height=\"464\" src=\"https:\/\/rosenholm.se\/wp-content\/uploads\/2025\/06\/DSC_6785-700x464.jpg\" alt=\"Familjen Walder\u00f6s inglasade uterum i Uppland \u00e4r b\u00e5de uterum och v\u00e4xthus.\" class=\"wp-image-14463\" srcset=\"https:\/\/rosenholm.se\/wp-content\/uploads\/2025\/06\/DSC_6785-700x464.jpg 700w, https:\/\/rosenholm.se\/wp-content\/uploads\/2025\/06\/DSC_6785-410x272.jpg 410w, https:\/\/rosenholm.se\/wp-content\/uploads\/2025\/06\/DSC_6785-390x259.jpg 390w, https:\/\/rosenholm.se\/wp-content\/uploads\/2025\/06\/DSC_6785.jpg 1024w, https:\/\/rosenholm.se\/wp-content\/uploads\/2025\/06\/DSC_6785-410x272@2x.jpg 820w, https:\/\/rosenholm.se\/wp-content\/uploads\/2025\/06\/DSC_6785-390x259@2x.jpg 780w\" sizes=\"auto, (max-width: 700px) 100vw, 700px\" \/><figcaption class=\"wp-element-caption\"><em>Familjen Walder\u00f6s inglasade uterum i Uppland \u00e4r b\u00e5de uterum och v\u00e4xthus.<\/em><\/figcaption><\/figure>\n\n\n\n<p>Uterum och v\u00e4xthus \u00e4r begrepp som allt mer glider in i varandra. Familjen Walder\u00f6s inglasade uterum i Uppland \u00e4r b\u00e5da sakerna p\u00e5 samma g\u00e5ng. Riktiga klinkers som golv, snygg m\u00f6blering och all odling i krukor. I taket finns tyggardiner som enkelt kan dras f\u00f6r med hj\u00e4lp av linor n\u00e4r solen blir f\u00f6r het.&nbsp;<\/p>\n\n\n\n<p><strong>Lindvalls &amp; Svenssons uterum i nordv\u00e4stra Sk\u00e5ne<\/strong><\/p>\n\n\n\n<figure class=\"wp-block-image size-large\"><img loading=\"lazy\" decoding=\"async\" width=\"700\" height=\"394\" src=\"https:\/\/rosenholm.se\/wp-content\/uploads\/2025\/06\/DSC_3331-700x394.jpg\" alt=\"Bengt Lindvalls &amp; Lennart Svenssons uterum av verandakarakt\u00e4r\" class=\"wp-image-14462\" srcset=\"https:\/\/rosenholm.se\/wp-content\/uploads\/2025\/06\/DSC_3331-700x394.jpg 700w, https:\/\/rosenholm.se\/wp-content\/uploads\/2025\/06\/DSC_3331-410x231.jpg 410w, https:\/\/rosenholm.se\/wp-content\/uploads\/2025\/06\/DSC_3331-390x219.jpg 390w, https:\/\/rosenholm.se\/wp-content\/uploads\/2025\/06\/DSC_3331.jpg 1024w, https:\/\/rosenholm.se\/wp-content\/uploads\/2025\/06\/DSC_3331-410x231@2x.jpg 820w, https:\/\/rosenholm.se\/wp-content\/uploads\/2025\/06\/DSC_3331-390x219@2x.jpg 780w\" sizes=\"auto, (max-width: 700px) 100vw, 700px\" \/><figcaption class=\"wp-element-caption\"><em>Bengt Lindvalls &amp; Lennart Svenssons uterum av verandakarakt\u00e4r i nordv\u00e4stra Sk\u00e5ne k\u00e4nns mer som inomhus \u00e4n utomhus.<\/em><\/figcaption><\/figure>\n\n\n\n<p>I uterum av verandakarakt\u00e4r k\u00e4nns det mer som inomhus \u00e4n utomhus. Ocks\u00e5 vintertid \u00e4r det enkelt att h\u00e5lla v\u00e4rmen uppe. N\u00e4rheten till tr\u00e4dg\u00e5rden \u00e4r hela tiden p\u00e5taglig, med frodiga perenner, rosor och en pipranka <em>Aristolochia macrophylla<\/em> som svingar sig upp l\u00e4ngs knuten. Bild fr\u00e5n Bengt Lindvalls &amp; Lennart Svenssons hem i nordv\u00e4stra Sk\u00e5ne.<\/p>\n\n\n\n<p><strong>Maud och G\u00f6ran Persson utanf\u00f6r Hudiksvall.<\/strong><\/p>\n\n\n\n<figure class=\"wp-block-image size-large\"><img loading=\"lazy\" decoding=\"async\" width=\"700\" height=\"465\" src=\"https:\/\/rosenholm.se\/wp-content\/uploads\/2025\/06\/D2X_3125-700x465.jpg\" alt=\"En magisk sittplats i utkanten av Maud och G\u00f6ran Perssons tr\u00e4dg\u00e5rd utanf\u00f6r Hudiksvall\" class=\"wp-image-14457\" srcset=\"https:\/\/rosenholm.se\/wp-content\/uploads\/2025\/06\/D2X_3125-700x465.jpg 700w, https:\/\/rosenholm.se\/wp-content\/uploads\/2025\/06\/D2X_3125-410x272.jpg 410w, https:\/\/rosenholm.se\/wp-content\/uploads\/2025\/06\/D2X_3125-390x259.jpg 390w, https:\/\/rosenholm.se\/wp-content\/uploads\/2025\/06\/D2X_3125.jpg 1024w, https:\/\/rosenholm.se\/wp-content\/uploads\/2025\/06\/D2X_3125-410x272@2x.jpg 820w, https:\/\/rosenholm.se\/wp-content\/uploads\/2025\/06\/D2X_3125-390x259@2x.jpg 780w\" sizes=\"auto, (max-width: 700px) 100vw, 700px\" \/><figcaption class=\"wp-element-caption\"><em>Med glasf\u00f6nster mot tallskogssl\u00e4nten skapas en n\u00e4stan magisk k\u00e4nsla p\u00e5 sittplatsen i utkanten av Maud och G\u00f6ran Perssons tr\u00e4dg\u00e5rd utanf\u00f6r Hudiksvall. <\/em><\/figcaption><\/figure>\n\n\n\n<p>\u00c4r det en uteplats eller ett uterum? Snarast en praktiskt anv\u00e4ndbar installation. Med glasf\u00f6nster mot tallskogssl\u00e4nten skapas en n\u00e4stan magisk k\u00e4nsla p\u00e5 sittplatsen i utkanten av Maud och G\u00f6ran Perssons tr\u00e4dg\u00e5rd utanf\u00f6r Hudiksvall. P\u00e5 sensommarkv\u00e4llen g\u00f6r den h\u00f6ga luftfuktigheten glaset immigt.<\/p>\n\n\n\n<p><strong>Goda r\u00e5d f\u00f6r uterum<\/strong><\/p>\n\n\n\n<ul class=\"wp-block-list\">\n<li>Kan vara frist\u00e5ende eller tillbyggnad, det som passar b\u00e4st hos dig.<\/li>\n\n\n\n<li>Gavelplacering \u00e4r vanligen l\u00e4ttare att anpassa till hus och omgivning.<\/li>\n\n\n\n<li>V\u00e4lj mellan tak av h\u00e4rdat glas, transparent plast eller vanliga ogenomskinliga material.<\/li>\n\n\n\n<li>Studera solens g\u00e5ng och placera uterummet s\u00e5 att det passar dina behov.<\/li>\n\n\n\n<li>Runt 20 \u2013 40 kvadratmeter brukar vara lagom stort.<\/li>\n\n\n\n<li>Anl\u00e4gg ett riktigt golv av betongsten eller tegel.<\/li>\n\n\n\n<li>Anv\u00e4nd g\u00e4rna begagnade f\u00f6nster.<\/li>\n\n\n\n<li>Bygg helst med samma material som i hus och uteplatser i n\u00e4rheten.&nbsp;<\/li>\n\n\n\n<li>Skugga beh\u00f6vs n\u00e5gon del av dagen.<\/li>\n\n\n\n<li>Gamla m\u00f6bler passar utm\u00e4rkt.<\/li>\n<\/ul>\n\n\n\n<h5 class=\"wp-block-heading\"><a href=\"https:\/\/rosenholm.se\/?page_id=14545\" data-type=\"page\" data-id=\"14545\">Vatten p\u00e5 l\u00e4tt s\u00e4tt<\/a><\/h5>\n","protected":false},"excerpt":{"rendered":"<p>Det \u00e4r roligt att ha n\u00e5got lite extra i sin tr\u00e4dg\u00e5rd, n\u00e5got som f\u00f6rh\u00f6jer st\u00e4mningen och sp\u00e4r p\u00e5 mysfaktorn. Det kan vara allt fr\u00e5n l\u00e4ckra arrangemang i krukor till arbetskr\u00e4vande&hellip; <\/p>\n","protected":false},"author":1,"featured_media":0,"parent":0,"menu_order":0,"comment_status":"closed","ping_status":"closed","template":"","meta":{"footnotes":""},"class_list":["post-14455","page","type-page","status-publish","hentry"],"_links":{"self":[{"href":"https:\/\/rosenholm.se\/index.php?rest_route=\/wp\/v2\/pages\/14455","targetHints":{"allow":["GET"]}}],"collection":[{"href":"https:\/\/rosenholm.se\/index.php?rest_route=\/wp\/v2\/pages"}],"about":[{"href":"https:\/\/rosenholm.se\/index.php?rest_route=\/wp\/v2\/types\/page"}],"author":[{"embeddable":true,"href":"https:\/\/rosenholm.se\/index.php?rest_route=\/wp\/v2\/users\/1"}],"replies":[{"embeddable":true,"href":"https:\/\/rosenholm.se\/index.php?rest_route=%2Fwp%2Fv2%2Fcomments&post=14455"}],"version-history":[{"count":15,"href":"https:\/\/rosenholm.se\/index.php?rest_route=\/wp\/v2\/pages\/14455\/revisions"}],"predecessor-version":[{"id":14743,"href":"https:\/\/rosenholm.se\/index.php?rest_route=\/wp\/v2\/pages\/14455\/revisions\/14743"}],"wp:attachment":[{"href":"https:\/\/rosenholm.se\/index.php?rest_route=%2Fwp%2Fv2%2Fmedia&parent=14455"}],"curies":[{"name":"wp","href":"https:\/\/api.w.org\/{rel}","templated":true}]}}