{"id":14228,"date":"2025-05-27T22:43:47","date_gmt":"2025-05-27T20:43:47","guid":{"rendered":"https:\/\/rosenholm.se\/?page_id=14228"},"modified":"2025-06-10T17:50:30","modified_gmt":"2025-06-10T15:50:30","slug":"barnens-tradgard","status":"publish","type":"page","link":"https:\/\/rosenholm.se\/?page_id=14228","title":{"rendered":"Barnens tr\u00e4dg\u00e5rd"},"content":{"rendered":"\n<p>Barn och tr\u00e4dg\u00e5rdar, det \u00e4r tv\u00e5 saker som h\u00f6r ihop det.&nbsp;<\/p>\n\n\n\n<p>Har man plats kan de f\u00e5 en alldeles egen del att h\u00e4rja runt i. Sandl\u00e5dan \u00e4r en given favorit liksom gungor och h\u00e4ngmattor. Lekstuga hittar man i m\u00e5nga tr\u00e4dg\u00e5rdar, och p\u00e5 senare \u00e5r har studsmattan gjort sitt int\u00e5g.&nbsp;<\/p>\n\n\n\n<figure class=\"wp-block-image size-large\"><img loading=\"lazy\" decoding=\"async\" width=\"700\" height=\"394\" src=\"https:\/\/rosenholm.se\/wp-content\/uploads\/2025\/05\/D2X_2804-700x394.jpg\" alt=\"Studsmatta i den lilla id\u00e9tr\u00e4dg\u00e5rden i Appeltern i Holland\" class=\"wp-image-14235\" srcset=\"https:\/\/rosenholm.se\/wp-content\/uploads\/2025\/05\/D2X_2804-700x394.jpg 700w, https:\/\/rosenholm.se\/wp-content\/uploads\/2025\/05\/D2X_2804-410x231.jpg 410w, https:\/\/rosenholm.se\/wp-content\/uploads\/2025\/05\/D2X_2804-390x219.jpg 390w, https:\/\/rosenholm.se\/wp-content\/uploads\/2025\/05\/D2X_2804.jpg 1024w, https:\/\/rosenholm.se\/wp-content\/uploads\/2025\/05\/D2X_2804-410x231@2x.jpg 820w, https:\/\/rosenholm.se\/wp-content\/uploads\/2025\/05\/D2X_2804-390x219@2x.jpg 780w\" sizes=\"auto, (max-width: 700px) 100vw, 700px\" \/><figcaption class=\"wp-element-caption\"><em>Studsmattan i  id\u00e9tr\u00e4dg\u00e5rden i Appeltern i Holland sm\u00e4lter in i omgivande milj\u00f6n. En id\u00e9 v\u00e4l v\u00e4rd att ta efter. F\u00f6r vad g\u00f6r det om man landar i rabatten? Den \u00e4r mjukare \u00e4n gr\u00e4smattan och v\u00e4xterna, de \u00e4r sj\u00e4lvreparerande<\/em>.<\/figcaption><\/figure>\n\n\n\n<p>Men hur ser det ut runt barnens tr\u00e4dg\u00e5rd? Brukar det vara lummigt, gr\u00f6nt och inbjudande? Nja, tyv\u00e4rr inte alltf\u00f6r ofta. Det \u00e4r inte ovanligt att de \u00e4r placerade i kanten av n\u00e5gon gr\u00e4syta och saknar rumsk\u00e4nsla. Visst, man f\u00e5r bra uppsikt \u00f6ver vad barnen g\u00f6r, men lekmilj\u00f6n blir trist.&nbsp;<\/p>\n\n\n\n<figure class=\"wp-block-image size-large\"><img loading=\"lazy\" decoding=\"async\" width=\"700\" height=\"465\" src=\"https:\/\/rosenholm.se\/wp-content\/uploads\/2025\/05\/D2X_0885-700x465.jpg\" alt=\"H\u00e4ngmattor \u00e4r suver\u00e4na f\u00f6r barn och vuxna.\" class=\"wp-image-14234\" srcset=\"https:\/\/rosenholm.se\/wp-content\/uploads\/2025\/05\/D2X_0885-700x465.jpg 700w, https:\/\/rosenholm.se\/wp-content\/uploads\/2025\/05\/D2X_0885-410x272.jpg 410w, https:\/\/rosenholm.se\/wp-content\/uploads\/2025\/05\/D2X_0885-390x259.jpg 390w, https:\/\/rosenholm.se\/wp-content\/uploads\/2025\/05\/D2X_0885.jpg 1024w, https:\/\/rosenholm.se\/wp-content\/uploads\/2025\/05\/D2X_0885-410x272@2x.jpg 820w, https:\/\/rosenholm.se\/wp-content\/uploads\/2025\/05\/D2X_0885-390x259@2x.jpg 780w\" sizes=\"auto, (max-width: 700px) 100vw, 700px\" \/><figcaption class=\"wp-element-caption\"><em>H\u00e4ngmattor \u00e4r lika suver\u00e4na f\u00f6r barn och vuxna. Visst g\u00e5r de att vila i men fungerar minst lika bra f\u00f6r att gunga s\u00e5 att tr\u00e4dtopparna sv\u00e4nger. Bra rep och hyfsat mjukt underlag \u00e4r inte fel.<\/em><\/figcaption><\/figure>\n\n\n\n<p>Barnen m\u00e5r, precis som vi vuxna, b\u00e4st med skyddande buskar i ryggen och ett ombonat tak fr\u00e5n n\u00e5got krontr\u00e4d. Och varf\u00f6r inte skapa en minitr\u00e4dg\u00e5rd runt gungorna, sandl\u00e5dan eller lekstugan? Det handlar om relativt sm\u00e5 omr\u00e5den som g\u00e5r snabbt att anl\u00e4gga och \u00e4r l\u00e4tta att sk\u00f6ta. Barnen sj\u00e4lva hj\u00e4lper s\u00e4kert g\u00e4rna till. \u00c4tbara inslag som smultron, krusb\u00e4r och vinb\u00e4r brukar vara speciellt uppskattade.<\/p>\n\n\n\n<figure class=\"wp-block-image size-large\"><img loading=\"lazy\" decoding=\"async\" width=\"700\" height=\"875\" src=\"https:\/\/rosenholm.se\/wp-content\/uploads\/2025\/05\/D2X_8627-700x875.jpg\" alt=\"Prydnadspumpor \u00e4r alla olika.\" class=\"wp-image-14237\" srcset=\"https:\/\/rosenholm.se\/wp-content\/uploads\/2025\/05\/D2X_8627-700x875.jpg 700w, https:\/\/rosenholm.se\/wp-content\/uploads\/2025\/05\/D2X_8627-410x513.jpg 410w, https:\/\/rosenholm.se\/wp-content\/uploads\/2025\/05\/D2X_8627-390x488.jpg 390w, https:\/\/rosenholm.se\/wp-content\/uploads\/2025\/05\/D2X_8627.jpg 1024w, https:\/\/rosenholm.se\/wp-content\/uploads\/2025\/05\/D2X_8627-410x513@2x.jpg 820w, https:\/\/rosenholm.se\/wp-content\/uploads\/2025\/05\/D2X_8627-390x488@2x.jpg 780w\" sizes=\"auto, (max-width: 700px) 100vw, 700px\" \/><figcaption class=\"wp-element-caption\">Att<em> odla \u00e4r kul, tycker de flesta barn. Hur kan det komma sig att ett pytte fr\u00f6 nedstoppat i marken f\u00f6rvandlas till frodig planta? Man undrar sj\u00e4lv. Prydnadspumpor \u00e4r speciellt tacksamma, ser lustiga ut och kan sparas framemot v\u00e5rkanten.<\/em><\/figcaption><\/figure>\n\n\n\n<p>Och uppsikten, hur ordnar man d\u00e5 den? Ja, man kan till exempel f\u00f6rl\u00e4gga \u00f6ppningen in till barnens tr\u00e4dg\u00e5rdsrum s\u00e5 man ser dit direkt fr\u00e5n f\u00f6nstret i k\u00f6ket. D\u00e5 f\u00e5r man en glimt av vad som \u00e4r p\u00e5 g\u00e5ng \u00e4ven om inte allt syns. Med d\u00f6rren eller f\u00f6nstret \u00f6ppet kan man dessutom h\u00f6ra en del av vad som p\u00e5g\u00e5r, precis som inomhus n\u00e4r barnen leker i ett annat rum.<\/p>\n\n\n\n<p>\u00c4r barnen riktigt sm\u00e5 kan det vara id\u00e9 att l\u00e4gga en sandl\u00e5da f\u00f6r de minsta alldeles intill de vuxnas sittplats. Man kan redan fr\u00e5n b\u00f6rjan planera vad sandl\u00e5deplatsen ska anv\u00e4nda till n\u00e4r barnen vuxit p\u00e5 sig; n\u00e5got enklare \u00e4n att anl\u00e4gga en rabatt d\u00e4r det f\u00f6rut varit sandl\u00e5da finns knappast.&nbsp;<\/p>\n\n\n\n<figure class=\"wp-block-image size-large\"><img loading=\"lazy\" decoding=\"async\" width=\"700\" height=\"465\" src=\"https:\/\/rosenholm.se\/wp-content\/uploads\/2025\/05\/D2X_6055-700x465.jpg\" alt=\"L\u00e4cker sandl\u00e5da i r\u00f6tt fr\u00e5n Mien Ruys tr\u00e4dg\u00e5rdar i Holland\" class=\"wp-image-14236\" srcset=\"https:\/\/rosenholm.se\/wp-content\/uploads\/2025\/05\/D2X_6055-700x465.jpg 700w, https:\/\/rosenholm.se\/wp-content\/uploads\/2025\/05\/D2X_6055-410x272.jpg 410w, https:\/\/rosenholm.se\/wp-content\/uploads\/2025\/05\/D2X_6055-390x259.jpg 390w, https:\/\/rosenholm.se\/wp-content\/uploads\/2025\/05\/D2X_6055.jpg 1024w, https:\/\/rosenholm.se\/wp-content\/uploads\/2025\/05\/D2X_6055-410x272@2x.jpg 820w, https:\/\/rosenholm.se\/wp-content\/uploads\/2025\/05\/D2X_6055-390x259@2x.jpg 780w\" sizes=\"auto, (max-width: 700px) 100vw, 700px\" \/><figcaption class=\"wp-element-caption\"><em>L\u00e4cker sandl\u00e5da i r\u00f6tt fr\u00e5n Mien Ruys tr\u00e4dg\u00e5rdar i Holland.<\/em><\/figcaption><\/figure>\n\n\n\n<p>Den l\u00e4ckra sandl\u00e5dan i r\u00f6tt \u00e4r en del av det lilla tr\u00e4dg\u00e5rdsrummets helhet, och har inte sl\u00e4ngts ut p\u00e5 m\u00e5f\u00e5. Sandl\u00e5dans r\u00f6da f\u00e4rg f\u00e5ngas effektfullt i blommorna och p\u00e5 stolarnas sittdynor. De diagonala linjerna \u00e4r effektivt utnyttjade f\u00f6r att tr\u00e4dg\u00e5rdsrummet ska k\u00e4nnas st\u00f6rre. Bilden \u00e4r fr\u00e5n Mien Ruys tr\u00e4dg\u00e5rdar i Holland.&nbsp;<\/p>\n\n\n\n<figure class=\"wp-block-image size-large\"><img loading=\"lazy\" decoding=\"async\" width=\"700\" height=\"525\" src=\"https:\/\/rosenholm.se\/wp-content\/uploads\/2025\/05\/D3R_8634-700x525.jpg\" alt=\"en lekstuga p\u00e5 pelare med stegar, h\u00e4ngmattor och krypin\" class=\"wp-image-14238\" srcset=\"https:\/\/rosenholm.se\/wp-content\/uploads\/2025\/05\/D3R_8634-700x525.jpg 700w, https:\/\/rosenholm.se\/wp-content\/uploads\/2025\/05\/D3R_8634-410x308.jpg 410w, https:\/\/rosenholm.se\/wp-content\/uploads\/2025\/05\/D3R_8634-390x293.jpg 390w, https:\/\/rosenholm.se\/wp-content\/uploads\/2025\/05\/D3R_8634.jpg 1024w, https:\/\/rosenholm.se\/wp-content\/uploads\/2025\/05\/D3R_8634-410x308@2x.jpg 820w, https:\/\/rosenholm.se\/wp-content\/uploads\/2025\/05\/D3R_8634-390x293@2x.jpg 780w\" sizes=\"auto, (max-width: 700px) 100vw, 700px\" \/><figcaption class=\"wp-element-caption\"><em>Henry Karlsson i Njurunda byggde en lekstuga p\u00e5 pelare \u00e5t barnbarnen, med stegar, h\u00e4ngmattor och krypin.<\/em><\/figcaption><\/figure>\n\n\n\n<p>Roligare \u00e4n s\u00e5 h\u00e4r kan det knappast bli, eller hur? N\u00e4r Henry Karlsson, som ansvarat f\u00f6r utformningen av Mj\u00f6sunds v\u00e4lk\u00e4nda och mycket vackra kyrkog\u00e5rd i Medelpad, fick tag i en j\u00e4ttel\u00e5ng rutschkana byggde han en lekstuga p\u00e5 pelare \u00e5t barnbarnen, med stegar, h\u00e4ngmattor och krypin. Som vuxen riktigt l\u00e4ngtar man efter att vara mindre igen f\u00f6r att kunna kl\u00e4ttra, krypa och rutscha.<\/p>\n\n\n\n<figure class=\"wp-block-image size-large\"><img loading=\"lazy\" decoding=\"async\" width=\"700\" height=\"933\" src=\"https:\/\/rosenholm.se\/wp-content\/uploads\/2025\/05\/D2X_0262-700x933.jpg\" alt=\"Hopptr\u00e4dg\u00e5rd i Wickham Lodge i Kent.\" class=\"wp-image-14233\" srcset=\"https:\/\/rosenholm.se\/wp-content\/uploads\/2025\/05\/D2X_0262-700x933.jpg 700w, https:\/\/rosenholm.se\/wp-content\/uploads\/2025\/05\/D2X_0262-410x547.jpg 410w, https:\/\/rosenholm.se\/wp-content\/uploads\/2025\/05\/D2X_0262-390x520.jpg 390w, https:\/\/rosenholm.se\/wp-content\/uploads\/2025\/05\/D2X_0262.jpg 1024w, https:\/\/rosenholm.se\/wp-content\/uploads\/2025\/05\/D2X_0262-410x547@2x.jpg 820w, https:\/\/rosenholm.se\/wp-content\/uploads\/2025\/05\/D2X_0262-390x520@2x.jpg 780w\" sizes=\"auto, (max-width: 700px) 100vw, 700px\" \/><figcaption class=\"wp-element-caption\"><em>Hoppa- och studsatr\u00e4dg\u00e5rd i Wickham Lodge i Kent.<\/em><\/figcaption><\/figure>\n\n\n\n<p>En hoppa- och studsatr\u00e4dg\u00e5rd har Cherith Bourne som driver Wickham Lodge i engelska Kent byggt, n\u00e5got som de flesta barn uppskattar. Dessutom pryder den verkligen sin plats, liksom de flesta fantasifulla lekmilj\u00f6er.<\/p>\n\n\n\n<figure class=\"wp-block-image size-large\"><img loading=\"lazy\" decoding=\"async\" width=\"700\" height=\"465\" src=\"https:\/\/rosenholm.se\/wp-content\/uploads\/2025\/05\/D2X_4503-700x465.jpg\" alt=\"Ett av de mest uppskattade inslagen i en tr\u00e4dg\u00e5rd \u00e4r bigarr\u00e5er\" class=\"wp-image-14244\" srcset=\"https:\/\/rosenholm.se\/wp-content\/uploads\/2025\/05\/D2X_4503-700x465.jpg 700w, https:\/\/rosenholm.se\/wp-content\/uploads\/2025\/05\/D2X_4503-410x272.jpg 410w, https:\/\/rosenholm.se\/wp-content\/uploads\/2025\/05\/D2X_4503-390x259.jpg 390w, https:\/\/rosenholm.se\/wp-content\/uploads\/2025\/05\/D2X_4503.jpg 1024w, https:\/\/rosenholm.se\/wp-content\/uploads\/2025\/05\/D2X_4503-410x272@2x.jpg 820w, https:\/\/rosenholm.se\/wp-content\/uploads\/2025\/05\/D2X_4503-390x259@2x.jpg 780w\" sizes=\"auto, (max-width: 700px) 100vw, 700px\" \/><figcaption class=\"wp-element-caption\"><em>Ett av de mest uppskattade inslagen i en tr\u00e4dg\u00e5rd \u00e4r bigarr\u00e5er.<\/em><\/figcaption><\/figure>\n\n\n\n<p>Ett av de mest uppskattade inslagen man kan ha i en tr\u00e4dg\u00e5rd \u00e4r bigarr\u00e5er. P\u00e5 ett av v\u00e5ra egna tr\u00e4d, en gammal sort med det fullst\u00e4ndiga namnet &#8217;B\u00fcttners Sp\u00e4te Rote Knorpelkirsche&#8217;, f\u00e5r vi \u00e5rligen en till tv\u00e5 fulla hinkar under en treveckorsperiod i juli. P\u00e5 en dag kan ett par\u2013tre liter k\u00f6rsb\u00e4r f\u00f6rsvinna ner i magarna, som i ett nafs.<\/p>\n\n\n\n<h5 class=\"wp-block-heading\"><strong>En barnanpassad tr\u00e4dg\u00e5rd<\/strong><\/h5>\n\n\n\n<p>Hur vet man om en tr\u00e4dg\u00e5rd \u00e4r trevlig att vara i? Barn gillar den, s\u00e5 enkelt \u00e4r det. Barnens egna platser \u00e4r viktiga, men \u00e4nnu b\u00e4ttre \u00e4r det om hela tr\u00e4dg\u00e5rden passar dem. Hur \u00e5stadkommer man det?<\/p>\n\n\n\n<ul class=\"wp-block-list\">\n<li>Skapa mysiga vr\u00e5r och hemliga g\u00f6mst\u00e4llen, i en tr\u00e4dg\u00e5rd ska det g\u00e5 att leka kurrag\u00f6mma. Det g\u00f6r man genom att plantera tr\u00e4d och buskar och bilda tr\u00e4dg\u00e5rdsrum.<\/li>\n\n\n\n<li>Plantera det som \u00e4r gott att \u00e4ta: \u00e4pplen, p\u00e4ron, k\u00f6rsb\u00e4r, vinb\u00e4r, krusb\u00e4r, vindruvor, jordgubbar, smultron, hallon. Satsa p\u00e5 rubbet om det finns plats. Vuxna och barn blir lika glada.<\/li>\n\n\n\n<li>Odla med barnen. Plantera s\u00e5nt som de gillar och se det v\u00e4xa. Dubbelt s\u00e5 roligt som att p\u00e5ta i ensamhet.<\/li>\n\n\n\n<li>G\u00f6r ett tr\u00e4dg\u00e5rdens lekrum med sandl\u00e5da, gungor, lekstuga och kanske studsmatta, beroende p\u00e5 hur mycket plats som finns. B\u00e4dda in det s\u00e5 att det blir trivsamt, kanske med egen minitr\u00e4dg\u00e5rd. L\u00e4mna en \u00f6ppning att h\u00e5lla koll genom.<\/li>\n\n\n\n<li>Placera en sandl\u00e5da bredvid uteplatsen medan barnen \u00e4r som allra minst.<\/li>\n\n\n\n<li>Skaffa h\u00e4ngmatta om det finns n\u00e5gonstans att h\u00e4nga upp den. Trodde du att du skulle f\u00e5 ha den f\u00f6r dig sj\u00e4lv. Gl\u00f6m det, barnen anv\u00e4nder den snart som gunga.<\/li>\n<\/ul>\n\n\n\n<h5 class=\"wp-block-heading\"><strong><a href=\"https:\/\/rosenholm.se\/?page_id=14371\" data-type=\"page\" data-id=\"14371\">SKAPA VACKRA RABATTER<\/a><\/strong><\/h5>\n","protected":false},"excerpt":{"rendered":"<p>Barn och tr\u00e4dg\u00e5rdar, det \u00e4r tv\u00e5 saker som h\u00f6r ihop det.&nbsp; Har man plats kan de f\u00e5 en alldeles egen del att h\u00e4rja runt i. Sandl\u00e5dan \u00e4r en given favorit&hellip; <\/p>\n","protected":false},"author":1,"featured_media":0,"parent":0,"menu_order":0,"comment_status":"closed","ping_status":"closed","template":"","meta":{"footnotes":""},"class_list":["post-14228","page","type-page","status-publish","hentry"],"_links":{"self":[{"href":"https:\/\/rosenholm.se\/index.php?rest_route=\/wp\/v2\/pages\/14228","targetHints":{"allow":["GET"]}}],"collection":[{"href":"https:\/\/rosenholm.se\/index.php?rest_route=\/wp\/v2\/pages"}],"about":[{"href":"https:\/\/rosenholm.se\/index.php?rest_route=\/wp\/v2\/types\/page"}],"author":[{"embeddable":true,"href":"https:\/\/rosenholm.se\/index.php?rest_route=\/wp\/v2\/users\/1"}],"replies":[{"embeddable":true,"href":"https:\/\/rosenholm.se\/index.php?rest_route=%2Fwp%2Fv2%2Fcomments&post=14228"}],"version-history":[{"count":22,"href":"https:\/\/rosenholm.se\/index.php?rest_route=\/wp\/v2\/pages\/14228\/revisions"}],"predecessor-version":[{"id":14385,"href":"https:\/\/rosenholm.se\/index.php?rest_route=\/wp\/v2\/pages\/14228\/revisions\/14385"}],"wp:attachment":[{"href":"https:\/\/rosenholm.se\/index.php?rest_route=%2Fwp%2Fv2%2Fmedia&parent=14228"}],"curies":[{"name":"wp","href":"https:\/\/api.w.org\/{rel}","templated":true}]}}