{"id":14124,"date":"2025-05-18T09:48:18","date_gmt":"2025-05-18T07:48:18","guid":{"rendered":"https:\/\/rosenholm.se\/?page_id=14124"},"modified":"2025-05-27T22:46:51","modified_gmt":"2025-05-27T20:46:51","slug":"uteplatsens-utformning","status":"publish","type":"page","link":"https:\/\/rosenholm.se\/?page_id=14124","title":{"rendered":"Uteplatsens utformning"},"content":{"rendered":"\n<p>Uteplatsen \u00e4r den mest omtyckta delen av tr\u00e4dg\u00e5rden, en plats f\u00f6r avkoppling och umg\u00e4nge. H\u00e4r lapar man sol lata, sk\u00f6na dagar och bjuder v\u00e4nnerna p\u00e5 grillat ljumma sommarkv\u00e4llar. Helst vill man vara ost\u00f6rd och privat h\u00e4r. En prunkande och insynsskyddad oas. Hur g\u00f6r man d\u00e5 f\u00f6r att f\u00e5 till det?<\/p>\n\n\n\n<p>Ja, det f\u00f6rsta \u00e4r att v\u00e4lja en bra placering. En uteplats i n\u00e4ra anslutning till n\u00e5gon av ytterd\u00f6rrarna \u00e4r n\u00e4stan sj\u00e4lvskriven, en praktisk l\u00f6sning som ocks\u00e5 skapar god kontakt mellan inne och ute. N\u00e4rhet mellan k\u00f6k och uteplats \u00e4r ett extra plus som g\u00f6r det enkelt att \u00e4ta utomhus.&nbsp;<\/p>\n\n\n\n<figure class=\"wp-block-image size-large\"><img loading=\"lazy\" decoding=\"async\" width=\"700\" height=\"465\" src=\"https:\/\/rosenholm.se\/wp-content\/uploads\/2025\/05\/D2X_5921-700x465.jpg\" alt=\"En fyrkantig matplats med segelduk till tak och grus till golv\" class=\"wp-image-14186\" srcset=\"https:\/\/rosenholm.se\/wp-content\/uploads\/2025\/05\/D2X_5921-700x465.jpg 700w, https:\/\/rosenholm.se\/wp-content\/uploads\/2025\/05\/D2X_5921-410x272.jpg 410w, https:\/\/rosenholm.se\/wp-content\/uploads\/2025\/05\/D2X_5921-390x259.jpg 390w, https:\/\/rosenholm.se\/wp-content\/uploads\/2025\/05\/D2X_5921.jpg 1024w, https:\/\/rosenholm.se\/wp-content\/uploads\/2025\/05\/D2X_5921-410x272@2x.jpg 820w, https:\/\/rosenholm.se\/wp-content\/uploads\/2025\/05\/D2X_5921-390x259@2x.jpg 780w\" sizes=\"auto, (max-width: 700px) 100vw, 700px\" \/><figcaption class=\"wp-element-caption\"><em>En fyrkantig matplats med segelduk till tak och grus till golv alldeles invid Gunilla Bremers hus i V\u00e4ster\u00e5s. Skyddat, mysigt, n\u00e4ra till uterum och k\u00f6k, och med god sikt \u00f6ver de som kommer f\u00f6r att h\u00e4lsa p\u00e5<\/em><\/figcaption><\/figure>\n\n\n\n<p>Ett par olika uteplatser p\u00e5 varsin sida om huset g\u00f6r att man f\u00e5r del av b\u00e5de morgon- och kv\u00e4llssol. Studera var solen faller vid olika tider p\u00e5 dygnet och ta h\u00e4nsyn till det vid placeringen. En uteplats kan naturligtvis ocks\u00e5 ligga ute i tr\u00e4dg\u00e5rden. \u00c4r det b\u00e4sta platsen, kanske med mer kv\u00e4llssol, kan det uppv\u00e4ga att det blir l\u00e4ngre att g\u00e5 n\u00e4r m\u00e5ltider ska dukas fram.&nbsp;<\/p>\n\n\n\n<h5 class=\"wp-block-heading\">Dubbelt insynsskydd<\/h5>\n\n\n\n<figure class=\"wp-block-image size-large\"><img loading=\"lazy\" decoding=\"async\" width=\"700\" height=\"562\" src=\"https:\/\/rosenholm.se\/wp-content\/uploads\/2025\/05\/Dubbelt-700x562.jpg\" alt=\"\u00e4cken och spalj\u00e9n \u00e4r lika h\u00f6ga men eftersom spalj\u00e9n ligger n\u00e4rmare ger den skydd h\u00f6gre upp.\" class=\"wp-image-14189\" srcset=\"https:\/\/rosenholm.se\/wp-content\/uploads\/2025\/05\/Dubbelt-700x562.jpg 700w, https:\/\/rosenholm.se\/wp-content\/uploads\/2025\/05\/Dubbelt-410x329.jpg 410w, https:\/\/rosenholm.se\/wp-content\/uploads\/2025\/05\/Dubbelt-390x313.jpg 390w, https:\/\/rosenholm.se\/wp-content\/uploads\/2025\/05\/Dubbelt.jpg 1024w, https:\/\/rosenholm.se\/wp-content\/uploads\/2025\/05\/Dubbelt-410x329@2x.jpg 820w, https:\/\/rosenholm.se\/wp-content\/uploads\/2025\/05\/Dubbelt-390x313@2x.jpg 780w\" sizes=\"auto, (max-width: 700px) 100vw, 700px\" \/><\/figure>\n\n\n\n<p><em>H\u00e4cken och spalj\u00e9n \u00e4r lika h\u00f6ga men eftersom spalj\u00e9n ligger n\u00e4rmare ger den skydd h\u00f6gre upp. Vill man skaffa fullt insynsskydd v\u00e4ljer man ist\u00e4llet plank.<\/em><\/p>\n\n\n\n<h5 class=\"wp-block-heading\">Rabatt mellan plank och uteplats<\/h5>\n\n\n\n<figure class=\"wp-block-image size-large\"><img loading=\"lazy\" decoding=\"async\" width=\"700\" height=\"524\" src=\"https:\/\/rosenholm.se\/wp-content\/uploads\/2025\/05\/Utflyttat-plank-700x524.jpg\" alt=\"en rabatt f\u00f6r perenner och sm\u00e5 buskar innanf\u00f6r planket\" class=\"wp-image-14190\" srcset=\"https:\/\/rosenholm.se\/wp-content\/uploads\/2025\/05\/Utflyttat-plank-700x524.jpg 700w, https:\/\/rosenholm.se\/wp-content\/uploads\/2025\/05\/Utflyttat-plank-410x307.jpg 410w, https:\/\/rosenholm.se\/wp-content\/uploads\/2025\/05\/Utflyttat-plank-390x292.jpg 390w, https:\/\/rosenholm.se\/wp-content\/uploads\/2025\/05\/Utflyttat-plank.jpg 1024w, https:\/\/rosenholm.se\/wp-content\/uploads\/2025\/05\/Utflyttat-plank-410x307@2x.jpg 820w, https:\/\/rosenholm.se\/wp-content\/uploads\/2025\/05\/Utflyttat-plank-390x292@2x.jpg 780w\" sizes=\"auto, (max-width: 700px) 100vw, 700px\" \/><\/figure>\n\n\n\n<p><em>Det \u00e4r inte sj\u00e4lvklart att plank alltid ska ligga direkt mot uteplatsen. Med en rabatt f\u00f6r perenner och sm\u00e5 buskar innanf\u00f6r planket blir det gr\u00f6nare och mer ombonat.<\/em><\/p>\n\n\n\n<h5 class=\"wp-block-heading\">Kl\u00e4tterv\u00e4xter som g\u00f6r planket lummigt<\/h5>\n\n\n\n<p>Vill man k\u00e4nna sig lite privat p\u00e5 sin uteplats, och det vill man ju, s\u00e5 beh\u00f6ver man skydd mot insyn. Ibland&nbsp;r\u00e4cker det som redan finns eller \u00e4r planerat f\u00f6r tomtens yttre gr\u00e4nser, men ofta beh\u00f6vs n\u00e5got mer. \u00c4r insynen mycket besv\u00e4rande \u00e4r plank en bra id\u00e9. Det ger ett omedelbart skydd medan man kan f\u00e5 v\u00e4nta flera \u00e5r p\u00e5 att h\u00e4ckar och buskage v\u00e4xer upp. Med kl\u00e4ngv\u00e4xter som kl\u00e4ttrar l\u00e4ngs planket f\u00e5r man \u00e4nd\u00e5 snabb gr\u00f6nska.<\/p>\n\n\n\n<h6 class=\"wp-block-heading\"><strong>Pipranka<\/strong>,&nbsp;<em>Aristolochia macrophylla. <\/em>Zon 5.<\/h6>\n\n\n\n<figure class=\"wp-block-image size-large\"><img loading=\"lazy\" decoding=\"async\" width=\"700\" height=\"465\" src=\"https:\/\/rosenholm.se\/wp-content\/uploads\/2025\/05\/D2X_4186-700x465.jpg\" alt=\"\" class=\"wp-image-14185\" srcset=\"https:\/\/rosenholm.se\/wp-content\/uploads\/2025\/05\/D2X_4186-700x465.jpg 700w, https:\/\/rosenholm.se\/wp-content\/uploads\/2025\/05\/D2X_4186-410x272.jpg 410w, https:\/\/rosenholm.se\/wp-content\/uploads\/2025\/05\/D2X_4186-390x259.jpg 390w, https:\/\/rosenholm.se\/wp-content\/uploads\/2025\/05\/D2X_4186.jpg 1024w, https:\/\/rosenholm.se\/wp-content\/uploads\/2025\/05\/D2X_4186-410x272@2x.jpg 820w, https:\/\/rosenholm.se\/wp-content\/uploads\/2025\/05\/D2X_4186-390x259@2x.jpg 780w\" sizes=\"auto, (max-width: 700px) 100vw, 700px\" \/><figcaption class=\"wp-element-caption\"><em>H. C. Andersens have i Odense i Danmark domineras av en typisk C. Th. S\u00f8rensen-skapelse, en omf\u00e5ngsrik rund pergola, till stora delar t\u00e4ckt av pipranka. En oundg\u00e4nglig kl\u00e4tterv\u00e4xt som f\u00f6rvandlar plank och pergolor till b\u00f6ljande gr\u00f6nt.<\/em><\/figcaption><\/figure>\n\n\n\n<h6 class=\"wp-block-heading\"><strong>Vitalbaklematis<\/strong>&nbsp;<em>Clematis&nbsp;<\/em>\u2019Summer Snow\u2019. Zon 4.<\/h6>\n\n\n\n<figure class=\"wp-block-image size-large\"><img loading=\"lazy\" decoding=\"async\" width=\"700\" height=\"875\" src=\"https:\/\/rosenholm.se\/wp-content\/uploads\/2025\/05\/D2X_9974-700x875.jpg\" alt=\"Runt en japansk magnolia v\u00e4xer vitalba-klematisen \u2019Paul Farges\u2019,\" class=\"wp-image-14188\" srcset=\"https:\/\/rosenholm.se\/wp-content\/uploads\/2025\/05\/D2X_9974-700x875.jpg 700w, https:\/\/rosenholm.se\/wp-content\/uploads\/2025\/05\/D2X_9974-410x513.jpg 410w, https:\/\/rosenholm.se\/wp-content\/uploads\/2025\/05\/D2X_9974-390x488.jpg 390w, https:\/\/rosenholm.se\/wp-content\/uploads\/2025\/05\/D2X_9974.jpg 1024w, https:\/\/rosenholm.se\/wp-content\/uploads\/2025\/05\/D2X_9974-410x513@2x.jpg 820w, https:\/\/rosenholm.se\/wp-content\/uploads\/2025\/05\/D2X_9974-390x488@2x.jpg 780w\" sizes=\"auto, (max-width: 700px) 100vw, 700px\" \/><figcaption class=\"wp-element-caption\"><em>Runt en magnolia v\u00e4xer vitalbaklematisen \u2019Paul Farges\u2019 s\u00e5 det knakar; fr\u00e5n f\u00f6rsta dagen efter plantering. Sedan blommar och blommar och blommar den fram till frosten. Kallas oftast f\u00f6r \u2019Summer Snow\u2019. Idealisk f\u00f6r spalj\u00e9er och plank. Finn Eldhs tr\u00e4dg\u00e5rd i V\u00e4sterg\u00f6tland<\/em><\/figcaption><\/figure>\n\n\n\n<h6 class=\"wp-block-heading\"><strong>Helenaeros&nbsp;<\/strong><em>Rosa&nbsp;<\/em>\u2019Lyckefund. Zon 5.<\/h6>\n\n\n\n<figure class=\"wp-block-image size-large\"><img loading=\"lazy\" decoding=\"async\" width=\"700\" height=\"465\" src=\"https:\/\/rosenholm.se\/wp-content\/uploads\/2025\/05\/D2X_0421-700x465.jpg\" alt=\"helenae-rosen 'Lykkefund' \u00e4r t\u00e5lig, v\u00e4xer som ett ogr\u00e4s och blommar som en tok\" class=\"wp-image-14184\" srcset=\"https:\/\/rosenholm.se\/wp-content\/uploads\/2025\/05\/D2X_0421-700x465.jpg 700w, https:\/\/rosenholm.se\/wp-content\/uploads\/2025\/05\/D2X_0421-410x272.jpg 410w, https:\/\/rosenholm.se\/wp-content\/uploads\/2025\/05\/D2X_0421-390x259.jpg 390w, https:\/\/rosenholm.se\/wp-content\/uploads\/2025\/05\/D2X_0421.jpg 1024w, https:\/\/rosenholm.se\/wp-content\/uploads\/2025\/05\/D2X_0421-410x272@2x.jpg 820w, https:\/\/rosenholm.se\/wp-content\/uploads\/2025\/05\/D2X_0421-390x259@2x.jpg 780w\" sizes=\"auto, (max-width: 700px) 100vw, 700px\" \/><figcaption class=\"wp-element-caption\"><em>N\u00e4rmast idealisk f\u00f6r uteplatser \u00e4r helenaerosen &#8217;Lykkefund&#8217;. Den \u00e4r t\u00e5lig, v\u00e4xer som ett ogr\u00e4s, blommar som en tok, accepterar de flesta jordar och \u00e4r n\u00e4stan helt taggfri. H\u00e4r insynsskydd vid v\u00e5r egen uteplats.<\/em><\/figcaption><\/figure>\n\n\n\n<p>Anl\u00e4gg uteplatsens golv s\u00e5 n\u00e4ra marken som m\u00f6jligt. Ett golv vid markniv\u00e5n ger en mycket b\u00e4ttre kontakt mellan uteplats och tr\u00e4dg\u00e5rd \u00e4n om golvet ligger flera decimeter \u00f6ver. Om det sedan utg\u00f6rs av betongplattor, skiffer, marktegel eller tr\u00e4 spelar inte s\u00e5 stor roll s\u00e5 l\u00e4nge som det passar ihop med huset och helheten i tr\u00e4dg\u00e5rden.&nbsp;<\/p>\n\n\n\n<p>Uteplatser \u00e4r ofta fyrkantiga. F\u00f6r det mesta fungerar det bra men det \u00e4r ingen naturlag. De kan likav\u00e4l vara runda, ovala eller halvm\u00e5neformade. \u00c4ven oregelbundna uteplatser g\u00f6r sig bra s\u00e5 l\u00e4nge de inte ligger f\u00f6r n\u00e4ra byggnader, d\u00e4r passar tydliga geometriska former, som runt och fyrkantigt, b\u00e4ttre. Vid planeringen kan det vara bra att t\u00e4nka p\u00e5 att en matplats f\u00f6r sex personer utomhus beh\u00f6ver en h\u00e5rdgjord yta p\u00e5 minst 3 x 5 meter.<\/p>\n\n\n\n<figure class=\"wp-block-image size-large\"><img loading=\"lazy\" decoding=\"async\" width=\"700\" height=\"465\" src=\"https:\/\/rosenholm.se\/wp-content\/uploads\/2025\/05\/D2X_6131-700x465.jpg\" alt=\"en sittgrupp av en gammal j\u00e4rns\u00e4ng, ett kakelkl\u00e4tt bord och en stol av rotting.\" class=\"wp-image-14187\" srcset=\"https:\/\/rosenholm.se\/wp-content\/uploads\/2025\/05\/D2X_6131-700x465.jpg 700w, https:\/\/rosenholm.se\/wp-content\/uploads\/2025\/05\/D2X_6131-410x272.jpg 410w, https:\/\/rosenholm.se\/wp-content\/uploads\/2025\/05\/D2X_6131-390x259.jpg 390w, https:\/\/rosenholm.se\/wp-content\/uploads\/2025\/05\/D2X_6131.jpg 1024w, https:\/\/rosenholm.se\/wp-content\/uploads\/2025\/05\/D2X_6131-410x272@2x.jpg 820w, https:\/\/rosenholm.se\/wp-content\/uploads\/2025\/05\/D2X_6131-390x259@2x.jpg 780w\" sizes=\"auto, (max-width: 700px) 100vw, 700px\" \/><figcaption class=\"wp-element-caption\"><em>Var inte r\u00e4dd f\u00f6r att vara originell. I ett h\u00f6rn av tr\u00e4dg\u00e5rden skapade Gunilla Bremer en sittgrupp av en gammal j\u00e4rns\u00e4ng, ett kakelkl\u00e4tt bord och en rottingstol. En ensam r\u00f6d tulpan lyser upp stillebenet.<\/em><\/figcaption><\/figure>\n\n\n\n<h5 class=\"wp-block-heading\"><strong>V\u00e4xterna runt uteplatsen<\/strong><\/h5>\n\n\n\n<p>Det \u00e4r v\u00e4xterna som skapar milj\u00f6 p\u00e5 en uteplats, och \u00e4ven rumsk\u00e4nsla. Ett strategiskt placerat mindre tr\u00e4d som sk\u00e4nker skugga \u00f6ver bordet vid lunchtid \u00e4r oundg\u00e4ngligt heta sommardagar. Med perenner, buskar eller en h\u00e4ck som tar vid d\u00e4r uteplatsens golv slutar f\u00f6rankrar man den i tr\u00e4dg\u00e5rden. Den blir ombonad p\u00e5 ett helt annat s\u00e4tt \u00e4n omgiven av bara en platt gr\u00e4smatta.&nbsp;<\/p>\n\n\n\n<figure class=\"wp-block-image size-large\"><img loading=\"lazy\" decoding=\"async\" width=\"700\" height=\"465\" src=\"https:\/\/rosenholm.se\/wp-content\/uploads\/2025\/05\/D2X_0311-700x465.jpg\" alt=\"Storv\u00e4xta bambubuskage ger exotisk atmosf\u00e4r till uteplatsen\" class=\"wp-image-14183\" srcset=\"https:\/\/rosenholm.se\/wp-content\/uploads\/2025\/05\/D2X_0311-700x465.jpg 700w, https:\/\/rosenholm.se\/wp-content\/uploads\/2025\/05\/D2X_0311-410x272.jpg 410w, https:\/\/rosenholm.se\/wp-content\/uploads\/2025\/05\/D2X_0311-390x259.jpg 390w, https:\/\/rosenholm.se\/wp-content\/uploads\/2025\/05\/D2X_0311.jpg 1024w, https:\/\/rosenholm.se\/wp-content\/uploads\/2025\/05\/D2X_0311-410x272@2x.jpg 820w, https:\/\/rosenholm.se\/wp-content\/uploads\/2025\/05\/D2X_0311-390x259@2x.jpg 780w\" sizes=\"auto, (max-width: 700px) 100vw, 700px\" \/><figcaption class=\"wp-element-caption\"><em>Storv\u00e4xta bambubuskage ger exotisk atmosf\u00e4r till uteplatsen p\u00e5 S\u00e4byholms g\u00e5rd utanf\u00f6r Laholm. Klot av buxbom, en klassisk skulptur och golv av grus stramar upp och kontrasterar mot bambun.&nbsp;<\/em><\/figcaption><\/figure>\n\n\n\n<p>Det \u00e4r v\u00e4ldigt trevligt med perenner och andra v\u00e4xter som inte blir alltf\u00f6r h\u00f6ga, l\u00e4gre \u00e4n ungef\u00e4r 70 cm, p\u00e5 \u00e5tminstone n\u00e5gon sida om uteplatsen. D\u00e5 kan man betrakta dem ur en behaglig vinkel \u00e4ven n\u00e4r man sitter ner. Det \u00e4r runt uteplatsen man ska samla sina favoritperenner s\u00e5 att man kan njuta av dem i lugn och ro p\u00e5 n\u00e4ra h\u00e5ll n\u00e4r man fikar eller bara sl\u00e5r sig ner f\u00f6r att vila ett slag. V\u00e4lj v\u00e4xter som har l\u00e5ng blomningstid, inte blir fula efter avslutad blomning, har tilltalande v\u00e4xts\u00e4tt och vackra blad.&nbsp;<\/p>\n\n\n\n<p>V\u00e4xter med aromatiska bladverk eller v\u00e4ldoftande blommor \u00e4r extra tacksamma att placera n\u00e4ra uteplatsen. D\u00e4r kommer man verkligen \u00e5t att njuta av deras v\u00e4ldoft. L\u00e5t lavendel, eller n\u00e5gon annan kryddv\u00e4xt, h\u00e4nga ut \u00f6ver kanten s\u00e5 att man nuddar dem med anklarna n\u00e4r man g\u00e5r f\u00f6rbi. Avnjut doftpustarna.<\/p>\n\n\n\n<h5 class=\"wp-block-heading\"><strong>Sexton perenner f\u00f6r uteplatsens rabatt<\/strong><\/h5>\n\n\n\n<ul class=\"wp-block-list\">\n<li><strong>Vitpytta<\/strong>&nbsp;<em>Achillea ptarmica&nbsp;<\/em>var.&nbsp;<em>multiplex<\/em>, ca 60 cm h\u00f6g, aromatisk, mycket h\u00e4rdig.<\/li>\n\n\n\n<li><strong>R\u00f6llika<\/strong>&nbsp;<em>Achillea&nbsp;<\/em>\u2019Moonshine\u2019, ca 50 cm h\u00f6g, aromatisk, h\u00e4rdig.<\/li>\n\n\n\n<li><strong>Krypmal\u00f6rt<\/strong>&nbsp;<em>Artemisia schmidtiana<\/em>, 30 \u2013 40 cm h\u00f6g, aromatisk, halvh\u00e4rdig.<\/li>\n\n\n\n<li><strong>J\u00e4ttedaggk\u00e5pa<\/strong>&nbsp;<em>Alchemilla mollis<\/em>, ca 40 cm h\u00f6g, mycket h\u00e4rdig.<\/li>\n\n\n\n<li><strong>Stenkyndel<\/strong>&nbsp;<em>Calamintha nepeta<\/em>, ca 30 cm h\u00f6g, aromatisk, halvh\u00e4rdig.<\/li>\n\n\n\n<li><strong>Palmstarr<\/strong>&nbsp;<em>Carex muskingumensis<\/em>, 50 \u2013 70 cm h\u00f6g, h\u00e4rdigt.<\/li>\n\n\n\n<li><strong>Strandk\u00e5l<\/strong>&nbsp;<em>Crambe maritima<\/em>, ca 50 cm h\u00f6g, halvh\u00e4rdig.<\/li>\n\n\n\n<li><strong>Hakonegr\u00e4s<\/strong>,&nbsp;<em>Hakonechloa macra<\/em>, 30 \u2013 70 cm h\u00f6g, halvh\u00e4rdig.<\/li>\n\n\n\n<li><strong>Daglilja<\/strong>&nbsp;<em>Hemerocallis<\/em>&nbsp;\u2019Bonanza\u2019<em>,<\/em>&nbsp;ca 60 cm h\u00f6g, doftande, mycket h\u00e4rdig.<\/li>\n\n\n\n<li><strong>Alunrot<\/strong>&nbsp;<em>Heuchera&nbsp;<\/em>\u2019Plum Pudding\u2019, ca 50 cm h\u00f6g, h\u00e4rdig.<\/li>\n\n\n\n<li><strong>Doftfunkia<\/strong>&nbsp;<em>Hosta plantaginea<\/em>, ca 60 cm h\u00f6g, doftande, halvh\u00e4rdig.<\/li>\n\n\n\n<li><strong>Rosensl\u00f6ja<\/strong>&nbsp;<em>Gypsophila&nbsp;<\/em>\u2019Rosenschleier\u2019, 30 \u2013 40 cm h\u00f6g, h\u00e4rdig.<\/li>\n\n\n\n<li><strong>Lavendel<\/strong>&nbsp;<em>Lavandula angustifolia<\/em>&nbsp;\u2019Dwarf Blue\u2019, ca 40 cm h\u00f6g, aromatisk, halvh\u00e4rdig.<\/li>\n\n\n\n<li><strong>Kantnepeta<\/strong>&nbsp;<em>Nepeta&nbsp;<\/em>x&nbsp;<em>faassenii&nbsp;<\/em>\u2019Walker\u2019s Low, ca 50 cm h\u00f6g, aromatisk, halvh\u00e4rdig<\/li>\n\n\n\n<li><strong>Hybridmejram<\/strong>&nbsp;<em>Origanum&nbsp;<\/em>\u2019Herrenhausen\u2019, ca 50 cm h\u00f6g, aromatisk, h\u00e4rdig.<\/li>\n\n\n\n<li><strong>Kranssalvia<\/strong><em>Salvia verticillata<\/em>, 40 \u2013 60 cm h\u00f6g, aromatisk, halvh\u00e4rdig.<\/li>\n<\/ul>\n\n\n\n<h5 class=\"wp-block-heading\"><a href=\"https:\/\/rosenholm.se\/?page_id=14228\" data-type=\"page\" data-id=\"14228\">Barnens tr\u00e4dg\u00e5rd<\/a><\/h5>\n","protected":false},"excerpt":{"rendered":"<p>Uteplatsen \u00e4r den mest omtyckta delen av tr\u00e4dg\u00e5rden, en plats f\u00f6r avkoppling och umg\u00e4nge. H\u00e4r lapar man sol lata, sk\u00f6na dagar och bjuder v\u00e4nnerna p\u00e5 grillat ljumma sommarkv\u00e4llar. Helst vill&hellip; <\/p>\n","protected":false},"author":1,"featured_media":0,"parent":0,"menu_order":0,"comment_status":"closed","ping_status":"closed","template":"","meta":{"footnotes":""},"class_list":["post-14124","page","type-page","status-publish","hentry"],"_links":{"self":[{"href":"https:\/\/rosenholm.se\/index.php?rest_route=\/wp\/v2\/pages\/14124","targetHints":{"allow":["GET"]}}],"collection":[{"href":"https:\/\/rosenholm.se\/index.php?rest_route=\/wp\/v2\/pages"}],"about":[{"href":"https:\/\/rosenholm.se\/index.php?rest_route=\/wp\/v2\/types\/page"}],"author":[{"embeddable":true,"href":"https:\/\/rosenholm.se\/index.php?rest_route=\/wp\/v2\/users\/1"}],"replies":[{"embeddable":true,"href":"https:\/\/rosenholm.se\/index.php?rest_route=%2Fwp%2Fv2%2Fcomments&post=14124"}],"version-history":[{"count":15,"href":"https:\/\/rosenholm.se\/index.php?rest_route=\/wp\/v2\/pages\/14124\/revisions"}],"predecessor-version":[{"id":14302,"href":"https:\/\/rosenholm.se\/index.php?rest_route=\/wp\/v2\/pages\/14124\/revisions\/14302"}],"wp:attachment":[{"href":"https:\/\/rosenholm.se\/index.php?rest_route=%2Fwp%2Fv2%2Fmedia&parent=14124"}],"curies":[{"name":"wp","href":"https:\/\/api.w.org\/{rel}","templated":true}]}}