{"id":14114,"date":"2025-05-07T20:50:29","date_gmt":"2025-05-07T18:50:29","guid":{"rendered":"https:\/\/rosenholm.se\/?page_id=14114"},"modified":"2025-05-18T09:53:59","modified_gmt":"2025-05-18T07:53:59","slug":"atta-blommande-trad-och-buskar-for-de-platser-som-anvands-mest","status":"publish","type":"page","link":"https:\/\/rosenholm.se\/?page_id=14114","title":{"rendered":"\u00c5tta blommande tr\u00e4d och buskar f\u00f6r de platser som anv\u00e4nds mest"},"content":{"rendered":"\n<p><strong>Hybridmagnolia<\/strong><em>,<\/em><em>&nbsp;Magnolia&nbsp;<\/em>x<em>&nbsp;loebneri \u2019<\/em>Leonard Messel\u2019. L\u00e4ttodlad nyb\u00f6rjarmagnolia med hj\u00e4rtsk\u00e4rande<em> <\/em>rosa blommor p\u00e5 bar kvist under tidig v\u00e5r. H\u00f6jd 2\u20134 meter. L\u00e5ngsamv\u00e4xande. Zon 3.<\/p>\n\n\n\n<figure class=\"wp-block-image size-large\"><img loading=\"lazy\" decoding=\"async\" width=\"700\" height=\"525\" src=\"https:\/\/rosenholm.se\/wp-content\/uploads\/2025\/05\/DSC03736-700x525.jpg\" alt=\"Hybridmagnolian\u00a0\u2019Leonard Messel\u2019 \u00e4r t\u00e5lig, l\u00e4ttodlad och blomvillig.\" class=\"wp-image-14117\" srcset=\"https:\/\/rosenholm.se\/wp-content\/uploads\/2025\/05\/DSC03736-700x525.jpg 700w, https:\/\/rosenholm.se\/wp-content\/uploads\/2025\/05\/DSC03736-410x308.jpg 410w, https:\/\/rosenholm.se\/wp-content\/uploads\/2025\/05\/DSC03736-390x293.jpg 390w, https:\/\/rosenholm.se\/wp-content\/uploads\/2025\/05\/DSC03736.jpg 1024w, https:\/\/rosenholm.se\/wp-content\/uploads\/2025\/05\/DSC03736-410x308@2x.jpg 820w, https:\/\/rosenholm.se\/wp-content\/uploads\/2025\/05\/DSC03736-390x293@2x.jpg 780w\" sizes=\"auto, (max-width: 700px) 100vw, 700px\" \/><figcaption class=\"wp-element-caption\"><em>Hybridmagnolia<em>&nbsp;<\/em>\u2019Leonard Messel\u2019 \u00e4r t\u00e5lig och blomvillig med <em>hj\u00e4rtsk\u00e4rande vackra<\/em>,<\/em><em> vridna kronblad. Varm och solig v\u00e4xtplats, por\u00f6s, fukth\u00e5llande men v\u00e4ldr\u00e4nerad jord. Trampa inte runt kring r\u00f6tterna.<\/em><\/figcaption><\/figure>\n\n\n\n<p><strong>Hybridblomsterkornell<\/strong>,&nbsp;<em>Cornus<\/em>&nbsp;&#8217;Eddie&#8217;s White Wonder&#8217;. Stora vita h\u00f6gblad under juni. H\u00f6stvackra f\u00e4rger. H\u00f6jd 3\u20135 meter. Zon 3.<\/p>\n\n\n\n<p><strong>Hybridtrollhassel<\/strong><em>,<\/em><em>&nbsp;Hamamelis&nbsp;<\/em>x&nbsp;<em>intermedia.<\/em>&nbsp;Sm\u00e5 blommor p\u00e5 bar kvist under senvintern. H\u00f6jd 1,5\u20133 meter. Zon 3.<\/p>\n\n\n\n<p><strong>Sammetshortensia<\/strong>,&nbsp;<em>Hydrangea aspera&nbsp;<\/em>ssp.&nbsp;<em>Sargentiana.&nbsp;<\/em>Blommar i violett och vitt i augusti\u2013september. Vackra blad. Placeras varms och skyddat i fuktig och n\u00e4ringsrik jord. H\u00f6jd 1,5\u20133 meter. Zon 2<\/p>\n\n\n\n<figure class=\"wp-block-image size-large\"><img loading=\"lazy\" decoding=\"async\" width=\"700\" height=\"394\" src=\"https:\/\/rosenholm.se\/wp-content\/uploads\/2025\/05\/D2X_3927-700x394.jpg\" alt=\"Sammetshortensia \u00e4r ljuvlig med sm\u00e5 fertila blommor i violett och vitt som omges av vita, sterila blommor.\" class=\"wp-image-14116\" srcset=\"https:\/\/rosenholm.se\/wp-content\/uploads\/2025\/05\/D2X_3927-700x394.jpg 700w, https:\/\/rosenholm.se\/wp-content\/uploads\/2025\/05\/D2X_3927-410x231.jpg 410w, https:\/\/rosenholm.se\/wp-content\/uploads\/2025\/05\/D2X_3927-390x219.jpg 390w, https:\/\/rosenholm.se\/wp-content\/uploads\/2025\/05\/D2X_3927.jpg 1024w, https:\/\/rosenholm.se\/wp-content\/uploads\/2025\/05\/D2X_3927-410x231@2x.jpg 820w, https:\/\/rosenholm.se\/wp-content\/uploads\/2025\/05\/D2X_3927-390x219@2x.jpg 780w\" sizes=\"auto, (max-width: 700px) 100vw, 700px\" \/><figcaption class=\"wp-element-caption\"><em>Sammetshortensia \u00e4r ljuvlig med sm\u00e5 fertila blommor i violett\/vitt omgivna av st\u00f6rre vita, sterila blommor. De k\u00f6ttiga bladen ger l\u00e4cker sammetsk\u00e4nsla men skadas l\u00e4tt av frost, vind och sol.<\/em><\/figcaption><\/figure>\n\n\n\n<p><strong>Rosenapel<\/strong>,&nbsp;<em>Malus floribunda<\/em>. Prydnadsapel som \u00f6vers\u00e5llas av blommor i mitten av maj. H\u00f6jd 2\u20133 meter. Zon 4.<\/p>\n\n\n\n<p><strong>Buskpion<\/strong>,&nbsp;<em>Paeonia<\/em>&nbsp;<em>suffruticosa<\/em>. Blommor i vitt, rosa och purpur under juni. H\u00f6jd 1,5\u20132 meter. Utvecklas l\u00e5ngsamt och tar n\u00e5gra \u00e5r p\u00e5 sig f\u00f6r blomning. Beh\u00f6ver n\u00e4ringsrik jord och solig, skyddad v\u00e4xtplats. Zon 4.<\/p>\n\n\n\n<figure class=\"wp-block-image size-large\"><img loading=\"lazy\" decoding=\"async\" width=\"700\" height=\"933\" src=\"https:\/\/rosenholm.se\/wp-content\/uploads\/2025\/05\/D2X_1391-700x933.jpg\" alt=\"Buskpionen \u00e4r snygg i allt fr\u00e5n den tidiga v\u00e5rens bladutspring till de sista hoptorkade fr\u00f6kapslarna.\" class=\"wp-image-14115\" srcset=\"https:\/\/rosenholm.se\/wp-content\/uploads\/2025\/05\/D2X_1391-700x933.jpg 700w, https:\/\/rosenholm.se\/wp-content\/uploads\/2025\/05\/D2X_1391-410x547.jpg 410w, https:\/\/rosenholm.se\/wp-content\/uploads\/2025\/05\/D2X_1391-390x520.jpg 390w, https:\/\/rosenholm.se\/wp-content\/uploads\/2025\/05\/D2X_1391.jpg 1024w, https:\/\/rosenholm.se\/wp-content\/uploads\/2025\/05\/D2X_1391-410x547@2x.jpg 820w, https:\/\/rosenholm.se\/wp-content\/uploads\/2025\/05\/D2X_1391-390x520@2x.jpg 780w\" sizes=\"auto, (max-width: 700px) 100vw, 700px\" \/><figcaption class=\"wp-element-caption\"><em>Buskpionens blomning g\u00e5r snabbt \u00f6ver. Det g\u00f6r ingenting eftersom den \u00e4r snygg i allt fr\u00e5n den tidiga v\u00e5rens bladutspring till h\u00f6stens hoptorkade fr\u00f6kapslar. Kontrasterar tjusigt mot ett enestaket, eller hur?<\/em><\/figcaption><\/figure>\n\n\n\n<p><strong>Prydnadsk\u00f6rsb\u00e4r<\/strong>,&nbsp;<em>Prunus<\/em>&nbsp;\u2019Accolade\u2019. Skira ljusrosa blommor i april\u2013maj. \u00d6verh\u00e4ngande \u00f6ppet grenverk. H\u00f6jd 4\u20136 meter. Zon 3.<\/p>\n\n\n\n<p><strong>Pingstsyren<\/strong>,&nbsp;<em>Syringa&nbsp;<\/em>x&nbsp;<em>hyacinthiflora<\/em>. Stora, bulliga och h\u00e4ngande blomklasar en vecka f\u00f6re vanliga syrener. H\u00f6jd 2\u20133 meter. Zon 4.<\/p>\n\n\n\n<h5 class=\"wp-block-heading\"><a href=\"https:\/\/rosenholm.se\/?page_id=14124\" data-type=\"page\" data-id=\"14124\">Uteplatsens utformning<\/a><\/h5>\n","protected":false},"excerpt":{"rendered":"<p>Hybridmagnolia,&nbsp;Magnolia&nbsp;x&nbsp;loebneri \u2019Leonard Messel\u2019. L\u00e4ttodlad nyb\u00f6rjarmagnolia med hj\u00e4rtsk\u00e4rande rosa blommor p\u00e5 bar kvist under tidig v\u00e5r. H\u00f6jd 2\u20134 meter. L\u00e5ngsamv\u00e4xande. Zon 3. Hybridblomsterkornell,&nbsp;Cornus&nbsp;&#8217;Eddie&#8217;s White Wonder&#8217;. Stora vita h\u00f6gblad under juni. H\u00f6stvackra&hellip; <\/p>\n","protected":false},"author":1,"featured_media":0,"parent":0,"menu_order":0,"comment_status":"closed","ping_status":"closed","template":"","meta":{"footnotes":""},"class_list":["post-14114","page","type-page","status-publish","hentry"],"_links":{"self":[{"href":"https:\/\/rosenholm.se\/index.php?rest_route=\/wp\/v2\/pages\/14114","targetHints":{"allow":["GET"]}}],"collection":[{"href":"https:\/\/rosenholm.se\/index.php?rest_route=\/wp\/v2\/pages"}],"about":[{"href":"https:\/\/rosenholm.se\/index.php?rest_route=\/wp\/v2\/types\/page"}],"author":[{"embeddable":true,"href":"https:\/\/rosenholm.se\/index.php?rest_route=\/wp\/v2\/users\/1"}],"replies":[{"embeddable":true,"href":"https:\/\/rosenholm.se\/index.php?rest_route=%2Fwp%2Fv2%2Fcomments&post=14114"}],"version-history":[{"count":9,"href":"https:\/\/rosenholm.se\/index.php?rest_route=\/wp\/v2\/pages\/14114\/revisions"}],"predecessor-version":[{"id":14223,"href":"https:\/\/rosenholm.se\/index.php?rest_route=\/wp\/v2\/pages\/14114\/revisions\/14223"}],"wp:attachment":[{"href":"https:\/\/rosenholm.se\/index.php?rest_route=%2Fwp%2Fv2%2Fmedia&parent=14114"}],"curies":[{"name":"wp","href":"https:\/\/api.w.org\/{rel}","templated":true}]}}