{"id":141,"date":"2014-01-21T22:55:30","date_gmt":"2014-01-21T21:55:30","guid":{"rendered":"http:\/\/rosenholm.se\/?page_id=141"},"modified":"2014-03-28T20:56:47","modified_gmt":"2014-03-28T19:56:47","slug":"borja-med-att-dromma","status":"publish","type":"page","link":"https:\/\/rosenholm.se\/?page_id=141","title":{"rendered":"B\u00d6RJA MED ATT DR\u00d6MMA"},"content":{"rendered":"<div id=\"attachment_144\" style=\"width: 988px\" class=\"wp-caption alignnone\"><a title=\"B\u00d6RJA MED ATT DR\u00d6MMA\" href=\"http:\/\/rosenholm.se\/?page_id=141\"><img loading=\"lazy\" decoding=\"async\" aria-describedby=\"caption-attachment-144\" class=\"size-full wp-image-144\" alt=\"Prunkande blomsterrabatter och en stor bj\u00f6rn av tr\u00e4 ramar in den h\u00e4nf\u00f6rande utsikten mot sj\u00f6n Soutuj\u00e4rvi i Gunborg Orrmalms tr\u00e4dg\u00e5rd. En dr\u00f6mtr\u00e4dg\u00e5rd skapad med mycket kunskap och h\u00e5rt arbete i odlingszon 8, tio mil norr om polcirkeln.\" src=\"http:\/\/rosenholm.se\/wp-content\/uploads\/2014\/01\/DSC_1760.jpg\" width=\"978\" height=\"652\" srcset=\"https:\/\/rosenholm.se\/wp-content\/uploads\/2014\/01\/DSC_1760.jpg 978w, https:\/\/rosenholm.se\/wp-content\/uploads\/2014\/01\/DSC_1760-150x100.jpg 150w, https:\/\/rosenholm.se\/wp-content\/uploads\/2014\/01\/DSC_1760-260x173.jpg 260w, https:\/\/rosenholm.se\/wp-content\/uploads\/2014\/01\/DSC_1760-512x341.jpg 512w\" sizes=\"auto, (max-width: 978px) 100vw, 978px\" \/><\/a><p id=\"caption-attachment-144\" class=\"wp-caption-text\">Prunkande blomsterrabatter och en stor bj\u00f6rn av tr\u00e4 ramar in den h\u00e4nf\u00f6rande utsikten mot sj\u00f6n Soutuj\u00e4rvi i Gunborg Orrmalms tr\u00e4dg\u00e5rd. En dr\u00f6mtr\u00e4dg\u00e5rd skapad med mycket kunskap och h\u00e5rt arbete i odlingszon 8, tio mil norr om polcirkeln.<\/p><\/div>\n<h5>Vad vill du med din tr\u00e4dg\u00e5rd?<\/h5>\n<p>Vill du skapa dig din egen\u00a0privata oas, en plats f\u00f6r barnen att vildsint leva loppan i,\u00a0n\u00e5got f\u00f6r grannarna att beundra eller allt p\u00e5 en g\u00e5ng?\u00a0B\u00f6rja med att g\u00e5 runt p\u00e5 tomten. Stanna och k\u00e4nn efter, hur vill du platsen ska vara och se ut? Vilken k\u00e4nsla och st\u00e4mning f\u00f6rmedlas? T\u00e4nk i termer av f\u00e4rg och form. Vill du ha\u00a0avgr\u00e4nsningar, till exempel h\u00e4ckar? Var? Vill du ha tak, som\u00a0best\u00e5r av tr\u00e4dkronor, pergolor eller annat? Var skulle\u00a0du vilja placera rabatter, gr\u00e4sytor och platser att sitta p\u00e5? Vilka\u00a0v\u00e4xter dr\u00f6mmer du om att kunna odla?<\/p>\n<p>I det h\u00e4r stadiet av planeringen beh\u00f6ver du inte l\u00e5ta dig begr\u00e4nsas av vad som \u00e4r m\u00f6jligt rent praktiskt utan l\u00e5t fantasin fl\u00f6da fritt. Begr\u00e4nsningarna och kompromisserna kommer l\u00e4ngre fram. Just nu \u00e4r det till\u00e5tet att dr\u00f6mma. Och ett tips.\u00a0Skriv g\u00e4rna ner din tr\u00e4dg\u00e5rds\u00f6nskelista som utg\u00e5ngspunkt n\u00e4r designar din tr\u00e4dg\u00e5rd.<\/p>\n<p><a href=\"http:\/\/rosenholm.se\/wp-content\/uploads\/2014\/01\/Tr\u00e4dg\u00e5rds\u00f6nskelista.png\"><img loading=\"lazy\" decoding=\"async\" class=\"alignnone size-large wp-image-150\" alt=\"Tr\u00e4dg\u00e5rds\u00f6nskelista\" src=\"http:\/\/rosenholm.se\/wp-content\/uploads\/2014\/01\/Tr\u00e4dg\u00e5rds\u00f6nskelista-476x400.png\" width=\"476\" height=\"400\" srcset=\"https:\/\/rosenholm.se\/wp-content\/uploads\/2014\/01\/Tr\u00e4dg\u00e5rds\u00f6nskelista-476x400.png 476w, https:\/\/rosenholm.se\/wp-content\/uploads\/2014\/01\/Tr\u00e4dg\u00e5rds\u00f6nskelista-150x125.png 150w, https:\/\/rosenholm.se\/wp-content\/uploads\/2014\/01\/Tr\u00e4dg\u00e5rds\u00f6nskelista-357x300.png 357w, https:\/\/rosenholm.se\/wp-content\/uploads\/2014\/01\/Tr\u00e4dg\u00e5rds\u00f6nskelista.png 1957w\" sizes=\"auto, (max-width: 476px) 100vw, 476px\" \/><\/a><\/p>\n<p><strong>N\u00e4r och hur ska tr\u00e4dg\u00e5rden anv\u00e4ndas?<\/strong><\/p>\n<p>Tr\u00e4dg\u00e5rden \u00e4r v\u00e5r privata oas, ett andningsh\u00e5l i tillvaron. \u00a0N\u00e4r designen anpassas till anv\u00e4ndningen kommer den k\u00e4nnas som\u00a0en del av bostaden, och det k\u00e4nns inte helt fel med en boyta\u00a0som blir en s\u00e5 d\u00e4r fyra till fem g\u00e5nger st\u00f6rre p\u00e5 sommarhalv\u00e5ret \u00e4n vintertid. Hur kommer just du och din familj att\u00a0anv\u00e4nda tr\u00e4dg\u00e5rden? L\u00e5t behoven styra utformningen.<\/p>\n<p>Anv\u00e4nder du tr\u00e4dg\u00e5rden mest p\u00e5 v\u00e5ren och h\u00f6sten, eftersom du \u00e4r borta under sommaren, ska du satsa p\u00e5 v\u00e4xter som har sin h\u00f6jdpunkt i b\u00f6rjan respektive\u00a0slutet av v\u00e4xts\u00e4songen. Vad har du f\u00f6r gl\u00e4dje av gammaldags\u00a0rosor som blommar ljuvligt i mitten av juli om du\u00a0\u00e4nd\u00e5 aldrig \u00e4r hemma d\u00e5?\u00a0Vill du ha plats f\u00f6r grillfester med m\u00e5nga g\u00e4ster\u00a0och kunna sitta ute oavsett\u00a0v\u00e4dret, kan det vara bra att anl\u00e4gga en stor uteplats\u00a0under tak. \u00c4r du en h\u00e4ngiven boulespelare kan du planera\u00a0in en grusad yta som spelplan n\u00e4r\u00a0andan faller p\u00e5. Den kan vara omgiven av prunkande rabatter\u00a0och rymma en n\u00e4tt sittgrupp som g\u00e5r enkelt att\u00a0flytta undan n\u00e4r det \u00e4r dags f\u00f6r spel.<\/p>\n<p>Finns det mindre barn i familjen vill du s\u00e4kert ha en\u00a0sammanh\u00e4ngande gr\u00e4syta med plats f\u00f6r lek och tumult.\u00a0Har du dr\u00f6mt om ett eget hobbyrum d\u00e4r du kan snickra\u00a0och pyssla, \u00e4r det kanske dags att bygga en charmig liten\u00a0snickarbod som samtidigt sk\u00e4nker tr\u00e4dg\u00e5rden atmosf\u00e4r\u00a0och ger utm\u00e4rkta v\u00e4ggar f\u00f6r spalj\u00e9odling.\u00a0En tr\u00e4dg\u00e5rd kan utformas p\u00e5 o\u00e4ndligt m\u00e5nga olika s\u00e4tt.<\/p>\n<p>Ge dig tid att fundera \u00f6ver n\u00e4r och hur du vill anv\u00e4nda\u00a0din tr\u00e4dg\u00e5rd, och chansen \u00e4r stor att du lyckas skapa ett v\u00e4rdefullt tillskott till bostadsytan.\u00a0En tr\u00e4dg\u00e5rd f\u00f6r dig och din familjs intressen och behov.<\/p>\n<div id=\"attachment_145\" style=\"width: 988px\" class=\"wp-caption alignnone\"><a href=\"http:\/\/rosenholm.se\/wp-content\/uploads\/2014\/01\/DSC_1380.jpg\"><img loading=\"lazy\" decoding=\"async\" aria-describedby=\"caption-attachment-145\" class=\"size-full wp-image-145\" alt=\"Med rustika hyllor och ett gediget bord skapade paret S\u00f6derlund p\u00e5 Pilg\u00e5rden i Sundsvall en charmigt ombonad arbetsplats utomhus. H\u00e4r kan de n\u00e4r lusten faller p\u00e5 plantera om krukv\u00e4xter och arbeta med s\u00e5dd och annat.\" src=\"http:\/\/rosenholm.se\/wp-content\/uploads\/2014\/01\/DSC_1380.jpg\" width=\"978\" height=\"652\" srcset=\"https:\/\/rosenholm.se\/wp-content\/uploads\/2014\/01\/DSC_1380.jpg 978w, https:\/\/rosenholm.se\/wp-content\/uploads\/2014\/01\/DSC_1380-150x100.jpg 150w, https:\/\/rosenholm.se\/wp-content\/uploads\/2014\/01\/DSC_1380-260x173.jpg 260w, https:\/\/rosenholm.se\/wp-content\/uploads\/2014\/01\/DSC_1380-512x341.jpg 512w\" sizes=\"auto, (max-width: 978px) 100vw, 978px\" \/><\/a><p id=\"caption-attachment-145\" class=\"wp-caption-text\">Med rustika hyllor och ett gediget bord skapade paret S\u00f6derlund p\u00e5 Pilg\u00e5rden i Sundsvall en charmigt ombonad arbetsplats utomhus. H\u00e4r kan de n\u00e4r lusten faller p\u00e5 plantera om krukv\u00e4xter och arbeta med s\u00e5dd och annat.<\/p><\/div>\n<h5>Vanliga funktioner<\/h5>\n<p>F\u00f6r att skapa v\u00e4ldesignad och funktionell\u00a0tr\u00e4dg\u00e5rd beh\u00f6ver dr\u00f6mmarna ta h\u00e4nsyn till vad den ska anv\u00e4ndas\u00a0till. Till exempel beh\u00f6vs oftast plats\u00a0f\u00f6r parkering, entr\u00e9g\u00e5ng och f\u00f6rr\u00e5d. T\u00e4nk igenom vad som\u00a0beh\u00f6ver finnas, \u00e4r bra att ha och hur du kan kombinera\u00a0det med dina tr\u00e4dg\u00e5rdsdr\u00f6mmar.\u00a0Lite id\u00e9er om\u00a0vad som brukar beh\u00f6vas och vad som kan sk\u00e4nka extra\u00a0trevnad och atmosf\u00e4r finns i checklistan.<\/p>\n<p><a href=\"http:\/\/rosenholm.se\/wp-content\/uploads\/2014\/01\/Funktioner.png\"><img loading=\"lazy\" decoding=\"async\" class=\"alignnone size-full wp-image-157\" alt=\"Funktioner\" src=\"http:\/\/rosenholm.se\/wp-content\/uploads\/2014\/01\/Funktioner.png\" width=\"978\" height=\"300\" srcset=\"https:\/\/rosenholm.se\/wp-content\/uploads\/2014\/01\/Funktioner.png 978w, https:\/\/rosenholm.se\/wp-content\/uploads\/2014\/01\/Funktioner-150x46.png 150w, https:\/\/rosenholm.se\/wp-content\/uploads\/2014\/01\/Funktioner-360x110.png 360w, https:\/\/rosenholm.se\/wp-content\/uploads\/2014\/01\/Funktioner-512x157.png 512w\" sizes=\"auto, (max-width: 978px) 100vw, 978px\" \/><\/a><\/p>\n<p>Oavsett vad du vill ha plats f\u00f6r \u00e4r det viktigt\u00a0att p\u00e5 ett tidigt stadium planera in var de olika funktionerna ska placeras. F\u00f6r en k\u00f6kstr\u00e4dg\u00e5rd\u00a0beh\u00f6ver en solig del av tomten avs\u00e4ttas, medan lekplatsen\u00a0med f\u00f6rdel placeras halvskuggigt l\u00e4ge f\u00f6r att ge\u00a0barnen skydd mot stark sol. Det \u00e4r ocks\u00e5 n\u00f6dv\u00e4ndigt att\u00a0du uppskattar hur stor yta de olika funktionerna beh\u00f6ver.\u00a0Vill du vill ha plats f\u00f6r m\u00e5nga middagsg\u00e4ster m\u00e5ste till\u00a0exempel sittplatsen g\u00f6ras tillr\u00e4ckligt stor.<\/p>\n<div id=\"attachment_1628\" style=\"width: 330px\" class=\"wp-caption alignright\"><a href=\"http:\/\/rosenholm.se\/wp-content\/uploads\/2014\/01\/DSC_1337.jpg\"><img loading=\"lazy\" decoding=\"async\" aria-describedby=\"caption-attachment-1628\" class=\"size-medium wp-image-1628\" alt=\"P\u00e5 det afrikanska d\u00e4cket i Pilg\u00e5rden i Sundsvall \u00e4r atmosf\u00e4ren avslappnat sk\u00f6n. Fl\u00e4tade pilplank och lummig v\u00e4xtlighet skapar behaglig avskildhet. Keramik, sn\u00e4ckor, krukv\u00e4xter och en zinkbalja med vatten och flytv\u00e4xter bildar ett vackert stilleben som f\u00f6rst\u00e4rker st\u00e4mningen. H\u00e4r kan man lugnt dra sig tillbaka med en sp\u00e4nnande bok och v\u00e4nta p\u00e5 att elefanthjorden ska dundra f\u00f6rbi.\" src=\"http:\/\/rosenholm.se\/wp-content\/uploads\/2014\/01\/DSC_1337-320x426.jpg\" width=\"320\" height=\"426\" srcset=\"https:\/\/rosenholm.se\/wp-content\/uploads\/2014\/01\/DSC_1337-320x426.jpg 320w, https:\/\/rosenholm.se\/wp-content\/uploads\/2014\/01\/DSC_1337-187x250.jpg 187w, https:\/\/rosenholm.se\/wp-content\/uploads\/2014\/01\/DSC_1337-390x520.jpg 390w, https:\/\/rosenholm.se\/wp-content\/uploads\/2014\/01\/DSC_1337.jpg 750w, https:\/\/rosenholm.se\/wp-content\/uploads\/2014\/01\/DSC_1337-320x426@2x.jpg 640w, https:\/\/rosenholm.se\/wp-content\/uploads\/2014\/01\/DSC_1337-187x250@2x.jpg 374w\" sizes=\"auto, (max-width: 320px) 100vw, 320px\" \/><\/a><p id=\"caption-attachment-1628\" class=\"wp-caption-text\">P\u00e5 det afrikanska d\u00e4cket i Pilg\u00e5rden i Sundsvall \u00e4r atmosf\u00e4ren avslappnat sk\u00f6n. Fl\u00e4tade pilplank och lummig v\u00e4xtlighet skapar behaglig avskildhet. Keramik, sn\u00e4ckor, krukv\u00e4xter och en zinkbalja med vatten och flytv\u00e4xter bildar ett vackert stilleben som f\u00f6rst\u00e4rker st\u00e4mningen. H\u00e4r kan man lugnt dra sig tillbaka med en sp\u00e4nnande bok och v\u00e4nta p\u00e5 att elefanthjorden ska dundra f\u00f6rbi.<\/p><\/div>\n<p>Med en\u00a0enkel, skalenlig ritning blir det l\u00e4ttare att konkret\u00a0f\u00f6rst\u00e5 och planera realistiskt.\u00a0Antagligen f\u00e5r du inte plats med allt och tvingas v\u00e4lja bort.\u00a0Visst kan man minska ner ytan f\u00f6r de funktioner man vill ha, men inte hur mycket som helst.\u00a0En alltf\u00f6r liten uteplats eller lekplats blir knappast trevlig\u00a0eller l\u00e4tt anv\u00e4nd. P\u00e5 tomten m\u00e5ste man kunna r\u00f6ra sig utan\u00a0att trampa i rabatter eller f\u00e5 kvistar i \u00f6gonen. Att tr\u00e4nga ihop f\u00f6r m\u00e5nga olika funktioner blir lika lite hemtrevligt som ett hus med sm\u00e5 och \u00f6verbelamrade rum.<\/p>\n<p>Ett s\u00e4tt att f\u00e5 tr\u00e4dg\u00e5rdsytan att b\u00e4ttre r\u00e4cka till \u00e4r att\u00a0samordna olika funktioner till ett och samma omr\u00e5de. Genom att kombiner gr\u00f6nsaker och blommor skapar du till exempel en\u00a0potager, en k\u00f6kstr\u00e4dg\u00e5rd som \u00e4r till b\u00e5de prydnad och\u00a0nytta. Ett anv\u00e4ndbart grepp f\u00f6r sm\u00e5 tr\u00e4dg\u00e5rdar.<\/p>\n<h5><a title=\"TR\u00c4DG\u00c5RDENS STIL\" href=\"http:\/\/rosenholm.se\/?page_id=33\">TR\u00c4DG\u00c5RDENS STIL<\/a><\/h5>\n","protected":false},"excerpt":{"rendered":"<p>Vad vill du med din tr\u00e4dg\u00e5rd? Vill du skapa dig din egen\u00a0privata oas, en plats f\u00f6r barnen att vildsint leva loppan i,\u00a0n\u00e5got f\u00f6r grannarna att beundra eller allt p\u00e5 en&hellip; <\/p>\n","protected":false},"author":1,"featured_media":0,"parent":56,"menu_order":0,"comment_status":"closed","ping_status":"closed","template":"","meta":{"footnotes":""},"class_list":["post-141","page","type-page","status-publish","hentry"],"_links":{"self":[{"href":"https:\/\/rosenholm.se\/index.php?rest_route=\/wp\/v2\/pages\/141","targetHints":{"allow":["GET"]}}],"collection":[{"href":"https:\/\/rosenholm.se\/index.php?rest_route=\/wp\/v2\/pages"}],"about":[{"href":"https:\/\/rosenholm.se\/index.php?rest_route=\/wp\/v2\/types\/page"}],"author":[{"embeddable":true,"href":"https:\/\/rosenholm.se\/index.php?rest_route=\/wp\/v2\/users\/1"}],"replies":[{"embeddable":true,"href":"https:\/\/rosenholm.se\/index.php?rest_route=%2Fwp%2Fv2%2Fcomments&post=141"}],"version-history":[{"count":28,"href":"https:\/\/rosenholm.se\/index.php?rest_route=\/wp\/v2\/pages\/141\/revisions"}],"predecessor-version":[{"id":3279,"href":"https:\/\/rosenholm.se\/index.php?rest_route=\/wp\/v2\/pages\/141\/revisions\/3279"}],"up":[{"embeddable":true,"href":"https:\/\/rosenholm.se\/index.php?rest_route=\/wp\/v2\/pages\/56"}],"wp:attachment":[{"href":"https:\/\/rosenholm.se\/index.php?rest_route=%2Fwp%2Fv2%2Fmedia&parent=141"}],"curies":[{"name":"wp","href":"https:\/\/api.w.org\/{rel}","templated":true}]}}