{"id":13865,"date":"2025-04-21T13:59:47","date_gmt":"2025-04-21T11:59:47","guid":{"rendered":"https:\/\/rosenholm.se\/?page_id=13865"},"modified":"2025-04-26T08:49:11","modified_gmt":"2025-04-26T06:49:11","slug":"innervaggar-manga-mojligheter","status":"publish","type":"page","link":"https:\/\/rosenholm.se\/?page_id=13865","title":{"rendered":"Innerv\u00e4ggar ger m\u00e5nga m\u00f6jligheter"},"content":{"rendered":"\n<p>Tr\u00e4dg\u00e5rdens innerv\u00e4ggar kan best\u00e5 av h\u00e4ckar, buskar, plank, spalj\u00e9er eller till och med perenner, allt beror p\u00e5 syftet och hur det ser ut innan. N\u00e4r man pratar om tr\u00e4dg\u00e5rdsrum t\u00e4nker&nbsp;&nbsp;sig m\u00e5nga klippta h\u00e4ckar som mellanv\u00e4ggar trots att det \u00e4r ganska ovanligt. F\u00f6rdelen \u00e4r att de skapar en lugn stomme som syns \u00e4ven n\u00e4r det \u00e4r avl\u00f6vat p\u00e5 vintern, men de kr\u00e4ver en del arbete och kan felanv\u00e4nda ge en upplevelse av inst\u00e4ngdhet.<\/p>\n\n\n\n<figure class=\"wp-block-image size-large\"><img loading=\"lazy\" decoding=\"async\" width=\"700\" height=\"573\" src=\"https:\/\/rosenholm.se\/wp-content\/uploads\/2025\/04\/DSC07168-700x573.jpg\" alt=\"Finnslide kan skapa volumin\u00f6sa v\u00e4ggar.\" class=\"wp-image-13871\" srcset=\"https:\/\/rosenholm.se\/wp-content\/uploads\/2025\/04\/DSC07168-700x573.jpg 700w, https:\/\/rosenholm.se\/wp-content\/uploads\/2025\/04\/DSC07168-410x336.jpg 410w, https:\/\/rosenholm.se\/wp-content\/uploads\/2025\/04\/DSC07168-390x319.jpg 390w, https:\/\/rosenholm.se\/wp-content\/uploads\/2025\/04\/DSC07168.jpg 1024w, https:\/\/rosenholm.se\/wp-content\/uploads\/2025\/04\/DSC07168-410x336@2x.jpg 820w, https:\/\/rosenholm.se\/wp-content\/uploads\/2025\/04\/DSC07168-390x319@2x.jpg 780w\" sizes=\"auto, (max-width: 700px) 100vw, 700px\" \/><figcaption class=\"wp-element-caption\">\u00c4ven s<em>tora perenner, som finnslide, kan skapa volumin\u00f6sa v\u00e4ggar.<\/em><\/figcaption><\/figure>\n\n\n\n<p>Stora perenner kan anv\u00e4ndas f\u00f6r att p\u00e5 n\u00e5gra f\u00e5 \u00e5r skapa volumin\u00f6sa v\u00e4ggar i tr\u00e4dg\u00e5rden. Bland de effektivaste \u00e4r finnslide&nbsp;<em>Aconogonon<\/em>&nbsp;\u00d7&nbsp;<em>fennicum<\/em>&nbsp;som blir mer \u00e4n mansh\u00f6g och g\u00e5r utm\u00e4rkt att anv\u00e4nda l\u00e5ngt upp i Norrland.<\/p>\n\n\n\n<h5 class=\"wp-block-heading\">Skapa k\u00e4nsla av rum<\/h5>\n\n\n\n<p>Nu \u00e4r det ju inte s\u00e5 att alla v\u00e4ggar beh\u00f6ver vara likadana, det \u00e4r varken praktiskt m\u00f6jligt eller \u00f6nskv\u00e4rt. De kan vara h\u00f6ga och t\u00e4ta, men beh\u00f6ver inte vara det. En l\u00e5g h\u00e4ck av vintergr\u00f6n buxbom kan vara utm\u00e4rkt som rumsavdelare, liksom en l\u00e5gv\u00e4xt perennrabatt. Rummen i en tr\u00e4dg\u00e5rd beh\u00f6ver inte heller vara fullst\u00e4ndigt avdelade med v\u00e4ggar Ofta kan det r\u00e4cka med en buske eller kruka som bara antyder \u00f6verg\u00e5ngen till ett nytt tr\u00e4dg\u00e5rdsrum. K\u00e4nslan av ett eget rum kan infinna sig av s\u00e5 lite som en mindre niv\u00e5skillnad eller en f\u00f6r\u00e4ndring i markmaterial.<\/p>\n\n\n\n<figure class=\"wp-block-image size-large\"><img loading=\"lazy\" decoding=\"async\" width=\"700\" height=\"466\" src=\"https:\/\/rosenholm.se\/wp-content\/uploads\/2025\/04\/DSC_8801-700x466.jpg\" alt=\"Med buskar, en frodig ormbunke, slingrande krasse och en bollformad tuja skapas avgr\u00e4nsningar\" class=\"wp-image-13870\" srcset=\"https:\/\/rosenholm.se\/wp-content\/uploads\/2025\/04\/DSC_8801-700x466.jpg 700w, https:\/\/rosenholm.se\/wp-content\/uploads\/2025\/04\/DSC_8801-410x273.jpg 410w, https:\/\/rosenholm.se\/wp-content\/uploads\/2025\/04\/DSC_8801-390x259.jpg 390w, https:\/\/rosenholm.se\/wp-content\/uploads\/2025\/04\/DSC_8801.jpg 1024w, https:\/\/rosenholm.se\/wp-content\/uploads\/2025\/04\/DSC_8801-410x273@2x.jpg 820w, https:\/\/rosenholm.se\/wp-content\/uploads\/2025\/04\/DSC_8801-390x259@2x.jpg 780w\" sizes=\"auto, (max-width: 700px) 100vw, 700px\" \/><figcaption class=\"wp-element-caption\"><em>Med buskar, en frodig ormbunke, slingrande krasse och en bollformad tuja skapas avgr\u00e4nsningar.<\/em><\/figcaption><\/figure>\n\n\n\n<p>Med enkla buskar, en frodig ormbunke, slingrande krasse och en liten bollformad tuja kan man ocks\u00e5 skapa avgr\u00e4nsningar. Trots att man kan se \u00f6ver dem f\u00e5r man en tydlig k\u00e4nsla av att den lilla sittm\u00f6beln huserar i ett alldeles eget litet tr\u00e4dg\u00e5rdsrum. Det blir mycket mer inbjudande att sl\u00e5 sig ner \u00e4n om sittgruppen hade st\u00e5tt helt \u00f6ppet. Att buskarna bakom stolarna \u00e4r h\u00f6ga g\u00f6r att man f\u00e5r ordentligt skydd i ryggen n\u00e4r man sl\u00e5r sig ner. Bild fr\u00e5n Kerstin och P\u00e4r Stav\u00e5sens tr\u00e4dg\u00e5rd i Veddige, Halland.<\/p>\n\n\n\n<figure class=\"wp-block-image size-large\"><img loading=\"lazy\" decoding=\"async\" width=\"700\" height=\"465\" src=\"https:\/\/rosenholm.se\/wp-content\/uploads\/2025\/04\/D2X_3540-700x465.jpg\" alt=\"\u00d6ppningen i h\u00e4cken l\u00e5ter ana att mer finns i rummet bortanf\u00f6r\" class=\"wp-image-13867\" srcset=\"https:\/\/rosenholm.se\/wp-content\/uploads\/2025\/04\/D2X_3540-700x465.jpg 700w, https:\/\/rosenholm.se\/wp-content\/uploads\/2025\/04\/D2X_3540-410x272.jpg 410w, https:\/\/rosenholm.se\/wp-content\/uploads\/2025\/04\/D2X_3540-390x259.jpg 390w, https:\/\/rosenholm.se\/wp-content\/uploads\/2025\/04\/D2X_3540.jpg 1024w, https:\/\/rosenholm.se\/wp-content\/uploads\/2025\/04\/D2X_3540-410x272@2x.jpg 820w, https:\/\/rosenholm.se\/wp-content\/uploads\/2025\/04\/D2X_3540-390x259@2x.jpg 780w\" sizes=\"auto, (max-width: 700px) 100vw, 700px\" \/><figcaption class=\"wp-element-caption\"><em>\u00d6ppningen i h\u00e4cken l\u00e5ter ana att mer finns i rummet bortanf\u00f6r, Boomkamps tr\u00e4dg\u00e5rdar, Holland.<\/em><\/figcaption><\/figure>\n\n\n\n<p>\u00d6ppningen i h\u00e4cken l\u00e5ter oss ana att det finns mer i rummet d\u00e4r bortanf\u00f6r, men inte vad. Det kittlar lite i magen av nyfikenhet och f\u00f6rv\u00e4ntan. Den mjukt formade stenbel\u00e4ggning som sticker ut i gr\u00e4smattan, f\u00e4rgspelet mellan r\u00f6da och gr\u00f6na bladverk, variationerna i former och utseende p\u00e5 blad och barr, allt \u00e4r s\u00e5 genomt\u00e4nkt. Boomkamps tr\u00e4dg\u00e5rdar i Holland.<\/p>\n\n\n\n<figure class=\"wp-block-image size-large\"><img loading=\"lazy\" decoding=\"async\" width=\"700\" height=\"465\" src=\"https:\/\/rosenholm.se\/wp-content\/uploads\/2025\/04\/D2X_6421-700x465.jpg\" alt=\"Genom den gr\u00f6nkl\u00e4dda porten i muren syns n\u00e4sta tr\u00e4dg\u00e5rdsrum.\" class=\"wp-image-13869\" srcset=\"https:\/\/rosenholm.se\/wp-content\/uploads\/2025\/04\/D2X_6421-700x465.jpg 700w, https:\/\/rosenholm.se\/wp-content\/uploads\/2025\/04\/D2X_6421-410x272.jpg 410w, https:\/\/rosenholm.se\/wp-content\/uploads\/2025\/04\/D2X_6421-390x259.jpg 390w, https:\/\/rosenholm.se\/wp-content\/uploads\/2025\/04\/D2X_6421.jpg 1024w, https:\/\/rosenholm.se\/wp-content\/uploads\/2025\/04\/D2X_6421-410x272@2x.jpg 820w, https:\/\/rosenholm.se\/wp-content\/uploads\/2025\/04\/D2X_6421-390x259@2x.jpg 780w\" sizes=\"auto, (max-width: 700px) 100vw, 700px\" \/><figcaption class=\"wp-element-caption\"><em>Genom den gr\u00f6nkl\u00e4dda porten i muren syns n\u00e4sta tr\u00e4dg\u00e5rdsrum. Hos Jan och Birgit Hedlund i \u00d6sterg\u00f6tland.<\/em><\/figcaption><\/figure>\n\n\n\n<p>Kika in i n\u00e4sta tr\u00e4dg\u00e5rdsrum genom den gr\u00f6nkl\u00e4dda porten i muren. Och d\u00e4r bakom finns en port till. Solen skiner igenom. Att anv\u00e4nda sig av \u00f6ppningar mellan tr\u00e4dg\u00e5rdsrum skapar f\u00f6rv\u00e4ntan och nyfikenhet. Bild fr\u00e5n Jan och Birgit Hedlunds tr\u00e4dg\u00e5rd i \u00d6sterg\u00f6tland.<\/p>\n\n\n\n<figure class=\"wp-block-image size-large\"><img loading=\"lazy\" decoding=\"async\" width=\"700\" height=\"438\" src=\"https:\/\/rosenholm.se\/wp-content\/uploads\/2025\/04\/D2X_4999-700x438.jpg\" alt=\"Trappstegsh\u00f6ga stenkanter tv\u00e4rs gr\u00e4smattan skapar dramatik och ger viss rumsbildning.\" class=\"wp-image-13879\" srcset=\"https:\/\/rosenholm.se\/wp-content\/uploads\/2025\/04\/D2X_4999-700x438.jpg 700w, https:\/\/rosenholm.se\/wp-content\/uploads\/2025\/04\/D2X_4999-410x256.jpg 410w, https:\/\/rosenholm.se\/wp-content\/uploads\/2025\/04\/D2X_4999-390x244.jpg 390w, https:\/\/rosenholm.se\/wp-content\/uploads\/2025\/04\/D2X_4999.jpg 1024w, https:\/\/rosenholm.se\/wp-content\/uploads\/2025\/04\/D2X_4999-410x256@2x.jpg 820w, https:\/\/rosenholm.se\/wp-content\/uploads\/2025\/04\/D2X_4999-390x244@2x.jpg 780w\" sizes=\"auto, (max-width: 700px) 100vw, 700px\" \/><figcaption class=\"wp-element-caption\"><em>Trappstegsh\u00f6ga stenkanter tv\u00e4rs gr\u00e4smattan skapar dramatik och ger viss rumsbildning. Hos Piet Oudolf i holl\u00e4ndska Hummelo.<\/em><\/figcaption><\/figure>\n\n\n\n<p>Hemma i holl\u00e4ndska Hummelo har den k\u00e4nde&nbsp;&nbsp;tr\u00e4dg\u00e5rdsdesignern Piet Oudolf l\u00e5tit tv\u00e5 trappstegsh\u00f6ga stenkanter l\u00f6pa tv\u00e4rs \u00f6ver gr\u00e4smattan, som d\u00e5 indelas i tre etage. Det skapar dramatik och ger viss rumsbildning. Ett effektivt knep f\u00f6r den som har en svagt sluttande gr\u00e4splan hemma.<\/p>\n\n\n\n<h5 class=\"wp-block-heading\"><a href=\"https:\/\/rosenholm.se\/?page_id=13887\" data-type=\"page\" data-id=\"13887\">Tak \u2013 tr\u00e4dkronor och pergolor<\/a><\/h5>\n","protected":false},"excerpt":{"rendered":"<p>Tr\u00e4dg\u00e5rdens innerv\u00e4ggar kan best\u00e5 av h\u00e4ckar, buskar, plank, spalj\u00e9er eller till och med perenner, allt beror p\u00e5 syftet och hur det ser ut innan. N\u00e4r man pratar om tr\u00e4dg\u00e5rdsrum t\u00e4nker&nbsp;&nbsp;sig&hellip; <\/p>\n","protected":false},"author":1,"featured_media":0,"parent":0,"menu_order":0,"comment_status":"closed","ping_status":"closed","template":"","meta":{"footnotes":""},"class_list":["post-13865","page","type-page","status-publish","hentry"],"_links":{"self":[{"href":"https:\/\/rosenholm.se\/index.php?rest_route=\/wp\/v2\/pages\/13865","targetHints":{"allow":["GET"]}}],"collection":[{"href":"https:\/\/rosenholm.se\/index.php?rest_route=\/wp\/v2\/pages"}],"about":[{"href":"https:\/\/rosenholm.se\/index.php?rest_route=\/wp\/v2\/types\/page"}],"author":[{"embeddable":true,"href":"https:\/\/rosenholm.se\/index.php?rest_route=\/wp\/v2\/users\/1"}],"replies":[{"embeddable":true,"href":"https:\/\/rosenholm.se\/index.php?rest_route=%2Fwp%2Fv2%2Fcomments&post=13865"}],"version-history":[{"count":11,"href":"https:\/\/rosenholm.se\/index.php?rest_route=\/wp\/v2\/pages\/13865\/revisions"}],"predecessor-version":[{"id":13978,"href":"https:\/\/rosenholm.se\/index.php?rest_route=\/wp\/v2\/pages\/13865\/revisions\/13978"}],"wp:attachment":[{"href":"https:\/\/rosenholm.se\/index.php?rest_route=%2Fwp%2Fv2%2Fmedia&parent=13865"}],"curies":[{"name":"wp","href":"https:\/\/api.w.org\/{rel}","templated":true}]}}