{"id":13819,"date":"2025-04-20T14:19:03","date_gmt":"2025-04-20T12:19:03","guid":{"rendered":"https:\/\/rosenholm.se\/?page_id=13819"},"modified":"2025-04-21T14:10:51","modified_gmt":"2025-04-21T12:10:51","slug":"skapa-tradgardsrum","status":"publish","type":"page","link":"https:\/\/rosenholm.se\/?page_id=13819","title":{"rendered":"SKAPA TR\u00c4DG\u00c5RDSRUM"},"content":{"rendered":"\n<p>N\u00e4r du vet var de olika funktionerna \u2013 sittplatser, kompost, lekytor med mera \u2013 ska placeras \u00e4r det dags att fundera p\u00e5 tr\u00e4dg\u00e5rdens rumsindelning. F\u00f6r det \u00e4r faktiskt s\u00e5 att de allra flesta tr\u00e4dg\u00e5rdar tj\u00e4nar p\u00e5 att delas in i rum, \u00e4ven de riktigt sm\u00e5. Ja, kanske till och med allra mest just dem. Med hj\u00e4lp av rum delar man upp tr\u00e4dg\u00e5rden p\u00e5 ett s\u00e5 naturligt s\u00e4tt som m\u00f6jligt mellan olika funktioner, alldeles som med sovrum, k\u00f6k och vardagsrum inomhus. Rummen g\u00f6r ocks\u00e5 att det k\u00e4nns st\u00f6rre \u00e4n n\u00e4r det \u00e4r helt \u00f6ppet och \u00f6verblickbart. Nyfikenheten p\u00e5 vad som d\u00f6ljer sig bakom n\u00e4sta h\u00f6rn v\u00e4cks n\u00e4r man inte ser allt p\u00e5 en g\u00e5ng. Nya bes\u00f6kare tror ofta att det finnas fler sm\u00e5, g\u00f6mda vr\u00e5r \u00e4n det verkligen g\u00f6r.<\/p>\n\n\n\n<p>Men rum i en tr\u00e4dg\u00e5rd \u00e4r \u00e4nd\u00e5 inte riktigt detsamma som rum inomhus. I en tr\u00e4dg\u00e5rd beh\u00f6ver de inte avgr\u00e4nsas med h\u00f6ga ogenomsiktliga h\u00e4ckar och plank. Det \u00e4r snarare k\u00e4nslan av att det finns \u00e5tskilda ytor som ska skapas. Ofta finns redan en naturlig rumsbildning, i form av niv\u00e5skillnader, stenblock, befintliga tr\u00e4d och framf\u00f6rallt hush\u00f6rn. Det \u00e4r den och funktionerna man ska utg\u00e5 ifr\u00e5n n\u00e4r man utformar tr\u00e4dg\u00e5rdsrum. D\u00e4rmed inte sagt att det bara kan vara en funktion i varje rum.&nbsp;<\/p>\n\n\n\n<figure class=\"wp-block-image size-large\"><img loading=\"lazy\" decoding=\"async\" width=\"700\" height=\"394\" src=\"https:\/\/rosenholm.se\/wp-content\/uploads\/2025\/04\/D2X_5758-700x394.jpg\" alt=\"I en av Mien Ruys tr\u00e4dg\u00e5rdar i Holland \u00e4r cirkeln grunden\" class=\"wp-image-13840\" srcset=\"https:\/\/rosenholm.se\/wp-content\/uploads\/2025\/04\/D2X_5758-700x394.jpg 700w, https:\/\/rosenholm.se\/wp-content\/uploads\/2025\/04\/D2X_5758-410x231.jpg 410w, https:\/\/rosenholm.se\/wp-content\/uploads\/2025\/04\/D2X_5758-390x219.jpg 390w, https:\/\/rosenholm.se\/wp-content\/uploads\/2025\/04\/D2X_5758.jpg 1024w, https:\/\/rosenholm.se\/wp-content\/uploads\/2025\/04\/D2X_5758-410x231@2x.jpg 820w, https:\/\/rosenholm.se\/wp-content\/uploads\/2025\/04\/D2X_5758-390x219@2x.jpg 780w\" sizes=\"auto, (max-width: 700px) 100vw, 700px\" \/><figcaption class=\"wp-element-caption\"><em>I en av Mien Ruys tr\u00e4dg\u00e5rdar i Holland \u00e4r cirkeln grunden f\u00f6r ett formstarkt rum.<\/em><\/figcaption><\/figure>\n\n\n\n<p>I den h\u00e4r id\u00e9tr\u00e4dg\u00e5rden, skapad 1982 i Mien Ruys tr\u00e4dg\u00e5rdar i Holland, \u00e4r cirkeln grunden f\u00f6r ett formstarkt rum. En smal plattl\u00e4ggning accentuerar formen och g\u00f6r det enkelt att h\u00e5lla efter kanten mot rabatten. Sikten in i n\u00e4sta tr\u00e4dg\u00e5rdsrum skapar s\u00e5v\u00e4l djup som f\u00f6rv\u00e4ntan inf\u00f6r vad som finns l\u00e4ngre fram. Till h\u00f6ger i f\u00f6rgrunden blommar praktrudbeckia&nbsp;<em>Rudbeckia fulgida<\/em>&nbsp;var.&nbsp;<em>speciosa<\/em>, en tacksam h\u00f6stblommande perenn.<\/p>\n\n\n\n<figure class=\"wp-block-image size-large\"><img loading=\"lazy\" decoding=\"async\" width=\"700\" height=\"472\" src=\"https:\/\/rosenholm.se\/wp-content\/uploads\/2025\/04\/D2X_6078-700x472.jpg\" alt=\"P\u00e5 bilden, fr\u00e5n Mien Ruys tr\u00e4dg\u00e5rdar i Holland, \u00e4r n\u00e4stan allt utom v\u00e4xterna fyrkantigt.\" class=\"wp-image-13841\" srcset=\"https:\/\/rosenholm.se\/wp-content\/uploads\/2025\/04\/D2X_6078-700x472.jpg 700w, https:\/\/rosenholm.se\/wp-content\/uploads\/2025\/04\/D2X_6078-410x276.jpg 410w, https:\/\/rosenholm.se\/wp-content\/uploads\/2025\/04\/D2X_6078-390x263.jpg 390w, https:\/\/rosenholm.se\/wp-content\/uploads\/2025\/04\/D2X_6078.jpg 1024w, https:\/\/rosenholm.se\/wp-content\/uploads\/2025\/04\/D2X_6078-410x276@2x.jpg 820w, https:\/\/rosenholm.se\/wp-content\/uploads\/2025\/04\/D2X_6078-390x263@2x.jpg 780w\" sizes=\"auto, (max-width: 700px) 100vw, 700px\" \/><figcaption class=\"wp-element-caption\"><em>I en annan av Mien Ruys tr\u00e4dg\u00e5rdar \u00e4r n\u00e4stan allt utom v\u00e4xterna fyrkantigt.<\/em><\/figcaption><\/figure>\n\n\n\n<p>Rektanglar och kvadrater \u00e4r utm\u00e4rkta utg\u00e5ngspunkter f\u00f6r rumsbyggen utomhus alldeles som inomhus. Allt beh\u00f6ver inte vara mjukt, runt eller slingrande, vilket varit p\u00e5 modet de senaste \u00e5ren. Med fyrkantiga former \u00e4r det enkelt att skapa en stark rumsk\u00e4nsla och mot det strikt kantiga framtr\u00e4der blommande och fritt v\u00e4xande former extra bra. P\u00e5 bilden, fr\u00e5n Mien Ruys tr\u00e4dg\u00e5rdar i Holland, \u00e4r n\u00e4stan allt utom v\u00e4xterna fyrkantigt. Den uppseendev\u00e4ckande busktr\u00e4det \u00e4r en fliksumak&nbsp;<em>Rhus typhina&nbsp;<\/em>&#8217;Dissecta&#8217;.<\/p>\n\n\n\n<h5 class=\"wp-block-heading\">Storlek och form<\/h5>\n\n\n\n<p>Hur stora ska d\u00e5 rummen g\u00f6ras? Svaret \u00e4r att det n\u00e4stan inte finns n\u00e5gra begr\u00e4nsningar, det beror p\u00e5 vad de ska vara till, men de mest anv\u00e4ndbara storlekarna ligger mellan 20 och 200 kvadratmeter. Det b\u00e4sta \u00e4r att variera. Sm\u00e5 intima rum \u00e4r mysiga och helt klart en tillg\u00e5ng. Men om tr\u00e4dg\u00e5rden enbart best\u00e5r av s\u00e5na kommer det att k\u00e4nnas bara som f\u00f6r mycket, det blir inst\u00e4ngt. Det beh\u00f6vs ett eller n\u00e5gra st\u00f6rre och \u00f6ppnare rum n\u00e5gonstans, p\u00e5 samma s\u00e4tt som en bostad k\u00e4nns mer behaglig n\u00e4r det finns \u00f6ppna ytor. Det kan vara en stor gr\u00e4splan men \u00e4ven en \u00f6ppen yta av ett inomhusrums storlek r\u00e4cker om tr\u00e4dg\u00e5rden \u00e4r v\u00e4ldigt liten. Det viktiga \u00e4r ett balanserat f\u00f6rh\u00e5llande mellan sm\u00e5 och stora rum, mellan slutet och \u00f6ppet.&nbsp;<\/p>\n\n\n\n<p>Tr\u00e4dg\u00e5rdsrum kan g\u00f6ras i vilka former som helst. De kan vara formellt uppbyggda med geometriska m\u00f6nster eller skapade i mjuka b\u00f6ljande linjer som efterliknar naturen. Vilket man \u00e4n v\u00e4ljer \u00e4r det klokast att v\u00e4lja enkelhet framf\u00f6r krusiduller. Det blir b\u00e5de mer harmoniskt och funktionellt. L\u00e5t g\u00e4rna n\u00e5gra rum i tr\u00e4dg\u00e5rden ligga i fil efter varandra. D\u00e5 f\u00e5r man genomsikt mellan dem. Det ger en k\u00e4nsla av djup och g\u00f6r tr\u00e4dg\u00e5rden intressant och sp\u00e4nnande.<\/p>\n\n\n\n<figure class=\"wp-block-image size-large\"><img loading=\"lazy\" decoding=\"async\" width=\"700\" height=\"510\" src=\"https:\/\/rosenholm.se\/wp-content\/uploads\/2025\/04\/D2X_4314-700x510.jpg\" alt=\"Ulf Nordfjell placerade g\u00e5ng och siktlinje diagonalt\" class=\"wp-image-13839\" srcset=\"https:\/\/rosenholm.se\/wp-content\/uploads\/2025\/04\/D2X_4314-700x510.jpg 700w, https:\/\/rosenholm.se\/wp-content\/uploads\/2025\/04\/D2X_4314-410x299.jpg 410w, https:\/\/rosenholm.se\/wp-content\/uploads\/2025\/04\/D2X_4314-390x284.jpg 390w, https:\/\/rosenholm.se\/wp-content\/uploads\/2025\/04\/D2X_4314.jpg 1024w, https:\/\/rosenholm.se\/wp-content\/uploads\/2025\/04\/D2X_4314-410x299@2x.jpg 820w, https:\/\/rosenholm.se\/wp-content\/uploads\/2025\/04\/D2X_4314-390x284@2x.jpg 780w\" sizes=\"auto, (max-width: 700px) 100vw, 700px\" \/><figcaption class=\"wp-element-caption\"><em>Ulf Nordfjell placerade g\u00e5ng och siktlinje diagonalt s\u00e5 att tr\u00e4dg\u00e5rden k\u00e4nns st\u00f6rre<\/em><\/figcaption><\/figure>\n\n\n\n<p>N\u00e4r Ulf Nordfjell utformade den ganska lilla radhustr\u00e4dg\u00e5rden hemma hos Agneta Sj\u00f6kvist utanf\u00f6r Stockholm anv\u00e4nde han diagonalen som g\u00e5ng och siktlinje, det g\u00f6r att tr\u00e4dg\u00e5rden k\u00e4nns st\u00f6rre. Vid ing\u00e5ngen till det stora tr\u00e4dg\u00e5rdsrummet placerade han en portal, som ger ett intryck av en gr\u00e4ns mellan tv\u00e5 olika delar. Gr\u00e4set till v\u00e4nster \u00e4r tuvr\u00f6r&nbsp;<em>Calamagrostis<\/em>&nbsp;\u00d7&nbsp;<em>acutiflora<\/em>&nbsp;&#8217;Karl Foerster&#8217;.<\/p>\n\n\n\n<h5 class=\"wp-block-heading\"><strong>En tr\u00e4dg\u00e5rd \u2013 tre rumsf\u00f6rslag&nbsp;<\/strong><\/h5>\n\n\n\n<p>En tr\u00e4dg\u00e5rd kan rumsindelas p\u00e5 n\u00e4stan o\u00e4ndligt m\u00e5nga olika s\u00e4tt. H\u00e4r visas 3 f\u00f6rslag f\u00f6r en och samma tomt:<\/p>\n\n\n\n<figure class=\"wp-block-image size-large\"><img loading=\"lazy\" decoding=\"async\" width=\"700\" height=\"716\" src=\"https:\/\/rosenholm.se\/wp-content\/uploads\/2025\/04\/Plan-A-700x716.jpg\" alt=\"Med rektangeln som grund skapas ett \u00f6ppet rum n\u00e4rmast huset.\" class=\"wp-image-13832\" srcset=\"https:\/\/rosenholm.se\/wp-content\/uploads\/2025\/04\/Plan-A-700x716.jpg 700w, https:\/\/rosenholm.se\/wp-content\/uploads\/2025\/04\/Plan-A-410x420.jpg 410w, https:\/\/rosenholm.se\/wp-content\/uploads\/2025\/04\/Plan-A-390x399.jpg 390w, https:\/\/rosenholm.se\/wp-content\/uploads\/2025\/04\/Plan-A.jpg 1024w, https:\/\/rosenholm.se\/wp-content\/uploads\/2025\/04\/Plan-A-410x420@2x.jpg 820w, https:\/\/rosenholm.se\/wp-content\/uploads\/2025\/04\/Plan-A-390x399@2x.jpg 780w\" sizes=\"auto, (max-width: 700px) 100vw, 700px\" \/><figcaption class=\"wp-element-caption\"><em>Med rektangeln som grund skapas ett \u00f6ppet rum n\u00e4rmast huset.<\/em><\/figcaption><\/figure>\n\n\n\n<p><strong><em>Plan A<\/em>: <\/strong>Med rektangeln som grund har vi skapat ett stort \u00f6ppet rum n\u00e4rmast huset. Placeringen ger ett inbjudande och trevligt intryck b\u00e5de inifr\u00e5n bostaden och fr\u00e5n uteplatsen. Den h\u00e4r indelningen skapar f\u00f6rdjupande perspektiv med sikter mellan rummen p\u00e5 flera st\u00e4llen. En f\u00f6rdel \u00e4r att det g\u00e5r att sitta p\u00e5 uteplatsen och se rakt in i det mittersta bortre rummet. Genom att placera n\u00e5got extra vackert framf\u00f6r ytterh\u00e4cken just d\u00e4r blicken faller kan vi f\u00f6rst\u00e4rka effekten av genomsikten \u00e4nnu mer.<\/p>\n\n\n\n<figure class=\"wp-block-image size-large\"><img loading=\"lazy\" decoding=\"async\" width=\"700\" height=\"716\" src=\"https:\/\/rosenholm.se\/wp-content\/uploads\/2025\/04\/Plan-B-700x716.jpg\" alt=\"Stort ovalt rum och litet cirkul\u00e4rt med diagonal sikt.\" class=\"wp-image-13833\" srcset=\"https:\/\/rosenholm.se\/wp-content\/uploads\/2025\/04\/Plan-B-700x716.jpg 700w, https:\/\/rosenholm.se\/wp-content\/uploads\/2025\/04\/Plan-B-410x420.jpg 410w, https:\/\/rosenholm.se\/wp-content\/uploads\/2025\/04\/Plan-B-390x399.jpg 390w, https:\/\/rosenholm.se\/wp-content\/uploads\/2025\/04\/Plan-B.jpg 1024w, https:\/\/rosenholm.se\/wp-content\/uploads\/2025\/04\/Plan-B-410x420@2x.jpg 820w, https:\/\/rosenholm.se\/wp-content\/uploads\/2025\/04\/Plan-B-390x399@2x.jpg 780w\" sizes=\"auto, (max-width: 700px) 100vw, 700px\" \/><figcaption class=\"wp-element-caption\"><em>Stort ovalt rum och litet cirkul\u00e4rt med diagonal sikt.<\/em><\/figcaption><\/figure>\n\n\n\n<p><strong><em>Plan B<\/em>: <\/strong>Den h\u00e4r rumsindelningen ger fria siktlinjer l\u00e4ngs tomtens diagonaler, det mest effektiva s\u00e4ttet att f\u00f6rst\u00e4rka upplevelsen av djup i tr\u00e4dg\u00e5rden. Det stora rummet ligger ocks\u00e5 h\u00e4r i direkt anslutning till uteplatsen och har formen av en oval som ligger p\u00e5 snedden. Det lilla rummet uppe till v\u00e4nster har cirkeln som grund f\u00f6r sin form. Ocks\u00e5 h\u00e4r kan man f\u00f6rst\u00e4rka den positiva effekten av genomg\u00e5ende siktlinjer genom att i de mindre rummen placera n\u00e5got vacker blickf\u00e5ng i slutet av dem. Det kan vara n\u00e4stan vad som helst: v\u00e4xter, springvatten, krukor, skulpturer eller en stol.<\/p>\n\n\n\n<figure class=\"wp-block-image size-large\"><img loading=\"lazy\" decoding=\"async\" width=\"700\" height=\"716\" src=\"https:\/\/rosenholm.se\/wp-content\/uploads\/2025\/04\/Plan-C-700x716.jpg\" alt=\"Tv\u00e5 \u00f6verlappande ovaler ger stort rum med k\u00e4nsla av tv\u00e5 mindre.\" class=\"wp-image-13834\" srcset=\"https:\/\/rosenholm.se\/wp-content\/uploads\/2025\/04\/Plan-C-700x716.jpg 700w, https:\/\/rosenholm.se\/wp-content\/uploads\/2025\/04\/Plan-C-410x420.jpg 410w, https:\/\/rosenholm.se\/wp-content\/uploads\/2025\/04\/Plan-C-390x399.jpg 390w, https:\/\/rosenholm.se\/wp-content\/uploads\/2025\/04\/Plan-C.jpg 1024w, https:\/\/rosenholm.se\/wp-content\/uploads\/2025\/04\/Plan-C-410x420@2x.jpg 820w, https:\/\/rosenholm.se\/wp-content\/uploads\/2025\/04\/Plan-C-390x399@2x.jpg 780w\" sizes=\"auto, (max-width: 700px) 100vw, 700px\" \/><figcaption class=\"wp-element-caption\"><em>Tv\u00e5 \u00f6verlappande ovaler ger stort rum med k\u00e4nsla av tv\u00e5 mindre.<\/em><\/figcaption><\/figure>\n\n\n\n<p><strong><em>Plan C<\/em>: <\/strong>Ett riktigt stort vardagsrum delvis uppdelat i tv\u00e5 delar best\u00e5r den h\u00e4r tr\u00e4dg\u00e5rden av. Man f\u00e5r en rej\u00e4l \u00f6ppen yta, men \u00e4nd\u00e5 en k\u00e4nsla av att vara i omslutande, mindre rum i de tv\u00e5 tomth\u00f6rnen. Formerna utg\u00e5r fr\u00e5n tv\u00e5 lika stora ovaler som \u00f6verlappar varandra lite grann. Tr\u00e4dg\u00e5rdens b\u00e5da diagonaler betonas vilket framh\u00e4ver intrycket av djup. Med n\u00e5got vackert att titta p\u00e5 i tomth\u00f6rnen f\u00f6rst\u00e4rks effekten ytterligare.<\/p>\n\n\n\n<h5 class=\"wp-block-heading\"><a href=\"https:\/\/rosenholm.se\/?page_id=13865\" data-type=\"page\" data-id=\"13865\">Innerv\u00e4ggar ger m\u00e5nga m\u00f6jligheter<\/a><\/h5>\n\n\n\n<p><\/p>\n","protected":false},"excerpt":{"rendered":"<p>N\u00e4r du vet var de olika funktionerna \u2013 sittplatser, kompost, lekytor med mera \u2013 ska placeras \u00e4r det dags att fundera p\u00e5 tr\u00e4dg\u00e5rdens rumsindelning. F\u00f6r det \u00e4r faktiskt s\u00e5 att&hellip; <\/p>\n","protected":false},"author":1,"featured_media":0,"parent":0,"menu_order":0,"comment_status":"closed","ping_status":"closed","template":"","meta":{"footnotes":""},"class_list":["post-13819","page","type-page","status-publish","hentry"],"_links":{"self":[{"href":"https:\/\/rosenholm.se\/index.php?rest_route=\/wp\/v2\/pages\/13819","targetHints":{"allow":["GET"]}}],"collection":[{"href":"https:\/\/rosenholm.se\/index.php?rest_route=\/wp\/v2\/pages"}],"about":[{"href":"https:\/\/rosenholm.se\/index.php?rest_route=\/wp\/v2\/types\/page"}],"author":[{"embeddable":true,"href":"https:\/\/rosenholm.se\/index.php?rest_route=\/wp\/v2\/users\/1"}],"replies":[{"embeddable":true,"href":"https:\/\/rosenholm.se\/index.php?rest_route=%2Fwp%2Fv2%2Fcomments&post=13819"}],"version-history":[{"count":12,"href":"https:\/\/rosenholm.se\/index.php?rest_route=\/wp\/v2\/pages\/13819\/revisions"}],"predecessor-version":[{"id":13886,"href":"https:\/\/rosenholm.se\/index.php?rest_route=\/wp\/v2\/pages\/13819\/revisions\/13886"}],"wp:attachment":[{"href":"https:\/\/rosenholm.se\/index.php?rest_route=%2Fwp%2Fv2%2Fmedia&parent=13819"}],"curies":[{"name":"wp","href":"https:\/\/api.w.org\/{rel}","templated":true}]}}