{"id":13729,"date":"2025-04-19T14:10:05","date_gmt":"2025-04-19T12:10:05","guid":{"rendered":"https:\/\/rosenholm.se\/?page_id=13729"},"modified":"2025-04-20T11:25:42","modified_gmt":"2025-04-20T09:25:42","slug":"allt-ska-ha-sin-plats","status":"publish","type":"page","link":"https:\/\/rosenholm.se\/?page_id=13729","title":{"rendered":"Allt ska ha sin plats"},"content":{"rendered":"\n<p>N\u00e4r du \u00e4r p\u00e5 det klara med dina dr\u00f6mmar \u00e4r det dags att j\u00e4mf\u00f6ra med verkligheten. Vad beh\u00f6vs i tr\u00e4dg\u00e5rden f\u00f6r att vardagslivet ska bli enkelt och alla i familjen hyggligt n\u00f6jda? Vi kan kalla det funktioner. De flesta beh\u00f6ver plats f\u00f6r parkering, uteplats och kompost. Har du barn kanske gungor, sandl\u00e5da och lekstuga ocks\u00e5 st\u00e5r h\u00f6gt i kurs. Det kan dessutom beh\u00f6vas ett f\u00f6rr\u00e5d, en torkvinda att h\u00e4nga tv\u00e4tt p\u00e5 eller en friggebod f\u00f6r hobbies och \u00f6vernattande g\u00e4ster? Var ska de ligga? F\u00e5r det plats?<\/p>\n\n\n\n<figure class=\"wp-block-image size-large\"><img loading=\"lazy\" decoding=\"async\" width=\"700\" height=\"438\" src=\"https:\/\/rosenholm.se\/wp-content\/uploads\/2025\/04\/D2X_6965-700x438.jpg\" alt=\"Ekologiska pooler \u00e4r milj\u00f6v\u00e4nliga och sm\u00e4lter in bra\" class=\"wp-image-13756\" srcset=\"https:\/\/rosenholm.se\/wp-content\/uploads\/2025\/04\/D2X_6965-700x438.jpg 700w, https:\/\/rosenholm.se\/wp-content\/uploads\/2025\/04\/D2X_6965-410x256.jpg 410w, https:\/\/rosenholm.se\/wp-content\/uploads\/2025\/04\/D2X_6965-390x244.jpg 390w, https:\/\/rosenholm.se\/wp-content\/uploads\/2025\/04\/D2X_6965.jpg 1024w, https:\/\/rosenholm.se\/wp-content\/uploads\/2025\/04\/D2X_6965-410x256@2x.jpg 820w, https:\/\/rosenholm.se\/wp-content\/uploads\/2025\/04\/D2X_6965-390x244@2x.jpg 780w\" sizes=\"auto, (max-width: 700px) 100vw, 700px\" \/><figcaption class=\"wp-element-caption\"><em>Ekologiska pooler \u00e4r milj\u00f6v\u00e4nliga och sm\u00e4lter in bra. Familjen Weiss pool i St. Johann i \u00d6sterrike.<\/em><\/figcaption><\/figure>\n\n\n\n<p>Pool i tr\u00e4dg\u00e5rden \u00e4r ingen n\u00f6dv\u00e4ndighet, men kul f\u00f6r den som har tid och plats. Men de \u00e4r inte helt l\u00e4tta att passa in i omgivningen. Ekologiska pooler anv\u00e4nds \u00e4nnu inte mycket i Sverige. Tyv\u00e4rr. De \u00e4r b\u00e5de milj\u00f6v\u00e4nliga och sm\u00e4lter in bra. Damm och pool ska uppta ungef\u00e4r lika stor yta var f\u00f6r att den&nbsp;biologiska&nbsp;reningen, som sk\u00f6ts av v\u00e4xter och mikroorganismer, ska bli optimal. Ett litet springvatten som \u00f6kar syrehalten ing\u00e5r. H\u00f6stbilden \u00e4r fr\u00e5n familjen Weiss pool i St. Johann i \u00d6sterrike.<\/p>\n\n\n\n<h5 class=\"wp-block-heading\">F\u00e5r det plats?<\/h5>\n\n\n\n<p>Ett bra s\u00e4tt att prova sig fram \u00e4r att klippa ut sm\u00e5 papperslappar som symboler f\u00f6r de olika funktionerna och flytta runt dem p\u00e5 en tomtkarta. G\u00f6r lapparna ungef\u00e4r lika stora som det utrymme de kommer att uppta p\u00e5 kartan. Placera ut allt som \u00e4r n\u00f6dv\u00e4ndigt och se sedan efter vilka ytor som blir \u00f6ver f\u00f6r det d\u00e4r lilla extra du vill ha, tr\u00e4dg\u00e5rdsdammen, rosentr\u00e4dg\u00e5rden eller woodlandet.<\/p>\n\n\n\n<p>Antagligen kommer du inte att f\u00e5 rum med allt utan blir tvungen att v\u00e4lja bort, det \u00e4r b\u00e4ttre \u00e4n att \u00f6verlasta tr\u00e4dg\u00e5rden. Om man tr\u00e4nger ihop f\u00f6r mycket blir det inte s\u00e4rskilt hemtrevligt, alldeles som i ett hem med sm\u00e5 och \u00f6verbelamrade rum.&nbsp;<\/p>\n\n\n\n<p>N\u00e4r man planerar \u00e4r det l\u00e4tt att misstr\u00f6sta och tycka att det inte blir mycket utrymme kvar f\u00f6r dr\u00f6mmarna. Kom d\u00e5 ih\u00e5g att storleken inte spelar n\u00e5gon roll. Det \u00e4r till och med l\u00e4ttare att f\u00e5 till en riktigt bra tr\u00e4dg\u00e5rd p\u00e5 liten yta. Nackdelen \u00e4r bara att man \u00e4r tvungen att prioritera h\u00e5rdare och v\u00e4lja bort mer.<\/p>\n\n\n\n<p>Ta vara p\u00e5 de platser du har. En yta beh\u00f6ver inte g\u00f6ras tr\u00e5kig bara f\u00f6r att den anv\u00e4nds f\u00f6r en n\u00f6dv\u00e4ndig funktion, tv\u00e4rtom. Kl\u00e4 in komposten i ett vackert buskage, g\u00f6r en minitr\u00e4dg\u00e5rd runt lekstugan och rama in parkeringen med vackra v\u00e4xter och tr\u00e4d. En friggebods- eller f\u00f6rr\u00e5dsv\u00e4gg kan vara utm\u00e4rkt att sl\u00e4ppa upp kl\u00e4ngande, h\u00e4rdiga vinrankor i, kanske med n\u00e5gra aromatiska kryddv\u00e4xter vid dess f\u00f6tter. Eller om du dr\u00f6mmer om en rosentr\u00e4dg\u00e5rd varf\u00f6r inte kl\u00e4 in ett f\u00f6rr\u00e5d eller baksidan p\u00e5 garaget i rosor.&nbsp;<\/p>\n\n\n\n<figure class=\"wp-block-image size-large\"><img loading=\"lazy\" decoding=\"async\" width=\"700\" height=\"875\" src=\"https:\/\/rosenholm.se\/wp-content\/uploads\/2025\/04\/D2X_9569-700x875.jpg\" alt=\"Litet f\u00f6rr\u00e5d i Chelsea Flower Show 2007.\" class=\"wp-image-13757\" srcset=\"https:\/\/rosenholm.se\/wp-content\/uploads\/2025\/04\/D2X_9569-700x875.jpg 700w, https:\/\/rosenholm.se\/wp-content\/uploads\/2025\/04\/D2X_9569-410x513.jpg 410w, https:\/\/rosenholm.se\/wp-content\/uploads\/2025\/04\/D2X_9569-390x488.jpg 390w, https:\/\/rosenholm.se\/wp-content\/uploads\/2025\/04\/D2X_9569.jpg 1024w, https:\/\/rosenholm.se\/wp-content\/uploads\/2025\/04\/D2X_9569-410x513@2x.jpg 820w, https:\/\/rosenholm.se\/wp-content\/uploads\/2025\/04\/D2X_9569-390x488@2x.jpg 780w\" sizes=\"auto, (max-width: 700px) 100vw, 700px\" \/><figcaption class=\"wp-element-caption\"><em>Litet f\u00f6rr\u00e5d i tr\u00e4dg\u00e5rden \u201cMoving On\u201d, Chelsea Flower Show 2007.<\/em><\/figcaption><\/figure>\n\n\n\n<p>Praktiska byggnader beh\u00f6ver inte vara tr\u00e5kiga. Inspireras av engelsm\u00e4nnens makal\u00f6sa f\u00f6rm\u00e5ga att skapa trevnad. L\u00e5t det lilla f\u00f6rr\u00e5det omges av gr\u00f6nsaker, b\u00e4r och blommande v\u00e4xter. Bild fr\u00e5n tr\u00e4dg\u00e5rden \u201cMoving On\u201d, Chelsea Flower Show 2007.<\/p>\n\n\n\n<h5 class=\"wp-block-heading\">Platsens sj\u00e4l<\/h5>\n\n\n\n<p>Att hitta platsens sj\u00e4l brukar man prata om inom tr\u00e4dg\u00e5rdsdesign. Med det menas i stort sett att man utg\u00e5r fr\u00e5n det man har och g\u00f6r det b\u00e4sta av f\u00f6ruts\u00e4ttningarna p\u00e5 platsen i st\u00e4llet f\u00f6r att g\u00f6ra n\u00e5got som g\u00e5r stick i st\u00e4v. Det blir mycket enklare, roligare och b\u00e4ttre d\u00e5.&nbsp;<\/p>\n\n\n\n<p>G\u00e5 runt i din tr\u00e4dg\u00e5rd och f\u00f6rs\u00f6k att hitta dess sj\u00e4l. Kanske l\u00e4ttare sagt \u00e4n gjort, men ta den tid som beh\u00f6vs. Vilken sorts tr\u00e4dg\u00e5rd passar ihop med huset, jorden, klimatet och omgivningarna? Vad \u00e4r bra och vad \u00e4r d\u00e5ligt, vad ska framh\u00e4vas och vad ska tonas ner eller d\u00f6ljas? Ibland kan det vara s\u00e5 att n\u00e5got man f\u00f6rst tycker \u00e4r en nackdel enkelt kan g\u00f6ras om till en f\u00f6rdel. En starkt lutande tomt kan verka besv\u00e4rlig, men med terrassering blir det b\u00e5de sp\u00e4nnande och ombonat. En tr\u00e4dg\u00e5rd som sluttar mot norr tycker m\u00e5nga \u00e4r ett problem, men det \u00e4r tv\u00e4rtom. Med frodiga skugg\u00e4lskande perenner f\u00f6rvandlas det till en lummig oas.&nbsp;<\/p>\n\n\n\n<figure class=\"wp-block-image size-large\"><img loading=\"lazy\" decoding=\"async\" width=\"700\" height=\"700\" src=\"https:\/\/rosenholm.se\/wp-content\/uploads\/2025\/04\/D2X_3327-700x700.jpg\" alt=\"En enkel b\u00e5gformad sittplats i gr\u00e4nsen mellan vild natur och tr\u00e4dg\u00e5rd\" class=\"wp-image-13747\" srcset=\"https:\/\/rosenholm.se\/wp-content\/uploads\/2025\/04\/D2X_3327-700x700.jpg 700w, https:\/\/rosenholm.se\/wp-content\/uploads\/2025\/04\/D2X_3327-410x410.jpg 410w, https:\/\/rosenholm.se\/wp-content\/uploads\/2025\/04\/D2X_3327-390x390.jpg 390w, https:\/\/rosenholm.se\/wp-content\/uploads\/2025\/04\/D2X_3327-330x330.jpg 330w, https:\/\/rosenholm.se\/wp-content\/uploads\/2025\/04\/D2X_3327.jpg 1024w, https:\/\/rosenholm.se\/wp-content\/uploads\/2025\/04\/D2X_3327-410x410@2x.jpg 820w, https:\/\/rosenholm.se\/wp-content\/uploads\/2025\/04\/D2X_3327-390x390@2x.jpg 780w\" sizes=\"auto, (max-width: 700px) 100vw, 700px\" \/><figcaption class=\"wp-element-caption\"><em>En enkel b\u00e5gformad sittplats i gr\u00e4nsen mellan vild natur och tr\u00e4dg\u00e5rd hos Maud och G\u00f6ran Persson utanf\u00f6r Hudiksvall.<\/em><\/figcaption><\/figure>\n\n\n\n<p>Man ska inte k\u00e4mpa emot naturen utan anpassa sig. D\u00e5 blir det b\u00e5de trevligt och l\u00e4ttsamt. Hemma hos Maud och G\u00f6ran Persson utanf\u00f6r Hudiksvall \u00e4r en enkel b\u00e5gformad sittplats placerad i gr\u00e4nsen mellan den vilda naturen och tr\u00e4dg\u00e5rden. Tr\u00e4dg\u00e5rdsv\u00e4xter frodas sida vid sida med bl\u00e5b\u00e4rs- och lingonris. Graci\u00f6st b\u00f6jer sig bergbambum&nbsp;<em>Fargesia murielae<\/em>&nbsp;ner \u00f6ver funkiorna.<\/p>\n\n\n\n<figure class=\"wp-block-image size-large\"><img loading=\"lazy\" decoding=\"async\" width=\"700\" height=\"875\" src=\"https:\/\/rosenholm.se\/wp-content\/uploads\/2025\/04\/D3R_3407-700x875.jpg\" alt=\"V\u00e4xter som gillar l\u00e4get p\u00e5 bergh\u00e4ll\" class=\"wp-image-13753\" srcset=\"https:\/\/rosenholm.se\/wp-content\/uploads\/2025\/04\/D3R_3407-700x875.jpg 700w, https:\/\/rosenholm.se\/wp-content\/uploads\/2025\/04\/D3R_3407-410x513.jpg 410w, https:\/\/rosenholm.se\/wp-content\/uploads\/2025\/04\/D3R_3407-390x488.jpg 390w, https:\/\/rosenholm.se\/wp-content\/uploads\/2025\/04\/D3R_3407.jpg 1024w, https:\/\/rosenholm.se\/wp-content\/uploads\/2025\/04\/D3R_3407-410x513@2x.jpg 820w, https:\/\/rosenholm.se\/wp-content\/uploads\/2025\/04\/D3R_3407-390x488@2x.jpg 780w\" sizes=\"auto, (max-width: 700px) 100vw, 700px\" \/><figcaption class=\"wp-element-caption\"><em>V\u00e4xter som gillar l\u00e4get p\u00e5 bergh\u00e4ll hos Karin Wilhelmssons i Vidja s\u00f6der om Stockholm. <\/em><\/figcaption><\/figure>\n\n\n\n<p>Bor du p\u00e5 en bergh\u00e4ll? Inga problem. Det finns inga d\u00e5liga platser f\u00f6r tr\u00e4dg\u00e5rdar, bara mindre bra s\u00e4tt att anpassa sig till milj\u00f6n. V\u00e4lj v\u00e4xter som gillar l\u00e4get, d\u00e5 blir det lika l\u00e4ckert som hos Karin Wilhelmssons i Vidja s\u00f6der om Stockholm. I bilden g\u00e5r det att hitta bland annat backtimjan&nbsp;<em>Thymus serpyllum<\/em>, bergnejlika&nbsp;<em>Dianthus gratianopolitanus<\/em>, broklewisia&nbsp;<em>Lewisia Cotyledon och<\/em>&nbsp;mossflox&nbsp;<em>Phlox subulata<\/em>.<\/p>\n\n\n\n<figure class=\"wp-block-image size-large\"><img loading=\"lazy\" decoding=\"async\" width=\"700\" height=\"933\" src=\"https:\/\/rosenholm.se\/wp-content\/uploads\/2025\/04\/D3R_4178-700x933.jpg\" alt=\"Terrasser och trappa i blandade material och formstarka v\u00e4xter\" class=\"wp-image-13754\" srcset=\"https:\/\/rosenholm.se\/wp-content\/uploads\/2025\/04\/D3R_4178-700x933.jpg 700w, https:\/\/rosenholm.se\/wp-content\/uploads\/2025\/04\/D3R_4178-410x547.jpg 410w, https:\/\/rosenholm.se\/wp-content\/uploads\/2025\/04\/D3R_4178-390x520.jpg 390w, https:\/\/rosenholm.se\/wp-content\/uploads\/2025\/04\/D3R_4178.jpg 1024w, https:\/\/rosenholm.se\/wp-content\/uploads\/2025\/04\/D3R_4178-410x547@2x.jpg 820w, https:\/\/rosenholm.se\/wp-content\/uploads\/2025\/04\/D3R_4178-390x520@2x.jpg 780w\" sizes=\"auto, (max-width: 700px) 100vw, 700px\" \/><figcaption class=\"wp-element-caption\"><em>Terrasser och trappa i blandade material och formstarka v\u00e4xter, Wickham Lodge i Kent.<\/em><\/figcaption><\/figure>\n\n\n\n<p>Hu s\u00e5 hemskt, vad ska man g\u00f6ra med en kraftigt sluttande tr\u00e4dg\u00e5rd? \u00c4r man s\u00e5 lyckligt lottad ska man&nbsp;g\u00f6ra en dygd av n\u00f6dv\u00e4ndigheten,&nbsp;terrassera, skapa tr\u00e4dg\u00e5rdsrum och sp\u00e4nning. Om man sedan fr\u00e4ckt blandar olika material, anv\u00e4nder v\u00e4xter med starka former och \u00e4r allm\u00e4nt p\u00e5hittig kan det bli lika charmigt som h\u00e4r p\u00e5 Wickham Lodge i Kent, England.<\/p>\n\n\n\n<h5 class=\"wp-block-heading\"><strong>Att t\u00e4nka p\u00e5 f\u00f6r nya tr\u00e4dg\u00e5rds\u00e4gare<\/strong><\/h5>\n\n\n\n<p>Du flyttar in i ett nytt hus. Kartongerna st\u00e5r fortfarande staplade efter v\u00e4ggarna. En promenad i tr\u00e4dg\u00e5rden g\u00f6r att allt k\u00e4nns l\u00e4ttare. Du fr\u00e5gar dig om det finns det n\u00e5gra trevliga projekt att ta tag i, men vet inte var du ska b\u00f6rja. Det \u00e4r lugnt. G\u00f6r inget f\u00f6rsta \u00e5ret. Dels m\u00e5ste man f\u00f6lja en \u00e5rscykel f\u00f6r att se vad som finns, dels beh\u00f6ver intrycken sm\u00e4lta in. Framf\u00f6rallt, kapa inte ner tr\u00e4d i on\u00f6dan! De g\u00e5r fort att ta bort, men decennier att f\u00e5 tillbaka. Ta ist\u00e4llet den tid du beh\u00f6ver och fundera \u00f6ver f\u00f6ljande:<\/p>\n\n\n\n<ul class=\"wp-block-list\">\n<li><strong>Huset<\/strong>. Var g\u00e5r man ut och in? Beh\u00f6vs det nya trappor, g\u00e5ngar eller uteplatser?<\/li>\n\n\n\n<li><strong>Tomtstorlek<\/strong>. Vilka funktioner vill du ha? Vad f\u00e5r plats? Var?<\/li>\n\n\n\n<li><strong>Vindf\u00f6rh\u00e5llanden<\/strong>. Var bl\u00e5ser det oftast fr\u00e5n? Finns det skydd eller beh\u00f6vs n\u00e5got?<\/li>\n\n\n\n<li><strong>Utsikter och insyn<\/strong>. Finns det vackra utsikter som ska bevaras och utvecklas, eller&nbsp;&nbsp;motsatsen, beh\u00f6ver n\u00e5got i omgivningen d\u00f6ljas?<\/li>\n\n\n\n<li><strong>Jord<\/strong>. Vilken typ av jord \u00e4r det? Vilka v\u00e4xter kan trivas? Beh\u00f6vs ny jord n\u00e5gonstans?<\/li>\n\n\n\n<li><strong>Topografi, nord- och sydl\u00e4gen<\/strong>. Vilka v\u00e4xter passar var?<\/li>\n\n\n\n<li><strong>Odlingszon<\/strong>. Vilka v\u00e4xter g\u00e5r att odla d\u00e4r du bor? Kan du g\u00f6ra f\u00f6rb\u00e4ttringar som g\u00f6r det l\u00e4ttare f\u00f6r dem att klara sig?<\/li>\n\n\n\n<li><strong>Ljus och skugga<\/strong>. Hur faller ljuset olika tider p\u00e5 dygnet? S\u00f6k bra placeringar p\u00e5 till exempel uteplatser och skuggrabatter.<\/li>\n\n\n\n<li><strong>Befintliga g\u00e5ngar och uteplatser<\/strong>. Beh\u00f6vs det fler? Var ska nya placeras?<\/li>\n\n\n\n<li><strong>Befintliga v\u00e4xter<\/strong>. Vad ska vara kvar, vilka beh\u00f6ver flyttas och vilka h\u00f6r hemma i komposten?<\/li>\n<\/ul>\n\n\n\n<h5 class=\"wp-block-heading\"><a href=\"https:\/\/rosenholm.se\/?page_id=13759\" data-type=\"page\" data-id=\"13759\">Skapa ytterv\u00e4ggar<\/a><\/h5>\n","protected":false},"excerpt":{"rendered":"<p>N\u00e4r du \u00e4r p\u00e5 det klara med dina dr\u00f6mmar \u00e4r det dags att j\u00e4mf\u00f6ra med verkligheten. Vad beh\u00f6vs i tr\u00e4dg\u00e5rden f\u00f6r att vardagslivet ska bli enkelt och alla i familjen&hellip; <\/p>\n","protected":false},"author":1,"featured_media":0,"parent":0,"menu_order":0,"comment_status":"closed","ping_status":"closed","template":"","meta":{"footnotes":""},"class_list":["post-13729","page","type-page","status-publish","hentry"],"_links":{"self":[{"href":"https:\/\/rosenholm.se\/index.php?rest_route=\/wp\/v2\/pages\/13729","targetHints":{"allow":["GET"]}}],"collection":[{"href":"https:\/\/rosenholm.se\/index.php?rest_route=\/wp\/v2\/pages"}],"about":[{"href":"https:\/\/rosenholm.se\/index.php?rest_route=\/wp\/v2\/types\/page"}],"author":[{"embeddable":true,"href":"https:\/\/rosenholm.se\/index.php?rest_route=\/wp\/v2\/users\/1"}],"replies":[{"embeddable":true,"href":"https:\/\/rosenholm.se\/index.php?rest_route=%2Fwp%2Fv2%2Fcomments&post=13729"}],"version-history":[{"count":7,"href":"https:\/\/rosenholm.se\/index.php?rest_route=\/wp\/v2\/pages\/13729\/revisions"}],"predecessor-version":[{"id":13815,"href":"https:\/\/rosenholm.se\/index.php?rest_route=\/wp\/v2\/pages\/13729\/revisions\/13815"}],"wp:attachment":[{"href":"https:\/\/rosenholm.se\/index.php?rest_route=%2Fwp%2Fv2%2Fmedia&parent=13729"}],"curies":[{"name":"wp","href":"https:\/\/api.w.org\/{rel}","templated":true}]}}