{"id":13577,"date":"2022-12-18T20:58:25","date_gmt":"2022-12-18T19:58:25","guid":{"rendered":"https:\/\/rosenholm.se\/?page_id=13577"},"modified":"2022-12-19T20:28:31","modified_gmt":"2022-12-19T19:28:31","slug":"vatten-vatten-bara-vanligt-vatten","status":"publish","type":"page","link":"https:\/\/rosenholm.se\/?page_id=13577","title":{"rendered":"Vatten, vatten, bara vanligt vatten"},"content":{"rendered":"<p><strong>Skvalande vatten, dammar, str\u00f6mmande kanaler, vattentrappor, en kanna i betong, vippande pirayor och f\u00e5glar av takpl\u00e5t. Som en vattenpark i miniatyr, mitt bland norrl\u00e4ndska sj\u00f6ar och skogar.<\/strong><\/p>\n<div id=\"attachment_13579\" style=\"width: 710px\" class=\"wp-caption alignnone\"><img loading=\"lazy\" decoding=\"async\" aria-describedby=\"caption-attachment-13579\" class=\"size-large wp-image-13579\" src=\"https:\/\/rosenholm.se\/wp-content\/uploads\/2022\/12\/D3X_9310-700x525.jpg\" alt=\"Den stora dammen, med vattenkannan i betong och guppande vettar, var Bos f\u00f6rsta.\" width=\"700\" height=\"525\" srcset=\"https:\/\/rosenholm.se\/wp-content\/uploads\/2022\/12\/D3X_9310-700x525.jpg 700w, https:\/\/rosenholm.se\/wp-content\/uploads\/2022\/12\/D3X_9310-410x308.jpg 410w, https:\/\/rosenholm.se\/wp-content\/uploads\/2022\/12\/D3X_9310-390x293.jpg 390w, https:\/\/rosenholm.se\/wp-content\/uploads\/2022\/12\/D3X_9310.jpg 1024w, https:\/\/rosenholm.se\/wp-content\/uploads\/2022\/12\/D3X_9310-410x308@2x.jpg 820w, https:\/\/rosenholm.se\/wp-content\/uploads\/2022\/12\/D3X_9310-390x293@2x.jpg 780w\" sizes=\"auto, (max-width: 700px) 100vw, 700px\" \/><p id=\"caption-attachment-13579\" class=\"wp-caption-text\">Den stora dammen, med vattenkannan i betong och guppande vettar, var Bos f\u00f6rsta.<\/p><\/div>\n<p><em>Text och bild: Dan Rosenholm<\/em><\/p>\n<p>Byn heter Lomsj\u00f6, vi befinner oss p\u00e5 en g\u00e5rd i s\u00f6dra Lappland med \u00c5sele som n\u00e4rmaste centralort. I riktning mot sj\u00f6n i v\u00e4ster breder \u00e5kermarken ut sig, men skogen \u00e4r aldrig l\u00e5ngt borta. Det var fr\u00e5n en vattentr\u00e4dg\u00e5rd i Yxskaftk\u00e4len utanf\u00f6r Str\u00f6msund, dussinet mil bort, som inspirationen kom. Bo H\u00e5kansson ber\u00e4ttar:<\/p>\n<p>\u2013 Tankeverksamheten startade med en broschyr fr\u00e5n Yxskaftk\u00e4len. Allra f\u00f6rst byggde jag en stor damm. Men, t\u00e4nkte jag, med en mindre damm h\u00f6gre upp kan jag f\u00e5 till ett kraftigare vattenfl\u00f6de.<\/p>\n<div id=\"attachment_13598\" style=\"width: 710px\" class=\"wp-caption alignnone\"><img loading=\"lazy\" decoding=\"async\" aria-describedby=\"caption-attachment-13598\" class=\"size-large wp-image-13598\" src=\"https:\/\/rosenholm.se\/wp-content\/uploads\/2022\/12\/DSC08621-700x467.jpg\" alt=\"Kopparfiskarna \u00e4r tr\u00e4dg\u00e5rdens exklusivaste vattenskulptur med stiliserade pirayor som \u00f6msom vattenfylls och \u00f6msom t\u00f6mmer sig.\" width=\"700\" height=\"467\" srcset=\"https:\/\/rosenholm.se\/wp-content\/uploads\/2022\/12\/DSC08621-700x467.jpg 700w, https:\/\/rosenholm.se\/wp-content\/uploads\/2022\/12\/DSC08621-410x273.jpg 410w, https:\/\/rosenholm.se\/wp-content\/uploads\/2022\/12\/DSC08621-390x260.jpg 390w, https:\/\/rosenholm.se\/wp-content\/uploads\/2022\/12\/DSC08621.jpg 1024w, https:\/\/rosenholm.se\/wp-content\/uploads\/2022\/12\/DSC08621-410x273@2x.jpg 820w, https:\/\/rosenholm.se\/wp-content\/uploads\/2022\/12\/DSC08621-390x260@2x.jpg 780w\" sizes=\"auto, (max-width: 700px) 100vw, 700px\" \/><p id=\"caption-attachment-13598\" class=\"wp-caption-text\">Kopparfiskarna \u00e4r tr\u00e4dg\u00e5rdens exklusivaste vattenskulptur med stiliserade pirayor som \u00f6msom vattenfylls och \u00f6msom t\u00f6mmer sig.<\/p><\/div>\n<h5>Vattentrappa, fiskar och f\u00e5glar<\/h5>\n<div id=\"attachment_13596\" style=\"width: 420px\" class=\"wp-caption alignright\"><img loading=\"lazy\" decoding=\"async\" aria-describedby=\"caption-attachment-13596\" class=\"size-medium wp-image-13596\" src=\"https:\/\/rosenholm.se\/wp-content\/uploads\/2022\/12\/D3X_9479-1-410x615.jpg\" alt=\"Med hj\u00e4lp av singel, gips, en plastform och en cylinder g\u00f6ts vattentrappan i betong.\" width=\"410\" height=\"615\" srcset=\"https:\/\/rosenholm.se\/wp-content\/uploads\/2022\/12\/D3X_9479-1-410x615.jpg 410w, https:\/\/rosenholm.se\/wp-content\/uploads\/2022\/12\/D3X_9479-1-467x700.jpg 467w, https:\/\/rosenholm.se\/wp-content\/uploads\/2022\/12\/D3X_9479-1-390x585.jpg 390w, https:\/\/rosenholm.se\/wp-content\/uploads\/2022\/12\/D3X_9479-1.jpg 683w\" sizes=\"auto, (max-width: 410px) 100vw, 410px\" \/><p id=\"caption-attachment-13596\" class=\"wp-caption-text\">Med hj\u00e4lp av singel, gips, en plastform och en cylinder g\u00f6ts vattentrappan i betong.<\/p><\/div>\n<p>Systemet v\u00e4xte med kanaler i betong och mindre vattenfall. Bo g\u00f6t sk\u00e5lformade trappsteg som tr\u00e4ddes kring ett rej\u00e4lt, rostfritt r\u00f6r, en imponerande vattentrappa v\u00e4xte fram. Men han ville mer. Snart kom tr\u00e4dg\u00e5rdens mest exklusiva vattenskulptur, de vippande fiskarna, till.<\/p>\n<p>\u2013 N\u00e4r man inriktar tankarna mot ett visst h\u00e5ll suger man upp id\u00e9er. Den h\u00e4r var japansk, de klassiska vippande bambur\u00f6ren Jag ville anv\u00e4nda metallfiskar ist\u00e4llet och byggde prototyper. Sv\u00e5righeten l\u00e5g i att hitta balanspunkterna s\u00e5 att vattenfyllning och t\u00f6mning fungerade.<\/p>\n<div id=\"attachment_13582\" style=\"width: 710px\" class=\"wp-caption alignnone\"><img loading=\"lazy\" decoding=\"async\" aria-describedby=\"caption-attachment-13582\" class=\"size-large wp-image-13582\" src=\"https:\/\/rosenholm.se\/wp-content\/uploads\/2022\/12\/D3X_9490-700x467.jpg\" alt=\"Det \u00e4r mycket man kan g\u00f6ra inomhus p\u00e5 vintern, s\u00e4ger Bo. Den gjutna vattenkannan kom till ett par \u00e5r efter dammen.\" width=\"700\" height=\"467\" srcset=\"https:\/\/rosenholm.se\/wp-content\/uploads\/2022\/12\/D3X_9490-700x467.jpg 700w, https:\/\/rosenholm.se\/wp-content\/uploads\/2022\/12\/D3X_9490-410x273.jpg 410w, https:\/\/rosenholm.se\/wp-content\/uploads\/2022\/12\/D3X_9490-390x260.jpg 390w, https:\/\/rosenholm.se\/wp-content\/uploads\/2022\/12\/D3X_9490.jpg 1024w, https:\/\/rosenholm.se\/wp-content\/uploads\/2022\/12\/D3X_9490-410x273@2x.jpg 820w, https:\/\/rosenholm.se\/wp-content\/uploads\/2022\/12\/D3X_9490-390x260@2x.jpg 780w\" sizes=\"auto, (max-width: 700px) 100vw, 700px\" \/><p id=\"caption-attachment-13582\" class=\"wp-caption-text\">Det \u00e4r mycket man kan g\u00f6ra inomhus p\u00e5 vintern, s\u00e4ger Bo. Den gjutna vattenkannan kom till ett par \u00e5r efter dammen.<\/p><\/div>\n<div id=\"attachment_13605\" style=\"width: 420px\" class=\"wp-caption alignright\"><img loading=\"lazy\" decoding=\"async\" aria-describedby=\"caption-attachment-13605\" class=\"size-medium wp-image-13605\" src=\"https:\/\/rosenholm.se\/wp-content\/uploads\/2022\/12\/D3X_9449-1-410x547.jpg\" alt=\"Mellan dammarna rinner kanaler. Framf\u00f6rallt i b\u00f6rjan g\u00f6t Bo dem i betong. Till skillnad mot dammduk l\u00e4cker de h\u00f6gst m\u00e5ttligt.\" width=\"410\" height=\"547\" srcset=\"https:\/\/rosenholm.se\/wp-content\/uploads\/2022\/12\/D3X_9449-1-410x547.jpg 410w, https:\/\/rosenholm.se\/wp-content\/uploads\/2022\/12\/D3X_9449-1-525x700.jpg 525w, https:\/\/rosenholm.se\/wp-content\/uploads\/2022\/12\/D3X_9449-1-390x520.jpg 390w, https:\/\/rosenholm.se\/wp-content\/uploads\/2022\/12\/D3X_9449-1.jpg 768w\" sizes=\"auto, (max-width: 410px) 100vw, 410px\" \/><p id=\"caption-attachment-13605\" class=\"wp-caption-text\">Mellan dammarna rinner kanaler. Framf\u00f6rallt i b\u00f6rjan g\u00f6t Bo dem i betong. Till skillnad mot dammduk l\u00e4cker de h\u00f6gst m\u00e5ttligt.<\/p><\/div>\n<p>Ist\u00e4llet f\u00f6r bambur\u00f6r tillverkade Bo stiliserade pirayor av sl\u00e4t kopparpl\u00e5t. N\u00e5got \u00e5r senare var det dags f\u00f6r n\u00e4sta vattenskulptur, nu av svart takpl\u00e5t och med luftens flygande djur som f\u00f6rebild. Men helt n\u00f6jd blev han inte.<\/p>\n<p>\u2013 Jag fick f\u00f6r mig att bygga f\u00e5glar. Men vippeffekten blev inte lika h\u00e4ftig som jag vara ute efter. Jag hade beh\u00f6vt g\u00f6ra fler prototyper, bygga m\u00e5nga och pr\u00f6va. Men, det blev som det blev.<\/p>\n<p>Som med all sann konst \u00e4r konstn\u00e4ren sj\u00e4lv den mest kritiska.<\/p>\n<div id=\"attachment_13603\" style=\"width: 710px\" class=\"wp-caption alignnone\"><img loading=\"lazy\" decoding=\"async\" aria-describedby=\"caption-attachment-13603\" class=\"size-large wp-image-13603\" src=\"https:\/\/rosenholm.se\/wp-content\/uploads\/2022\/12\/D3X_9487-700x467.jpg\" alt=\"M\u00e5 vara att Bo sj\u00e4lv inte \u00e4r n\u00f6jd med hur f\u00e5glarna vippar och r\u00f6r p\u00e5 vingarna. Vi andra suggereras av formerna och r\u00f6relserna.\" width=\"700\" height=\"467\" srcset=\"https:\/\/rosenholm.se\/wp-content\/uploads\/2022\/12\/D3X_9487-700x467.jpg 700w, https:\/\/rosenholm.se\/wp-content\/uploads\/2022\/12\/D3X_9487-410x273.jpg 410w, https:\/\/rosenholm.se\/wp-content\/uploads\/2022\/12\/D3X_9487-390x260.jpg 390w, https:\/\/rosenholm.se\/wp-content\/uploads\/2022\/12\/D3X_9487.jpg 1024w, https:\/\/rosenholm.se\/wp-content\/uploads\/2022\/12\/D3X_9487-410x273@2x.jpg 820w, https:\/\/rosenholm.se\/wp-content\/uploads\/2022\/12\/D3X_9487-390x260@2x.jpg 780w\" sizes=\"auto, (max-width: 700px) 100vw, 700px\" \/><p id=\"caption-attachment-13603\" class=\"wp-caption-text\">M\u00e5 vara att Bo sj\u00e4lv inte \u00e4r n\u00f6jd med hur f\u00e5glarna vippar och r\u00f6r p\u00e5 vingarna. Vi andra suggereras av formerna och r\u00f6relserna.<\/p><\/div>\n<h5>Om \u00c5sele<\/h5>\n<p>Sveriges till befolkning femte minsta kommun med 2800 innev\u00e5nare. Bel\u00e4gen i s\u00f6dra Lapplands skogslandskap, med en area p\u00e5 4223 kvadratkilometer, varav 320 \u00e4r vattent\u00e4ckta. Av kommunens yta anv\u00e4nds 83% som skogsmark och endast 0,1 % f\u00f6r jordbruk. \u00c5sele marknad, som g\u00e5r av stapeln sommartid, \u00e4r en av Sveriges st\u00f6rsta med runt 400 knallar och anor tillbaka till 1600-talet. Bj\u00f6rnlandets nationalpark ligger i kommunen.<\/p>\n","protected":false},"excerpt":{"rendered":"<p>Skvalande vatten, dammar, str\u00f6mmande kanaler, vattentrappor, en kanna i betong, vippande pirayor och f\u00e5glar av takpl\u00e5t. Som en vattenpark i miniatyr, mitt bland norrl\u00e4ndska sj\u00f6ar och skogar. Text och bild:&hellip; <\/p>\n","protected":false},"author":1,"featured_media":0,"parent":0,"menu_order":0,"comment_status":"closed","ping_status":"closed","template":"","meta":{"footnotes":""},"class_list":["post-13577","page","type-page","status-publish","hentry"],"_links":{"self":[{"href":"https:\/\/rosenholm.se\/index.php?rest_route=\/wp\/v2\/pages\/13577","targetHints":{"allow":["GET"]}}],"collection":[{"href":"https:\/\/rosenholm.se\/index.php?rest_route=\/wp\/v2\/pages"}],"about":[{"href":"https:\/\/rosenholm.se\/index.php?rest_route=\/wp\/v2\/types\/page"}],"author":[{"embeddable":true,"href":"https:\/\/rosenholm.se\/index.php?rest_route=\/wp\/v2\/users\/1"}],"replies":[{"embeddable":true,"href":"https:\/\/rosenholm.se\/index.php?rest_route=%2Fwp%2Fv2%2Fcomments&post=13577"}],"version-history":[{"count":21,"href":"https:\/\/rosenholm.se\/index.php?rest_route=\/wp\/v2\/pages\/13577\/revisions"}],"predecessor-version":[{"id":13611,"href":"https:\/\/rosenholm.se\/index.php?rest_route=\/wp\/v2\/pages\/13577\/revisions\/13611"}],"wp:attachment":[{"href":"https:\/\/rosenholm.se\/index.php?rest_route=%2Fwp%2Fv2%2Fmedia&parent=13577"}],"curies":[{"name":"wp","href":"https:\/\/api.w.org\/{rel}","templated":true}]}}