{"id":133,"date":"2014-01-21T17:54:34","date_gmt":"2014-01-21T16:54:34","guid":{"rendered":"http:\/\/rosenholm.se\/?page_id=133"},"modified":"2014-03-28T21:00:23","modified_gmt":"2014-03-28T20:00:23","slug":"sparsmakad-elegans","status":"publish","type":"page","link":"https:\/\/rosenholm.se\/?page_id=133","title":{"rendered":"Sparsmakad elegans"},"content":{"rendered":"<p>De h\u00e4r estetiskt mycket tilltalande tr\u00e4dg\u00e5rdarna pr\u00e4glas\u00a0av enkelhet och funktionalitet med ett v\u00e4l utt\u00e4nkt och\u00a0be gr\u00e4nsat v\u00e4xtmaterial.\u00a0Det \u00e4r inte fr\u00e5ga om n\u00e5gra s\u00e4rskilt ovanliga v\u00e4xter\u00a0utan om klassiska tr\u00e4dg\u00e5rdsv\u00e4xter som kombineras till\u00a0vackra kompositioner d\u00e4r de milda f\u00e4rgerna, bladverken\u00a0och formerna f\u00e5r spela huvudrollen.<\/p>\n<div id=\"attachment_129\" style=\"width: 988px\" class=\"wp-caption alignnone\"><a href=\"http:\/\/rosenholm.se\/wp-content\/uploads\/2014\/01\/DSC_6995.jpg\"><img loading=\"lazy\" decoding=\"async\" aria-describedby=\"caption-attachment-129\" class=\"size-full wp-image-129\" alt=\"Starka, lugna former i harmoni pr\u00e4glar den tr\u00e4dg\u00e5rd som Ulla Molin skapade i H\u00f6gan\u00e4s. F\u00e4rgskalan domineras av gr\u00f6nt och silver med sparsamma inslag av blommande v\u00e4xter i bl\u00e5tt, marktegel bidrar till tr\u00e4dg\u00e5rdens rena och smakfulla framtoning. M\u00f6bler, krukor och prydnader \u00e4r av god, enkel form i tr\u00e4, keramik, glas eller betong. Skr\u00e4lliga f\u00e4rger och m\u00f6nster g\u00f6re sig icke besv\u00e4r.\" src=\"http:\/\/rosenholm.se\/wp-content\/uploads\/2014\/01\/DSC_6995.jpg\" width=\"978\" height=\"650\" srcset=\"https:\/\/rosenholm.se\/wp-content\/uploads\/2014\/01\/DSC_6995.jpg 978w, https:\/\/rosenholm.se\/wp-content\/uploads\/2014\/01\/DSC_6995-150x99.jpg 150w, https:\/\/rosenholm.se\/wp-content\/uploads\/2014\/01\/DSC_6995-260x172.jpg 260w, https:\/\/rosenholm.se\/wp-content\/uploads\/2014\/01\/DSC_6995-512x340.jpg 512w\" sizes=\"auto, (max-width: 978px) 100vw, 978px\" \/><\/a><p id=\"caption-attachment-129\" class=\"wp-caption-text\">Starka, lugna former i harmoni pr\u00e4glar den tr\u00e4dg\u00e5rd Ulla Molin skapade i H\u00f6gan\u00e4s. F\u00e4rgskalan domineras av gr\u00f6nt och silver med sparsamma inslag av blommande v\u00e4xter i bl\u00e5tt, marktegel bidrar till den rena och smakfulla framtoningen. Skr\u00e4lliga f\u00e4rger och m\u00f6nster g\u00f6re sig icke besv\u00e4r.<\/p><\/div>\n<p>H\u00e4r finner vi formsk\u00f6na\u00a0perenner som hassel\u00f6rt, kattfot, sockblomma,\u00a0st\u00e4ppsalvia och vitmal\u00f6rt i t\u00e4ckande mattor, inget plotter\u00a0eller omotiverade starkt f\u00e4rgade blommande v\u00e4xter som\u00a0st\u00f6r den \u00e5terh\u00e5llsamma f\u00e4rgskalan och lugnet.\u00a0Allt \u00e4r avpassat f\u00f6r att passa in i och underst\u00f6dja helheten.\u00a0Klippta h\u00e4ckar och fi gurer av buxbom, idegran\u00a0och liguster bildar struktur och st\u00e5r som utm\u00e4rkt fond till\u00a0de f\u00e5 blommor som sticker upp bland de markt\u00e4ckande\u00a0bladv\u00e4xterna.<\/p>\n<div id=\"attachment_131\" style=\"width: 988px\" class=\"wp-caption alignnone\"><a href=\"http:\/\/rosenholm.se\/wp-content\/uploads\/2014\/01\/DSC_4345.jpg\"><img loading=\"lazy\" decoding=\"async\" aria-describedby=\"caption-attachment-131\" class=\"size-full wp-image-131\" alt=\"Hos kl\u00e4ddesignern Barbro S\u00f6rman p\u00e5 Liding\u00f6 \u00e4r allt i tr\u00e4dg\u00e5rden baserat p\u00e5 v\u00e4xters form och struktur. Uteplatsen \u00e4r av gr\u00e5tt marktegel och myskmadra, hassel\u00f6rt och j\u00e4ttedaggk\u00e5pa till\u00e5ts sticka upp mellan plattorna. Aklejrutan \u00e4r vacker redan i knopp och rododendronens blad sk\u00f6na \u00e4ven de 49 veckor per \u00e5r den inte blommar. Vid d\u00f6rrtrappan st\u00e5r en formklippt bambu vacker och prydlig.\" src=\"http:\/\/rosenholm.se\/wp-content\/uploads\/2014\/01\/DSC_4345.jpg\" width=\"978\" height=\"652\" srcset=\"https:\/\/rosenholm.se\/wp-content\/uploads\/2014\/01\/DSC_4345.jpg 978w, https:\/\/rosenholm.se\/wp-content\/uploads\/2014\/01\/DSC_4345-150x100.jpg 150w, https:\/\/rosenholm.se\/wp-content\/uploads\/2014\/01\/DSC_4345-260x173.jpg 260w, https:\/\/rosenholm.se\/wp-content\/uploads\/2014\/01\/DSC_4345-512x341.jpg 512w\" sizes=\"auto, (max-width: 978px) 100vw, 978px\" \/><\/a><p id=\"caption-attachment-131\" class=\"wp-caption-text\">Hos kl\u00e4ddesignern Barbro S\u00f6rman p\u00e5 Liding\u00f6 \u00e4r allt baserat p\u00e5 v\u00e4xters form och struktur. Uteplatsen \u00e4r av gr\u00e5tt marktegel och myskmadra,<em> Galium odoratum<\/em>, hassel\u00f6rt, <em>Asarum europaeum<\/em>, och j\u00e4ttedaggk\u00e5pa, <em>Alchemilla mollis<\/em>, till\u00e5ts sticka upp i skarvarna. Aklejruta, <em>Thalictrum aquilegiifolium<\/em>, \u00e4r vacker redan i knopp och rododendronens blad sk\u00f6na \u00e4ven de 49 veckor per \u00e5r den inte blommar.<\/p><\/div>\n<h5><a title=\"Lekfullt och originellt\" href=\"http:\/\/rosenholm.se\/?page_id=172\">Lekfullt och originellt<\/a><\/h5>\n","protected":false},"excerpt":{"rendered":"<p>De h\u00e4r estetiskt mycket tilltalande tr\u00e4dg\u00e5rdarna pr\u00e4glas\u00a0av enkelhet och funktionalitet med ett v\u00e4l utt\u00e4nkt och\u00a0be gr\u00e4nsat v\u00e4xtmaterial.\u00a0Det \u00e4r inte fr\u00e5ga om n\u00e5gra s\u00e4rskilt ovanliga v\u00e4xter\u00a0utan om klassiska tr\u00e4dg\u00e5rdsv\u00e4xter som kombineras&hellip; <\/p>\n","protected":false},"author":1,"featured_media":0,"parent":33,"menu_order":0,"comment_status":"closed","ping_status":"closed","template":"","meta":{"footnotes":""},"class_list":["post-133","page","type-page","status-publish","hentry"],"_links":{"self":[{"href":"https:\/\/rosenholm.se\/index.php?rest_route=\/wp\/v2\/pages\/133","targetHints":{"allow":["GET"]}}],"collection":[{"href":"https:\/\/rosenholm.se\/index.php?rest_route=\/wp\/v2\/pages"}],"about":[{"href":"https:\/\/rosenholm.se\/index.php?rest_route=\/wp\/v2\/types\/page"}],"author":[{"embeddable":true,"href":"https:\/\/rosenholm.se\/index.php?rest_route=\/wp\/v2\/users\/1"}],"replies":[{"embeddable":true,"href":"https:\/\/rosenholm.se\/index.php?rest_route=%2Fwp%2Fv2%2Fcomments&post=133"}],"version-history":[{"count":8,"href":"https:\/\/rosenholm.se\/index.php?rest_route=\/wp\/v2\/pages\/133\/revisions"}],"predecessor-version":[{"id":3283,"href":"https:\/\/rosenholm.se\/index.php?rest_route=\/wp\/v2\/pages\/133\/revisions\/3283"}],"up":[{"embeddable":true,"href":"https:\/\/rosenholm.se\/index.php?rest_route=\/wp\/v2\/pages\/33"}],"wp:attachment":[{"href":"https:\/\/rosenholm.se\/index.php?rest_route=%2Fwp%2Fv2%2Fmedia&parent=133"}],"curies":[{"name":"wp","href":"https:\/\/api.w.org\/{rel}","templated":true}]}}