{"id":13095,"date":"2021-12-24T11:05:43","date_gmt":"2021-12-24T10:05:43","guid":{"rendered":"https:\/\/rosenholm.se\/?page_id=13095"},"modified":"2021-12-25T12:53:51","modified_gmt":"2021-12-25T11:53:51","slug":"basta-tipsen-fran-anns-tradgard","status":"publish","type":"page","link":"https:\/\/rosenholm.se\/?page_id=13095","title":{"rendered":"B\u00e4sta tipsen fr\u00e5n Anns tr\u00e4dg\u00e5rd"},"content":{"rendered":"<ul>\n<li>Plantera en v\u00e4gg kring tomten av t\u00e5liga h\u00e4ckv\u00e4xter. Komplettera med pilstaket.<\/li>\n<li>G\u00f6r s\u00e5 att bara en bit av tr\u00e4dg\u00e5rden syns i taget, d\u00e5 skapas sp\u00e4nning.<\/li>\n<li>Skapa utsikter, till exempel med hj\u00e4lp av f\u00f6nster i en pilv\u00e4gg.<\/li>\n<li>Anv\u00e4nd h\u00e4rdiga v\u00e4xter som passar klimatet och inte beh\u00f6ver massor av sk\u00f6tsel.<\/li>\n<li>Invasiva v\u00e4xter skapar lummighet snabbt. Placera s\u00e5 att spridningen begr\u00e4nsas.<\/li>\n<li>Bygg uterum av begagnat, inred med anv\u00e4nda m\u00f6bler och saker, det ger charm.<\/li>\n<li>\u00c4ven utomhus passar \u00f6verblivet till prydnad. Rostigt j\u00e4rn \u00e4r extra snyggt.<\/li>\n<li>Samla skorstenstegel fr\u00e5n rivningshus till kanter och markbel\u00e4ggning.<\/li>\n<\/ul>\n<p><a title=\"Lummigt och rumsligt vid polcirkeln\" href=\"https:\/\/rosenholm.se\/?page_id=13046\"><strong>Tillbaka<\/strong><\/a><\/p>\n","protected":false},"excerpt":{"rendered":"<p>Plantera en v\u00e4gg kring tomten av t\u00e5liga h\u00e4ckv\u00e4xter. Komplettera med pilstaket. G\u00f6r s\u00e5 att bara en bit av tr\u00e4dg\u00e5rden syns i taget, d\u00e5 skapas sp\u00e4nning. Skapa utsikter, till exempel med&hellip; <\/p>\n","protected":false},"author":1,"featured_media":0,"parent":0,"menu_order":0,"comment_status":"closed","ping_status":"closed","template":"","meta":{"footnotes":""},"class_list":["post-13095","page","type-page","status-publish","hentry"],"_links":{"self":[{"href":"https:\/\/rosenholm.se\/index.php?rest_route=\/wp\/v2\/pages\/13095","targetHints":{"allow":["GET"]}}],"collection":[{"href":"https:\/\/rosenholm.se\/index.php?rest_route=\/wp\/v2\/pages"}],"about":[{"href":"https:\/\/rosenholm.se\/index.php?rest_route=\/wp\/v2\/types\/page"}],"author":[{"embeddable":true,"href":"https:\/\/rosenholm.se\/index.php?rest_route=\/wp\/v2\/users\/1"}],"replies":[{"embeddable":true,"href":"https:\/\/rosenholm.se\/index.php?rest_route=%2Fwp%2Fv2%2Fcomments&post=13095"}],"version-history":[{"count":2,"href":"https:\/\/rosenholm.se\/index.php?rest_route=\/wp\/v2\/pages\/13095\/revisions"}],"predecessor-version":[{"id":13187,"href":"https:\/\/rosenholm.se\/index.php?rest_route=\/wp\/v2\/pages\/13095\/revisions\/13187"}],"wp:attachment":[{"href":"https:\/\/rosenholm.se\/index.php?rest_route=%2Fwp%2Fv2%2Fmedia&parent=13095"}],"curies":[{"name":"wp","href":"https:\/\/api.w.org\/{rel}","templated":true}]}}