{"id":12819,"date":"2021-03-24T19:56:09","date_gmt":"2021-03-24T18:56:09","guid":{"rendered":"https:\/\/rosenholm.se\/?page_id=12819"},"modified":"2021-03-25T15:41:55","modified_gmt":"2021-03-25T14:41:55","slug":"basta-tipsen-fran-henrys-tradgard","status":"publish","type":"page","link":"https:\/\/rosenholm.se\/?page_id=12819","title":{"rendered":"B\u00e4sta tipsen fr\u00e5n Henrys tr\u00e4dg\u00e5rd"},"content":{"rendered":"<ul>\n<li>Perenner ist\u00e4llet f\u00f6r ett\u00e5ringar g\u00f6r tr\u00e4dg\u00e5rdslivet l\u00e4tt.<\/li>\n<li>Stora, invasiva v\u00e4xter ger lummighet. Placeras d\u00e4r de inte kan sprida sig.<\/li>\n<li>L\u00e5t fantasin spira, skapa tr\u00e4dg\u00e5rdsskulpturer av d\u00f6da tr\u00e4d och drivved.<\/li>\n<li>God dr\u00e4nering \u00f6kar h\u00e4rdigheten hos tr\u00e4d och buskar.<\/li>\n<li>Det finns b\u00e5de ovanliga och vackra tr\u00e4d ocks\u00e5 f\u00f6r norrl\u00e4ndskt klimat.<\/li>\n<li>H\u00e5rt jobb i tr\u00e4dg\u00e5rden \u00e4r v\u00e4lg\u00f6rande, men det f\u00e5r inte bli ett tv\u00e5ng.<\/li>\n<\/ul>\n<p><a title=\"Skogsr\u00e5 och luftslott  \u2013  tr\u00e4dg\u00e5rd f\u00f6r barn och vuxna\" href=\"https:\/\/rosenholm.se\/?page_id=12776\"><strong>Tillbaka<\/strong><\/a><\/p>\n","protected":false},"excerpt":{"rendered":"<p>Perenner ist\u00e4llet f\u00f6r ett\u00e5ringar g\u00f6r tr\u00e4dg\u00e5rdslivet l\u00e4tt. Stora, invasiva v\u00e4xter ger lummighet. Placeras d\u00e4r de inte kan sprida sig. L\u00e5t fantasin spira, skapa tr\u00e4dg\u00e5rdsskulpturer av d\u00f6da tr\u00e4d och drivved. God&hellip; <\/p>\n","protected":false},"author":1,"featured_media":0,"parent":0,"menu_order":0,"comment_status":"closed","ping_status":"closed","template":"","meta":{"footnotes":""},"class_list":["post-12819","page","type-page","status-publish","hentry"],"_links":{"self":[{"href":"https:\/\/rosenholm.se\/index.php?rest_route=\/wp\/v2\/pages\/12819","targetHints":{"allow":["GET"]}}],"collection":[{"href":"https:\/\/rosenholm.se\/index.php?rest_route=\/wp\/v2\/pages"}],"about":[{"href":"https:\/\/rosenholm.se\/index.php?rest_route=\/wp\/v2\/types\/page"}],"author":[{"embeddable":true,"href":"https:\/\/rosenholm.se\/index.php?rest_route=\/wp\/v2\/users\/1"}],"replies":[{"embeddable":true,"href":"https:\/\/rosenholm.se\/index.php?rest_route=%2Fwp%2Fv2%2Fcomments&post=12819"}],"version-history":[{"count":2,"href":"https:\/\/rosenholm.se\/index.php?rest_route=\/wp\/v2\/pages\/12819\/revisions"}],"predecessor-version":[{"id":12856,"href":"https:\/\/rosenholm.se\/index.php?rest_route=\/wp\/v2\/pages\/12819\/revisions\/12856"}],"wp:attachment":[{"href":"https:\/\/rosenholm.se\/index.php?rest_route=%2Fwp%2Fv2%2Fmedia&parent=12819"}],"curies":[{"name":"wp","href":"https:\/\/api.w.org\/{rel}","templated":true}]}}