{"id":12302,"date":"2020-12-04T12:34:40","date_gmt":"2020-12-04T11:34:40","guid":{"rendered":"https:\/\/rosenholm.se\/?page_id=12302"},"modified":"2020-12-04T13:19:59","modified_gmt":"2020-12-04T12:19:59","slug":"knepen-for-en-tjusig-vintertradgard","status":"publish","type":"page","link":"https:\/\/rosenholm.se\/?page_id=12302","title":{"rendered":"Knepen f\u00f6r en tjusig vintertr\u00e4dg\u00e5rd"},"content":{"rendered":"<ul>\n<li>V\u00e4lj perenner som \u00e4r stabila och har vackra fr\u00f6st\u00e4llningar.<\/li>\n<li>L\u00e5t dem st\u00e5 och pryda fram till v\u00e5rvintern.<\/li>\n<li>Tr\u00e4d och buskar med vacker bark f\u00f6rgyller alla \u00e5rstider.<\/li>\n<li>Nypon och andra b\u00e4r lyser upp den tidiga vintern.<\/li>\n<li>Blanda upp m\u00f6rka, vintergr\u00f6na v\u00e4xter med ljusa.<\/li>\n<li>Det \u00e4r stommen, h\u00e4ckar, tr\u00e4d och stora perenner, som b\u00e4r upp vintertr\u00e4dg\u00e5rden.<\/li>\n<\/ul>\n<p><a title=\"Vintergr\u00f6nt och vackert\" href=\"https:\/\/rosenholm.se\/?page_id=11573\">Tillbaka<\/a><\/p>\n","protected":false},"excerpt":{"rendered":"<p>V\u00e4lj perenner som \u00e4r stabila och har vackra fr\u00f6st\u00e4llningar. L\u00e5t dem st\u00e5 och pryda fram till v\u00e5rvintern. Tr\u00e4d och buskar med vacker bark f\u00f6rgyller alla \u00e5rstider. Nypon och andra b\u00e4r&hellip; <\/p>\n","protected":false},"author":1,"featured_media":0,"parent":0,"menu_order":0,"comment_status":"closed","ping_status":"closed","template":"","meta":{"footnotes":""},"class_list":["post-12302","page","type-page","status-publish","hentry"],"_links":{"self":[{"href":"https:\/\/rosenholm.se\/index.php?rest_route=\/wp\/v2\/pages\/12302","targetHints":{"allow":["GET"]}}],"collection":[{"href":"https:\/\/rosenholm.se\/index.php?rest_route=\/wp\/v2\/pages"}],"about":[{"href":"https:\/\/rosenholm.se\/index.php?rest_route=\/wp\/v2\/types\/page"}],"author":[{"embeddable":true,"href":"https:\/\/rosenholm.se\/index.php?rest_route=\/wp\/v2\/users\/1"}],"replies":[{"embeddable":true,"href":"https:\/\/rosenholm.se\/index.php?rest_route=%2Fwp%2Fv2%2Fcomments&post=12302"}],"version-history":[{"count":2,"href":"https:\/\/rosenholm.se\/index.php?rest_route=\/wp\/v2\/pages\/12302\/revisions"}],"predecessor-version":[{"id":12314,"href":"https:\/\/rosenholm.se\/index.php?rest_route=\/wp\/v2\/pages\/12302\/revisions\/12314"}],"wp:attachment":[{"href":"https:\/\/rosenholm.se\/index.php?rest_route=%2Fwp%2Fv2%2Fmedia&parent=12302"}],"curies":[{"name":"wp","href":"https:\/\/api.w.org\/{rel}","templated":true}]}}