{"id":12187,"date":"2020-05-27T08:59:28","date_gmt":"2020-05-27T06:59:28","guid":{"rendered":"https:\/\/rosenholm.se\/?page_id=12187"},"modified":"2020-05-27T11:15:46","modified_gmt":"2020-05-27T09:15:46","slug":"krukberget-tips-om-sadd-och-vinterforvaring","status":"publish","type":"page","link":"https:\/\/rosenholm.se\/?page_id=12187","title":{"rendered":"Krukberget \u2013 tips om s\u00e5dd och vinterf\u00f6rvaring"},"content":{"rendered":"<ul>\n<li>Ett\u00e5ringar som blomstertobak, Nicotiana, och lejongap, Antirrhinum, s\u00e5s inomhus kring slutet av mars och v\u00e4xer till sig i ett badrum med golvv\u00e4rme.<\/li>\n<li>Den luftiga och vackra j\u00e4tteverbenan, Verbena bonariensis, fr\u00f6s\u00e5r Kerstin redan i februari. M\u00e5nga tycker de \u00e4r sv\u00e5rfl\u00f6rtade men f\u00e5r fr\u00f6na ligga och dra i vatten ett par dygn och sedan vila i kylsk\u00e5p en vecka gror de bra.<\/li>\n<li>Kn\u00f6lv\u00e4xten kanna, <em>Canna x generalis<\/em>, vattnas, f\u00e5r torka upp lite och vinterf\u00f6rvaras i \u00f6ppna plasts\u00e4ckar i k\u00e4llaren, kyligt, fuktigt men inga minusgrader.<\/li>\n<li>I samma kyliga, fuktiga milj\u00f6 st\u00e5r Afrikas bl\u00e5 lilja, Agapanthus praecox, i krukor. D\u00e4r\u00a0 f\u00f6rvaras ocks\u00e5 dahliakn\u00f6larna i torvfyllda l\u00e5dor.<\/li>\n<li>Fuchsior \u00f6vervintras i svalt bostadsrum. Pelargoner klipps ner och st\u00e5r halvsvalt och torrt. Kn\u00f6larna av rosettoxalis, Oxalis tetraphylla f\u00e5r ligga torrt och m\u00f6rkt i rumstemperatur.<\/li>\n<\/ul>\n<p><a title=\"\u00c5l\u00e4ndsk tr\u00e4dg\u00e5rdsruin, krukberg och plommonlund\" href=\"https:\/\/rosenholm.se\/?page_id=12148\">Tillbaka<\/a><\/p>\n","protected":false},"excerpt":{"rendered":"<p>Ett\u00e5ringar som blomstertobak, Nicotiana, och lejongap, Antirrhinum, s\u00e5s inomhus kring slutet av mars och v\u00e4xer till sig i ett badrum med golvv\u00e4rme. Den luftiga och vackra j\u00e4tteverbenan, Verbena bonariensis, fr\u00f6s\u00e5r&hellip; <\/p>\n","protected":false},"author":1,"featured_media":0,"parent":0,"menu_order":0,"comment_status":"closed","ping_status":"closed","template":"","meta":{"footnotes":""},"class_list":["post-12187","page","type-page","status-publish","hentry"],"_links":{"self":[{"href":"https:\/\/rosenholm.se\/index.php?rest_route=\/wp\/v2\/pages\/12187","targetHints":{"allow":["GET"]}}],"collection":[{"href":"https:\/\/rosenholm.se\/index.php?rest_route=\/wp\/v2\/pages"}],"about":[{"href":"https:\/\/rosenholm.se\/index.php?rest_route=\/wp\/v2\/types\/page"}],"author":[{"embeddable":true,"href":"https:\/\/rosenholm.se\/index.php?rest_route=\/wp\/v2\/users\/1"}],"replies":[{"embeddable":true,"href":"https:\/\/rosenholm.se\/index.php?rest_route=%2Fwp%2Fv2%2Fcomments&post=12187"}],"version-history":[{"count":3,"href":"https:\/\/rosenholm.se\/index.php?rest_route=\/wp\/v2\/pages\/12187\/revisions"}],"predecessor-version":[{"id":12224,"href":"https:\/\/rosenholm.se\/index.php?rest_route=\/wp\/v2\/pages\/12187\/revisions\/12224"}],"wp:attachment":[{"href":"https:\/\/rosenholm.se\/index.php?rest_route=%2Fwp%2Fv2%2Fmedia&parent=12187"}],"curies":[{"name":"wp","href":"https:\/\/api.w.org\/{rel}","templated":true}]}}