{"id":11892,"date":"2020-05-06T11:57:25","date_gmt":"2020-05-06T09:57:25","guid":{"rendered":"http:\/\/rosenholm.se\/?page_id=11892"},"modified":"2020-05-06T16:56:00","modified_gmt":"2020-05-06T14:56:00","slug":"austinrosor-nytt-pa-gammaldags-vis","status":"publish","type":"page","link":"https:\/\/rosenholm.se\/?page_id=11892","title":{"rendered":"Austinrosor \u2013 nytt p\u00e5 gammaldags vis"},"content":{"rendered":"<div id=\"attachment_12000\" style=\"width: 420px\" class=\"wp-caption alignright\"><img loading=\"lazy\" decoding=\"async\" aria-describedby=\"caption-attachment-12000\" class=\"size-medium wp-image-12000\" src=\"http:\/\/rosenholm.se\/wp-content\/uploads\/2020\/05\/D3X_7656-410x513.jpg\" alt=\"Idag har David Austin den yngre tagit \u00f6ver det dagliga v\u00e4rvet fr\u00e5n David Austin den \u00e4ldre. Lycklig den som f\u00e5r h\u00e5lla nyf\u00f6r\u00e4dlade Austin-rosor i sin hand.\" width=\"410\" height=\"513\" srcset=\"https:\/\/rosenholm.se\/wp-content\/uploads\/2020\/05\/D3X_7656-410x513.jpg 410w, https:\/\/rosenholm.se\/wp-content\/uploads\/2020\/05\/D3X_7656-560x700.jpg 560w, https:\/\/rosenholm.se\/wp-content\/uploads\/2020\/05\/D3X_7656-390x488.jpg 390w, https:\/\/rosenholm.se\/wp-content\/uploads\/2020\/05\/D3X_7656.jpg 582w\" sizes=\"auto, (max-width: 410px) 100vw, 410px\" \/><p id=\"caption-attachment-12000\" class=\"wp-caption-text\">Idag har David Austin den yngre tagit \u00f6ver det dagliga v\u00e4rvet fr\u00e5n David Austin den \u00e4ldre. Lycklig den som f\u00e5r h\u00e5lla nyf\u00f6r\u00e4dlade Austin-rosor i sin hand.<\/p><\/div>\n<p><em>Text och bild. Dan Rosenholm<\/em><\/p>\n<p><strong>Moderna rosor blommar mest hela tiden, men \u00e4r k\u00e4nsliga, v\u00e4xer uselt och doftar just inget. Gammaldags rosor \u00e4r ofta t\u00e5liga och starkv\u00e4xande, luktar h\u00e4rligt, men blommar bara en g\u00e5ng \u2013 och f\u00e4rgskalan \u00e4r h\u00f6gst begr\u00e4nsad. F\u00f6renat det b\u00e4sta av b\u00e5da, det har David Austin gjort.<\/strong><\/p>\n<div id=\"attachment_11886\" style=\"width: 738px\" class=\"wp-caption alignnone\"><img loading=\"lazy\" decoding=\"async\" aria-describedby=\"caption-attachment-11886\" class=\"size-full wp-image-11886\" src=\"http:\/\/rosenholm.se\/wp-content\/uploads\/2020\/04\/D3X_7518.jpg\" alt=\"'Crown Princess Margareta' har namnsatts efter svenska kronprinsessan Margareta, barnbarn till d\u00e5varande engelska drottningen Victoria. Det var hon och hennes make Gustaf Adolf som vid f\u00f6rra seklets b\u00f6rjan skapade Sofieros tr\u00e4dg\u00e5rd. Aprikosf\u00e4rgad med orange inslag, kan anv\u00e4ndas som kl\u00e4tterros i sydligaste Sverige.\" width=\"728\" height=\"485\" srcset=\"https:\/\/rosenholm.se\/wp-content\/uploads\/2020\/04\/D3X_7518.jpg 728w, https:\/\/rosenholm.se\/wp-content\/uploads\/2020\/04\/D3X_7518-410x273.jpg 410w, https:\/\/rosenholm.se\/wp-content\/uploads\/2020\/04\/D3X_7518-350x233@2x.jpg 700w, https:\/\/rosenholm.se\/wp-content\/uploads\/2020\/04\/D3X_7518-350x233.jpg 350w\" sizes=\"auto, (max-width: 728px) 100vw, 728px\" \/><p id=\"caption-attachment-11886\" class=\"wp-caption-text\">&#8217;Crown Princess Margareta&#8217; har namnsatts efter kronprinsessan Margareta, barnbarn till d\u00e5varande engelska drottning Victoria, hon och maken Gustaf Adolf skapade vid f\u00f6rra seklets b\u00f6rjan Sofieros tr\u00e4dg\u00e5rd. Aprikosf\u00e4rgad med orange inslag, kl\u00e4tterros i sydligaste Sverige.<\/p><\/div>\n<p class=\"Standard\">Redan p\u00e5 40-talet la engelsmannen David Austin m\u00e4rke till att gammaldags eng\u00e5ngsblommande rosor levde och frodades medan moderna, som te-hybrider, l\u00e4tt dog bort. Dessutom doftade de gamla sorterna gott.<\/p>\n<div id=\"attachment_11978\" style=\"width: 738px\" class=\"wp-caption alignnone\"><img loading=\"lazy\" decoding=\"async\" aria-describedby=\"caption-attachment-11978\" class=\"size-full wp-image-11978\" src=\"http:\/\/rosenholm.se\/wp-content\/uploads\/2020\/05\/D2X_0845.jpg\" alt=\"'Charles Austin' \u00e4r d\u00f6pt efter den \u00e4ldre David Austins pappa. V\u00e4xtf\u00f6r\u00e4dlare har i alla tider hedrat sin sl\u00e4kt i namns\u00e4ttningen. \u00c4r ganska storvuxen med en underbar aprikos-gul f\u00e4rg och har funnits p\u00e5 marknaden \u00e4nda sedan 1973.\" width=\"728\" height=\"484\" srcset=\"https:\/\/rosenholm.se\/wp-content\/uploads\/2020\/05\/D2X_0845.jpg 728w, https:\/\/rosenholm.se\/wp-content\/uploads\/2020\/05\/D2X_0845-410x273.jpg 410w, https:\/\/rosenholm.se\/wp-content\/uploads\/2020\/05\/D2X_0845-700x465.jpg 700w, https:\/\/rosenholm.se\/wp-content\/uploads\/2020\/05\/D2X_0845-390x259.jpg 390w\" sizes=\"auto, (max-width: 728px) 100vw, 728px\" \/><p id=\"caption-attachment-11978\" class=\"wp-caption-text\">&#8217;Charles Austin&#8217; \u00e4r d\u00f6pt efter den \u00e4ldre David Austins pappa. V\u00e4xtf\u00f6r\u00e4dlare har i alla tider hedrat sin sl\u00e4kt i namns\u00e4ttningen. \u00c4r ganska storvuxen med en underbar aprikos-gul f\u00e4rg och har funnits p\u00e5 marknaden \u00e4nda sedan 1973.<\/p><\/div>\n<div id=\"attachment_11979\" style=\"width: 420px\" class=\"wp-caption alignright\"><img loading=\"lazy\" decoding=\"async\" aria-describedby=\"caption-attachment-11979\" class=\"size-medium wp-image-11979\" src=\"http:\/\/rosenholm.se\/wp-content\/uploads\/2020\/05\/D3X_6458-410x514.jpg\" alt=\"Eng\u00e5ngsblommande favorit, 'Constance Spry'. Kl\u00e4tterros som v\u00e4xer frodigt \u00e4ven i Mellansveriges inland. Stora, ljuvligt doftande och perfekt rosa blommor under juli. Bild fr\u00e5n v\u00e5rt hem.\" width=\"410\" height=\"514\" srcset=\"https:\/\/rosenholm.se\/wp-content\/uploads\/2020\/05\/D3X_6458-410x514.jpg 410w, https:\/\/rosenholm.se\/wp-content\/uploads\/2020\/05\/D3X_6458-559x700.jpg 559w, https:\/\/rosenholm.se\/wp-content\/uploads\/2020\/05\/D3X_6458-390x489.jpg 390w, https:\/\/rosenholm.se\/wp-content\/uploads\/2020\/05\/D3X_6458.jpg 581w\" sizes=\"auto, (max-width: 410px) 100vw, 410px\" \/><p id=\"caption-attachment-11979\" class=\"wp-caption-text\">Eng\u00e5ngsblommande favorit, &#8217;Constance Spry&#8217;. Kl\u00e4tterros som v\u00e4xer frodigt \u00e4ven i Mellansveriges inland. Stora, ljuvligt doftande och perfekt rosa blommor under juli.<\/p><\/div>\n<p class=\"Standard\">Genom att korsa de \u00e4ldre rosorna med moderna, \u00e5terblommande b\u00f6rjade arbetet med att ta fram en ny generation. Han ville att rosorna skulle lukta ljuvligt, ha karakt\u00e4r, g\u00e4rna som p\u00e5 1800-talet, men ocks\u00e5 blomma om, remontera kallas det p\u00e5 professionellt spr\u00e5k. Och dessutom ha sp\u00e4nnande f\u00e4rger och vara snygga som buskar.<\/p>\n<div id=\"attachment_11981\" style=\"width: 738px\" class=\"wp-caption alignnone\"><img loading=\"lazy\" decoding=\"async\" aria-describedby=\"caption-attachment-11981\" class=\"size-full wp-image-11981\" src=\"http:\/\/rosenholm.se\/wp-content\/uploads\/2020\/05\/D2X_1196.jpg\" alt=\"\u2018Wenlock\u2019 \u00e4r namnet p\u00e5 en f\u00f6rkastningsbrant, som f\u00f6rekommer i en k\u00e4nd dikt, i n\u00e4rheten av David Austins anl\u00e4ggning i engelska Shropshire. Den har en bourbonrosr\u00f6d f\u00e4rg likt en gammaldags ros och doftar som en s\u00e5n.\" width=\"728\" height=\"546\" srcset=\"https:\/\/rosenholm.se\/wp-content\/uploads\/2020\/05\/D2X_1196.jpg 728w, https:\/\/rosenholm.se\/wp-content\/uploads\/2020\/05\/D2X_1196-410x308.jpg 410w, https:\/\/rosenholm.se\/wp-content\/uploads\/2020\/05\/D2X_1196-700x525.jpg 700w, https:\/\/rosenholm.se\/wp-content\/uploads\/2020\/05\/D2X_1196-390x293.jpg 390w\" sizes=\"auto, (max-width: 728px) 100vw, 728px\" \/><p id=\"caption-attachment-11981\" class=\"wp-caption-text\">\u2018Wenlock\u2019 \u00e4r namnet p\u00e5 en f\u00f6rkastningsbrant, som f\u00f6rekommer i en k\u00e4nd dikt, i n\u00e4rheten av David Austins anl\u00e4ggning i engelska Shropshire. Den har en bourbonrosr\u00f6d f\u00e4rg likt en gammaldags ros och doftar som en s\u00e5n.<\/p><\/div>\n<div id=\"attachment_11982\" style=\"width: 420px\" class=\"wp-caption alignright\"><img loading=\"lazy\" decoding=\"async\" aria-describedby=\"caption-attachment-11982\" class=\"size-medium wp-image-11982\" src=\"http:\/\/rosenholm.se\/wp-content\/uploads\/2020\/05\/D2X_3701-410x513.jpg\" alt=\"\u2018The Pilgrim\u2019 har f\u00e5tt namnet fr\u00e5n k\u00e4nda \u201dCanterbury Tales\u201d, vilken inneh\u00e5ller, ber\u00e4ttelser fr\u00e5n 1400-talet skrivna p\u00e5 vers. Blommorna \u00e4r stora, med klassiskt flat framsida. Exceptionellt vackra i en ljusgul f\u00e4rg som bleknar mot kanterna.\" width=\"410\" height=\"513\" srcset=\"https:\/\/rosenholm.se\/wp-content\/uploads\/2020\/05\/D2X_3701-410x513.jpg 410w, https:\/\/rosenholm.se\/wp-content\/uploads\/2020\/05\/D2X_3701-560x700.jpg 560w, https:\/\/rosenholm.se\/wp-content\/uploads\/2020\/05\/D2X_3701-390x488.jpg 390w, https:\/\/rosenholm.se\/wp-content\/uploads\/2020\/05\/D2X_3701.jpg 582w\" sizes=\"auto, (max-width: 410px) 100vw, 410px\" \/><p id=\"caption-attachment-11982\" class=\"wp-caption-text\">\u2018The Pilgrim\u2019 har f\u00e5tt namnet fr\u00e5n k\u00e4nda \u201dCanterbury Tales\u201d, vilken inneh\u00e5ller ber\u00e4ttelser fr\u00e5n 1400-talet skrivna p\u00e5 vers. Blommorna \u00e4r stora, med klassiskt flat framsida. Exceptionell ljusgul f\u00e4rg som bleknar mot kanterna.<\/p><\/div>\n<p class=\"Standard\">M\u00e5nga \u00e5r senare kom David Austins rosor ut p\u00e5 marknaden. Den allra f\u00f6rsta, &#8217;Constance Spry&#8217;, var en storblommig, kl\u00e4ttrande sk\u00f6nhet i rosa som kom 1963. Runt fyra \u00e5r senare var det dags f\u00f6r n\u00e4sta, den r\u00f6da kl\u00e4ttraren &#8217;Chianti&#8217;. B\u00e5da var eng\u00e5ngsblommande men bar gener f\u00f6r remontering. Med v\u00e4lformade, gigantiska och doftande blommor \u00e4r &#8217;Constance Spry&#8217; fortfarande den mest odlingsv\u00e4rda av alla rosa kl\u00e4tterrosor, i alla fall i Mellansverige.<\/p>\n<div id=\"attachment_12021\" style=\"width: 738px\" class=\"wp-caption alignnone\"><img loading=\"lazy\" decoding=\"async\" aria-describedby=\"caption-attachment-12021\" class=\"size-full wp-image-12021\" src=\"http:\/\/rosenholm.se\/wp-content\/uploads\/2020\/05\/D3X_8219.jpg\" alt=\"'Redoute', med r\u00f6da knoppar och n\u00e4stan vit som utslagen, har f\u00e5tt sitt namn av en ber\u00f6md rosm\u00e5lare. Det \u00e4r en s\u00e5 kallad sport av sorten 'Mary Rose' och har allts\u00e5 uppst\u00e5tt spontant p\u00e5 den. Extra h\u00e4rdig och kan odlas i st\u00f6rre delarna av Mellansverige.\" width=\"728\" height=\"581\" srcset=\"https:\/\/rosenholm.se\/wp-content\/uploads\/2020\/05\/D3X_8219.jpg 728w, https:\/\/rosenholm.se\/wp-content\/uploads\/2020\/05\/D3X_8219-410x327.jpg 410w, https:\/\/rosenholm.se\/wp-content\/uploads\/2020\/05\/D3X_8219-700x559.jpg 700w, https:\/\/rosenholm.se\/wp-content\/uploads\/2020\/05\/D3X_8219-390x311.jpg 390w\" sizes=\"auto, (max-width: 728px) 100vw, 728px\" \/><p id=\"caption-attachment-12021\" class=\"wp-caption-text\">&#8217;Redoute&#8217;, med r\u00f6da knoppar och n\u00e4stan vit som utslagen, har f\u00e5tt sitt namn av en ber\u00f6md rosm\u00e5lare. Det \u00e4r en s\u00e5 kallad sport av sorten &#8217;Mary Rose&#8217; och har allts\u00e5 uppst\u00e5tt spontant p\u00e5 den. Extra h\u00e4rdig och kan odlas i st\u00f6rre delarna av Mellansverige.<\/p><\/div>\n<div id=\"attachment_11991\" style=\"width: 738px\" class=\"wp-caption alignnone\"><img loading=\"lazy\" decoding=\"async\" aria-describedby=\"caption-attachment-11991\" class=\"size-full wp-image-11991\" src=\"http:\/\/rosenholm.se\/wp-content\/uploads\/2020\/05\/D2X_2611.jpg\" alt=\"'Golden Celebration' har namnsatts f\u00f6r att fira paret Austins guldbr\u00f6llop. Blomman \u00e4r ett praktexempel p\u00e5 vad David Austin \u00e5stadkommit ifr\u00e5ga om gula rosor, stora, v\u00e4lformade med kopparnyans.\" width=\"728\" height=\"546\" srcset=\"https:\/\/rosenholm.se\/wp-content\/uploads\/2020\/05\/D2X_2611.jpg 728w, https:\/\/rosenholm.se\/wp-content\/uploads\/2020\/05\/D2X_2611-410x308.jpg 410w, https:\/\/rosenholm.se\/wp-content\/uploads\/2020\/05\/D2X_2611-700x525.jpg 700w, https:\/\/rosenholm.se\/wp-content\/uploads\/2020\/05\/D2X_2611-390x293.jpg 390w\" sizes=\"auto, (max-width: 728px) 100vw, 728px\" \/><p id=\"caption-attachment-11991\" class=\"wp-caption-text\">&#8217;Golden Celebration&#8217; namngavs till \u00e4ra av paret Austins guldbr\u00f6llop. Blomman \u00e4r ett praktexempel p\u00e5 vad David Austin \u00e5stadkommit, gula rosor, stora, v\u00e4lformade med kopparnyans.<\/p><\/div>\n<div id=\"attachment_11993\" style=\"width: 420px\" class=\"wp-caption alignright\"><img loading=\"lazy\" decoding=\"async\" aria-describedby=\"caption-attachment-11993\" class=\"size-medium wp-image-11993\" src=\"http:\/\/rosenholm.se\/wp-content\/uploads\/2020\/05\/D3X_7483-410x478.jpg\" alt=\"'Darcey Bussell' \u00e4r d\u00f6pt efter en k\u00e4nd brittisk ballerina. Fylligt karminr\u00f6d, blommar rikligt, men \u00e4r inte speciellt storv\u00e4xt.\" width=\"410\" height=\"478\" srcset=\"https:\/\/rosenholm.se\/wp-content\/uploads\/2020\/05\/D3X_7483-410x478.jpg 410w, https:\/\/rosenholm.se\/wp-content\/uploads\/2020\/05\/D3X_7483-600x700.jpg 600w, https:\/\/rosenholm.se\/wp-content\/uploads\/2020\/05\/D3X_7483-390x455.jpg 390w, https:\/\/rosenholm.se\/wp-content\/uploads\/2020\/05\/D3X_7483.jpg 624w\" sizes=\"auto, (max-width: 410px) 100vw, 410px\" \/><p id=\"caption-attachment-11993\" class=\"wp-caption-text\">&#8217;Darcey Bussell&#8217; \u00e4r d\u00f6pt efter en k\u00e4nd brittisk ballerina. Fylligt karminr\u00f6d, blommar rikligt, inte speciellt storv\u00e4xt.<\/p><\/div>\n<p class=\"Standard\">Med tiden har Davis Austins rosor blivit en enorm succ\u00e9. De blommar l\u00e4nge och upprepat, doftar och har gammaldags karakt\u00e4r med en bredare f\u00e4rgpalett. Kul\u00f6rerna \u00e4r klara, men inte skr\u00e4lliga p\u00e5 samma s\u00e4tt som en del andra moderna rosor.<\/p>\n<div id=\"attachment_11995\" style=\"width: 738px\" class=\"wp-caption alignnone\"><img loading=\"lazy\" decoding=\"async\" aria-describedby=\"caption-attachment-11995\" class=\"size-full wp-image-11995\" src=\"http:\/\/rosenholm.se\/wp-content\/uploads\/2020\/05\/D3X_8845.jpg\" alt=\"Scepter'd Isle' \u00e4r ett uttryck ur William Shakespeare pj\u00e4s om Rickard III som beskriver Englands utsatthet. Blommorna \u00e4r sk\u00e5lformade, sm\u00e5 och s\u00f6ta i mjukt rosa. Passar i sm\u00e5 tr\u00e4dg\u00e5rdar.\" width=\"728\" height=\"546\" srcset=\"https:\/\/rosenholm.se\/wp-content\/uploads\/2020\/05\/D3X_8845.jpg 728w, https:\/\/rosenholm.se\/wp-content\/uploads\/2020\/05\/D3X_8845-410x308.jpg 410w, https:\/\/rosenholm.se\/wp-content\/uploads\/2020\/05\/D3X_8845-700x525.jpg 700w, https:\/\/rosenholm.se\/wp-content\/uploads\/2020\/05\/D3X_8845-390x293.jpg 390w\" sizes=\"auto, (max-width: 728px) 100vw, 728px\" \/><p id=\"caption-attachment-11995\" class=\"wp-caption-text\">&#8217;Scepter&#8217;d Isle&#8217; \u00e4r ett uttryck ur William Shakespeare pj\u00e4s om Rickard III som beskriver Englands utsatthet. Sk\u00e5lformade blommor, sm\u00e5 och s\u00f6ta i mjukt rosa. Passar sm\u00e5 tr\u00e4dg\u00e5rdar.<\/p><\/div>\n<div id=\"attachment_11996\" style=\"width: 420px\" class=\"wp-caption alignright\"><img loading=\"lazy\" decoding=\"async\" aria-describedby=\"caption-attachment-11996\" class=\"size-medium wp-image-11996\" src=\"http:\/\/rosenholm.se\/wp-content\/uploads\/2020\/05\/D3X_8823-410x615.jpg\" alt=\"'William Morris' med enast\u00e5ende aprikosrosa f\u00e4rg p\u00e5 klassiskt formade, rundade blommor. Klarar sig riktigt hyggligt ocks\u00e5 i Mellansveriges inland, fryser ofta ner men skjuter nya kraftiga skott. Namnet kommer fr\u00e5n den m\u00e5ngsidige engelske konstn\u00e4r, formgivare och f\u00f6rfattare som dessutom var med och grundade en frihetligt socialistisk r\u00f6relse i landet.\" width=\"410\" height=\"615\" srcset=\"https:\/\/rosenholm.se\/wp-content\/uploads\/2020\/05\/D3X_8823-410x615.jpg 410w, https:\/\/rosenholm.se\/wp-content\/uploads\/2020\/05\/D3X_8823-466x700.jpg 466w, https:\/\/rosenholm.se\/wp-content\/uploads\/2020\/05\/D3X_8823-390x585.jpg 390w, https:\/\/rosenholm.se\/wp-content\/uploads\/2020\/05\/D3X_8823.jpg 485w\" sizes=\"auto, (max-width: 410px) 100vw, 410px\" \/><p id=\"caption-attachment-11996\" class=\"wp-caption-text\">&#8217;William Morris&#8217; med enast\u00e5ende aprikosrosa f\u00e4rg p\u00e5 klassiskt formade, rundade blommor. Klarar sig riktigt hyggligt i Mellansveriges inland, fryser ofta ner men skjuter kraftiga skott. Namnet kommer fr\u00e5n den m\u00e5ngsidige engelske konstn\u00e4r, formgivare och f\u00f6rfattare som var med och grundade en frihetligt socialistisk r\u00f6relse.<\/p><\/div>\n<p class=\"Standard\">Engelska rosor, eller Austin-rosor, brukar den inofficiella grupp de tillh\u00f6r kallas. Det finns nu \u00f6ver 200 sorter, och en handfull tillkommer varje \u00e5r. Ofta blir de st\u00f6rre \u00e4n moderna rabattrosor, h\u00e4rdigheten \u00e4r ungef\u00e4r densamma, men de k\u00e4nns vitalare med mer v\u00e4xtkraft. De flesta odlas b\u00e4st runt s\u00f6dra Sveriges kustomr\u00e5den och i v\u00e4rmeb\u00e4ltet runt M\u00e4laren. I inlandsklimat och norrut fryser de ofta ner, blommar svagare och kr\u00e4ver mer sk\u00f6tsel och kunskap.<\/p>\n<p class=\"Standard\">Bilderna kommer i huvudsak fr\u00e5n Laubjergs rosenhave p\u00e5 Jylland, Powis Castle i Wales och David Austins egen anl\u00e4ggning i Shropshire, kompletterat med n\u00e5gon bild fr\u00e5n v\u00e5r egen tr\u00e4dg\u00e5rd.<\/p>\n<div id=\"attachment_12014\" style=\"width: 738px\" class=\"wp-caption alignnone\"><img loading=\"lazy\" decoding=\"async\" aria-describedby=\"caption-attachment-12014\" class=\"size-full wp-image-12014\" src=\"http:\/\/rosenholm.se\/wp-content\/uploads\/2020\/05\/D3X_7461.jpg\" alt=\"\u2018Skylark\u2019, allts\u00e5 s\u00e5ngl\u00e4rka, fick sitt namn av en nunna som s\u00e5g och h\u00f6rde en l\u00e4rka n\u00e4r hon f\u00f6rst bes\u00f6kte Austins rosanl\u00e4ggning i Shropshire. Den rosa blomman \u00e4r halvfylld med gula st\u00e5ndare och pistiller mot vit bakgrund.\" width=\"728\" height=\"546\" srcset=\"https:\/\/rosenholm.se\/wp-content\/uploads\/2020\/05\/D3X_7461.jpg 728w, https:\/\/rosenholm.se\/wp-content\/uploads\/2020\/05\/D3X_7461-410x308.jpg 410w, https:\/\/rosenholm.se\/wp-content\/uploads\/2020\/05\/D3X_7461-700x525.jpg 700w, https:\/\/rosenholm.se\/wp-content\/uploads\/2020\/05\/D3X_7461-390x293.jpg 390w\" sizes=\"auto, (max-width: 728px) 100vw, 728px\" \/><p id=\"caption-attachment-12014\" class=\"wp-caption-text\">\u2018Skylark\u2019, allts\u00e5 s\u00e5ngl\u00e4rka, fick sitt namn av en nunna som s\u00e5g och h\u00f6rde en l\u00e4rka n\u00e4r hon f\u00f6rst bes\u00f6kte Austins rosanl\u00e4ggning i Shropshire. Den rosa blomman \u00e4r halvfylld med gula st\u00e5ndare och pistiller mot vit bakgrund.<\/p><\/div>\n<div id=\"attachment_12013\" style=\"width: 738px\" class=\"wp-caption alignnone\"><img loading=\"lazy\" decoding=\"async\" aria-describedby=\"caption-attachment-12013\" class=\"size-full wp-image-12013\" src=\"http:\/\/rosenholm.se\/wp-content\/uploads\/2020\/05\/D2X_2529.jpg\" alt=\"\u2018Glamis Castle\u2019, \u00e4r det slott som inte bara \u00e4r engelska drottningmoderns barndomshem utan d\u00e4r ocks\u00e5 William Shakespeares ber\u00f6mda pj\u00e4s Macbeth utspelas. Som ros \u00e4r den vit med gammaldags utseende och doft av myrra. Sm\u00e5vuxen, blommar f\u00f6r j\u00e4mnan under s\u00e4song, plantera g\u00e4rna m\u00e5nga tillsammans.\" width=\"728\" height=\"484\" srcset=\"https:\/\/rosenholm.se\/wp-content\/uploads\/2020\/05\/D2X_2529.jpg 728w, https:\/\/rosenholm.se\/wp-content\/uploads\/2020\/05\/D2X_2529-410x273.jpg 410w, https:\/\/rosenholm.se\/wp-content\/uploads\/2020\/05\/D2X_2529-700x465.jpg 700w, https:\/\/rosenholm.se\/wp-content\/uploads\/2020\/05\/D2X_2529-390x259.jpg 390w\" sizes=\"auto, (max-width: 728px) 100vw, 728px\" \/><p id=\"caption-attachment-12013\" class=\"wp-caption-text\">\u2018Glamis Castle\u2019, \u00e4r inte bara \u00e4r engelska drottningmoderns barndomshem utan ocks\u00e5 platsen d\u00e4r William Shakespeares Macbeth utspelas. Vit med gammaldags utseende och doft av myrra. Sm\u00e5vuxen, blommar f\u00f6r j\u00e4mnan under s\u00e4song, plantera g\u00e4rna m\u00e5nga tillsammans.<\/p><\/div>\n<div id=\"attachment_12018\" style=\"width: 738px\" class=\"wp-caption alignnone\"><img loading=\"lazy\" decoding=\"async\" aria-describedby=\"caption-attachment-12018\" class=\"size-full wp-image-12018\" src=\"http:\/\/rosenholm.se\/wp-content\/uploads\/2020\/05\/D3X_8832.jpg\" alt=\"'Mayflower' \u00e4r motst\u00e5ndskraftig mot sjukdomar och verkar vara n\u00e4stan helt resistent mot svartfl\u00e4ckssjuka. V\u00e4xer kraftigt, blommar n\u00e4stan hela tiden, \u00e4r t\u00e5lig och klarar sig sannolikt inte bara i Mellansverige utan en bit upp efter Norrlandskusten.\" width=\"728\" height=\"485\" srcset=\"https:\/\/rosenholm.se\/wp-content\/uploads\/2020\/05\/D3X_8832.jpg 728w, https:\/\/rosenholm.se\/wp-content\/uploads\/2020\/05\/D3X_8832-410x273.jpg 410w, https:\/\/rosenholm.se\/wp-content\/uploads\/2020\/05\/D3X_8832-700x466.jpg 700w, https:\/\/rosenholm.se\/wp-content\/uploads\/2020\/05\/D3X_8832-390x260.jpg 390w\" sizes=\"auto, (max-width: 728px) 100vw, 728px\" \/><p id=\"caption-attachment-12018\" class=\"wp-caption-text\">&#8217;Mayflower&#8217; \u00e4r motst\u00e5ndskraftig mot sjukdomar och verkar vara n\u00e4stan helt resistent mot svartfl\u00e4ckssjuka. V\u00e4xer kraftigt, blommar n\u00e4stan hela tiden, \u00e4r t\u00e5lig och klarar sig sannolikt inte bara i Mellansverige utan en bit upp efter Norrlandskusten.<\/p><\/div>\n<div id=\"attachment_12024\" style=\"width: 738px\" class=\"wp-caption alignnone\"><img loading=\"lazy\" decoding=\"async\" aria-describedby=\"caption-attachment-12024\" class=\"size-full wp-image-12024\" src=\"http:\/\/rosenholm.se\/wp-content\/uploads\/2020\/05\/D3X_8183.jpg\" alt=\"\u2018William and Catherine\u2019 fick sitt namn i samband med det engelska prinsbr\u00f6llopet 2011 \u2013 naturligtvis. Klassisk blomform, rent vit som utslagen, frisk och har f\u00f6rdelen att vissna utan missf\u00e4rgningar.\" width=\"728\" height=\"484\" srcset=\"https:\/\/rosenholm.se\/wp-content\/uploads\/2020\/05\/D3X_8183.jpg 728w, https:\/\/rosenholm.se\/wp-content\/uploads\/2020\/05\/D3X_8183-410x273.jpg 410w, https:\/\/rosenholm.se\/wp-content\/uploads\/2020\/05\/D3X_8183-700x465.jpg 700w, https:\/\/rosenholm.se\/wp-content\/uploads\/2020\/05\/D3X_8183-390x259.jpg 390w\" sizes=\"auto, (max-width: 728px) 100vw, 728px\" \/><p id=\"caption-attachment-12024\" class=\"wp-caption-text\">\u2018William and Catherine\u2019 fick sitt namn i samband med det engelska prinsbr\u00f6llopet 2011. Klassisk blomform, rent vit som utslagen, frisk och vissnar utan missf\u00e4rgningar.<\/p><\/div>\n\n\n<p><\/p>\n","protected":false},"excerpt":{"rendered":"<p>Text och bild. Dan Rosenholm Moderna rosor blommar mest hela tiden, men \u00e4r k\u00e4nsliga, v\u00e4xer uselt och doftar just inget. Gammaldags rosor \u00e4r ofta t\u00e5liga och starkv\u00e4xande, luktar h\u00e4rligt, men&hellip; <\/p>\n","protected":false},"author":1,"featured_media":0,"parent":0,"menu_order":0,"comment_status":"closed","ping_status":"closed","template":"","meta":{"footnotes":""},"class_list":["post-11892","page","type-page","status-publish","hentry"],"_links":{"self":[{"href":"https:\/\/rosenholm.se\/index.php?rest_route=\/wp\/v2\/pages\/11892","targetHints":{"allow":["GET"]}}],"collection":[{"href":"https:\/\/rosenholm.se\/index.php?rest_route=\/wp\/v2\/pages"}],"about":[{"href":"https:\/\/rosenholm.se\/index.php?rest_route=\/wp\/v2\/types\/page"}],"author":[{"embeddable":true,"href":"https:\/\/rosenholm.se\/index.php?rest_route=\/wp\/v2\/users\/1"}],"replies":[{"embeddable":true,"href":"https:\/\/rosenholm.se\/index.php?rest_route=%2Fwp%2Fv2%2Fcomments&post=11892"}],"version-history":[{"count":45,"href":"https:\/\/rosenholm.se\/index.php?rest_route=\/wp\/v2\/pages\/11892\/revisions"}],"predecessor-version":[{"id":12059,"href":"https:\/\/rosenholm.se\/index.php?rest_route=\/wp\/v2\/pages\/11892\/revisions\/12059"}],"wp:attachment":[{"href":"https:\/\/rosenholm.se\/index.php?rest_route=%2Fwp%2Fv2%2Fmedia&parent=11892"}],"curies":[{"name":"wp","href":"https:\/\/api.w.org\/{rel}","templated":true}]}}