{"id":1156,"date":"2014-01-26T21:16:11","date_gmt":"2014-01-26T20:16:11","guid":{"rendered":"http:\/\/rosenholm.se\/?page_id=1156"},"modified":"2015-02-26T23:24:24","modified_gmt":"2015-02-26T22:24:24","slug":"formella-former","status":"publish","type":"page","link":"https:\/\/rosenholm.se\/?page_id=1156","title":{"rendered":"Formella former"},"content":{"rendered":"<p>&nbsp;<\/p>\n<div id=\"attachment_1157\" style=\"width: 1010px\" class=\"wp-caption alignnone\"><a href=\"http:\/\/rosenholm.se\/wp-content\/uploads\/2014\/01\/DSC_9946.jpg\"><img loading=\"lazy\" decoding=\"async\" aria-describedby=\"caption-attachment-1157\" class=\"size-full wp-image-1157\" src=\"http:\/\/rosenholm.se\/wp-content\/uploads\/2014\/01\/DSC_9946.jpg\" alt=\"Den som tror att formella k\u00f6kstr\u00e4dg\u00e5rdar bara \u00e4r en fr\u00e5ga om utseende tror fel. Lilla Toscanas infattningsh\u00e4ckar \u00e4r inte bara snygga utan h\u00e5ller kanterna fria fr\u00e5n ogr\u00e4s och ger dessutom lite skydd \u00e5t plantorna n\u00e4r de \u00e4r sm\u00e5. Rundeln i mitten har ocks\u00e5 sin funktion. I en k\u00f6kstr\u00e4dg\u00e5rd d\u00e4r g\u00e5ngarna bildar ett enkelt kryss \u00e4r det helt hoppl\u00f6st att g\u00f6ra en sv\u00e4ng med en skottk\u00e4rra utan att tvingas trampa runt i rabatterna. \u00c4ven i den formella k\u00f6kstr\u00e4dg\u00e5rden f\u00f6ljer form och funktion varandra\" width=\"1000\" height=\"665\" srcset=\"https:\/\/rosenholm.se\/wp-content\/uploads\/2014\/01\/DSC_9946.jpg 1000w, https:\/\/rosenholm.se\/wp-content\/uploads\/2014\/01\/DSC_9946-250x166.jpg 250w, https:\/\/rosenholm.se\/wp-content\/uploads\/2014\/01\/DSC_9946-325x216.jpg 325w, https:\/\/rosenholm.se\/wp-content\/uploads\/2014\/01\/DSC_9946-520x345.jpg 520w, https:\/\/rosenholm.se\/wp-content\/uploads\/2014\/01\/DSC_9946-250x166@2x.jpg 500w, https:\/\/rosenholm.se\/wp-content\/uploads\/2014\/01\/DSC_9946-325x216@2x.jpg 650w\" sizes=\"auto, (max-width: 1000px) 100vw, 1000px\" \/><\/a><p id=\"caption-attachment-1157\" class=\"wp-caption-text\">Den som tror att formella k\u00f6kstr\u00e4dg\u00e5rdar \u00e4r en fr\u00e5ga om utseende tror fel. Lilla Toscanas infattningsh\u00e4ckar h\u00e5ller kanterna fria fr\u00e5n ogr\u00e4s och ger skydd \u00e5t plantorna n\u00e4r de \u00e4r sm\u00e5. Rundeln i mitten har ocks\u00e5 sin funktion. I en k\u00f6kstr\u00e4dg\u00e5rd d\u00e4r g\u00e5ngarna bildar ett enkelt kryss \u00e4r det helt hoppl\u00f6st att g\u00f6ra en sv\u00e4ng med en skottk\u00e4rra utan att tvingas trampa runt i rabatterna. \u00c4ven i den formella k\u00f6kstr\u00e4dg\u00e5rden f\u00f6ljer form och funktion varandra<\/p><\/div>\n<p>Den formella tr\u00e4dg\u00e5rden pr\u00e4glas av geometri, balans och\u00a0ofta symmetri. Tr\u00e4dg\u00e5rdens g\u00e5ngar \u00e4r raka och g\u00e4rna\u00a0plattlagda eller t\u00e4ckta av knastrande grus. Blommande\u00a0perenner och rosor inramas av l\u00e5ga, klippta h\u00e4ckar.\u00a0Ett formellt tr\u00e4dg\u00e5rdsrum byggs ofta upp kring en\u00a0centralpunkt i vilken en vacker v\u00e4xt, urna, tr\u00e4dg\u00e5rdsdamm\u00a0eller annat blickf\u00e5ng placeras. Tv\u00e5 eller fyra g\u00e5ngar\u00a0brukar g\u00e5 in mot centralpunkten och dela upp den\u00a0omgivande ytan i tv\u00e5 respektive fyra omr\u00e5den med lika\u00a0form och storlek. Omr\u00e5det i mitten kan till exempel vara\u00a0format som en cirkel eller rektangel. Vi f\u00f6rknippar\u00a0ofta den h\u00e4r stilen med lite gammaldags klassiska\u00a0tr\u00e4dg\u00e5rdsmilj\u00f6er, som rosen- och k\u00f6kstr\u00e4dg\u00e5rdar.\u00a0Den formella stilen kommer b\u00e4st till sin r\u00e4tt om tr\u00e4dg\u00e5rden\u00a0h\u00e5lls v\u00e4l ansad, vilket knappast g\u00f6r den till det\u00a0b\u00e4sta valet om man vill minimera sk\u00f6tselarbetet.<\/p>\n<div id=\"attachment_1160\" style=\"width: 1010px\" class=\"wp-caption alignnone\"><a href=\"http:\/\/rosenholm.se\/wp-content\/uploads\/2014\/01\/DSC_2807.jpg\"><img loading=\"lazy\" decoding=\"async\" aria-describedby=\"caption-attachment-1160\" class=\"size-full wp-image-1160\" src=\"http:\/\/rosenholm.se\/wp-content\/uploads\/2014\/01\/DSC_2807.jpg\" alt=\"I ett av de m\u00e5nga sm\u00e5 tr\u00e4dg\u00e5rdsrum invid den l\u00e5nga entr\u00e9g\u00e5ngen till Villa Fraxinus har stenl\u00e4ggning och formella former kombinerats med frodiga tr\u00e4dg\u00e5rdsv\u00e4xter och ursprunglig skogsvegetation. Formaliteten i kombination med det vilda skapar sp\u00e4nning och intresse. H\u00e4r v\u00e4xer rododendron och riddarsporrar tillsammans med ett\u00e5rsblommor som tagetes, begonior, fuchsior och margeritor.\" width=\"1000\" height=\"665\" srcset=\"https:\/\/rosenholm.se\/wp-content\/uploads\/2014\/01\/DSC_2807.jpg 1000w, https:\/\/rosenholm.se\/wp-content\/uploads\/2014\/01\/DSC_2807-250x166.jpg 250w, https:\/\/rosenholm.se\/wp-content\/uploads\/2014\/01\/DSC_2807-325x216.jpg 325w, https:\/\/rosenholm.se\/wp-content\/uploads\/2014\/01\/DSC_2807-520x345.jpg 520w, https:\/\/rosenholm.se\/wp-content\/uploads\/2014\/01\/DSC_2807-250x166@2x.jpg 500w, https:\/\/rosenholm.se\/wp-content\/uploads\/2014\/01\/DSC_2807-325x216@2x.jpg 650w\" sizes=\"auto, (max-width: 1000px) 100vw, 1000px\" \/><\/a><p id=\"caption-attachment-1160\" class=\"wp-caption-text\">I ett av de m\u00e5nga sm\u00e5 tr\u00e4dg\u00e5rdsrum vid den l\u00e5nga entr\u00e9g\u00e5ngen till <a title=\"Villa Fraxinus \u2013 tr\u00e4dg\u00e5rd i hj\u00e4rtat av v\u00e4rldsarvet\" href=\"http:\/\/rosenholm.se\/?page_id=6539\">Villa Fraxinus<\/a> har stenl\u00e4ggning och formella former kombinerats med frodiga tr\u00e4dg\u00e5rdsv\u00e4xter och ursprunglig skogsvegetation. Formaliteten i kombination med det vilda skapar sp\u00e4nning och intresse. H\u00e4r v\u00e4xer rododendron och riddarsporrar tillsammans med ett\u00e5rsblommor som tagetes, begonior, fuchsior och margeritor.<\/p><\/div>\n<h5><a title=\"Den gr\u00f6na djungeln\" href=\"http:\/\/rosenholm.se\/?page_id=1212\">Den gr\u00f6na djungeln<\/a><\/h5>\n","protected":false},"excerpt":{"rendered":"<p>&nbsp; Den formella tr\u00e4dg\u00e5rden pr\u00e4glas av geometri, balans och\u00a0ofta symmetri. Tr\u00e4dg\u00e5rdens g\u00e5ngar \u00e4r raka och g\u00e4rna\u00a0plattlagda eller t\u00e4ckta av knastrande grus. Blommande\u00a0perenner och rosor inramas av l\u00e5ga, klippta h\u00e4ckar.\u00a0Ett formellt&hellip; <\/p>\n","protected":false},"author":1,"featured_media":0,"parent":33,"menu_order":0,"comment_status":"closed","ping_status":"closed","template":"","meta":{"footnotes":""},"class_list":["post-1156","page","type-page","status-publish","hentry"],"_links":{"self":[{"href":"https:\/\/rosenholm.se\/index.php?rest_route=\/wp\/v2\/pages\/1156","targetHints":{"allow":["GET"]}}],"collection":[{"href":"https:\/\/rosenholm.se\/index.php?rest_route=\/wp\/v2\/pages"}],"about":[{"href":"https:\/\/rosenholm.se\/index.php?rest_route=\/wp\/v2\/types\/page"}],"author":[{"embeddable":true,"href":"https:\/\/rosenholm.se\/index.php?rest_route=\/wp\/v2\/users\/1"}],"replies":[{"embeddable":true,"href":"https:\/\/rosenholm.se\/index.php?rest_route=%2Fwp%2Fv2%2Fcomments&post=1156"}],"version-history":[{"count":8,"href":"https:\/\/rosenholm.se\/index.php?rest_route=\/wp\/v2\/pages\/1156\/revisions"}],"predecessor-version":[{"id":6809,"href":"https:\/\/rosenholm.se\/index.php?rest_route=\/wp\/v2\/pages\/1156\/revisions\/6809"}],"up":[{"embeddable":true,"href":"https:\/\/rosenholm.se\/index.php?rest_route=\/wp\/v2\/pages\/33"}],"wp:attachment":[{"href":"https:\/\/rosenholm.se\/index.php?rest_route=%2Fwp%2Fv2%2Fmedia&parent=1156"}],"curies":[{"name":"wp","href":"https:\/\/api.w.org\/{rel}","templated":true}]}}