{"id":11128,"date":"2017-04-02T23:35:48","date_gmt":"2017-04-02T21:35:48","guid":{"rendered":"http:\/\/rosenholm.se\/?page_id=11128"},"modified":"2017-04-02T23:42:52","modified_gmt":"2017-04-02T21:42:52","slug":"odla-klematis-i-kruka","status":"publish","type":"page","link":"https:\/\/rosenholm.se\/?page_id=11128","title":{"rendered":"Hur man odlar klematis i kruka"},"content":{"rendered":"<p>Det \u00e4r fortfarande inte helt vanligt att odla klematis i kruka. Det \u00e4r lite synd f\u00f6r odling i kruka passar lika bra p\u00e5 en liten balkong som en stor tomt. P\u00e5 balkongen ger de inte bara blomprakt utan skapar ocks\u00e5 en frodighet som inte \u00e4r helt l\u00e4tt att f\u00e5, medan man p\u00e5 en villatomt kan flytta omkring krukor precis som man vill. Dessutom kan man \u00f6vervintra klematis i krukor utomhus utan st\u00f6rre problem. Hur g\u00f6r man d\u00e5? Det finns v\u00e4l utprovat av Finn Eldh, f\u00f6lj hans r\u00e5d:<\/p>\n<ul>\n<li>Krukorna ska vara stora, frosth\u00e4rdiga och naturligtvis vackra.<\/li>\n<li>Isolera dem inv\u00e4ndigt. F\u00f6r kantiga krukor, sk\u00e4r bitar ur 5 cm tjock frigolit och t\u00e4ck b\u00e5de kanter och botten. I runda krukor passar det b\u00e4ttre att isolera genom att sk\u00e4ra till ett vanligt liggunderlag och l\u00e4gga runt kanten. I botten anv\u00e4nder man \u00e4ven d\u00e5 frigolit. G\u00f6r h\u00e5l f\u00f6r dr\u00e4nering.<\/li>\n<li>Fyll p\u00e5 med kvalitetsjord, till exempel U-jord, gl\u00f6m billig p\u00e5sjord som mest best\u00e5r av uppg\u00f6dslad torv.<\/li>\n<li>Plantan skall vara rej\u00e4lt genomvattnad innan den planteras. B\u00f6r st\u00e5 minst en halvtimme i en vattenhink.<\/li>\n<li>Undvik rotsnurr. R\u00f6tterna ska bredas ut vid plantering.<\/li>\n<li>Klematis beh\u00f6ver inte s\u00e4ttas p\u00e5 samma djup som de st\u00e5tt i krukan man k\u00f6pt dem i. Tv\u00e4rtom, att plantera dem ungef\u00e4r en halv decimeter djupare kan hj\u00e4lpa rot- och skottbildning.<\/li>\n<li>Det beh\u00f6vs n\u00e5gon typ av st\u00e4llning f\u00f6r klematis att kl\u00e4ttra i, bambupinnar \u00e4r b\u00e5de snyggt och praktiskt.<\/li>\n<li>Klipp ner till ungef\u00e4r fyrtio centimeters h\u00f6jd direkt vid planteringen. Vattna.<\/li>\n<li>Var inte blyg med besk\u00e4rningen, klipp ner dem varje v\u00e5r till en h\u00f6jd av 5\u201315 cm ovanf\u00f6r jorden.<\/li>\n<li>Inte heller g\u00f6dsel ska man vara blyg med, det beh\u00f6vs f\u00f6r att de ska orka blomma. Ge varje planta 1\u20131 \u00bd liter h\u00f6nsg\u00f6dsel och tv\u00e5 handfull av benmj\u00f6l tidigt varje v\u00e5r efter nedklippningen. Vill man f\u00e5 en klarare blomf\u00e4rg l\u00e4r det ocks\u00e5 hj\u00e4lpa med tv\u00e5 vanliga selentabletter, s\u00e5dana man \u00e4ter som kosttillskott.<\/li>\n<li>Ungef\u00e4r i slutet av maj n\u00e4r plantorna v\u00e4xt upp till ungef\u00e4r en meters h\u00f6d, ge dem dessutom ytterligare en kaffekopp med kalksalpeter uppl\u00f6st i fem liter ljummet vatten.<\/li>\n<li>Observera dock att f\u00f6r mer svagv\u00e4xande sm\u00e5blommiga och viticella-klematis b\u00f6r g\u00f6dselgivorna vara h\u00e4lften s\u00e5 stora.<\/li>\n<\/ul>\n<p><a title=\"Storblommig klematis fr\u00e5n \u00f6st\" href=\"http:\/\/rosenholm.se\/?page_id=11122\"><strong>Tillbaka<\/strong><\/a><\/p>\n","protected":false},"excerpt":{"rendered":"<p>Det \u00e4r fortfarande inte helt vanligt att odla klematis i kruka. Det \u00e4r lite synd f\u00f6r odling i kruka passar lika bra p\u00e5 en liten balkong som en stor tomt.&hellip; <\/p>\n","protected":false},"author":1,"featured_media":0,"parent":0,"menu_order":0,"comment_status":"closed","ping_status":"closed","template":"","meta":{"footnotes":""},"class_list":["post-11128","page","type-page","status-publish","hentry"],"_links":{"self":[{"href":"https:\/\/rosenholm.se\/index.php?rest_route=\/wp\/v2\/pages\/11128","targetHints":{"allow":["GET"]}}],"collection":[{"href":"https:\/\/rosenholm.se\/index.php?rest_route=\/wp\/v2\/pages"}],"about":[{"href":"https:\/\/rosenholm.se\/index.php?rest_route=\/wp\/v2\/types\/page"}],"author":[{"embeddable":true,"href":"https:\/\/rosenholm.se\/index.php?rest_route=\/wp\/v2\/users\/1"}],"replies":[{"embeddable":true,"href":"https:\/\/rosenholm.se\/index.php?rest_route=%2Fwp%2Fv2%2Fcomments&post=11128"}],"version-history":[{"count":3,"href":"https:\/\/rosenholm.se\/index.php?rest_route=\/wp\/v2\/pages\/11128\/revisions"}],"predecessor-version":[{"id":11349,"href":"https:\/\/rosenholm.se\/index.php?rest_route=\/wp\/v2\/pages\/11128\/revisions\/11349"}],"wp:attachment":[{"href":"https:\/\/rosenholm.se\/index.php?rest_route=%2Fwp%2Fv2%2Fmedia&parent=11128"}],"curies":[{"name":"wp","href":"https:\/\/api.w.org\/{rel}","templated":true}]}}