{"id":1094,"date":"2014-01-26T18:21:49","date_gmt":"2014-01-26T17:21:49","guid":{"rendered":"http:\/\/rosenholm.se\/?page_id=1094"},"modified":"2025-04-20T14:48:17","modified_gmt":"2025-04-20T12:48:17","slug":"v","status":"publish","type":"page","link":"https:\/\/rosenholm.se\/?page_id=1094","title":{"rendered":"V"},"content":{"rendered":"<p><a title=\"V\u00e4xternas behov\" href=\"http:\/\/rosenholm.se\/?page_id=8223\">Svart nysrot, <em>Veratrum nigrum<\/em>,<\/a><a title=\"\u00c4lskliga kompanjoner \u2013 l\u00f6kar och perenner\" href=\"http:\/\/rosenholm.se\/?page_id=8886\"> alt1<\/a><\/p>\n<p><a title=\"Repetition\" href=\"http:\/\/rosenholm.se\/?page_id=2902\">Franskt kungsljus,\u00a0<em>Verbascum chaixii<\/em>\u00a0\u2018Album\u2019<br \/>\n<\/a><a title=\"Perenner \u2013 en v\u00e4sterbottnisk passion\" href=\"http:\/\/rosenholm.se\/?page_id=10617\">Franskt kungsljus,\u00a0<em>Verbascum chaixii<\/em> \u2018Wedding Candles\u2019<\/a><a title=\"Repetition\" href=\"http:\/\/rosenholm.se\/?page_id=2902\"><br \/>\n<\/a><a title=\"Inspiration fr\u00e5n S\u00e4vsj\u00f6\" href=\"http:\/\/rosenholm.se\/?page_id=10511\">M\u00f6rkt kungsljus, <em>Verbascum nigrum<\/em> \u2018Album\u2019 <\/a><a title=\"Repetition\" href=\"http:\/\/rosenholm.se\/?page_id=2902\"><br \/>\n<\/a><a title=\"Perenner f\u00f6r ditt hus\" href=\"http:\/\/rosenholm.se\/?page_id=6261\">J\u00e4ttekungsljus, <em>Verbascum olympicum<\/em>,<\/a><a title=\"DESIGNA MED V\u00c4XTER\" href=\"http:\/\/rosenholm.se\/?page_id=8064\"> alt1,<\/a><a title=\"Vertikala former\" href=\"http:\/\/rosenholm.se\/?page_id=9371\"> alt2,<\/a><a title=\"PERENNERNA SOM T\u00c5L DET MESTA\" href=\"http:\/\/rosenholm.se\/?page_id=10351\"> alt3<\/a><a title=\"Repetition\" href=\"http:\/\/rosenholm.se\/?page_id=2902\"><br \/>\n<\/a><\/p>\n<p><a title=\"\u00c5l\u00e4ndsk tr\u00e4dg\u00e5rdsruin, krukberg och plommonlund\" href=\"https:\/\/rosenholm.se\/?page_id=12148\">J\u00e4tteverbena,\u00a0<em>Verbena<\/em><em>bonariensis,<\/em>\u00a0<\/a><a title=\"Skapa ytterv\u00e4ggar\" href=\"https:\/\/rosenholm.se\/?page_id=13759\">alt1<\/a><\/p>\n<p><a title=\"Med r\u00f6tt grus som r\u00f6d tr\u00e5d\" href=\"http:\/\/rosenholm.se\/?page_id=2226\">Praktveronika, <em>Veronica teucrium<\/em> &#8217;Kapit\u00e4n&#8217;<\/a><\/p>\n<p><a title=\"Dr\u00f6mtr\u00e4dg\u00e5rd mellan hav och tallskog\" href=\"http:\/\/rosenholm.se\/?page_id=6983\">Kransveronika, <em>Veronicastrum virginicum<\/em><\/a><a title=\"Variera lagom\" href=\"http:\/\/rosenholm.se\/?page_id=2664\"><br \/>\nKransveronika, <em>Veronicastrum virginicum<\/em>\u00a0&#8217;Temptation&#8217;,<\/a><a title=\"Nya v\u00e5gen perenner \u2013 d\u00e4r formen \u00e4r huvudsak\" href=\"http:\/\/rosenholm.se\/?page_id=9887\"> alt1<\/a><\/p>\n<p><a title=\"H\u00f6stf\u00e4gnad\" href=\"http:\/\/rosenholm.se\/?page_id=9053\">Japanskt gaffelolvon,\u00a0<em>Viburnum furcatum<br \/>\n<\/em><\/a><a title=\"Horisontella former\" href=\"http:\/\/rosenholm.se\/?page_id=9454\">Japanskt olvon,\u00a0<em>Viburnum plicatum<\/em> f.<em> tomentosum<\/em> \u2019Mariesii\u2019<\/a><a title=\"H\u00f6stf\u00e4gnad\" href=\"http:\/\/rosenholm.se\/?page_id=9053\"><em><br \/>\n<\/em><\/a><\/p>\n<p><a title=\"Odla gourmetgr\u00f6nsaker\" href=\"http:\/\/rosenholm.se\/?page_id=7718\">Bondb\u00f6na, <em>Vicia faba<\/em>\u00a0\u2018Oxford Nigra\u2019<\/a><\/p>\n<p><a title=\"Mormorstr\u00e4dg\u00e5rden\" href=\"http:\/\/rosenholm.se\/?page_id=11141\">Vintergr\u00f6na, <em>Vinca minor<\/em><\/a><\/p>\n<p><a title=\"Exotiskt i M\u00e4lardalen\" href=\"http:\/\/rosenholm.se\/?page_id=462\">Labruskavin,\u00a0<em>Vitis<\/em> \u2019Nordica&#8217;,<\/a><a title=\"K\u00f6kstr\u00e4dg\u00e5rden\" href=\"http:\/\/rosenholm.se\/?page_id=6598\"> alt1<\/a><a title=\"Exotiskt i M\u00e4lardalen\" href=\"http:\/\/rosenholm.se\/?page_id=462\"><br \/>\n<\/a><a title=\"Barnens lekmilj\u00f6er\" href=\"http:\/\/rosenholm.se\/?page_id=6521\">Labruskavin, <em>Vitis <\/em>\u2019Sukribe\u2019<br \/>\n<\/a><a title=\"Bra v\u00e4xter f\u00f6r spalj\u00e9er och v\u00e4ggar\" href=\"http:\/\/rosenholm.se\/?page_id=8304\">Labruskavin\u00a0(bl\u00e5 staketdruva),\u00a0<em>Vitis<\/em> \u2019Zilga&#8217;,<\/a><a title=\"FRUKTTR\u00c4DG\u00c5RDEN\" href=\"http:\/\/rosenholm.se\/?page_id=10244\"> alt1<\/a><a title=\"Exotiskt i M\u00e4lardalen\" href=\"http:\/\/rosenholm.se\/?page_id=462\"><br \/>\n<\/a><\/p>\n","protected":false},"excerpt":{"rendered":"<p>Svart nysrot, Veratrum nigrum, alt1 Franskt kungsljus,\u00a0Verbascum chaixii\u00a0\u2018Album\u2019 Franskt kungsljus,\u00a0Verbascum chaixii \u2018Wedding Candles\u2019 M\u00f6rkt kungsljus, Verbascum nigrum \u2018Album\u2019 J\u00e4ttekungsljus, Verbascum olympicum, alt1, alt2, alt3 J\u00e4tteverbena,\u00a0Verbenabonariensis,\u00a0alt1 Praktveronika, Veronica teucrium &#8217;Kapit\u00e4n&#8217; Kransveronika,&hellip; <\/p>\n","protected":false},"author":1,"featured_media":0,"parent":0,"menu_order":0,"comment_status":"closed","ping_status":"closed","template":"","meta":{"footnotes":""},"class_list":["post-1094","page","type-page","status-publish","hentry"],"_links":{"self":[{"href":"https:\/\/rosenholm.se\/index.php?rest_route=\/wp\/v2\/pages\/1094","targetHints":{"allow":["GET"]}}],"collection":[{"href":"https:\/\/rosenholm.se\/index.php?rest_route=\/wp\/v2\/pages"}],"about":[{"href":"https:\/\/rosenholm.se\/index.php?rest_route=\/wp\/v2\/types\/page"}],"author":[{"embeddable":true,"href":"https:\/\/rosenholm.se\/index.php?rest_route=\/wp\/v2\/users\/1"}],"replies":[{"embeddable":true,"href":"https:\/\/rosenholm.se\/index.php?rest_route=%2Fwp%2Fv2%2Fcomments&post=1094"}],"version-history":[{"count":29,"href":"https:\/\/rosenholm.se\/index.php?rest_route=\/wp\/v2\/pages\/1094\/revisions"}],"predecessor-version":[{"id":13856,"href":"https:\/\/rosenholm.se\/index.php?rest_route=\/wp\/v2\/pages\/1094\/revisions\/13856"}],"wp:attachment":[{"href":"https:\/\/rosenholm.se\/index.php?rest_route=%2Fwp%2Fv2%2Fmedia&parent=1094"}],"curies":[{"name":"wp","href":"https:\/\/api.w.org\/{rel}","templated":true}]}}