{"id":10838,"date":"2017-01-29T09:52:20","date_gmt":"2017-01-29T08:52:20","guid":{"rendered":"http:\/\/rosenholm.se\/?page_id=10838"},"modified":"2017-01-29T22:35:23","modified_gmt":"2017-01-29T21:35:23","slug":"magnolia-varens-drottning","status":"publish","type":"page","link":"https:\/\/rosenholm.se\/?page_id=10838","title":{"rendered":"Magnolia \u2013 v\u00e5rens drottning"},"content":{"rendered":"<p>Magnolior, \u00e4r de inte v\u00e4ldigt kr\u00e5ngliga? De blommande tr\u00e4dens drottning, eller kung beroende p\u00e5 hur man ser p\u00e5 saken. Och magnolior \u00e4r det inte de man sitter under i sin gungstol tidigt p\u00e5 v\u00e5ren i den amerikanska s\u00f6dern? H\u00e4r i Sverige g\u00e5r de v\u00e4l bara i Sk\u00e5ne?<\/p>\n<p>Inte alls, s\u00e5 \u00e4r det inte. Magnolior finns i arter och sorter som passar bra fr\u00e5n Ystad till en bra bit upp efter Norrlandskusten. Och speciellt sv\u00e5ra att sk\u00f6ta \u00e4r de inte. De vill ha lucker och n\u00e4ringsrik jord som helst inte ska vara kalkhaltig. Och s\u00e5 ska man inte trampa omkring under dem f\u00f6r mycket, rotsystemen \u00e4r ytliga. Inte heller gillar de att planteras om. Annars \u00e4r de som vilka tr\u00e4d och buskar som helst, vattna n\u00e4r det \u00e4r torrt de f\u00f6rsta \u00e5ren och ge g\u00f6dsel om det beh\u00f6vs, sedan f\u00e5r de klara sig sj\u00e4lva b\u00e4st de behagar.<\/p>\n<p>En sak till, n\u00e4r de blir gamla f\u00e5r de knotiga, s\u00e5 underbara stammar att man bara v\u00e4ntar p\u00e5 att en dinosaurie ska sticka ut sitt huvud mellan dem. Snyggt vinter, v\u00e5r, sommar och h\u00f6st.<\/p>\n<div id=\"attachment_10979\" style=\"width: 710px\" class=\"wp-caption alignnone\"><img loading=\"lazy\" decoding=\"async\" aria-describedby=\"caption-attachment-10979\" class=\"size-full wp-image-10979\" src=\"http:\/\/rosenholm.se\/wp-content\/uploads\/2017\/01\/D2X_3419.jpg\" alt=\"Japansk magnolia, Magnolia kobus 'Norman Gould'\" width=\"700\" height=\"467\" srcset=\"https:\/\/rosenholm.se\/wp-content\/uploads\/2017\/01\/D2X_3419-350x234@2x.jpg 700w, https:\/\/rosenholm.se\/wp-content\/uploads\/2017\/01\/D2X_3419-350x234.jpg 350w, https:\/\/rosenholm.se\/wp-content\/uploads\/2017\/01\/D2X_3419-420x280.jpg 420w\" sizes=\"auto, (max-width: 700px) 100vw, 700px\" \/><p id=\"caption-attachment-10979\" class=\"wp-caption-text\">Japansk magnolia, Magnolia kobus &#8217;Norman Gould&#8217;<\/p><\/div>\n<p>Japansk magnolia, <em>Magnolia kobus<\/em>, anses vara den mest h\u00e4rdiga och klarar sig bra en bra bit upp i Norrland. En rej\u00e4l nackdel finns, de tar l\u00e5ng tid p\u00e5 sig innan de blommar, man ska inte bli f\u00f6rv\u00e5nad om man f\u00e5r v\u00e4nta tio \u00e5r eller i v\u00e4rsta fall \u00e4nnu l\u00e4ngre. Men tr\u00e4d ska man plantera ocks\u00e5 \u00e5t framtida generationer, eller hur? Sorten p\u00e5 bilden beh\u00f6ver man d\u00e4remot inte v\u00e4nta s\u00e4rskilt l\u00e4nge p\u00e5 att f\u00e5 i blom. Den heter &#8217;Norman Gould&#8217; och kom fram genom experiment med kromosonf\u00f6rdubbling som en indisk forskare gjorde i engelska Wisley under 1950-talet. Blommar i b\u00f6rjan av maj i m\u00e4ngder och verkar dessutom vara kalktolerant. H\u00f6jd 3\u20134 meter. Sol\u2013halvskugga. Troligen h\u00e4rdig till zon 4.<\/p>\n<div id=\"attachment_10978\" style=\"width: 710px\" class=\"wp-caption alignnone\"><img loading=\"lazy\" decoding=\"async\" aria-describedby=\"caption-attachment-10978\" class=\"size-full wp-image-10978\" src=\"http:\/\/rosenholm.se\/wp-content\/uploads\/2017\/01\/D2X_4510.jpg\" alt=\"Hybridmagnolia, Magnolia \u00d7 loebneri \u2019Leonard Messel\u2019\" width=\"700\" height=\"428\" srcset=\"https:\/\/rosenholm.se\/wp-content\/uploads\/2017\/01\/D2X_4510-350x214@2x.jpg 700w, https:\/\/rosenholm.se\/wp-content\/uploads\/2017\/01\/D2X_4510-350x214.jpg 350w, https:\/\/rosenholm.se\/wp-content\/uploads\/2017\/01\/D2X_4510-420x257.jpg 420w\" sizes=\"auto, (max-width: 700px) 100vw, 700px\" \/><p id=\"caption-attachment-10978\" class=\"wp-caption-text\">Hybridmagnolia, Magnolia \u00d7 loebneri \u2019Leonard Messel\u2019<\/p><\/div>\n<p>T\u00e5lig, l\u00e4ttodlad och blomvillig \u00e4r hybridmagnolia, <em>Magnolia<\/em>\u00a0\u00d7 <em>loebneri<\/em> \u2019Leonard Messel\u2019, en riktig nyb\u00f6rjarmagnolia. Blommar som ung. Det g\u00e4ller att snabbt f\u00e5 ner den i marken innan den s\u00e4tter ig\u00e5ng \u2013 inbillar man sig i alla fall. Dess smala lite vridna kronblad \u00e4r hj\u00e4rtsk\u00e4rande vackra n\u00e4r de slagit ut p\u00e5 bar kvist i mitten av maj. \u2019Leonard Messel\u2019 v\u00e4xer l\u00e5ngsamt och kan med tiden bli ett litet tr\u00e4d p\u00e5 2\u20134 meter. Den kan utan problem odlas upp till odlingszon 3, troligen ocks\u00e5 4. Det finns flera olika loebneri-hybrider att v\u00e4lja p\u00e5, normalt sett vita men alltid blomvilliga och ganska h\u00e4rdiga.<\/p>\n<div id=\"attachment_10976\" style=\"width: 360px\" class=\"wp-caption alignleft\"><img loading=\"lazy\" decoding=\"async\" aria-describedby=\"caption-attachment-10976\" class=\"size-thumbnail wp-image-10976\" src=\"http:\/\/rosenholm.se\/wp-content\/uploads\/2017\/01\/D3X_7259-350x420.jpg\" alt=\"Praktmagnolia, Magnolia \u00d7 soulangeana\" width=\"350\" height=\"420\" srcset=\"https:\/\/rosenholm.se\/wp-content\/uploads\/2017\/01\/D3X_7259-350x420.jpg 350w, https:\/\/rosenholm.se\/wp-content\/uploads\/2017\/01\/D3X_7259-420x504.jpg 420w, https:\/\/rosenholm.se\/wp-content\/uploads\/2017\/01\/D3X_7259.jpg 583w\" sizes=\"auto, (max-width: 350px) 100vw, 350px\" \/><p id=\"caption-attachment-10976\" class=\"wp-caption-text\">Praktmagnolia, Magnolia \u00d7 soulangeana<\/p><\/div>\n<p>H\u00e4ftigare kan det inte bli \u00e4n n\u00e4r praktmagnolia, <em>Magnolia<\/em> \u00d7 <em>soulangeana<\/em>, blommar loss tidigt p\u00e5 v\u00e5ren med stora kupoler i vitt, rosa och purpur p\u00e5 nakna kvistar. Bilden \u00e4r fr\u00e5n Lundag\u00e5rd i Lund, Sveriges s\u00e4kert mesta k\u00e4nda magnolior. I sina klimatomr\u00e5den \u00e4r de sannolikt den vanligaste magnoliatypen, och det \u00e4r inte sv\u00e5rt att f\u00f6rst\u00e5 varf\u00f6r. Ursprunget \u00e4r en fransk korsning mellan <em>M. denudata<\/em> och <em>M. liliiflora<\/em> som skedde under tidigt 1800-tal. Blommar i april\u2013maj. H\u00f6jd 4\u20136 meter. Gillar sol och v\u00e4rme. Kan odlas upp till zon 2, m\u00f6jligen 3, men trivs b\u00e4st i sydligaste Sverige. Finns i m\u00e5nga olika sorter.<\/p>\n<div id=\"attachment_10977\" style=\"width: 710px\" class=\"wp-caption alignnone\"><img loading=\"lazy\" decoding=\"async\" aria-describedby=\"caption-attachment-10977\" class=\"size-full wp-image-10977\" src=\"http:\/\/rosenholm.se\/wp-content\/uploads\/2017\/01\/D3X_0159.jpg\" alt=\"Pilbladsmagnolia, Magnolia salicifolia 'Wada's Memory'\" width=\"700\" height=\"467\" srcset=\"https:\/\/rosenholm.se\/wp-content\/uploads\/2017\/01\/D3X_0159-350x234@2x.jpg 700w, https:\/\/rosenholm.se\/wp-content\/uploads\/2017\/01\/D3X_0159-350x234.jpg 350w, https:\/\/rosenholm.se\/wp-content\/uploads\/2017\/01\/D3X_0159-420x280.jpg 420w\" sizes=\"auto, (max-width: 700px) 100vw, 700px\" \/><p id=\"caption-attachment-10977\" class=\"wp-caption-text\">Pilbladsmagnolia, Magnolia salicifolia &#8217;Wada&#8217;s Memory&#8217;<\/p><\/div>\n<p>Blommorna p\u00e5 pilbladsmagnolia, <em>Magnolia salicifolia<\/em> &#8217;Wada&#8217;s Memory&#8217;, \u00e4r bara s\u00e5 l\u00e4ckra. De h\u00e4ngande, fladdriga tepalerna ser ut som sm\u00e5 v\u00e4lformade linnetygsbitar p\u00e5 bar kvist i m\u00e5nadsskiftet april\u2013maj och blomningen \u00e4r riklig. Blir 5\u20138 meter h\u00f6g. Tacksam och l\u00e4ttodlad magnolia som passar upp till zon 4, det p\u00e5st\u00e5s att den till och med kan odlas i zon 5.<\/p>\n<p><strong><a title=\"BLOMMANDE TR\u00c4D\" href=\"http:\/\/rosenholm.se\/?page_id=10836\">Tillbaka<\/a><\/strong><\/p>\n","protected":false},"excerpt":{"rendered":"<p>Magnolior, \u00e4r de inte v\u00e4ldigt kr\u00e5ngliga? De blommande tr\u00e4dens drottning, eller kung beroende p\u00e5 hur man ser p\u00e5 saken. Och magnolior \u00e4r det inte de man sitter under i sin&hellip; <\/p>\n","protected":false},"author":1,"featured_media":0,"parent":0,"menu_order":0,"comment_status":"closed","ping_status":"closed","template":"","meta":{"footnotes":""},"class_list":["post-10838","page","type-page","status-publish","hentry"],"_links":{"self":[{"href":"https:\/\/rosenholm.se\/index.php?rest_route=\/wp\/v2\/pages\/10838","targetHints":{"allow":["GET"]}}],"collection":[{"href":"https:\/\/rosenholm.se\/index.php?rest_route=\/wp\/v2\/pages"}],"about":[{"href":"https:\/\/rosenholm.se\/index.php?rest_route=\/wp\/v2\/types\/page"}],"author":[{"embeddable":true,"href":"https:\/\/rosenholm.se\/index.php?rest_route=\/wp\/v2\/users\/1"}],"replies":[{"embeddable":true,"href":"https:\/\/rosenholm.se\/index.php?rest_route=%2Fwp%2Fv2%2Fcomments&post=10838"}],"version-history":[{"count":7,"href":"https:\/\/rosenholm.se\/index.php?rest_route=\/wp\/v2\/pages\/10838\/revisions"}],"predecessor-version":[{"id":11021,"href":"https:\/\/rosenholm.se\/index.php?rest_route=\/wp\/v2\/pages\/10838\/revisions\/11021"}],"wp:attachment":[{"href":"https:\/\/rosenholm.se\/index.php?rest_route=%2Fwp%2Fv2%2Fmedia&parent=10838"}],"curies":[{"name":"wp","href":"https:\/\/api.w.org\/{rel}","templated":true}]}}