{"id":10836,"date":"2017-01-29T21:28:55","date_gmt":"2017-01-29T20:28:55","guid":{"rendered":"http:\/\/rosenholm.se\/?page_id=10836"},"modified":"2017-01-29T22:34:05","modified_gmt":"2017-01-29T21:34:05","slug":"blommande-trad","status":"publish","type":"page","link":"https:\/\/rosenholm.se\/?page_id=10836","title":{"rendered":"BLOMMANDE TR\u00c4D"},"content":{"rendered":"<p>L\u00e4ngtar du efter \u00f6verd\u00e5dig blomning i tr\u00e4dg\u00e5rden? Varf\u00f6r inte satsa p\u00e5 n\u00e5gra l\u00e4ckert blommande buskar och tr\u00e4d? Det \u00e4r inte alls bara perenner och ett\u00e5ringar som kan bjuda p\u00e5 enast\u00e5ende blomning, det kan m\u00e5nga vedartade v\u00e4xter minst lika bra. Dessutom har flera av dem ett v\u00e4xts\u00e4tt som \u00e4r vackert hela \u00e5ret, fr\u00e5n v\u00e5rens skira l\u00f6vsprickning \u00f6ver blomningen till l\u00f6vf\u00e4llningen och vinterns kala grenar.<\/p>\n<p>Njut av livet. T\u00e4nk dig att sitta under ett tak av rosa k\u00f6rsb\u00e4rsblom p\u00e5 v\u00e5ren och titta rakt upp i skira blommors svalg. Eller att m\u00f6ta kupade magnoliablommor i perfekt \u00f6gonh\u00f6jd l\u00e4ngs entr\u00e9g\u00e5ngen upp mot huset. Det \u00e4r s\u00e5na extra dimensioner som blommande buskar och tr\u00e4d kan ge. En annan f\u00f6rdel j\u00e4mf\u00f6rt med perenner \u00e4r att sk\u00f6tseln faktiskt blir n\u00e5got mindre: inget torrt ris som ska klippas ner varje \u00e5r eller ogr\u00e4s som tar \u00f6ver rabatterna. De flesta beh\u00f6ver just ingen besk\u00e4rning f\u00f6rutom att ta bort d\u00f6da eller fula grenar. Viktigast \u00e4r att se till att det finns tillr\u00e4ckligt med n\u00e4ring och vatten under etableringsfasen, sedan kan man njuta av blomningen \u00e5r efter \u00e5r. V\u00e4lj mellan buskar och tr\u00e4d som alla stoltserar med blommor ut\u00f6ver det vanliga och dessutom ofta \u00e4r attraktiva \u00e4ven n\u00e4r de inte blommar.<\/p>\n<p>Genom att v\u00e4lja buskar som sl\u00e5r ut vid olika tidpunkter f\u00e5r du blomning mest hela sommarhalv\u00e5ret. Med till exempel magnolia, prydnadsk\u00f6rsb\u00e4r, azaleor och buskpion blommar det fr\u00e5n tidig v\u00e5r till en bra bit in i juni. L\u00e5t blomsterkornell, perukbuske och n\u00e5gon sen hortensia avl\u00f6sa, d\u00e5 f\u00e5r du tjusigt till l\u00e5ngt in p\u00e5 h\u00f6sten.<\/p>\n<div id=\"attachment_10933\" style=\"width: 360px\" class=\"wp-caption alignright\"><img loading=\"lazy\" decoding=\"async\" aria-describedby=\"caption-attachment-10933\" class=\"size-thumbnail wp-image-10933\" src=\"http:\/\/rosenholm.se\/wp-content\/uploads\/2017\/01\/MMFC6646-350x466.jpg\" alt=\"Northern lights-azaleor t\u00e5l kyla, doftar och har vibrerande f\u00e4rger.\" width=\"350\" height=\"466\" srcset=\"https:\/\/rosenholm.se\/wp-content\/uploads\/2017\/01\/MMFC6646-350x466.jpg 350w, https:\/\/rosenholm.se\/wp-content\/uploads\/2017\/01\/MMFC6646-420x559.jpg 420w, https:\/\/rosenholm.se\/wp-content\/uploads\/2017\/01\/MMFC6646.jpg 526w\" sizes=\"auto, (max-width: 350px) 100vw, 350px\" \/><p id=\"caption-attachment-10933\" class=\"wp-caption-text\">Northern lights-azaleor t\u00e5l kyla, doftar och har vibrerande f\u00e4rger.<\/p><\/div>\n<p>M\u00e5nga tror azaleor \u00e4r k\u00e4nsliga, kanske f\u00f6r att de ser spr\u00f6da ut. Tv\u00e4rtom \u00e4r de h\u00e4rdiga och l\u00e4ttsk\u00f6tta. Fr\u00e5n vinterkalla Minnesota kommer northern lights-azaleor som hybridiserats f\u00f6r att t\u00e5la extra mycket kyla, dofta och f\u00e5 vibrerande f\u00e4rger. F\u00e5r dessutom sprakande bladf\u00e4rger p\u00e5 h\u00f6sten. Finns i m\u00e5nga sorter, alla h\u00e4rdiga en bra bit upp i Norrland, blir med tiden kring tv\u00e5 meter h\u00f6ga. Blommar under senv\u00e5ren och f\u00f6rsommaren, gillar sol och trivs i vanlig tr\u00e4dg\u00e5rdsjord som g\u00e4rna ska vara humusrik och h\u00e5lla fukt.<\/p>\n<div id=\"attachment_10938\" style=\"width: 360px\" class=\"wp-caption alignright\"><img loading=\"lazy\" decoding=\"async\" aria-describedby=\"caption-attachment-10938\" class=\"size-thumbnail wp-image-10938\" src=\"http:\/\/rosenholm.se\/wp-content\/uploads\/2017\/01\/D2X_5160-350x467.jpg\" alt=\"Vipphortensia, Hydrangea paniculata\" width=\"350\" height=\"467\" srcset=\"https:\/\/rosenholm.se\/wp-content\/uploads\/2017\/01\/D2X_5160-350x467.jpg 350w, https:\/\/rosenholm.se\/wp-content\/uploads\/2017\/01\/D2X_5160-420x560.jpg 420w, https:\/\/rosenholm.se\/wp-content\/uploads\/2017\/01\/D2X_5160.jpg 525w\" sizes=\"auto, (max-width: 350px) 100vw, 350px\" \/><p id=\"caption-attachment-10938\" class=\"wp-caption-text\">Vipphortensia, Hydrangea paniculata &#8217;Pink Diamond&#8217; tillsammans med flikbladig japansk l\u00f6nn, Acer palmatum &#8217;Garnet&#8217;.<\/p><\/div>\n<p>Vipphortensia, <em>Hydrangea paniculata,<\/em> \u00e4r n\u00e5got f\u00f6r er som vill ha blomning fr\u00e5n sensommaren och l\u00e5ngt in i h\u00f6sten. Vill st\u00e5 ganska soligt i n\u00e4rings- och mullrik jord och likt alla hortensior ha god och j\u00e4mn tillg\u00e5ng p\u00e5 vatten, det vetenskapliga namnet <em>Hydrangea<\/em> syftar p\u00e5 dess vattent\u00f6rst. Bek\u00e4rs h\u00e5rt tidig v\u00e5r f\u00f6r att blomma b\u00e4ttre. H\u00e4rdig till M\u00e4lardalsomr\u00e5det, delvis sortberoende. P\u00e5 bilden hemifr\u00e5n Laila Lindstr\u00f6m p\u00e5 Liding\u00f6 kamperar sorten &#8217;Pink Diamond&#8217; tillsammans med en h\u00f6stf\u00e4rgad flikbladig japansk l\u00f6nn, <em>Acer palmatum<\/em> &#8217;Garnet&#8217;. L\u00e4ngre norrut \u00e4r syrenhortensia, <em>H. paniculata <\/em>&#8217;Grandiflora&#8217; ett alternativ, h\u00e4rdig i till exempel Dalarna och l\u00e5ngt upp efter Norrlandskusten.<\/p>\n<div id=\"attachment_10934\" style=\"width: 710px\" class=\"wp-caption alignnone\"><img loading=\"lazy\" decoding=\"async\" aria-describedby=\"caption-attachment-10934\" class=\"size-large wp-image-10934\" src=\"http:\/\/rosenholm.se\/wp-content\/uploads\/2017\/01\/D3X_1963-700x496.jpg\" alt=\"V\u00e5ralpros Rhododendron x praecox. \" width=\"700\" height=\"496\" srcset=\"https:\/\/rosenholm.se\/wp-content\/uploads\/2017\/01\/D3X_1963-350x248@2x.jpg 700w, https:\/\/rosenholm.se\/wp-content\/uploads\/2017\/01\/D3X_1963-350x248.jpg 350w, https:\/\/rosenholm.se\/wp-content\/uploads\/2017\/01\/D3X_1963-420x298.jpg 420w\" sizes=\"auto, (max-width: 700px) 100vw, 700px\" \/><p id=\"caption-attachment-10934\" class=\"wp-caption-text\">V\u00e5ralpros Rhododendron \u00d7 praecox<\/p><\/div>\n<p>En klassisk rododendron med extremt tidig blomning, ibland innan sn\u00f6n f\u00f6rsvunnit, \u00e4r v\u00e5ralpros <em>Rhododendron<\/em>\u00a0\u00d7 <em>praecox<\/em>. H\u00f6r fr\u00e4mst hemma i skyddade l\u00e4gen i sydligaste Sverige, l\u00e4ngre norrut fryser blommorna l\u00e4tt bort. Ocks\u00e5 tidig men h\u00e4rdig i Mellansverige \u00e4r dauricum-alpros, finns i sorter som &#8217;April Rose&#8217; och &#8217;April Snow&#8217;. B\u00e5de tidig och h\u00e4rdig upp i V\u00e4sterbottens kustland \u00e4r minusalpros &#8217;PJM Elite&#8217;.<\/p>\n<div id=\"attachment_10937\" style=\"width: 430px\" class=\"wp-caption alignright\"><img loading=\"lazy\" decoding=\"async\" aria-describedby=\"caption-attachment-10937\" class=\"size-medium wp-image-10937\" src=\"http:\/\/rosenholm.se\/wp-content\/uploads\/2017\/01\/D3X_8733-420x527.jpg\" alt=\"Perukbuske, Cotinus coggygria\" width=\"420\" height=\"527\" srcset=\"https:\/\/rosenholm.se\/wp-content\/uploads\/2017\/01\/D3X_8733-420x527.jpg 420w, https:\/\/rosenholm.se\/wp-content\/uploads\/2017\/01\/D3X_8733-350x439.jpg 350w, https:\/\/rosenholm.se\/wp-content\/uploads\/2017\/01\/D3X_8733.jpg 558w\" sizes=\"auto, (max-width: 420px) 100vw, 420px\" \/><p id=\"caption-attachment-10937\" class=\"wp-caption-text\">Perukbuske, Cotinus coggygria<\/p><\/div>\n<p>Blommorna \u00e4r inte den st\u00f6rsta attraktionen hos perukbuske, <em>Cotinus coggygria<\/em>, utan de utblommade fr\u00f6st\u00e4llningarna, perukerna, i kombination med l\u00e4ckra blad \u2013 vanligen i m\u00f6rka nyanser av purpur och r\u00f6tt. Ska st\u00e5 soligt och varmt f\u00f6r att bilda peruk. H\u00e4rdig i goda l\u00e4gen runt M\u00e4laren. Blir i Sk\u00e5ne upp till 2\u20132,5 meter h\u00f6g och yvig, i Mellansverige mindre p\u00e5 grund av \u00e5rlig nedfrysning. Ska besk\u00e4ras ganska h\u00e5rt f\u00f6r att ge fr\u00e4scha skott. Ger extra vackra bladf\u00e4rger p\u00e5 h\u00f6sten. I bakgrunden syns japanska l\u00f6nnar i matchande f\u00e4rgskala.<\/p>\n<div id=\"attachment_10935\" style=\"width: 710px\" class=\"wp-caption alignnone\"><img loading=\"lazy\" decoding=\"async\" aria-describedby=\"caption-attachment-10935\" class=\"size-large wp-image-10935\" src=\"http:\/\/rosenholm.se\/wp-content\/uploads\/2017\/01\/D3X_4756-700x467.jpg\" alt=\"Ungersk syren, Syringa josikaea\" width=\"700\" height=\"467\" srcset=\"https:\/\/rosenholm.se\/wp-content\/uploads\/2017\/01\/D3X_4756-350x234@2x.jpg 700w, https:\/\/rosenholm.se\/wp-content\/uploads\/2017\/01\/D3X_4756-350x234.jpg 350w, https:\/\/rosenholm.se\/wp-content\/uploads\/2017\/01\/D3X_4756-420x280.jpg 420w\" sizes=\"auto, (max-width: 700px) 100vw, 700px\" \/><p id=\"caption-attachment-10935\" class=\"wp-caption-text\">Ungersk syren, Syringa josikaea\u00a0&#8217;Oden&#8217;<\/p><\/div>\n<p>Ungersk syren, <em>Syringa josikaea<\/em>, \u00e4r ett anspr\u00e5ksl\u00f6st busktr\u00e4d f\u00f6r den som bor l\u00e5ngt upp i Norrland. Blir 2\u20134 meter h\u00f6g beroende p\u00e5 sort och blommar i juni. Den l\u00e5ngsamv\u00e4xande sorten &#8217;Oden&#8217;, p\u00e5 bilden, \u00e4r selekterad i Odensala utanf\u00f6r \u00d6stersund och h\u00e4rdig upp till Lappland. Den vita sorten &#8217;Holger&#8217;, \u00e4r mer storvuxen, blir 3\u20134 meter h\u00f6g, och n\u00e5got mindre h\u00e4rdig.<\/p>\n<div id=\"attachment_10851\" style=\"width: 360px\" class=\"wp-caption alignright\"><img loading=\"lazy\" decoding=\"async\" aria-describedby=\"caption-attachment-10851\" class=\"size-thumbnail wp-image-10851\" src=\"http:\/\/rosenholm.se\/wp-content\/uploads\/2017\/01\/D3X_4618-350x467.jpg\" alt=\"Rosenhagtorn, Crataegus \u00d7 media 'Paul's Scarlet'\" width=\"350\" height=\"467\" srcset=\"https:\/\/rosenholm.se\/wp-content\/uploads\/2017\/01\/D3X_4618-350x467.jpg 350w, https:\/\/rosenholm.se\/wp-content\/uploads\/2017\/01\/D3X_4618-420x560.jpg 420w, https:\/\/rosenholm.se\/wp-content\/uploads\/2017\/01\/D3X_4618.jpg 525w\" sizes=\"auto, (max-width: 350px) 100vw, 350px\" \/><p id=\"caption-attachment-10851\" class=\"wp-caption-text\">Rosenhagtorn, Crataegus \u00d7 media &#8217;Paul&#8217;s Scarlet&#8217;<\/p><\/div>\n<p>Underskatta inte sk\u00f6nhetsv\u00e4rdet hos rosenhagtorn,\u00a0<em>Crataegus<\/em> \u00d7 <em>media<\/em> &#8217;Paul&#8217;s Scarlet&#8217;. Blommar inte bara vackert en bra bit upp efter Norrlandskusten utan \u00e4r l\u00e5ngt ifr\u00e5n ovanlig i engelska tr\u00e4dg\u00e5rdar. V\u00e4xer snyggt med kompakt krona, speciellt om man sj\u00e4lv ser till att stamma upp den p\u00e5 lagom h\u00f6jd genom att sk\u00e4ra bort l\u00e5ga grenar. Har l\u00e5ng blomningstid under f\u00f6rsommaren \u00e4ven n\u00e4r solen steker. L\u00e4ttodlad, men ska likt m\u00e5nga andra tr\u00e4d och buskar vattnas rej\u00e4lt under etableringen. H\u00f6jd 4\u20137 meter. Sol eller halvskugga. Zon 5.<\/p>\n<div id=\"attachment_10954\" style=\"width: 360px\" class=\"wp-caption alignright\"><img loading=\"lazy\" decoding=\"async\" aria-describedby=\"caption-attachment-10954\" class=\"size-thumbnail wp-image-10954\" src=\"http:\/\/rosenholm.se\/wp-content\/uploads\/2017\/01\/D3X_6641-350x439.jpg\" alt=\"Honungsros, Rosa 'Lykkefund'\" width=\"350\" height=\"439\" srcset=\"https:\/\/rosenholm.se\/wp-content\/uploads\/2017\/01\/D3X_6641-350x439.jpg 350w, https:\/\/rosenholm.se\/wp-content\/uploads\/2017\/01\/D3X_6641-420x527.jpg 420w, https:\/\/rosenholm.se\/wp-content\/uploads\/2017\/01\/D3X_6641.jpg 558w\" sizes=\"auto, (max-width: 350px) 100vw, 350px\" \/><p id=\"caption-attachment-10954\" class=\"wp-caption-text\">Honungsros, Rosa &#8217;Lykkefund&#8217;<\/p><\/div>\n<p>Ett n\u00e5got fuskigt men alldeles utm\u00e4rkt s\u00e4tt att skapa ett blommande tr\u00e4d \u00e4r att sl\u00e4ppa upp en kl\u00e4ngande ros i det. En av de mest passande \u00e4r honungsrosen &#8217;Lykkefund&#8217;. Det \u00e4r en ganska kraftigv\u00e4xande kl\u00e4ttrare som \u00e4r i stort sett taggfri och passar utm\u00e4rkt i tr\u00e4d, p\u00e5 pergolor, spalj\u00e9er, portaler och v\u00e4ggar. Den blommar i n\u00e4stan ofattbar m\u00e4ngd under flera veckor mitt i sommaren med ljuvligt doftande, vitgula blommor. V\u00e4xer i sol\u2013halvskugga, men det ligger i v\u00e4xtens natur att den g\u00f6r allt f\u00f6r att kl\u00e4ttra och leta upp ljuset alldeles p\u00e5 egen hand. Kan bli minst 5 meter h\u00f6g. H\u00e4rdig utan problem till zon 4, m\u00f6jligen ocks\u00e5 5. Fylld honungsros &#8217;Hybrida&#8217; \u00e4r ett \u00e4nnu mer starkv\u00e4xande och h\u00e4rdigt alternativ, dock inte taggfri.<\/p>\n<div id=\"attachment_10848\" style=\"width: 710px\" class=\"wp-caption alignnone\"><img loading=\"lazy\" decoding=\"async\" aria-describedby=\"caption-attachment-10848\" class=\"size-full wp-image-10848\" src=\"http:\/\/rosenholm.se\/wp-content\/uploads\/2017\/01\/L1080230.jpg\" alt=\"Koreansk blomsterkornell, Cornus 'Satomi'\" width=\"700\" height=\"428\" srcset=\"https:\/\/rosenholm.se\/wp-content\/uploads\/2017\/01\/L1080230-350x214@2x.jpg 700w, https:\/\/rosenholm.se\/wp-content\/uploads\/2017\/01\/L1080230-350x214.jpg 350w, https:\/\/rosenholm.se\/wp-content\/uploads\/2017\/01\/L1080230-420x257.jpg 420w\" sizes=\"auto, (max-width: 700px) 100vw, 700px\" \/><p id=\"caption-attachment-10848\" class=\"wp-caption-text\">Koreansk blomsterkornell, Cornus &#8217;Satomi&#8217;<\/p><\/div>\n<p>Ett exceptionellt vackert tr\u00e4d \u00e4r koreansk blomsterkornell, <em>Cornus kousa<\/em>, d\u00e5 det i juni \u00f6versk\u00f6ljs av vita eller rosavita h\u00f6gblad runt blommorna. Blomvillig och med l\u00e5ng blomningstid, men kommer inte ig\u00e5ng f\u00f6rr\u00e4n plantan blivit \u00e4ldre. Sorten p\u00e5 bilden, fr\u00e5n Billb\u00e4cks plantskolas visningstr\u00e4dg\u00e5rd en bit utanf\u00f6r Norrk\u00f6ping, heter &#8217;Satomi&#8217; men det finns m\u00e5nga andra att v\u00e4lja p\u00e5 i vitt och rosa. V\u00e4xer l\u00e5ngsamt och blir inte mer \u00e4n 3\u20135 meter h\u00f6g. Trivs b\u00e4st i sol\u2013halvskugga i n\u00e4ringsrik jord p\u00e5 skyddad v\u00e4xtplats och \u00e4r h\u00e4rdig till i alla fall zon 2. Den kinesiska blomsterkornellen <em>C. kousa<\/em> var. <em>chinensis<\/em> \u00e4r snarlik. Bor man n\u00e5got kallare kan man v\u00e4lja den lika vackra hybridblomsterkornellen <em>C<\/em>. &#8217;Eddie&#8217;s White Wonder&#8217;, som klarar sig bra i zon 3.<\/p>\n<div id=\"attachment_10956\" style=\"width: 360px\" class=\"wp-caption alignright\"><img loading=\"lazy\" decoding=\"async\" aria-describedby=\"caption-attachment-10956\" class=\"size-thumbnail wp-image-10956\" src=\"http:\/\/rosenholm.se\/wp-content\/uploads\/2017\/01\/D3X_4593-350x467.jpg\" alt=\"Alpgullregn, Laburnum alpinum\" width=\"350\" height=\"467\" srcset=\"https:\/\/rosenholm.se\/wp-content\/uploads\/2017\/01\/D3X_4593-350x467.jpg 350w, https:\/\/rosenholm.se\/wp-content\/uploads\/2017\/01\/D3X_4593-420x560.jpg 420w, https:\/\/rosenholm.se\/wp-content\/uploads\/2017\/01\/D3X_4593.jpg 525w\" sizes=\"auto, (max-width: 350px) 100vw, 350px\" \/><p id=\"caption-attachment-10956\" class=\"wp-caption-text\">Alpgullregn, Laburnum alpinum<\/p><\/div>\n<p>Det \u00e4r inte bara de h\u00e4ngande blomklasarna som \u00e4r tjusiga p\u00e5 alpgullregn, <em>Laburnum alpinum<\/em>, utan hela det uppr\u00e4ttst\u00e5ende v\u00e4xts\u00e4ttet och de fr\u00e4scha bladen. Man ska ta h\u00e4nsyn till att den \u00e4r giftig, speciellt eftersom fr\u00f6baljorna ger intryck av att vara \u00e4tliga. Doftande blommor under sen v\u00e5r och f\u00f6rsommar. Vill ha mycket sol och g\u00e4rna st\u00e5 i s\u00f6derl\u00e4ge f\u00f6r att blomma riktigt rikligt, annars \u00e4r den l\u00e4ttodlad. F\u00f6rekommer som f\u00f6rvildad i Syd- och Mellansverige. H\u00f6jd 4\u20135 meter. Zon 5. Bor man lite l\u00e4ngre s\u00f6derut kan man odla hybridgullregn <em>Laburnum<\/em> \u00d7 <em>watereri<\/em> som ger marginellt med fr\u00f6baljor utan fr\u00f6n.<\/p>\n<div id=\"attachment_10950\" style=\"width: 360px\" class=\"wp-caption alignright\"><img loading=\"lazy\" decoding=\"async\" aria-describedby=\"caption-attachment-10950\" class=\"size-thumbnail wp-image-10950\" src=\"http:\/\/rosenholm.se\/wp-content\/uploads\/2017\/01\/DSC_8767-350x467.jpg\" alt=\"Skogslind, Tilia cordata\" width=\"350\" height=\"467\" srcset=\"https:\/\/rosenholm.se\/wp-content\/uploads\/2017\/01\/DSC_8767-350x467.jpg 350w, https:\/\/rosenholm.se\/wp-content\/uploads\/2017\/01\/DSC_8767-420x560.jpg 420w, https:\/\/rosenholm.se\/wp-content\/uploads\/2017\/01\/DSC_8767.jpg 525w\" sizes=\"auto, (max-width: 350px) 100vw, 350px\" \/><p id=\"caption-attachment-10950\" class=\"wp-caption-text\">Skogslind, Tilia cordata<\/p><\/div>\n<p>Skogslind, <em>Tilia cordata<\/em>, \u00e4r det inhemska tr\u00e4d som blommar sist under s\u00e4songen. Blomningen b\u00f6rjar i mitten av juli i s\u00f6dra Sverige och under augusti i Mellannorrland. Lindblommornas ljuvliga doft sprider sig l\u00e5ngt \u00f6ver omgivningen. Den \u00e4r insektspollinderad, inte minst lockas bin som kan fullst\u00e4ndigt invadera lindar under blomningstiden. B\u00e4st av allt \u00e4r att skogslindar \u00e4r h\u00e4rdiga, de \u00f6verlever och m\u00e5r alldeles prima \u00e4ven i zon 5. Det \u00e4r inget litet tr\u00e4d, det blir \u00f6ver 20 meter h\u00f6gt, men om man planterar ett ungt exemplar nu f\u00e5r det bli till gl\u00e4dje, eller problem, f\u00f6r kommande generationer. Vill man ha ett mindre tr\u00e4d finns sorten &#8217;Rancho&#8217; som v\u00e4xer l\u00e5ngsammare och blir endast 10\u201312 meter h\u00f6g.<\/p>\n<div id=\"attachment_10854\" style=\"width: 710px\" class=\"wp-caption alignnone\"><img loading=\"lazy\" decoding=\"async\" aria-describedby=\"caption-attachment-10854\" class=\"size-large wp-image-10854\" src=\"http:\/\/rosenholm.se\/wp-content\/uploads\/2017\/01\/MMFC3973-700x467.jpg\" alt=\"N\u00e4sdukstr\u00e4det Davidia involucrata var. vilmoriniana\" width=\"700\" height=\"467\" srcset=\"https:\/\/rosenholm.se\/wp-content\/uploads\/2017\/01\/MMFC3973-350x234@2x.jpg 700w, https:\/\/rosenholm.se\/wp-content\/uploads\/2017\/01\/MMFC3973-350x234.jpg 350w, https:\/\/rosenholm.se\/wp-content\/uploads\/2017\/01\/MMFC3973-420x280.jpg 420w\" sizes=\"auto, (max-width: 700px) 100vw, 700px\" \/><p id=\"caption-attachment-10854\" class=\"wp-caption-text\">N\u00e4sdukstr\u00e4d, Davidia involucrata var. vilmoriniana<\/p><\/div>\n<p>En s\u00e4regen blomning som inte liknar n\u00e5got annat har det ganska ovanliga n\u00e4sdukstr\u00e4det <em>Davidia involucrata<\/em> var. <em>vilmoriniana<\/em>. Det \u00e4r de stora h\u00f6gbladen runt blommorna som h\u00e4nger likt vita n\u00e4sdukar n\u00e4r det blommar under f\u00f6rsommaren. Ta chansen och plantera ett n\u00e4sdukstr\u00e4d, det klarar sig i goda l\u00e4gen kring M\u00e4lardalen. Tar l\u00e5ng tid p\u00e5 sig f\u00f6r att b\u00f6rja blomma. Men man ska inte ha br\u00e5ttom i tr\u00e4dg\u00e5rden och, ja ni vet, den som v\u00e4ntar p\u00e5 n\u00e5got gott. Vill helst ha mullrik djup jord med j\u00e4mn tillg\u00e5ng p\u00e5 fukt och skyddad v\u00e4xtplats i halvskugga. Anses bli 8\u201312 meter h\u00f6gt, men kan bli \u00e4nnu h\u00f6gre p\u00e5 gamla dagar. Zon 2.<\/p>\n<div id=\"attachment_10942\" style=\"width: 360px\" class=\"wp-caption alignright\"><img loading=\"lazy\" decoding=\"async\" aria-describedby=\"caption-attachment-10942\" class=\"size-thumbnail wp-image-10942\" src=\"http:\/\/rosenholm.se\/wp-content\/uploads\/2017\/01\/L1070166-350x467.jpg\" alt=\"Paradisbuske, Kolkwitzia amabilis\" width=\"350\" height=\"467\" srcset=\"https:\/\/rosenholm.se\/wp-content\/uploads\/2017\/01\/L1070166-350x467.jpg 350w, https:\/\/rosenholm.se\/wp-content\/uploads\/2017\/01\/L1070166-420x560.jpg 420w, https:\/\/rosenholm.se\/wp-content\/uploads\/2017\/01\/L1070166.jpg 525w\" sizes=\"auto, (max-width: 350px) 100vw, 350px\" \/><p id=\"caption-attachment-10942\" class=\"wp-caption-text\">Paradisbuske, Kolkwitzia amabilis<\/p><\/div>\n<p>Sj\u00e4lva det svenska namnet paradisbuske, <em>Kolkwitzia amabilis<\/em>, \u00e4r talande. Blommar g\u00f6r den med ett \u00f6verfl\u00f6d som f\u00e5 andra buskar kan \u00f6vertr\u00e4ffa. Uppt\u00e4cktes s\u00e5 sent som 1901 i Kina, blommade p\u00e5 Wisley utanf\u00f6r London f\u00f6r f\u00f6rsta g\u00e5ngen i Europa 1910. Sl\u00e4ktet <em>Kolkwitzia<\/em> inneh\u00e5ller bara en enda art, den vi kallar paradisbuske. Tycker man att den blir spretig kan man med f\u00f6rdel stamma upp genom att ta bort de nedersta grenarna. Doftar inte. Blommar ganska tidigt p\u00e5 sommaren och kan h\u00e5lla p\u00e5 upp till en m\u00e5nad. L\u00e4ttodlad och ganska t\u00e5lig. Gillar sol. H\u00f6jd 2\u20134 meter. Zon 5.<\/p>\n<div id=\"attachment_10940\" style=\"width: 360px\" class=\"wp-caption alignright\"><img loading=\"lazy\" decoding=\"async\" aria-describedby=\"caption-attachment-10940\" class=\"size-thumbnail wp-image-10940\" src=\"http:\/\/rosenholm.se\/wp-content\/uploads\/2017\/01\/L1080121-350x467.jpg\" alt=\"Vidjehortensia, Hydrangea arborescens 'Annabelle'\" width=\"350\" height=\"467\" srcset=\"https:\/\/rosenholm.se\/wp-content\/uploads\/2017\/01\/L1080121-350x467.jpg 350w, https:\/\/rosenholm.se\/wp-content\/uploads\/2017\/01\/L1080121-420x560.jpg 420w, https:\/\/rosenholm.se\/wp-content\/uploads\/2017\/01\/L1080121.jpg 525w\" sizes=\"auto, (max-width: 350px) 100vw, 350px\" \/><p id=\"caption-attachment-10940\" class=\"wp-caption-text\">Vidjehortensia, Hydrangea arborescens &#8217;Annabelle&#8217;<\/p><\/div>\n<p>De \u00e4r n\u00e4stan som vackrast medan de \u00e4r limegr\u00f6na, blommorna p\u00e5 vidjehortensia, <em>Hydrangea arborescens<\/em> &#8217;Annabelle&#8217;. Lite senare p\u00e5 s\u00e4songen blir f\u00e4rgen n\u00e4stan helt vit. Vill ha mullrik och n\u00e4ringsrik jord och god tillg\u00e5ng p\u00e5 vatten, vilket sl\u00e4ktnamnet <em>Hydrangea<\/em> antyder. Men likt m\u00e5nga andra buskar och perenner ogillar de att v\u00e4xa d\u00e4r vatten blir st\u00e5ende i marken, speciellt \u00f6ver vintern. T\u00e5l ganska soliga l\u00e4gen d\u00e4r den blommar bra om markf\u00f6rh\u00e5llandena \u00e4r de r\u00e4tta, men halvskugga \u00e4r ocks\u00e5 helt okej. Plantera minimum tre stycken tillsammans, d\u00e5 g\u00f6r de intryck. Blir 1\u20132 meter h\u00f6g. Blommar i juli\u2013augusti. Klarar minst zon 4 under r\u00e4tta f\u00f6rh\u00e5llanden. Bild fr\u00e5n Billb\u00e4cks plantskola utanf\u00f6r Norrk\u00f6ping.<\/p>\n<h5><a title=\"Magnolia \u2013 v\u00e5rens drottning\" href=\"http:\/\/rosenholm.se\/?page_id=10838\">Magnolia \u2013 v\u00e5rens drottning<\/a><\/h5>\n","protected":false},"excerpt":{"rendered":"<p>L\u00e4ngtar du efter \u00f6verd\u00e5dig blomning i tr\u00e4dg\u00e5rden? Varf\u00f6r inte satsa p\u00e5 n\u00e5gra l\u00e4ckert blommande buskar och tr\u00e4d? Det \u00e4r inte alls bara perenner och ett\u00e5ringar som kan bjuda p\u00e5 enast\u00e5ende&hellip; <\/p>\n","protected":false},"author":1,"featured_media":0,"parent":0,"menu_order":0,"comment_status":"closed","ping_status":"closed","template":"","meta":{"footnotes":""},"class_list":["post-10836","page","type-page","status-publish","hentry"],"_links":{"self":[{"href":"https:\/\/rosenholm.se\/index.php?rest_route=\/wp\/v2\/pages\/10836","targetHints":{"allow":["GET"]}}],"collection":[{"href":"https:\/\/rosenholm.se\/index.php?rest_route=\/wp\/v2\/pages"}],"about":[{"href":"https:\/\/rosenholm.se\/index.php?rest_route=\/wp\/v2\/types\/page"}],"author":[{"embeddable":true,"href":"https:\/\/rosenholm.se\/index.php?rest_route=\/wp\/v2\/users\/1"}],"replies":[{"embeddable":true,"href":"https:\/\/rosenholm.se\/index.php?rest_route=%2Fwp%2Fv2%2Fcomments&post=10836"}],"version-history":[{"count":39,"href":"https:\/\/rosenholm.se\/index.php?rest_route=\/wp\/v2\/pages\/10836\/revisions"}],"predecessor-version":[{"id":11019,"href":"https:\/\/rosenholm.se\/index.php?rest_route=\/wp\/v2\/pages\/10836\/revisions\/11019"}],"wp:attachment":[{"href":"https:\/\/rosenholm.se\/index.php?rest_route=%2Fwp%2Fv2%2Fmedia&parent=10836"}],"curies":[{"name":"wp","href":"https:\/\/api.w.org\/{rel}","templated":true}]}}