{"id":10511,"date":"2016-10-13T20:58:25","date_gmt":"2016-10-13T18:58:25","guid":{"rendered":"http:\/\/rosenholm.se\/?page_id=10511"},"modified":"2016-10-13T21:53:58","modified_gmt":"2016-10-13T19:53:58","slug":"inspiration-fran-savsjo","status":"publish","type":"page","link":"https:\/\/rosenholm.se\/?page_id=10511","title":{"rendered":"Inspiration fr\u00e5n S\u00e4vsj\u00f6"},"content":{"rendered":"<p>Ett uttryck som proffsen anv\u00e4nder f\u00f6r att v\u00e4lja v\u00e4xter som \u00e4r anpassade till v\u00e4xtf\u00f6rh\u00e5llandena \u00e4r st\u00e5ndortsanpassad plantering. Av oss amat\u00f6rer kan det ses som ett n\u00e5got kr\u00e5ngligare s\u00e4tt att s\u00e4ga att man ska g\u00f6ra det l\u00e4tt f\u00f6r sig i tr\u00e4dg\u00e5rden och anpassa sig till naturen. I sm\u00e5landska S\u00e4vsj\u00f6, d\u00e4r den duktige och drivande parkchefen Stefan Lagerqvist arbetar, \u00e4r de m\u00e4stare p\u00e5 det. D\u00e4r finns inte bara gr\u00f6na lummiga planteringar med skugganpassade bladv\u00e4xter utan ocks\u00e5 uttorkade grusb\u00e4ddar med f\u00f6rtjusande v\u00e4xtkombinationer av torkt\u00e5liga v\u00e4xter.<\/p>\n<div id=\"attachment_10549\" style=\"width: 710px\" class=\"wp-caption alignnone\"><img loading=\"lazy\" decoding=\"async\" aria-describedby=\"caption-attachment-10549\" class=\"size-large wp-image-10549\" src=\"http:\/\/rosenholm.se\/wp-content\/uploads\/2016\/10\/D2X_7599-700x456.jpg\" alt=\"Grusslok. Melica ciliata, br\u00f6dranejlika. Dianthus carthusianorum, stortimjan, Thymus pulegioides, och hybridmejram, Origanum 'Rosenkuppel'\" width=\"700\" height=\"456\" srcset=\"https:\/\/rosenholm.se\/wp-content\/uploads\/2016\/10\/D2X_7599-350x228@2x.jpg 700w, https:\/\/rosenholm.se\/wp-content\/uploads\/2016\/10\/D2X_7599-350x228.jpg 350w, https:\/\/rosenholm.se\/wp-content\/uploads\/2016\/10\/D2X_7599-420x274.jpg 420w\" sizes=\"auto, (max-width: 700px) 100vw, 700px\" \/><p id=\"caption-attachment-10549\" class=\"wp-caption-text\">Grusslok. Melica ciliata, br\u00f6dranejlika. Dianthus carthusianorum, stortimjan, Thymus pulegioides, och hybridmejram, Origanum &#8217;Rosenkuppel&#8217;<\/p><\/div>\n<div id=\"attachment_10548\" style=\"width: 360px\" class=\"wp-caption alignright\"><img loading=\"lazy\" decoding=\"async\" aria-describedby=\"caption-attachment-10548\" class=\"size-thumbnail wp-image-10548\" src=\"http:\/\/rosenholm.se\/wp-content\/uploads\/2016\/10\/D2X_7111-350x467.jpg\" alt=\"M\u00f6rkt kungsljus, Verbascum nigrum 'Album' och brun fingerborgsblomma, Digitalis ferruginea 'Gigantea'\" width=\"350\" height=\"467\" srcset=\"https:\/\/rosenholm.se\/wp-content\/uploads\/2016\/10\/D2X_7111-350x467.jpg 350w, https:\/\/rosenholm.se\/wp-content\/uploads\/2016\/10\/D2X_7111-420x560.jpg 420w, https:\/\/rosenholm.se\/wp-content\/uploads\/2016\/10\/D2X_7111.jpg 525w\" sizes=\"auto, (max-width: 350px) 100vw, 350px\" \/><p id=\"caption-attachment-10548\" class=\"wp-caption-text\">M\u00f6rkt kungsljus, Verbascum nigrum &#8217;Album&#8217; och brun fingerborgsblomma, Digitalis ferruginea &#8217;Gigantea&#8217;<\/p><\/div>\n<p>Varf\u00f6r ser inte v\u00e4gsl\u00e4nter ut s\u00e5h\u00e4r \u00f6verallt? Bland v\u00e4xterna m\u00e4rks det gracilt \u00f6verh\u00e4ngande gr\u00e4set grusslok. <em>Melica ciliata<\/em>, rosablommande br\u00f6dranejlika. <em>Dianthus carthusianorum<\/em>, och de kryddiga v\u00e4xterna stortimjan, <em>Thymus pulegioides<\/em>, och hybridmejram, <em>Origanum<\/em> &#8217;Rosenkuppel&#8217;.<\/p>\n<p>Det finns \u00e4ven en hel del stolt spirformade v\u00e4xter som passar i sol och torka. I f\u00f6rgrunden st\u00e5r m\u00f6rkt kungsljus, <em>Verbascum nigrum<\/em> &#8217;Album&#8217;, en h\u00e4rdig v\u00e4xt som blir mellan 50\u2013100 cm h\u00f6g och fungerar l\u00e5ngt upp i Norrland om det \u00e4r v\u00e4ldr\u00e4nerat. Strax bakom den diskreta sk\u00f6nheten brun fingerborgsblomma, <em>Digitalis ferruginea<\/em> &#8217;Gigantea&#8217;, som blir n\u00e5got h\u00f6gre och anses vara halvh\u00e4rdig.<\/p>\n<div id=\"attachment_10547\" style=\"width: 710px\" class=\"wp-caption alignnone\"><img loading=\"lazy\" decoding=\"async\" aria-describedby=\"caption-attachment-10547\" class=\"size-large wp-image-10547\" src=\"http:\/\/rosenholm.se\/wp-content\/uploads\/2016\/10\/D2X_7172-700x428.jpg\" alt=\"Kamfermal\u00f6rt, Artemisia alba 'Canescens', fetblad, Sedum och brun taggpimpinell, Acaena microphylla 'Kupferteppich'\" width=\"700\" height=\"428\" srcset=\"https:\/\/rosenholm.se\/wp-content\/uploads\/2016\/10\/D2X_7172-350x214@2x.jpg 700w, https:\/\/rosenholm.se\/wp-content\/uploads\/2016\/10\/D2X_7172-350x214.jpg 350w, https:\/\/rosenholm.se\/wp-content\/uploads\/2016\/10\/D2X_7172-420x257.jpg 420w\" sizes=\"auto, (max-width: 700px) 100vw, 700px\" \/><p id=\"caption-attachment-10547\" class=\"wp-caption-text\">Kamfermal\u00f6rt, Artemisia alba &#8217;Canescens&#8217;, fetblad, Sedum och brun taggpimpinell, Acaena microphylla &#8217;Kupferteppich&#8217;<\/p><\/div>\n<p>Det g\u00e5r att plantera direkt i grus om man v\u00e4ljer r\u00e4tt v\u00e4xter. En kamfermal\u00f6rt, <em>Artemisia alba <\/em>&#8217;Canescens&#8217;, tillsammans med fetblad, <em>Sedum<\/em>, i olika f\u00e4rger och brun taggpimpinell, <em>Acaena microphylla<\/em> &#8217;Kupferteppich&#8217;, i botten kanske kan vara en kombination som heter duga.<\/p>\n<p><strong><a title=\"SOLIGT OCH TORRT\" href=\"http:\/\/rosenholm.se\/?page_id=10508\">Tillbaka<\/a><\/strong><\/p>\n","protected":false},"excerpt":{"rendered":"<p>Ett uttryck som proffsen anv\u00e4nder f\u00f6r att v\u00e4lja v\u00e4xter som \u00e4r anpassade till v\u00e4xtf\u00f6rh\u00e5llandena \u00e4r st\u00e5ndortsanpassad plantering. Av oss amat\u00f6rer kan det ses som ett n\u00e5got kr\u00e5ngligare s\u00e4tt att s\u00e4ga&hellip; <\/p>\n","protected":false},"author":1,"featured_media":0,"parent":0,"menu_order":0,"comment_status":"closed","ping_status":"closed","template":"","meta":{"footnotes":""},"class_list":["post-10511","page","type-page","status-publish","hentry"],"_links":{"self":[{"href":"https:\/\/rosenholm.se\/index.php?rest_route=\/wp\/v2\/pages\/10511","targetHints":{"allow":["GET"]}}],"collection":[{"href":"https:\/\/rosenholm.se\/index.php?rest_route=\/wp\/v2\/pages"}],"about":[{"href":"https:\/\/rosenholm.se\/index.php?rest_route=\/wp\/v2\/types\/page"}],"author":[{"embeddable":true,"href":"https:\/\/rosenholm.se\/index.php?rest_route=\/wp\/v2\/users\/1"}],"replies":[{"embeddable":true,"href":"https:\/\/rosenholm.se\/index.php?rest_route=%2Fwp%2Fv2%2Fcomments&post=10511"}],"version-history":[{"count":9,"href":"https:\/\/rosenholm.se\/index.php?rest_route=\/wp\/v2\/pages\/10511\/revisions"}],"predecessor-version":[{"id":10587,"href":"https:\/\/rosenholm.se\/index.php?rest_route=\/wp\/v2\/pages\/10511\/revisions\/10587"}],"wp:attachment":[{"href":"https:\/\/rosenholm.se\/index.php?rest_route=%2Fwp%2Fv2%2Fmedia&parent=10511"}],"curies":[{"name":"wp","href":"https:\/\/api.w.org\/{rel}","templated":true}]}}