{"id":10508,"date":"2016-10-13T18:43:12","date_gmt":"2016-10-13T16:43:12","guid":{"rendered":"http:\/\/rosenholm.se\/?page_id=10508"},"modified":"2016-10-13T21:41:07","modified_gmt":"2016-10-13T19:41:07","slug":"soligt-och-torrt","status":"publish","type":"page","link":"https:\/\/rosenholm.se\/?page_id=10508","title":{"rendered":"SOLIGT OCH TORRT"},"content":{"rendered":"<p>Vad g\u00f6r man om man har en torr och solig s\u00f6dersida d\u00e4r inga v\u00e4xter verkar trivas? Gr\u00e4set blir brunt. Rosor, pioner och andra fukt\u00e4lskande v\u00e4xter slokar bet\u00e4nkligt efter bara ett par dagar om man inte passar dem med vatten. Allt blir fult och fel, livet i tr\u00e4dg\u00e5rden k\u00e4nns hoppl\u00f6st. L\u00f6sningen \u00e4r simpel, plantera v\u00e4xter som trivs med f\u00f6rh\u00e5llandena, d\u00e5 blir tr\u00e4dg\u00e5rdslivet pl\u00f6tsligt enkelt och l\u00e4tt.<\/p>\n<p>P\u00e5 m\u00e5nga s\u00e4tt \u00e4r torkt\u00e5liga, sol\u00e4lskande perenner l\u00e4ttare \u00e4n andra v\u00e4xter att sk\u00f6ta. Man kan \u00e5ka ifr\u00e5n dem under semestern utan att i f\u00f6rsta taget beh\u00f6va oroa sig f\u00f6r om de torkar bort. Ofta \u00e4r de heller inte s\u00e4rskilt angel\u00e4gna om n\u00e4ring, m\u00e5nga m\u00e5r faktiskt b\u00e4ttre om jorden \u00e4r mager, torr och inte alltf\u00f6r n\u00e4ringsrik. De \u00e4r med andra ord utm\u00e4rkta v\u00e4xter om man har ont om tid och vill kunna slarva med sk\u00f6tseln.<\/p>\n<div id=\"attachment_10551\" style=\"width: 360px\" class=\"wp-caption alignright\"><img loading=\"lazy\" decoding=\"async\" aria-describedby=\"caption-attachment-10551\" class=\"size-thumbnail wp-image-10551\" src=\"http:\/\/rosenholm.se\/wp-content\/uploads\/2016\/10\/D2X_8329-350x494.jpg\" alt=\"Med ett silverp\u00e4ron kan man komma s\u00e5 n\u00e4ra Italien eller s\u00f6dra Frankrike som bara m\u00f6jligt i v\u00e5rt klimat.\" width=\"350\" height=\"494\" srcset=\"https:\/\/rosenholm.se\/wp-content\/uploads\/2016\/10\/D2X_8329-350x494.jpg 350w, https:\/\/rosenholm.se\/wp-content\/uploads\/2016\/10\/D2X_8329-420x593.jpg 420w, https:\/\/rosenholm.se\/wp-content\/uploads\/2016\/10\/D2X_8329.jpg 496w\" sizes=\"auto, (max-width: 350px) 100vw, 350px\" \/><p id=\"caption-attachment-10551\" class=\"wp-caption-text\">Med ett silverp\u00e4ron kan man komma s\u00e5 n\u00e4ra Medelhavet\u00a0som bara m\u00f6jligt i v\u00e5rt klimat.<\/p><\/div>\n<p>Det \u00e4r vanligt att v\u00e4xter som \u00e4r anpassade f\u00f6r soliga och torra milj\u00f6er har karakt\u00e4rer som g\u00f6r dem utm\u00e4rkta f\u00f6r planteringar med sydeuropeisk st\u00e4mning. Det finns ett flertal perenner med blommor i bl\u00e5 nyanser som p\u00e5minner om ett provensalskt lavendelf\u00e4lt inklusive, naturligtvis, lavendel sj\u00e4lv. De g\u00e5r alla utm\u00e4rkt att kombinera med l\u00e5ga buxbomsh\u00e4ckar som ocks\u00e5 t\u00e5l sol bra, ett klassiskt s\u00e4tt att framh\u00e4va bl\u00e5 blommor. Fattas bara ett olivtr\u00e4d. Enkelt, med ett silverp\u00e4ron kan man komma s\u00e5 n\u00e4ra Italien eller s\u00f6dra Frankrike som bara m\u00f6jligt i v\u00e5rt klimat.<\/p>\n<p>Ocks\u00e5 vissa bladf\u00e4rger associerar vi g\u00e4rna med de torrare och varmare delarna av v\u00e5r kontinent. Bland torkt\u00e5liga perenner \u00e4r gr\u00e5, silvriga, l\u00e4derartade, k\u00f6ttiga eller h\u00e5riga blad vanliga. Sj\u00e4lvklart egentligen. De \u00e4r alla exempel olika s\u00e4tt f\u00f6r naturen att minska avdunstningen och g\u00f6r att v\u00e4xten kan hush\u00e5lla med sitt vatten p\u00e5 ett b\u00e4ttre s\u00e4tt. Just silvriga och gr\u00e5 blad blir v\u00e4ldigt vackra tillsammans med bl\u00e5, vita och blekgula blommor. L\u00e5t dina v\u00e4xter stekas av solen, men v\u00e4lj s\u00e5dana som t\u00e5l det. H\u00e4r \u00e4r n\u00e5gra av de vackraste och mest tacksamma att odla.<\/p>\n<div id=\"attachment_10523\" style=\"width: 360px\" class=\"wp-caption alignright\"><img loading=\"lazy\" decoding=\"async\" aria-describedby=\"caption-attachment-10523\" class=\"size-thumbnail wp-image-10523\" src=\"http:\/\/rosenholm.se\/wp-content\/uploads\/2016\/10\/D3X_9413-350x439.jpg\" alt=\"Dillmal\u00f6rt, Artemisia filifolia\" width=\"350\" height=\"439\" srcset=\"https:\/\/rosenholm.se\/wp-content\/uploads\/2016\/10\/D3X_9413-350x439.jpg 350w, https:\/\/rosenholm.se\/wp-content\/uploads\/2016\/10\/D3X_9413-420x527.jpg 420w, https:\/\/rosenholm.se\/wp-content\/uploads\/2016\/10\/D3X_9413.jpg 558w\" sizes=\"auto, (max-width: 350px) 100vw, 350px\" \/><p id=\"caption-attachment-10523\" class=\"wp-caption-text\">Dillmal\u00f6rt, Artemisia filifolia<\/p><\/div>\n<p>F\u00f6r den som gillar gr\u00e5silvriga blad finns det m\u00e5nga olika sorters mal\u00f6rt att v\u00e4lja bland. Till de mest distinkta i f\u00e4rgen h\u00f6r dillmal\u00f6rt, <em>Artemisia filifolia<\/em>. Kombinationen av de smala bladverket och den graci\u00f6sa v\u00e4xten g\u00f6r att den liknar ett silvrigt moln. Liksom m\u00e5nga av sina sl\u00e4ktingar h\u00f6r den hemma d\u00e4r det \u00e4r torrt och soligt, ursprunget \u00e4r nordamerikanska omr\u00e5den runt klippiga bergen. H\u00f6jd 40\u201360 cm. Blommar knappt synligt i juli\u2013augusti men det \u00e4r inte d\u00e4rf\u00f6r man odlar den. H\u00e4rdig men beh\u00f6ver st\u00e5 mycket v\u00e4ldr\u00e4nerat. Ett annat bra mal\u00f6rtsalternativ som \u00e4r l\u00e4tt att hitta i handeln \u00e4r vitmal\u00f6rt <a title=\"Det \u00e4r bladen som g\u00f6r det\" href=\"http:\/\/rosenholm.se\/?page_id=1217\"><em>A<\/em>. <em>ludoviciana<\/em> &#8217;Silver Queen&#8217;<\/a>.<\/p>\n<div id=\"attachment_10525\" style=\"width: 710px\" class=\"wp-caption alignnone\"><img loading=\"lazy\" decoding=\"async\" aria-describedby=\"caption-attachment-10525\" class=\"size-large wp-image-10525\" src=\"http:\/\/rosenholm.se\/wp-content\/uploads\/2016\/10\/D2X_0892-700x394.jpg\" alt=\"R\u00f6llika, Achillea \u2019Coronation Gold\u2019\" width=\"700\" height=\"394\" srcset=\"https:\/\/rosenholm.se\/wp-content\/uploads\/2016\/10\/D2X_0892-350x197@2x.jpg 700w, https:\/\/rosenholm.se\/wp-content\/uploads\/2016\/10\/D2X_0892-350x197.jpg 350w, https:\/\/rosenholm.se\/wp-content\/uploads\/2016\/10\/D2X_0892-420x236.jpg 420w\" sizes=\"auto, (max-width: 700px) 100vw, 700px\" \/><p id=\"caption-attachment-10525\" class=\"wp-caption-text\">R\u00f6llika, Achillea \u2019Coronation Gold\u2019<\/p><\/div>\n<p>Som gula parasoller reser sig R\u00f6llika, <em>Achillea<\/em> \u2019Coronation Gold\u2019, \u00f6ver rabatten. Den doftar kryddigt och har finflikiga gr\u00e5gr\u00f6na blad. G\u00e5r att odla \u00e4ven l\u00e5ngt upp i norr om v\u00e4xtplatsen \u00e4r v\u00e4ldr\u00e4nerad. Passar v\u00e4ldigt bra tillsammans med bl\u00e5 v\u00e4xter som lavendel och st\u00e4ppsalvia, det \u00e4r den sistn\u00e4mnda man skymtar i bilden fr\u00e5n Bl\u00e5 tr\u00e4dg\u00e5rd i Enk\u00f6ping. H\u00f6jd upp till 80 cm. Blommar i juli\u2013augusti och f\u00e5r en vacker fr\u00f6st\u00e4llning som h\u00e5ller sig in i vintern. H\u00e4rdig. Det finns m\u00e5nga sorter att v\u00e4lja p\u00e5 i olika f\u00e4rger, till exempel &#8217;Moonshine&#8217; i gult, den ockraf\u00e4rgade \u2019Terracotta\u2019 eller r\u00f6daktiga &#8217;Paprika&#8217;.<\/p>\n<div id=\"attachment_10524\" style=\"width: 360px\" class=\"wp-caption alignright\"><img loading=\"lazy\" decoding=\"async\" aria-describedby=\"caption-attachment-10524\" class=\"size-thumbnail wp-image-10524\" src=\"http:\/\/rosenholm.se\/wp-content\/uploads\/2016\/10\/D2X_0022-350x467.jpg\" alt=\"Anisisop, Agastache foeniculum\" width=\"350\" height=\"467\" srcset=\"https:\/\/rosenholm.se\/wp-content\/uploads\/2016\/10\/D2X_0022-350x467.jpg 350w, https:\/\/rosenholm.se\/wp-content\/uploads\/2016\/10\/D2X_0022-420x560.jpg 420w, https:\/\/rosenholm.se\/wp-content\/uploads\/2016\/10\/D2X_0022.jpg 525w\" sizes=\"auto, (max-width: 350px) 100vw, 350px\" \/><p id=\"caption-attachment-10524\" class=\"wp-caption-text\">Anisisop, Agastache foeniculum<\/p><\/div>\n<p>Anisisop, <em>Agastache foeniculum<\/em>, blommar med sm\u00e5 spiror, har anisdoftande blad och ett ganska frodigt v\u00e4xts\u00e4tt. \u00c4r omtyckt av fj\u00e4rilar. Snyggast \u00e4r den n\u00e4r solen st\u00e5r l\u00e5gt p\u00e5 morgonen eller kv\u00e4llen och skiner genom blommorna s\u00e5 att de n\u00e4stan f\u00e5r en aura runt sig. Finns med b\u00e5de bl\u00e5lila och gr\u00e5vita axlika blommor och blir som b\u00e4st tillsammans n\u00e5gon annan perenn som kompletterar i f\u00e4rg eller form, g\u00e4rna n\u00e5gon sol- eller parasollformad blomma i gul eller r\u00f6d nyans som r\u00f6llika eller solbrud. Den \u00e4r l\u00e4ttodlad och sj\u00e4lvs\u00e5r sig ymnigt. Blommar i juni\u2013augusti. Blir 60\u201380 cm h\u00f6g och r\u00e4knas som halvh\u00e4rdig.<\/p>\n<div id=\"attachment_10522\" style=\"width: 710px\" class=\"wp-caption alignnone\"><img loading=\"lazy\" decoding=\"async\" aria-describedby=\"caption-attachment-10522\" class=\"size-large wp-image-10522\" src=\"http:\/\/rosenholm.se\/wp-content\/uploads\/2016\/10\/D2X_4717-700x428.jpg\" alt=\"Stenkyndel, Calamintha nepeta\" width=\"700\" height=\"428\" srcset=\"https:\/\/rosenholm.se\/wp-content\/uploads\/2016\/10\/D2X_4717-350x214@2x.jpg 700w, https:\/\/rosenholm.se\/wp-content\/uploads\/2016\/10\/D2X_4717-350x214.jpg 350w, https:\/\/rosenholm.se\/wp-content\/uploads\/2016\/10\/D2X_4717-420x257.jpg 420w\" sizes=\"auto, (max-width: 700px) 100vw, 700px\" \/><p id=\"caption-attachment-10522\" class=\"wp-caption-text\">Stenkyndel, Calamintha nepeta<\/p><\/div>\n<p>Stenkyndel, <em>Calamintha nepeta<\/em>, har en uts\u00f6kt myntaliknande doft som sprider sig blixtsnabbt n\u00e4r man vidr\u00f6r den. Gillas minst lika mycket av bin som av m\u00e4nniskor. Den b\u00f6rjar blomma ganska tidigt p\u00e5 sommaren, sedan tilltar blomningen p\u00e5 sensommaren och forts\u00e4tter \u00e4nda fram till v\u00e4xten fryser ner. Placera den g\u00e4rna i rabattkanten s\u00e5 breder doften ut sig n\u00e4r man g\u00e5r f\u00f6rbi och nuddar den. Stenkyndel ska g\u00e4rna st\u00e5 v\u00e4ldr\u00e4nerat och soligt. Den f\u00f6redrar och t\u00e5l torra v\u00e4xtplatser, men klarar de flesta f\u00f6rh\u00e5llanden bra. Om den st\u00e5r v\u00e5tt under vintern fryser den l\u00e4tt bort. H\u00f6jd 25\u201340 cm, lite beroende p\u00e5 hur l\u00e5ng och varm sommaren \u00e4r. H\u00e4rdig.<\/p>\n<div id=\"attachment_10521\" style=\"width: 360px\" class=\"wp-caption alignright\"><img loading=\"lazy\" decoding=\"async\" aria-describedby=\"caption-attachment-10521\" class=\"size-thumbnail wp-image-10521\" src=\"http:\/\/rosenholm.se\/wp-content\/uploads\/2016\/10\/D2X_3571-350x467.jpg\" alt=\"Alpmartorn, Eryngium alpinum\" width=\"350\" height=\"467\" srcset=\"https:\/\/rosenholm.se\/wp-content\/uploads\/2016\/10\/D2X_3571-350x467.jpg 350w, https:\/\/rosenholm.se\/wp-content\/uploads\/2016\/10\/D2X_3571-420x560.jpg 420w, https:\/\/rosenholm.se\/wp-content\/uploads\/2016\/10\/D2X_3571.jpg 525w\" sizes=\"auto, (max-width: 350px) 100vw, 350px\" \/><p id=\"caption-attachment-10521\" class=\"wp-caption-text\">Alpmartorn, Eryngium alpinum<\/p><\/div>\n<p>Ibland blir man f\u00f6rv\u00e5nad \u00f6ver hur vissa ytterst exotiska v\u00e4xter kan vara s\u00e5 t\u00e5liga. Alpmartorn, <em>Eryngium alpinum<\/em>, \u00e4r bed\u00e5rande i sin st\u00e5lbl\u00e5 taggighet. Tistellik i v\u00e4xts\u00e4ttet trots att det inte \u00e4r n\u00e5gon tistel. H\u00e4rstammar fr\u00e5n Alperna, Jura och Balkans bergstrakter. Kan torkas och anv\u00e4ndas i arrangemang. Trivs b\u00e4st i torr och mager jord d\u00e4r den bl\u00e5gr\u00e5 f\u00e4rgen blir mer framtr\u00e4dande. Vill st\u00e5 soligt. Blommar i juli\u2013augusti och blir omkring 50\u201380 cm h\u00f6g. Mycket h\u00e4rdig. Finns n\u00e5gra olika namnsorter med varierande f\u00e4rgnyans och utseende. L\u00e4ngre s\u00f6derut i Sverige \u00e4r den mer kraftigv\u00e4xande, tv\u00e5\u00e5riga <a title=\"Silver och vitt\" href=\"http:\/\/rosenholm.se\/?page_id=2150\">silvermartorn, <em>Eryngium giganteum<\/em><\/a>, ett alternativ.<\/p>\n<div id=\"attachment_10520\" style=\"width: 710px\" class=\"wp-caption alignnone\"><img loading=\"lazy\" decoding=\"async\" aria-describedby=\"caption-attachment-10520\" class=\"size-large wp-image-10520\" src=\"http:\/\/rosenholm.se\/wp-content\/uploads\/2016\/10\/D2X_0453-700x428.jpg\" alt=\"Kantnepeta, Nepeta x faassenii \u2019Blue Wonder\u2019 bakom en buxbomh\u00e4ck i Laubjergs Rosenhave, Jylland\" width=\"700\" height=\"428\" srcset=\"https:\/\/rosenholm.se\/wp-content\/uploads\/2016\/10\/D2X_0453-350x214@2x.jpg 700w, https:\/\/rosenholm.se\/wp-content\/uploads\/2016\/10\/D2X_0453-350x214.jpg 350w, https:\/\/rosenholm.se\/wp-content\/uploads\/2016\/10\/D2X_0453-420x257.jpg 420w\" sizes=\"auto, (max-width: 700px) 100vw, 700px\" \/><p id=\"caption-attachment-10520\" class=\"wp-caption-text\">Kantnepeta, Nepeta x faassenii \u2019Blue Wonder\u2019 bakom buxbom i Laubjergs Rosenhave, Jylland<\/p><\/div>\n<p>Kantnepeta, <em>Nepeta<\/em> x <em>faassenii<\/em> \u2019Blue Wonder\u2019, har m\u00f6rkt bl\u00e5lila blommor. Bladverket \u00e4r gr\u00e5gr\u00f6nt, doftar aromatiskt och \u00e4r omtyckt av bin, fj\u00e4rilar och katter. P\u00e5 h\u00e5ll \u00e4r v\u00e4xten p\u00e5fallande lik lavendel och \u00e4r ett bra alternativ f\u00f6r de nordligare delarna av landet eftersom den \u00e4r t\u00e5ligare. Blommar i juni\u2013juli och kan om plantan sk\u00e4rs in direkt efter\u00e5t komma med ett andra mindre flor fram\u00e5t h\u00f6stkanten. H\u00f6jd 30\u201360 cm beroende p\u00e5 sort. Inte speciellt kinkig med jord, men vill ha v\u00e4ldr\u00e4nerat och soligt. H\u00e4rdig. Bild fr\u00e5n <a title=\"Pergolor i parker och tr\u00e4dg\u00e5rdar\" href=\"http:\/\/rosenholm.se\/?page_id=6321\">Laubjergs Rosenhave<\/a>, Jylland, Danmark. Sorterna \u2019Walker\u2019s Low\u2019 och \u2019Six Hills Giant\u2019 \u00e4r n\u00e5got ljusare i f\u00e4rgen.<\/p>\n<div id=\"attachment_10530\" style=\"width: 360px\" class=\"wp-caption alignright\"><img loading=\"lazy\" decoding=\"async\" aria-describedby=\"caption-attachment-10530\" class=\"size-thumbnail wp-image-10530\" src=\"http:\/\/rosenholm.se\/wp-content\/uploads\/2016\/10\/DSC01864-350x529.jpg\" alt=\"Lavendel, Lavandula angustifolia\" width=\"350\" height=\"529\" srcset=\"https:\/\/rosenholm.se\/wp-content\/uploads\/2016\/10\/DSC01864-350x529.jpg 350w, https:\/\/rosenholm.se\/wp-content\/uploads\/2016\/10\/DSC01864-420x635.jpg 420w, https:\/\/rosenholm.se\/wp-content\/uploads\/2016\/10\/DSC01864.jpg 463w\" sizes=\"auto, (max-width: 350px) 100vw, 350px\" \/><p id=\"caption-attachment-10530\" class=\"wp-caption-text\">Lavendel, Lavandula angustifolia i Citadellets kolonitr\u00e4dg\u00e5rd i Landskrona<\/p><\/div>\n<p>Lavendel, <em>Lavandula angustifolia<\/em>, \u00e4r originalet, den v\u00e4xt som mest av alla associeras med sol och s\u00f6dra Europa, och d\u00e4rifr\u00e5n har den ocks\u00e5 sitt ursprung. Den \u00e4r en aromatisk halvbuske som kan anv\u00e4ndas b\u00e5de i rabatten och f\u00f6r att skapa infattningsh\u00e4ckar, som p\u00e5 bilden fr\u00e5n <a title=\"H\u00c4CKV\u00c4XTER\" href=\"http:\/\/rosenholm.se\/?page_id=10159\">Citadellets kolonitr\u00e4dg\u00e5rd<\/a> i Landskrona. F\u00f6r att inte bli gles kan den sk\u00e4ras ner ganska h\u00e5rt p\u00e5 v\u00e5ren just innan den b\u00f6rjar vakna till liv, men inte n\u00f6dv\u00e4ndigtvis varje \u00e5r. Blommar i juli\u2013augusti och blir omkring 40 cm h\u00f6g. Halvh\u00e4rdig. Sorten \u2019Dwarf Blue\u2019 har violettbl\u00e5 blommor och betraktas som den h\u00e4rdigaste och mest l\u00e4ttodlade, \u2019Munstead\u2019 och &#8217;Hidcote&#8217; \u00e4r andra robusta alternativ som g\u00e5r bra att odla \u00e5tminstone upp till Stockholmstrakten bara v\u00e4xtplatsen \u00e4r soldr\u00e4nkt och v\u00e4ldr\u00e4nerad.<\/p>\n<div id=\"attachment_10518\" style=\"width: 710px\" class=\"wp-caption alignnone\"><img loading=\"lazy\" decoding=\"async\" aria-describedby=\"caption-attachment-10518\" class=\"size-large wp-image-10518\" src=\"http:\/\/rosenholm.se\/wp-content\/uploads\/2016\/10\/D3R_2136-700x466.jpg\" alt=\"Kungsmynta, Origanum vulgare \u2019Tumble\u00b4s Variety\u2019\" width=\"700\" height=\"466\" srcset=\"https:\/\/rosenholm.se\/wp-content\/uploads\/2016\/10\/D3R_2136-350x233@2x.jpg 700w, https:\/\/rosenholm.se\/wp-content\/uploads\/2016\/10\/D3R_2136-350x233.jpg 350w, https:\/\/rosenholm.se\/wp-content\/uploads\/2016\/10\/D3R_2136-420x280.jpg 420w\" sizes=\"auto, (max-width: 700px) 100vw, 700px\" \/><p id=\"caption-attachment-10518\" class=\"wp-caption-text\">Kungsmynta, Origanum vulgare \u2019Tumble\u00b4s Variety\u2019<\/p><\/div>\n<p>Normalt sett \u00e4r kungsmynta, <em>Origanum vulgare<\/em>, en vanlig gr\u00f6n kryddv\u00e4xt. N\u00e4r vi k\u00f6per den torkad p\u00e5 burk kallas den f\u00f6r oregano, och de flesta av oss associerar den med lukten av pizza eller tomats\u00e5s. Ett annorlunda alternativ \u00e4r \u2019Tumble\u00b4s Variety\u2019 p\u00e5 bilden, som b\u00e5de \u00e4r l\u00e4gre och mer kuddformad, i alla fall de f\u00f6rsta \u00e5ren, och har en limegul f\u00e4rg fr\u00e4mst i b\u00f6rjan av sommaren. Doftar lika gott och fungerar lika bra som matkrydda som sina gr\u00f6nbladiga f\u00f6rf\u00e4der. Liksom vilken kungsmynta som helst fr\u00f6ar den av sig i m\u00e4ngder, och mer eller mindre gulgr\u00f6na varianter dyker upp i rabatterna. L\u00e4ttodlad och tacksam, \u00f6vervintrar i n\u00e4stan hela landet. Blommar i bleklila under juli\u2013augusti. Gillar att st\u00e5 soligt men klarar halvskugga. Den h\u00e4r sorten blir runt 30\u201340 cm h\u00f6g medan arten blir 50\u201370 cm. Mycket h\u00e4rdig.<\/p>\n<div id=\"attachment_10517\" style=\"width: 360px\" class=\"wp-caption alignright\"><img loading=\"lazy\" decoding=\"async\" aria-describedby=\"caption-attachment-10517\" class=\"size-thumbnail wp-image-10517\" src=\"http:\/\/rosenholm.se\/wp-content\/uploads\/2016\/10\/D2X_7976-350x470.jpg\" alt=\"Kn\u00f6lrotsopuntia, Opuntia macrorhiza hemifr\u00e5n Roland Gustavsson utanf\u00f6r Uddevalla\" width=\"350\" height=\"470\" srcset=\"https:\/\/rosenholm.se\/wp-content\/uploads\/2016\/10\/D2X_7976-350x470.jpg 350w, https:\/\/rosenholm.se\/wp-content\/uploads\/2016\/10\/D2X_7976-420x564.jpg 420w, https:\/\/rosenholm.se\/wp-content\/uploads\/2016\/10\/D2X_7976.jpg 521w\" sizes=\"auto, (max-width: 350px) 100vw, 350px\" \/><p id=\"caption-attachment-10517\" class=\"wp-caption-text\">Kn\u00f6lrotsopuntia, Opuntia macrorhiza, hos Roland Gustavsson utanf\u00f6r Uddevalla<\/p><\/div>\n<p>Nej det \u00e4r inte ett sk\u00e4mt, det g\u00e5r att odla kaktusar p\u00e5 friland utan skydd i Sverige. Vill man f\u00e5 s\u00e5 lite problem som m\u00f6jligt \u00e4r kn\u00f6lrotsopuntia,\u00a0<em>Opuntia macrorhiza<\/em> den kanske mest l\u00e4ttodlade. Den kan ha ett mycket omfattande rotsystem som kryper n\u00e4ra ytan och suger upp vatten och n\u00e4ring flera meter runtomkring. I USA finns den fr\u00e5n Texas i s\u00f6der till svenskstaten Minnesota i norr. Klarar vintern utan skydd om den f\u00e5r tillr\u00e4ckligt v\u00e4ldr\u00e4nerade v\u00e4xtf\u00f6rh\u00e5llanden. Odla till exempel i avspolat grovt grus. Blommar med vackra gula blommor i juni\u2013juli. Frukterna g\u00e5r det att g\u00f6ra saft, gel\u00e9, eller liknande av, men se upp f\u00f6r de hullingf\u00f6rsedda taggarna. Bild hemifr\u00e5n Roland Gustavsson utanf\u00f6r Uddevalla. Annars \u00e4r frilandsopuntia, <em>O<\/em>. <em>polyacantha<\/em>, den vanligaste utomhuskaktusen h\u00e4r i landet, om nu vanlig \u00e4r r\u00e4tta ordet.<\/p>\n<div id=\"attachment_10516\" style=\"width: 710px\" class=\"wp-caption alignnone\"><img loading=\"lazy\" decoding=\"async\" aria-describedby=\"caption-attachment-10516\" class=\"size-full wp-image-10516\" src=\"http:\/\/rosenholm.se\/wp-content\/uploads\/2016\/10\/D2X_6380.jpg\" alt=\"Backsippa, Pulsatilla vulgaris 'Blaue Glocke'\" width=\"700\" height=\"465\" srcset=\"https:\/\/rosenholm.se\/wp-content\/uploads\/2016\/10\/D2X_6380-350x233@2x.jpg 700w, https:\/\/rosenholm.se\/wp-content\/uploads\/2016\/10\/D2X_6380-350x233.jpg 350w, https:\/\/rosenholm.se\/wp-content\/uploads\/2016\/10\/D2X_6380-420x279.jpg 420w\" sizes=\"auto, (max-width: 700px) 100vw, 700px\" \/><p id=\"caption-attachment-10516\" class=\"wp-caption-text\">Backsippa, Pulsatilla vulgaris &#8217;Blaue Glocke&#8217;<\/p><\/div>\n<p>Alla l\u00e4ckra v\u00e4xter kommer inte fr\u00e5n Asien eller Nordamerika. Upp till M\u00e4lardalsomr\u00e5det v\u00e4xer backsippa, <em>Pulsatilla vulgaris<\/em>, naturligt i torra backar, \u00e4ven om det inte \u00e4r i n\u00e5got \u00f6verfl\u00f6d. I tr\u00e4dg\u00e5rden passar de d\u00e4r det \u00e4r torrt och soligt, till och med under takutspr\u00e5nget invid v\u00e4ggen. De blommar tidigt fr\u00e5n april men har dessutom fr\u00f6st\u00e4llningar i form av h\u00e5riga bollar som \u00e4r n\u00e4stan lika snygga som blommorna och pryder sin plats l\u00e4nge efter\u00e5t. Den h\u00e4r sorten heter &#8217;Blaue Glocke&#8217;, det finns ett antal andra att v\u00e4lja p\u00e5. H\u00f6jd 20\u201330 cm. H\u00e4rdig.<\/p>\n<div id=\"attachment_10539\" style=\"width: 360px\" class=\"wp-caption alignright\"><img loading=\"lazy\" decoding=\"async\" aria-describedby=\"caption-attachment-10539\" class=\"size-thumbnail wp-image-10539\" src=\"http:\/\/rosenholm.se\/wp-content\/uploads\/2016\/10\/D2X_6526-350x525.jpg\" alt=\"Perovskia mellan klippt buxbom i Villa la Petraia, Florens\" width=\"350\" height=\"525\" srcset=\"https:\/\/rosenholm.se\/wp-content\/uploads\/2016\/10\/D2X_6526-350x525.jpg 350w, https:\/\/rosenholm.se\/wp-content\/uploads\/2016\/10\/D2X_6526-420x630.jpg 420w, https:\/\/rosenholm.se\/wp-content\/uploads\/2016\/10\/D2X_6526.jpg 467w\" sizes=\"auto, (max-width: 350px) 100vw, 350px\" \/><p id=\"caption-attachment-10539\" class=\"wp-caption-text\">Perovskia mellan klippt buxbom i Villa la Petraia, Florens<\/p><\/div>\n<p>Perovskiasl\u00e4ktet inneh\u00e5ller uppr\u00e4ttv\u00e4xande, ludna halvbuskar med aromatiska gr\u00e5gr\u00f6na blad. I Sverige \u00e4r tr\u00e4dg\u00e5rdsperovskian, <em>Perovskia<\/em> \u2019Blue Spire\u2019, vanligast. I M\u00e4lardalsomr\u00e5det fryser den ner n\u00e4stan helt p\u00e5 vintern, men kommer troget med nya skott varje v\u00e5r. Passar utm\u00e4rkt tillsammans med andra sol\u00e4lskande v\u00e4xter i samma f\u00e4rgskala som lavendel, st\u00e4ppsalvia och anisisop. Bild fr\u00e5n Villa la Petraia, Florens, Italien, d\u00e4r man uppenbart prioriterat perovskia under p\u00e5g\u00e5ende tr\u00e4dg\u00e5rdsrenovering. Blomspirorna i bl\u00e5lila som sl\u00e5r ut i augusti\u2013september ger ett n\u00e4stan sj\u00e4lvlysande intryck. De silvergr\u00e5 stj\u00e4lkarna beh\u00e5ller sitt sk\u00f6nhetsv\u00e4rde en bra bit in i vintern, speciellt n\u00e4r man planterat m\u00e5nga tillsammans. H\u00f6jd 70\u201380 cm. Halvh\u00e4rdig. T\u00e5l inte vinterfukt.<\/p>\n<div id=\"attachment_10514\" style=\"width: 710px\" class=\"wp-caption alignnone\"><img loading=\"lazy\" decoding=\"async\" aria-describedby=\"caption-attachment-10514\" class=\"size-large wp-image-10514\" src=\"http:\/\/rosenholm.se\/wp-content\/uploads\/2016\/10\/D2X_5621-700x428.jpg\" alt=\"St\u00e4ppsalvia, Salvia nemorosa \u2019Amethyst\u2019, med grekv\u00e4dd, Knautia macedonica\" width=\"700\" height=\"428\" srcset=\"https:\/\/rosenholm.se\/wp-content\/uploads\/2016\/10\/D2X_5621-350x214@2x.jpg 700w, https:\/\/rosenholm.se\/wp-content\/uploads\/2016\/10\/D2X_5621-350x214.jpg 350w, https:\/\/rosenholm.se\/wp-content\/uploads\/2016\/10\/D2X_5621-420x257.jpg 420w\" sizes=\"auto, (max-width: 700px) 100vw, 700px\" \/><p id=\"caption-attachment-10514\" class=\"wp-caption-text\">St\u00e4ppsalvia, Salvia nemorosa \u2019Amethyst\u2019, med grekv\u00e4dd, Knautia macedonica<\/p><\/div>\n<p>De vanligaste f\u00e4rgerna p\u00e5 st\u00e4ppsalvia, <em>Salvia nemorosa<\/em>, brukar skifta i bl\u00e5tt och bl\u00e5lila. Den anv\u00e4nds som alternativ till lavendel f\u00f6r att skapa sydeuropeisk st\u00e4mning. Sorten \u2019Amethyst\u2019 p\u00e5 bilden \u00e4r d\u00e4remot rosaviolett, i mellanrummen sticker matchande blommor av grekv\u00e4dd Knautia macedonica upp. St\u00e4ppsalvior r\u00e4knas som halvh\u00e4rdiga och d\u00f6r om marken \u00e4r f\u00f6r fuktig under vintern, jorden ska vara grov och v\u00e4ldr\u00e4nerad. De luktar aromatiskt och blommar i juni\u2013juli. Sk\u00e4rs de tillbaka innan de blommat \u00f6ver kan de f\u00e5 en andra blomningsperiod i september. H\u00f6jd \u00e4r sortberoende 40\u201360 cm. Sorter i varierande bl\u00e5 och bl\u00e5violetta nyanser \u00e4r \u2019Ostfriesland\u2019, \u2019Mainacht\u2019 och \u2019Caradonna\u2019. Sorten \u2019Porzellan\u2019 har vita blommor. St\u00e4ppsalvia passar b\u00e4st m\u00e5nga tillsammans i flera nyanser.<\/p>\n<h5><a title=\"Inspiration fr\u00e5n S\u00e4vsj\u00f6\" href=\"http:\/\/rosenholm.se\/?page_id=10511\">Inspiration fr\u00e5n S\u00e4vsj\u00f6<\/a><\/h5>\n","protected":false},"excerpt":{"rendered":"<p>Vad g\u00f6r man om man har en torr och solig s\u00f6dersida d\u00e4r inga v\u00e4xter verkar trivas? Gr\u00e4set blir brunt. Rosor, pioner och andra fukt\u00e4lskande v\u00e4xter slokar bet\u00e4nkligt efter bara ett&hellip; <\/p>\n","protected":false},"author":1,"featured_media":0,"parent":0,"menu_order":0,"comment_status":"closed","ping_status":"closed","template":"","meta":{"footnotes":""},"class_list":["post-10508","page","type-page","status-publish","hentry"],"_links":{"self":[{"href":"https:\/\/rosenholm.se\/index.php?rest_route=\/wp\/v2\/pages\/10508","targetHints":{"allow":["GET"]}}],"collection":[{"href":"https:\/\/rosenholm.se\/index.php?rest_route=\/wp\/v2\/pages"}],"about":[{"href":"https:\/\/rosenholm.se\/index.php?rest_route=\/wp\/v2\/types\/page"}],"author":[{"embeddable":true,"href":"https:\/\/rosenholm.se\/index.php?rest_route=\/wp\/v2\/users\/1"}],"replies":[{"embeddable":true,"href":"https:\/\/rosenholm.se\/index.php?rest_route=%2Fwp%2Fv2%2Fcomments&post=10508"}],"version-history":[{"count":24,"href":"https:\/\/rosenholm.se\/index.php?rest_route=\/wp\/v2\/pages\/10508\/revisions"}],"predecessor-version":[{"id":10584,"href":"https:\/\/rosenholm.se\/index.php?rest_route=\/wp\/v2\/pages\/10508\/revisions\/10584"}],"wp:attachment":[{"href":"https:\/\/rosenholm.se\/index.php?rest_route=%2Fwp%2Fv2%2Fmedia&parent=10508"}],"curies":[{"name":"wp","href":"https:\/\/api.w.org\/{rel}","templated":true}]}}