{"id":10450,"date":"2017-03-26T22:49:19","date_gmt":"2017-03-26T20:49:19","guid":{"rendered":"http:\/\/rosenholm.se\/?page_id=10450"},"modified":"2017-03-28T23:32:36","modified_gmt":"2017-03-28T21:32:36","slug":"lyckas-med-varlokar-2","status":"publish","type":"page","link":"https:\/\/rosenholm.se\/?page_id=10450","title":{"rendered":"Lyckas med v\u00e5rl\u00f6kar"},"content":{"rendered":"<ul>\n<li>V\u00e4lj l\u00f6kar av <strong>god kvalitet<\/strong>. Handla d\u00e4r det finns kunnig och intresserad personal. Billigast \u00e4r inte b\u00e4st.<\/li>\n<li>Plantera <strong>s\u00e5 tidigt som m\u00f6jligt p\u00e5 h\u00f6sten<\/strong> s\u00e5 att l\u00f6karna hinner rota sig innan vintern, g\u00e4rna redan i september, naturligtvis beroende p\u00e5 var man bor<\/li>\n<li>Planteringsdjupet ska vara ungef\u00e4r <strong>2\u20133 g\u00e5nger l\u00f6kens storlek<\/strong>. Hellre f\u00f6r djupt \u00e4n f\u00f6r grunt. Rotanlagen b\u00f6r ligga ned\u00e5t, men f\u00f6r de minsta l\u00f6karna kvittar det.<\/li>\n<li>Som g\u00f6dsel anses <strong>benmj\u00f6l<\/strong> passa speciellt bra, balanserat n\u00e4ringsinneh\u00e5ll och l\u00e5ngtidsverkande. Ungef\u00e4r en eller tv\u00e5 matskedar per normalstor l\u00f6k vid plantering.<\/li>\n<li>Placera helst l\u00f6kv\u00e4xter p\u00e5 de <strong>varmaste platserna<\/strong> i tr\u00e4dg\u00e5rden, i s\u00f6derl\u00e4gen och invid huset.<\/li>\n<li>L\u00f6kv\u00e4xter gillar<strong> v\u00e4ldr\u00e4nerad mark<\/strong> d\u00e4r de inte ruttnar bort. M\u00e5nga f\u00f6redrar torr och grusig jord framf\u00f6r n\u00e4ringsrik tr\u00e4dg\u00e5rdsjord. K\u00f6pt planteringsjord \u00e4r inte bra.<\/li>\n<li>S\u00e4tt <strong>grupper av l\u00f6kar<\/strong>. Ingen id\u00e9 att knussla. Tio eller tolv l\u00f6kar \u00e4r ett minimum, l\u00e5t det g\u00e4rna bli femtio eller hundra stycken.<\/li>\n<li><strong>G\u00f6r lite vilt<\/strong>. L\u00f6kar \u00e4r vackra i \u00e4ngsliknande gr\u00e4smattor, tillsammans med stenar och under buskar och tr\u00e4d. Trivs g\u00f6r de oftast ocks\u00e5 p\u00e5 s\u00e5dana st\u00e4llen.<\/li>\n<li>Om du vill det ska se ut <strong>som om l\u00f6karna spridit sig naturligt<\/strong> ta en n\u00e4ve, sl\u00e4ng upp dem en liten bit i luften och plantera d\u00e4r de landar.<\/li>\n<li>S\u00e4tt g\u00e4rna <strong>v\u00e5rl\u00f6kar bland stora perenner<\/strong>. Den vissnande blasten d\u00f6ljs d\u00e5 av uppv\u00e4xande blad.<\/li>\n<\/ul>\n<p><strong><a title=\"V\u00c5RL\u00d6KAR\" href=\"http:\/\/rosenholm.se\/?page_id=10423\">Tillbaka<\/a><\/strong><\/p>\n","protected":false},"excerpt":{"rendered":"<p>V\u00e4lj l\u00f6kar av god kvalitet. Handla d\u00e4r det finns kunnig och intresserad personal. Billigast \u00e4r inte b\u00e4st. Plantera s\u00e5 tidigt som m\u00f6jligt p\u00e5 h\u00f6sten s\u00e5 att l\u00f6karna hinner rota sig&hellip; <\/p>\n","protected":false},"author":1,"featured_media":0,"parent":0,"menu_order":0,"comment_status":"closed","ping_status":"closed","template":"","meta":{"footnotes":""},"class_list":["post-10450","page","type-page","status-publish","hentry"],"_links":{"self":[{"href":"https:\/\/rosenholm.se\/index.php?rest_route=\/wp\/v2\/pages\/10450","targetHints":{"allow":["GET"]}}],"collection":[{"href":"https:\/\/rosenholm.se\/index.php?rest_route=\/wp\/v2\/pages"}],"about":[{"href":"https:\/\/rosenholm.se\/index.php?rest_route=\/wp\/v2\/types\/page"}],"author":[{"embeddable":true,"href":"https:\/\/rosenholm.se\/index.php?rest_route=\/wp\/v2\/users\/1"}],"replies":[{"embeddable":true,"href":"https:\/\/rosenholm.se\/index.php?rest_route=%2Fwp%2Fv2%2Fcomments&post=10450"}],"version-history":[{"count":4,"href":"https:\/\/rosenholm.se\/index.php?rest_route=\/wp\/v2\/pages\/10450\/revisions"}],"predecessor-version":[{"id":11281,"href":"https:\/\/rosenholm.se\/index.php?rest_route=\/wp\/v2\/pages\/10450\/revisions\/11281"}],"wp:attachment":[{"href":"https:\/\/rosenholm.se\/index.php?rest_route=%2Fwp%2Fv2%2Fmedia&parent=10450"}],"curies":[{"name":"wp","href":"https:\/\/api.w.org\/{rel}","templated":true}]}}