{"id":10312,"date":"2017-01-08T19:09:19","date_gmt":"2017-01-08T18:09:19","guid":{"rendered":"http:\/\/rosenholm.se\/?page_id=10312"},"modified":"2017-01-08T19:15:41","modified_gmt":"2017-01-08T18:15:41","slug":"piet-oudolf","status":"publish","type":"page","link":"https:\/\/rosenholm.se\/?page_id=10312","title":{"rendered":"Piet Oudolf"},"content":{"rendered":"<p>Det b\u00f6rjade med att han tyckte att den klassiska engelska tr\u00e4dg\u00e5rdsstilen k\u00e4ndes lite rigid och tr\u00e5kig. Han, den numera v\u00e4rldsber\u00f6mde tr\u00e4dg\u00e5rdsdesignern och plantskolemannen Piet Oudolf fr\u00e5n Holland, pr\u00f6vade nya arter och blandade med bepr\u00f6vade klassiker. Det var inte alltid s\u00e5 l\u00e4tt att f\u00e5 tag p\u00e5 de plantor han ville ha, s\u00e5 f\u00f6r att s\u00e4kra tillg\u00e5ngen startade Piet och hans fru Anja en egen plantskola. \u00c5ret var 1982.<\/p>\n<p>Plantskolan byggdes upp samtidigt som Piet, ibland i s\u00e4llskap med Anja, reste omkring f\u00f6r att hitta nya perenner och prydnadsgr\u00e4s. Det stora genombrottet b\u00e5de f\u00f6r honom sj\u00e4lv och det som kom att kallas New Wave Planting inleddes n\u00e4r han ritade Dr\u00f6mparken i Enk\u00f6ping kring 1996. Senare har han varit med och skapat anl\u00e4ggningar som Battery Park i New York, Lurie Park i Chicago, flera i Holland och England och nu senast en park i svenska S\u00f6lvesborg.<\/p>\n<div id=\"attachment_10345\" style=\"width: 710px\" class=\"wp-caption alignnone\"><img loading=\"lazy\" decoding=\"async\" aria-describedby=\"caption-attachment-10345\" class=\"size-full wp-image-10345\" src=\"http:\/\/rosenholm.se\/wp-content\/uploads\/2016\/09\/D2X_5193.jpg\" alt=\"V\u00e5gklippta idegranar hemma hos Piet och Anja Oudolf.\" width=\"700\" height=\"467\" srcset=\"https:\/\/rosenholm.se\/wp-content\/uploads\/2016\/09\/D2X_5193-350x234@2x.jpg 700w, https:\/\/rosenholm.se\/wp-content\/uploads\/2016\/09\/D2X_5193-350x234.jpg 350w, https:\/\/rosenholm.se\/wp-content\/uploads\/2016\/09\/D2X_5193-420x280.jpg 420w\" sizes=\"auto, (max-width: 700px) 100vw, 700px\" \/><p id=\"caption-attachment-10345\" class=\"wp-caption-text\">V\u00e5gklippta idegranar hemma hos Piet och Anja Oudolf.<\/p><\/div>\n<p>Hemma i Piet och Anjas privata tr\u00e4dg\u00e5rd utg\u00f6r de v\u00e5gklippta idegranarna en effektfull fond till den vidstr\u00e4ckta perennplantering som har en omissk\u00e4nnlig k\u00e4nsla av vild blomster\u00e4ng eller pr\u00e4rie. En smal stenlagd g\u00e5ng bildar tre st\u00f6rre cirklar genom omr\u00e5det, vilket g\u00f6r att man kan komma intill v\u00e4xterna. Men g\u00e5ngen d\u00f6ljs effektivt av perennerna och syns bara n\u00e4r man st\u00e5r helt n\u00e4ra. S\u00e5 skapas en fantastisk illusion av en stor, obruten \u00e4ng.<\/p>\n<div id=\"attachment_10344\" style=\"width: 710px\" class=\"wp-caption alignnone\"><img loading=\"lazy\" decoding=\"async\" aria-describedby=\"caption-attachment-10344\" class=\"size-full wp-image-10344\" src=\"http:\/\/rosenholm.se\/wp-content\/uploads\/2016\/09\/D2X_4884.jpg\" alt=\"Arkitektoniska tr\u00e4dg\u00e5rdselememt hemma hos Piet och Anja Oudolf i Hummelo.\" width=\"700\" height=\"394\" srcset=\"https:\/\/rosenholm.se\/wp-content\/uploads\/2016\/09\/D2X_4884-350x197@2x.jpg 700w, https:\/\/rosenholm.se\/wp-content\/uploads\/2016\/09\/D2X_4884-350x197.jpg 350w, https:\/\/rosenholm.se\/wp-content\/uploads\/2016\/09\/D2X_4884-420x236.jpg 420w\" sizes=\"auto, (max-width: 700px) 100vw, 700px\" \/><p id=\"caption-attachment-10344\" class=\"wp-caption-text\">Arkitektoniska tr\u00e4dg\u00e5rdselememt hemma hos Piet och Anja Oudolf i Hummelo.<\/p><\/div>\n<p>\u00c4ven fast perenner och prydnadsgr\u00e4s spelar huvudrollen i nya perennv\u00e5gen \u00e4r vedartade v\u00e4xter ocks\u00e5 viktiga, fr\u00e4mst som strukturskapare och arkitektoniska element, g\u00e4rna klippta i geometriska former eller som h\u00e4ckar. Till h\u00f6ger syns en del av den uppbyggda rundeln med Piet Oudolf favoriten glansmiskantus \u2019Malepartus\u2019. I mitten en stor och h\u00e4ftig g\u00e5ngtunnel av bok.<\/p>\n<div id=\"attachment_10343\" style=\"width: 710px\" class=\"wp-caption alignnone\"><img loading=\"lazy\" decoding=\"async\" aria-describedby=\"caption-attachment-10343\" class=\"size-full wp-image-10343\" src=\"http:\/\/rosenholm.se\/wp-content\/uploads\/2016\/09\/D2X_6504.jpg\" alt=\"I Henk Gerritsen tr\u00e4dg\u00e5rd De Priona, Holland.\" width=\"700\" height=\"428\" srcset=\"https:\/\/rosenholm.se\/wp-content\/uploads\/2016\/09\/D2X_6504-350x214@2x.jpg 700w, https:\/\/rosenholm.se\/wp-content\/uploads\/2016\/09\/D2X_6504-350x214.jpg 350w, https:\/\/rosenholm.se\/wp-content\/uploads\/2016\/09\/D2X_6504-420x257.jpg 420w\" sizes=\"auto, (max-width: 700px) 100vw, 700px\" \/><p id=\"caption-attachment-10343\" class=\"wp-caption-text\">I Henk Gerritsen tr\u00e4dg\u00e5rd De Priona, Holland.<\/p><\/div>\n<p>Det var inte bara Piet Oudolf som l\u00e5g bakom nya perennv\u00e5gen, den v\u00e4xte fram under en l\u00e4ngre tid med tr\u00e4dg\u00e5rdsfolk fr\u00e5n flera europeiska l\u00e4nder inblandade. Till dem h\u00f6r i h\u00f6gsta grad Henk Gerritsen. I hans egen tr\u00e4dg\u00e5rd i holl\u00e4ndska De Priona har den naturliga planteringsstilen drivits s\u00e5 l\u00e5ngt att man inte alltid vet vad som \u00e4r ogr\u00e4s eller tr\u00e4dg\u00e5rdsv\u00e4xt. Runt de fantasifullt formklippta figurerna, fr\u00e5n b\u00f6rjan avsedda som en lustfylld ironi \u00f6ver traditionell tr\u00e4dg\u00e5rdskonst, v\u00e4xer en \u00e4ng av \u00f6rter och gr\u00e4s.<\/p>\n<p><a title=\"NYA PERENNV\u00c5GEN\" href=\"http:\/\/rosenholm.se\/?page_id=10309\"><strong>Tillbaka<\/strong><\/a><\/p>\n","protected":false},"excerpt":{"rendered":"<p>Det b\u00f6rjade med att han tyckte att den klassiska engelska tr\u00e4dg\u00e5rdsstilen k\u00e4ndes lite rigid och tr\u00e5kig. Han, den numera v\u00e4rldsber\u00f6mde tr\u00e4dg\u00e5rdsdesignern och plantskolemannen Piet Oudolf fr\u00e5n Holland, pr\u00f6vade nya arter&hellip; <\/p>\n","protected":false},"author":1,"featured_media":0,"parent":0,"menu_order":0,"comment_status":"closed","ping_status":"closed","template":"","meta":{"footnotes":""},"class_list":["post-10312","page","type-page","status-publish","hentry"],"_links":{"self":[{"href":"https:\/\/rosenholm.se\/index.php?rest_route=\/wp\/v2\/pages\/10312","targetHints":{"allow":["GET"]}}],"collection":[{"href":"https:\/\/rosenholm.se\/index.php?rest_route=\/wp\/v2\/pages"}],"about":[{"href":"https:\/\/rosenholm.se\/index.php?rest_route=\/wp\/v2\/types\/page"}],"author":[{"embeddable":true,"href":"https:\/\/rosenholm.se\/index.php?rest_route=\/wp\/v2\/users\/1"}],"replies":[{"embeddable":true,"href":"https:\/\/rosenholm.se\/index.php?rest_route=%2Fwp%2Fv2%2Fcomments&post=10312"}],"version-history":[{"count":3,"href":"https:\/\/rosenholm.se\/index.php?rest_route=\/wp\/v2\/pages\/10312\/revisions"}],"predecessor-version":[{"id":10616,"href":"https:\/\/rosenholm.se\/index.php?rest_route=\/wp\/v2\/pages\/10312\/revisions\/10616"}],"wp:attachment":[{"href":"https:\/\/rosenholm.se\/index.php?rest_route=%2Fwp%2Fv2%2Fmedia&parent=10312"}],"curies":[{"name":"wp","href":"https:\/\/api.w.org\/{rel}","templated":true}]}}