{"id":10247,"date":"2016-09-28T22:47:08","date_gmt":"2016-09-28T20:47:08","guid":{"rendered":"http:\/\/rosenholm.se\/?page_id=10247"},"modified":"2016-09-28T22:48:23","modified_gmt":"2016-09-28T20:48:23","slug":"sju-rad-nar-du-koper-frukttrad","status":"publish","type":"page","link":"https:\/\/rosenholm.se\/?page_id=10247","title":{"rendered":"Sju r\u00e5d n\u00e4r du k\u00f6per frukttr\u00e4d"},"content":{"rendered":"<ol>\n<li>V\u00e4lj sort noga, speciellt om du har ont om plats i tr\u00e4dg\u00e5rden. L\u00e4s mycket, men tro inte p\u00e5 allt som st\u00e5r utan smaka helst hos v\u00e4nner, bekanta eller p\u00e5 n\u00e5gon \u00e4ppelprovningsdag.<\/li>\n<li>F\u00f6rs\u00f6k ha lite marginal p\u00e5 h\u00e4rdigheten s\u00e5 att tr\u00e4det trivs och ger mycket frukt. Lita inte p\u00e5 h\u00e4rdighetsangivelser p\u00e5 etiketter \u2013 b\u00f6cker och tr\u00e4dg\u00e5rdstidningar \u00e4r mer tillf\u00f6rlitliga.<\/li>\n<li>Har du best\u00e4mt dig f\u00f6r en sort, sl\u00e5 d\u00f6v\u00f6rat till i butiken om de f\u00f6resl\u00e5r att du ska k\u00f6pa n\u00e5gon annan ist\u00e4llet. St\u00e5 p\u00e5 dig, du vet vad du vill ha.<\/li>\n<li>K\u00f6p bara frukttr\u00e4d hos de mest kunniga handlarna annars \u00e4r risken stor att f\u00e5 en annan sort \u00e4n den p\u00e5 etiketten. Har du \u00e4nd\u00e5 f\u00e5tt fel s\u00e4g till d\u00e4r du k\u00f6pt den \u00e4ven om det g\u00e5tt m\u00e5nga \u00e5r. Bra butiker f\u00f6rst\u00e5r problemet och f\u00f6rs\u00f6ker hj\u00e4lpa till.<\/li>\n<li>K\u00f6p frukttr\u00e4d med h\u00f6g stam, den l\u00e4gsta grenen kan gott ligga p\u00e5 minst 1,5 meters h\u00f6jd, s\u00e5 bildas med tiden ett mysigt tak. Tr\u00e4d med l\u00e5ga stammar \u00e4r till f\u00f6r yrkesodling.<\/li>\n<li>Har du liten plats och vill ha fler sorter av \u00e4pplen, p\u00e4ron eller plommon, \u00f6verv\u00e4g familjetr\u00e4d. Kan tillfredsst\u00e4lla inte bara olika smaker utan f\u00f6rl\u00e4nger frukts\u00e4songen. Barn tycker det \u00e4r kul. Nackdelen \u00e4r att tr\u00e4den v\u00e4xer oj\u00e4mnt och inte alltid blir snygga.<\/li>\n<li>L\u00e5t det ta tid att v\u00e4lja och l\u00e5t tr\u00e4det kosta om s\u00e5 beh\u00f6vs. Det ska st\u00e5 l\u00e4nge och man f\u00e5r mycket frukt tillbaka om man k\u00f6pt r\u00e4tt.<\/li>\n<\/ol>\n<p><a title=\"FRUKTTR\u00c4DG\u00c5RDEN\" href=\"http:\/\/rosenholm.se\/?page_id=10244\"><strong>Tillbaka<\/strong><\/a><\/p>\n","protected":false},"excerpt":{"rendered":"<p>V\u00e4lj sort noga, speciellt om du har ont om plats i tr\u00e4dg\u00e5rden. L\u00e4s mycket, men tro inte p\u00e5 allt som st\u00e5r utan smaka helst hos v\u00e4nner, bekanta eller p\u00e5 n\u00e5gon&hellip; <\/p>\n","protected":false},"author":1,"featured_media":0,"parent":0,"menu_order":0,"comment_status":"closed","ping_status":"closed","template":"","meta":{"footnotes":""},"class_list":["post-10247","page","type-page","status-publish","hentry"],"_links":{"self":[{"href":"https:\/\/rosenholm.se\/index.php?rest_route=\/wp\/v2\/pages\/10247","targetHints":{"allow":["GET"]}}],"collection":[{"href":"https:\/\/rosenholm.se\/index.php?rest_route=\/wp\/v2\/pages"}],"about":[{"href":"https:\/\/rosenholm.se\/index.php?rest_route=\/wp\/v2\/types\/page"}],"author":[{"embeddable":true,"href":"https:\/\/rosenholm.se\/index.php?rest_route=\/wp\/v2\/users\/1"}],"replies":[{"embeddable":true,"href":"https:\/\/rosenholm.se\/index.php?rest_route=%2Fwp%2Fv2%2Fcomments&post=10247"}],"version-history":[{"count":4,"href":"https:\/\/rosenholm.se\/index.php?rest_route=\/wp\/v2\/pages\/10247\/revisions"}],"predecessor-version":[{"id":10445,"href":"https:\/\/rosenholm.se\/index.php?rest_route=\/wp\/v2\/pages\/10247\/revisions\/10445"}],"wp:attachment":[{"href":"https:\/\/rosenholm.se\/index.php?rest_route=%2Fwp%2Fv2%2Fmedia&parent=10247"}],"curies":[{"name":"wp","href":"https:\/\/api.w.org\/{rel}","templated":true}]}}