{"id":10161,"date":"2016-09-22T22:20:34","date_gmt":"2016-09-22T20:20:34","guid":{"rendered":"http:\/\/rosenholm.se\/?page_id=10161"},"modified":"2016-09-22T22:23:23","modified_gmt":"2016-09-22T20:23:23","slug":"kort-om-hackplantering","status":"publish","type":"page","link":"https:\/\/rosenholm.se\/?page_id=10161","title":{"rendered":"Kort om h\u00e4ckplantering"},"content":{"rendered":"<ul>\n<li>V\u00e4lj h\u00e4ck efter behov Vilken h\u00f6jd och bredd ska den ha? Vintergr\u00f6n eller inte? Sol eller skugga? Klimatzon?<\/li>\n<li>Plantera den s\u00e5 l\u00e5ngt in p\u00e5 tomten att den kan sk\u00f6tas utan att g\u00e5 in p\u00e5 grannens tomt eller kom \u00f6verens om gemensam sk\u00f6tsel.<\/li>\n<li>Plantera rakt och p\u00e5 j\u00e4mnt avst\u00e5nd. Om det \u00e4r en l\u00e4ngre str\u00e4cka beh\u00f6ver man sp\u00e4nna upp ett sn\u00f6re som rikthj\u00e4lpmedel.<\/li>\n<li>Barrotade plantor \u00e4r utm\u00e4rkta att anv\u00e4nda och billigare. Planteras p\u00e5 h\u00f6st eller v\u00e5r. I sydligaste Sverige \u00e4r h\u00f6stplantering att f\u00f6redra och norrut v\u00e5rplantering.<\/li>\n<li>Vill du slippa jordh\u00f6gar under arbetet. Plantera bitvis eller en och en och f\u00f6rvara \u00f6verbliven jord i en k\u00e4rra under tiden.<\/li>\n<li>Har du br\u00e5ttom k\u00f6p f\u00e4rdig h\u00e4ck eller stora exemplar. Vissa v\u00e4xter, som avenbok, kan beh\u00f6va st\u00f6d de f\u00f6rsta \u00e5ren.<\/li>\n<li>H\u00e4ckar beh\u00f6ver inte ha samma h\u00f6jd hela str\u00e4ckningen. \u00c4ndra h\u00f6jden d\u00e4r det finns behov eller klipp upp ett f\u00f6nster d\u00e4r du vill ha utsikt.<\/li>\n<\/ul>\n<p><strong><a title=\"H\u00c4CKV\u00c4XTER\" href=\"http:\/\/rosenholm.se\/?page_id=10159\">Tillbaka<\/a><\/strong><\/p>\n","protected":false},"excerpt":{"rendered":"<p>V\u00e4lj h\u00e4ck efter behov Vilken h\u00f6jd och bredd ska den ha? Vintergr\u00f6n eller inte? Sol eller skugga? Klimatzon? Plantera den s\u00e5 l\u00e5ngt in p\u00e5 tomten att den kan sk\u00f6tas utan&hellip; <\/p>\n","protected":false},"author":1,"featured_media":0,"parent":0,"menu_order":0,"comment_status":"closed","ping_status":"closed","template":"","meta":{"footnotes":""},"class_list":["post-10161","page","type-page","status-publish","hentry"],"_links":{"self":[{"href":"https:\/\/rosenholm.se\/index.php?rest_route=\/wp\/v2\/pages\/10161","targetHints":{"allow":["GET"]}}],"collection":[{"href":"https:\/\/rosenholm.se\/index.php?rest_route=\/wp\/v2\/pages"}],"about":[{"href":"https:\/\/rosenholm.se\/index.php?rest_route=\/wp\/v2\/types\/page"}],"author":[{"embeddable":true,"href":"https:\/\/rosenholm.se\/index.php?rest_route=\/wp\/v2\/users\/1"}],"replies":[{"embeddable":true,"href":"https:\/\/rosenholm.se\/index.php?rest_route=%2Fwp%2Fv2%2Fcomments&post=10161"}],"version-history":[{"count":3,"href":"https:\/\/rosenholm.se\/index.php?rest_route=\/wp\/v2\/pages\/10161\/revisions"}],"predecessor-version":[{"id":10241,"href":"https:\/\/rosenholm.se\/index.php?rest_route=\/wp\/v2\/pages\/10161\/revisions\/10241"}],"wp:attachment":[{"href":"https:\/\/rosenholm.se\/index.php?rest_route=%2Fwp%2Fv2%2Fmedia&parent=10161"}],"curies":[{"name":"wp","href":"https:\/\/api.w.org\/{rel}","templated":true}]}}