{"id":10025,"date":"2016-09-17T18:04:42","date_gmt":"2016-09-17T16:04:42","guid":{"rendered":"http:\/\/rosenholm.se\/?page_id=10025"},"modified":"2016-09-17T18:16:04","modified_gmt":"2016-09-17T16:16:04","slug":"laila-lindstrom-hostfint-i-tradgarden","status":"publish","type":"page","link":"https:\/\/rosenholm.se\/?page_id=10025","title":{"rendered":"Laila Lindstr\u00f6m \u2013 h\u00f6stfint i tr\u00e4dg\u00e5rden"},"content":{"rendered":"<div id=\"attachment_10050\" style=\"width: 430px\" class=\"wp-caption alignright\"><img loading=\"lazy\" decoding=\"async\" aria-describedby=\"caption-attachment-10050\" class=\"size-medium wp-image-10050\" src=\"http:\/\/rosenholm.se\/wp-content\/uploads\/2016\/09\/D2X_5024-420x534.jpg\" alt=\"Krukodlade japanska l\u00f6nnar och daggfunkior.\" width=\"420\" height=\"534\" srcset=\"https:\/\/rosenholm.se\/wp-content\/uploads\/2016\/09\/D2X_5024-420x534.jpg 420w, https:\/\/rosenholm.se\/wp-content\/uploads\/2016\/09\/D2X_5024-315x400.jpg 315w, https:\/\/rosenholm.se\/wp-content\/uploads\/2016\/09\/D2X_5024.jpg 551w\" sizes=\"auto, (max-width: 420px) 100vw, 420px\" \/><p id=\"caption-attachment-10050\" class=\"wp-caption-text\">Krukodlade japanska l\u00f6nnar och daggfunkior.<\/p><\/div>\n<p>P\u00e5 Liding\u00f6 utanf\u00f6r Stockholm bor Laila Lindstr\u00f6m. P\u00e5 sin lilla radhustomt, p\u00e5 mindre \u00e4n 250 kvadratmeter, har hon skickligt skapat en rumslig tr\u00e4dg\u00e5rd som \u00e4r vacker i stort sett hela \u00e5ret. Hur har hon burit sig \u00e5t? Kunnandet \u00e4r viktigt, att veta vilka v\u00e4xter som trivs i olika milj\u00f6er och passar tillsammans, men ocks\u00e5 f\u00f6rst\u00e5 hur man ska bygga upp strukturen i en trevlig tr\u00e4dg\u00e5rd. N\u00e4r allt det \u00e4r gjort kan man komplettera med vackra f\u00f6rem\u00e5l och detaljer.<\/p>\n<div id=\"attachment_10046\" style=\"width: 430px\" class=\"wp-caption alignright\"><img loading=\"lazy\" decoding=\"async\" aria-describedby=\"caption-attachment-10046\" class=\"size-medium wp-image-10046\" src=\"http:\/\/rosenholm.se\/wp-content\/uploads\/2016\/09\/D2X_5134-420x452.jpg\" alt=\"Stol i engelskt r\u00f6tt under uppstammad paradisbuske.\" width=\"420\" height=\"452\" srcset=\"https:\/\/rosenholm.se\/wp-content\/uploads\/2016\/09\/D2X_5134-420x452.jpg 420w, https:\/\/rosenholm.se\/wp-content\/uploads\/2016\/09\/D2X_5134-350x377.jpg 350w, https:\/\/rosenholm.se\/wp-content\/uploads\/2016\/09\/D2X_5134.jpg 650w\" sizes=\"auto, (max-width: 420px) 100vw, 420px\" \/><p id=\"caption-attachment-10046\" class=\"wp-caption-text\">Stol i engelskt r\u00f6tt under uppstammad paradisbuske.<\/p><\/div>\n<p>De flesta japanska l\u00f6nnar,\u00a0<em>Acer palmatum<\/em>, zon 2\u20133, f\u00e5r f\u00e4rgutbrott p\u00e5 h\u00f6starna som kan vara n\u00e4stan explosiva. Hemma hos Laila v\u00e4xer de i planteringsk\u00e4rl av tr\u00e4. De st\u00e5r \u00f6ppet under altanens tak och \u00e4r inte isolerade inv\u00e4ndigt, vill man det kan man anv\u00e4nda frigolitskivor. \u00c4nd\u00e5 blir de st\u00f6rre och tjusigare f\u00f6r varje \u00e5r. Nedanf\u00f6r har krukodlade daggfunkior intagit sin traditionsenliga gula h\u00f6stf\u00e4rg.<\/p>\n<div id=\"attachment_10052\" style=\"width: 430px\" class=\"wp-caption alignright\"><img loading=\"lazy\" decoding=\"async\" aria-describedby=\"caption-attachment-10052\" class=\"size-medium wp-image-10052\" src=\"http:\/\/rosenholm.se\/wp-content\/uploads\/2016\/09\/D2X_1546-420x560.jpg\" alt=\"Venus-statyett invid flikbladig japansk l\u00f6nn.\" width=\"420\" height=\"560\" srcset=\"https:\/\/rosenholm.se\/wp-content\/uploads\/2016\/09\/D2X_1546-420x560.jpg 420w, https:\/\/rosenholm.se\/wp-content\/uploads\/2016\/09\/D2X_1546-300x400.jpg 300w, https:\/\/rosenholm.se\/wp-content\/uploads\/2016\/09\/D2X_1546.jpg 525w\" sizes=\"auto, (max-width: 420px) 100vw, 420px\" \/><p id=\"caption-attachment-10052\" class=\"wp-caption-text\">Venus-statyett invid flikbladig japansk l\u00f6nn.<\/p><\/div>\n<p>Blir det inkl\u00e4mt med en bergv\u00e4gg p\u00e5 den lilla tomten? Inte alls. Den har utnyttjats f\u00f6r att skapa rum och berget fungerar inte bara som v\u00e4gg utan f\u00f6rb\u00e4ttrar ocks\u00e5 klimatet avsev\u00e4rt f\u00f6r v\u00e4xterna. Ovanf\u00f6r stolen i engelskt r\u00f6tt en uppstammad paradisbuske. Markt\u00e4ckare \u00e4r sockblomma och hassel\u00f6rt.<\/p>\n<div id=\"attachment_10051\" style=\"width: 430px\" class=\"wp-caption alignright\"><img loading=\"lazy\" decoding=\"async\" aria-describedby=\"caption-attachment-10051\" class=\"size-medium wp-image-10051\" src=\"http:\/\/rosenholm.se\/wp-content\/uploads\/2016\/09\/D2X_1606-420x560.jpg\" alt=\"Vipphortensia, Hydrangea paniculata 'Pink Diamond'\" width=\"420\" height=\"560\" srcset=\"https:\/\/rosenholm.se\/wp-content\/uploads\/2016\/09\/D2X_1606-420x560.jpg 420w, https:\/\/rosenholm.se\/wp-content\/uploads\/2016\/09\/D2X_1606-300x400.jpg 300w, https:\/\/rosenholm.se\/wp-content\/uploads\/2016\/09\/D2X_1606.jpg 525w\" sizes=\"auto, (max-width: 420px) 100vw, 420px\" \/><p id=\"caption-attachment-10051\" class=\"wp-caption-text\">Vipphortensia, Hydrangea paniculata &#8217;Pink Diamond&#8217;<\/p><\/div>\n<p>Bland hassel\u00f6rtens rundade blad under den flikbladiga japanska l\u00f6nnen, <em>Acer palmatum<\/em> &#8217;Garnet&#8217;, zon 3, har Laila placerat ut en Venus-statuett av j\u00e4rn. Den vackert bruna rosten matchar l\u00f6nnens h\u00f6stf\u00e4rg perfekt. Tips, de fluffiga bladen torkar snabbt n\u00e4r de fallit, spara dem i en s\u00e4ck och anv\u00e4nd f\u00f6r vintert\u00e4ckning.<\/p>\n<p>Alla hortensior blir stiliga p\u00e5 h\u00f6sten, till de allra fagraste h\u00f6r vipphortensia, <em>Hydrangea paniculata<\/em> &#8217;Pink Diamond&#8217;, zon 4. N\u00e4r dess blommor slagit ut \u00e4r de ljust gulgr\u00f6na ett kort tag f\u00f6r att sedan g\u00e5 \u00f6ver i vitt och avsluta h\u00f6sten i ljust rosa. Man undrar om den har sv\u00e5rt att best\u00e4mma sig eller bara behov av att variera sig i sin sk\u00f6nhet.<\/p>\n<p><a title=\"STR\u00c5LANDE H\u00d6ST\" href=\"http:\/\/rosenholm.se\/?page_id=10023\"><strong>Tillbaka<\/strong><\/a><\/p>\n","protected":false},"excerpt":{"rendered":"<p>P\u00e5 Liding\u00f6 utanf\u00f6r Stockholm bor Laila Lindstr\u00f6m. P\u00e5 sin lilla radhustomt, p\u00e5 mindre \u00e4n 250 kvadratmeter, har hon skickligt skapat en rumslig tr\u00e4dg\u00e5rd som \u00e4r vacker i stort sett hela&hellip; <\/p>\n","protected":false},"author":1,"featured_media":0,"parent":0,"menu_order":0,"comment_status":"closed","ping_status":"closed","template":"","meta":{"footnotes":""},"class_list":["post-10025","page","type-page","status-publish","hentry"],"_links":{"self":[{"href":"https:\/\/rosenholm.se\/index.php?rest_route=\/wp\/v2\/pages\/10025","targetHints":{"allow":["GET"]}}],"collection":[{"href":"https:\/\/rosenholm.se\/index.php?rest_route=\/wp\/v2\/pages"}],"about":[{"href":"https:\/\/rosenholm.se\/index.php?rest_route=\/wp\/v2\/types\/page"}],"author":[{"embeddable":true,"href":"https:\/\/rosenholm.se\/index.php?rest_route=\/wp\/v2\/users\/1"}],"replies":[{"embeddable":true,"href":"https:\/\/rosenholm.se\/index.php?rest_route=%2Fwp%2Fv2%2Fcomments&post=10025"}],"version-history":[{"count":7,"href":"https:\/\/rosenholm.se\/index.php?rest_route=\/wp\/v2\/pages\/10025\/revisions"}],"predecessor-version":[{"id":10070,"href":"https:\/\/rosenholm.se\/index.php?rest_route=\/wp\/v2\/pages\/10025\/revisions\/10070"}],"wp:attachment":[{"href":"https:\/\/rosenholm.se\/index.php?rest_route=%2Fwp%2Fv2%2Fmedia&parent=10025"}],"curies":[{"name":"wp","href":"https:\/\/api.w.org\/{rel}","templated":true}]}}